{"id":5987,"date":"2025-05-23T15:26:39","date_gmt":"2025-05-23T15:26:39","guid":{"rendered":"https:\/\/sinoextrud.com\/?post_type=product&#038;p=5987"},"modified":"2025-06-24T03:52:53","modified_gmt":"2025-06-24T03:52:53","slug":"aluminium-profilu-agykeret","status":"publish","type":"product","link":"https:\/\/sinoextrud.com\/hu\/product\/aluminium-profile-bed-frame\/","title":{"rendered":"Alum\u00ednium profil \u00e1gykeret"},"content":{"rendered":"<h2>Term\u00e9kek r\u00e9szletei<\/h2>\n<table class=\"custom-table\">\n<tr>\n<td class=\"label\">Term\u00e9k neve<\/td>\n<td>Alum\u00ednium profil \u00e1gykeret, alum\u00ednium lebeg\u0151 \u00e1gykeret<\/td>\n<\/tr>\n<tr>\n<td class=\"label\">Term\u00e9kv\u00e1laszt\u00e9k<\/td>\n<td>alum\u00ednium extrud\u00e1lt f\u00e9m \u00e1gykerethez, keret \u00e1gy, f\u00e9m keret \u00e1gy, f\u00e9m \u00e1gykeret, f\u00e9m keret kanap\u00e9\u00e1gy, f\u00e9m \u00e1gykeret, f\u00e9m \u00e1gykeret, alacsony profil\u00fa \u00e1gykeret, alum\u00ednium \u00e1gykeret, kanap\u00e9 \u00e1gykeret, \u00e1gy l\u00e1bak \u00e1gykerethez<\/td>\n<\/tr>\n<tr>\n<td class=\"label\">Megfelel\u0151 rendszerek T\u00edpusok<\/td>\n<td>f\u00e9m platform \u00e1gykeret, lebeg\u0151 \u00e1gykeret, f\u00e9m keret emeletes \u00e1gy, f\u00e9m \u00e1gykeret kir\u00e1ly, \u00f6sszecsukhat\u00f3 f\u00e9m kanap\u00e9 \u00e1gykeret, f\u00e9m \u00e1gykeret king size, f\u00e9m \u00e1gykeret king size, f\u00e9m \u00e1gykeret puha fejjel, f\u00e9m \u00e1gykeret dupla m\u00e9ret\u0171, stb.<\/td>\n<\/tr>\n<tr>\n<td class=\"label\">Fel\u00fcletkezel\u00e9s<\/td>\n<td>malomra k\u00e9sz, elox\u00e1lt, fa szemcs\u00e9s, er\u0151 bevonat, homokf\u00fav\u00e1s, elektrofor\u00e9zis, csiszolt, pol\u00edroz\u00e1s, stb.<\/td>\n<\/tr>\n<tr>\n<td class=\"label\">CNC m\u00e9lyfeldolgoz\u00e1s<\/td>\n<td>v\u00e1g\u00e1s, f\u00far\u00e1s, megmunk\u00e1l\u00e1s, lyukaszt\u00e1s, hajl\u00edt\u00e1s, csapol\u00e1s stb.<\/td>\n<\/tr>\n<tr>\n<td class=\"label\">Tan\u00fas\u00edtv\u00e1nyok<\/td>\n<td>CE, ISO, SGS, TUV, ROHS<\/td>\n<\/tr>\n<tr>\n<td class=\"label\">Mint\u00e1k<\/td>\n<td>ingyenes minta. 1-3 nap alatt sz\u00e1ll\u00edtjuk \u00d6nnek.<\/td>\n<\/tr>\n<tr>\n<td class=\"label\">MOQ<\/td>\n<td>200KG minden egyes profilhoz<\/td>\n<\/tr>\n<tr>\n<td class=\"label\">Sz\u00e1ll\u00edt\u00e1si id\u0151<\/td>\n<td>A pen\u00e9sz kifejleszt\u00e9se \u00e9s a minta kialak\u00edt\u00e1sa 12-15 nap, majd a gy\u00e1rt\u00e1s id\u0151tartama 15-25 nap a vev\u0151 let\u00e9tbe helyez\u00e9se ut\u00e1n.<\/td>\n<\/tr>\n<tr>\n<td class=\"label\">Fizet\u00e9si felt\u00e9telek<\/td>\n<td>30% bet\u00e9t a gy\u00e1rt\u00e1s el\u0151tt, \u00e9s a sz\u00e1ll\u00edt\u00e1s el\u0151tti egyenleg.<\/td>\n<\/tr>\n<tr>\n<td class=\"label\">Funkci\u00f3<\/td>\n<td>T\u00f6bbfunkci\u00f3s, konzolos, levehet\u0151<\/td>\n<\/tr>\n<\/table>\n<h2>Gy\u00e1rt\u00f3 b\u00e1zisunk<\/h2>\n<h3>Gy\u00e1ri panor\u00e1ma<\/h3>\n<p><img decoding=\"async\" src=\"\/wp-content\/uploads\/factory-01.webp\"\/><\/p>\n<h3>Alum\u00ednium r\u00fadgy\u00e1rt\u00f3 m\u0171hely<\/h3>\n<p><img decoding=\"async\" src=\"\/wp-content\/uploads\/factory-02.webp\"\/><\/p>\n<\/p>\n<p><img decoding=\"async\" src=\"\/wp-content\/uploads\/factory-03.webp\"\/><\/p>\n<h3>Pen\u00e9sz rakt\u00e1r<\/h3>\n<p><img decoding=\"async\" src=\"\/wp-content\/uploads\/factory-04.webp\"\/><\/p>\n<h3>43 alum\u00ednium extrud\u00e1l\u00f3 vonal (500-5500 tonna)<\/h3>\n<p><img decoding=\"async\" src=\"\/wp-content\/uploads\/factory-05.webp\"\/><\/p>\n<p><img decoding=\"async\" src=\"\/wp-content\/uploads\/factory-06.webp\"\/><\/p>\n<p><img decoding=\"async\" src=\"\/wp-content\/uploads\/factory-07.webp\"\/><\/p>\n<h3>Porfest\u0151 m\u0171hely<\/h3>\n<p><img decoding=\"async\" src=\"\/wp-content\/uploads\/factory-09.webp\"\/><\/p>\n<h3>Anodiz\u00e1l\u00f3 m\u0171hely<\/h3>\n<p><img decoding=\"async\" src=\"\/wp-content\/uploads\/factory-10.webp\"\/><\/p>\n<h3>M\u00e9ly feldolgoz\u00e1si m\u0171hely<\/h3>\n<p><img decoding=\"async\" src=\"\/wp-content\/uploads\/factory-11.webp\"\/><\/p>\n<h3>CNC prec\u00edzi\u00f3s megmunk\u00e1l\u00f3 m\u0171hely<\/h3>\n<p><img decoding=\"async\" src=\"\/wp-content\/uploads\/factory-11.5.webp\"\/><\/p>\n<h3>K\u00e9szterm\u00e9k \u00e9s export rakt\u00e1r<\/h3>\n<p><img decoding=\"async\" src=\"\/wp-content\/uploads\/factory-12.webp\"\/><\/p>\n<p><img decoding=\"async\" src=\"\/wp-content\/uploads\/factory-13.webp\"\/><\/p>\n<p><img decoding=\"async\" src=\"\/wp-content\/uploads\/factory-14.webp\"\/><\/p>\n<h2>GYIK<\/h2>\n<p><b>1.Mi az alum\u00ednium profil\u00fa \u00e1gykeret? <\/b><\/p>\n<p> Az alum\u00ednium profilos \u00e1gykeret egy modul\u00e1ris alum\u00ednium extrud\u00e1lt r\u00e9szekb\u0151l \u00e9p\u00edtett \u00e1gyszerkezet, amely szil\u00e1rds\u00e1got, stabilit\u00e1st \u00e9s modern kialak\u00edt\u00e1st k\u00edn\u00e1l lak\u00f3- vagy kereskedelmi c\u00e9lokra.\n<\/p>\n<p><\/p>\n<p><b>2.Milyen el\u0151nyei vannak az alum\u00ednium profil\u00fa \u00e1gykeretnek? <\/b><\/p>\n<p> Az alum\u00ednium profil\u00fa \u00e1gykeretek k\u00f6nny\u0171ek, rozsdamentesek, tart\u00f3sak \u00e9s k\u00f6nnyen \u00f6sszeszerelhet\u0151k, \u00edgy ide\u00e1lisak hossz\u00fa t\u00e1v\u00fa, alacsony karbantart\u00e1si ig\u00e9ny\u0171 haszn\u00e1latra.\n<\/p>\n<p><\/p>\n<p><b>3.Milyen er\u0151s az alum\u00ednium profil\u00fa \u00e1gykeret? <\/b><\/p>\n<p> A kiv\u00e1l\u00f3 min\u0151s\u00e9g\u0171 alum\u00ednium extrud\u00e1lt r\u00e9szekb\u0151l k\u00e9sz\u00fclt \u00e1gykeretek kiv\u00e1l\u00f3 teherb\u00edr\u00e1st \u00e9s szerkezeti integrit\u00e1st biztos\u00edtanak.\n<\/p>\n<p><\/p>\n<p><b>4.K\u00f6nny\u0171 \u00f6sszeszerelni az alum\u00ednium profil\u00fa \u00e1gykeretet? <\/b><\/p>\n<p> Igen, a modul\u00e1ris kialak\u00edt\u00e1s \u00e9s az el\u0151re kiv\u00e1gott alum\u00edniumprofilok lehet\u0151v\u00e9 teszik a gyors, szersz\u00e1mbar\u00e1t \u00f6sszeszerel\u00e9st minim\u00e1lis er\u0151fesz\u00edt\u00e9ssel.\n<\/p>\n<p><\/p>\n<p><b>5.Can alum\u00ednium profil \u00e1gykeretek testre szabhat\u00f3? <\/b><\/p>\n<p> Term\u00e9szetesen m\u00e9retben, magass\u00e1gban \u00e9s st\u00edlusban is testre szabhat\u00f3k, hogy megfeleljenek az adott bels\u0151\u00e9p\u00edt\u00e9szeti kialak\u00edt\u00e1snak vagy szem\u00e9lyes preferenci\u00e1knak.\n<\/p>\n<p><\/p>\n<p><b>6.Az alum\u00ednium profil\u00fa \u00e1gykeret k\u00f6rnyezetbar\u00e1t? <\/b><\/p>\n<p> Igen, az alum\u00ednium 100% \u00fajrahasznos\u00edthat\u00f3 \u00e9s hossz\u00fa \u00e9lettartam\u00fa, \u00edgy ezek az \u00e1gykeretek fenntarthat\u00f3 \u00e9s k\u00f6rnyezettudatos v\u00e1laszt\u00e1st jelentenek.\n<\/p>\n<p><\/p>\n<p><b>7.Does egy alum\u00ednium profil\u00fa \u00e1gykeret rozsd\u00e1sodik az id\u0151 m\u00fal\u00e1s\u00e1val? <\/b><\/p>\n<p> Nem, az alum\u00ednium term\u00e9szetes m\u00f3don korr\u00f3zi\u00f3\u00e1ll\u00f3, \u00edgy az \u00e1gykeret m\u00e9g nedves k\u00f6rnyezetben is rozsdamentes marad.\n<\/p>\n<p><\/p>\n<p><b>8.Hogyan hasonl\u00edt egy alum\u00ednium profil\u00fa \u00e1gykeret a f\u00e1hoz vagy ac\u00e9lhoz? <\/b><\/p>\n<p> A f\u00e1hoz vagy ac\u00e9lhoz k\u00e9pest az alum\u00ednium profil\u00fa \u00e1gykeretek k\u00f6nnyebbek, ellen\u00e1ll\u00f3bbak a kop\u00e1ssal \u00e9s a nedvess\u00e9ggel szemben, \u00e9s k\u00f6nnyebben mozgathat\u00f3k vagy m\u00f3dos\u00edthat\u00f3k.\n<\/p>\n<p><\/p>\n<p><b>9.Alkalmasak-e az alum\u00ednium profil\u00fa \u00e1gykeretek kereskedelmi felhaszn\u00e1l\u00e1sra? <\/b><\/p>\n<p> Igen, robosztus fel\u00e9p\u00edt\u00e9s\u00fck \u00e9s eleg\u00e1ns megjelen\u00e9s\u00fck r\u00e9v\u00e9n ide\u00e1lisak sz\u00e1llod\u00e1kba, koll\u00e9giumokba \u00e9s eg\u00e9szs\u00e9g\u00fcgyi int\u00e9zm\u00e9nyekbe.\n<\/p>\n<p><\/p>\n<p><b>10.Milyen st\u00edlusok \u00e1llnak rendelkez\u00e9sre az alum\u00ednium profil\u00fa \u00e1gykeretekhez? <\/b><\/p>\n<p> Az alum\u00ednium profilos \u00e1gykeretek minimalista, modern, ipari vagy egyedi st\u00edlusban tervezhet\u0151k, hogy megfeleljenek a k\u00fcl\u00f6nb\u00f6z\u0151 eszt\u00e9tikai st\u00edlusoknak.\n<\/p>\n<p><\/p>","protected":false},"featured_media":5986,"template":"","categories":[55],"class_list":["post-5987","product","type-product","status-publish","has-post-thumbnail","hentry","category-extruded-aluminum-profiles"],"meta_box":{"hilight_text_group":{"product_hilight_text":"<li>Durable aluminum construction ensures long lifespan with minimal maintenance<\/li>\r\r\n<li>Lightweight design for easy transport and installation<\/li>\r\r\n<li>Modular structure allows quick assembly and customization<\/li>\r\r\n<li>Corrosion-resistant finish suitable for medical, dormitory, and industrial use<\/li>\r\r\n<li>Supports heavy loads while maintaining structural stability<\/li>","product_chanpin_chanpin":"<li><a href=\"https:\/\/sinoextrud.com\/product\/aluminum-extrusion-7003-7005-7020\/\" target=\"_blank\">Aluminum Extrusion 7003 7005 7020 High Hardness Anodized Aluminum Profile<\/a><\/li>\r\n<li><a href=\"https:\/\/sinoextrud.com\/product\/aluminum-extrusion-flood-control-barrier-aluminum-profile\/\" target=\"_blank\">Aluminum Extrusion Flood Control Barrier Aluminum Profile<\/a><\/li>\r\n<li><a href=\"https:\/\/sinoextrud.com\/product\/extruded-aluminum-flat-bar-6061-7075\/\" target=\"_blank\">Extruded Aluminum Flat Bar 6061 7075<\/a><\/li>\r\n<li><a href=\"https:\/\/sinoextrud.com\/product\/extruded-aluminum-tubing-shapes-supplier\/\" target=\"_blank\">Extruded Aluminum Tubing Shapes Supplier<\/a><\/li>\r\n<li><a href=\"https:\/\/sinoextrud.com\/product\/aluminium-profile-bed-frame\/\" target=\"_blank\">Aluminium Profile Bed Frame<\/a><\/li>\r\n<li><a href=\"https:\/\/sinoextrud.com\/product\/aluminum-extrusion-industry-modular-components-profile\/\" target=\"_blank\">Aluminum Extrusion Industry Modular Components Profile<\/a><\/li>\r\n<li><a href=\"https:\/\/sinoextrud.com\/product\/aluminium-profile-systems\/\" target=\"_blank\">Aluminium Profile Systems<\/a><\/li>\r\n<li><a href=\"https:\/\/sinoextrud.com\/product\/aluminium-extrusion-profile-section\/\" target=\"_blank\">Aluminium Extrusion Profile Section(Great Wall panel aluminum profile)<\/a><\/li>\r\n<li><a href=\"https:\/\/sinoextrud.com\/product\/industrial-aluminum-profiles\/\" target=\"_blank\">Industrial Aluminum Profiles<\/a><\/li>\r\n<li><a href=\"https:\/\/sinoextrud.com\/product\/decoration-aluminium\/\" target=\"_blank\">Decoration aluminium<\/a><\/li>\r\n<li><a href=\"https:\/\/sinoextrud.com\/product\/anodized-matt-and-various-color-extruded-construction-aluminium-profile\/\" target=\"_blank\">Anodized Matt And Various Color Extruded Construction Aluminium Profile<\/a><\/li>"},"feature_list":[]},"_links":{"self":[{"href":"https:\/\/sinoextrud.com\/hu\/wp-json\/wp\/v2\/product\/5987","targetHints":{"allow":["GET"]}}],"collection":[{"href":"https:\/\/sinoextrud.com\/hu\/wp-json\/wp\/v2\/product"}],"about":[{"href":"https:\/\/sinoextrud.com\/hu\/wp-json\/wp\/v2\/types\/product"}],"wp:featuredmedia":[{"embeddable":true,"href":"https:\/\/sinoextrud.com\/hu\/wp-json\/wp\/v2\/media\/5986"}],"wp:attachment":[{"href":"https:\/\/sinoextrud.com\/hu\/wp-json\/wp\/v2\/media?parent=5987"}],"wp:term":[{"taxonomy":"category","embeddable":true,"href":"https:\/\/sinoextrud.com\/hu\/wp-json\/wp\/v2\/categories?post=5987"}],"curies":[{"name":"wp","href":"https:\/\/api.w.org\/{rel}","templated":true}]}}