{"id":5985,"date":"2025-05-23T15:23:16","date_gmt":"2025-05-23T15:23:16","guid":{"rendered":"https:\/\/sinoextrud.com\/?post_type=product&#038;p=5985"},"modified":"2025-06-24T03:52:51","modified_gmt":"2025-06-24T03:52:51","slug":"extrudalt-aluminium-csoformak-szallitoja","status":"publish","type":"product","link":"https:\/\/sinoextrud.com\/hu\/product\/extruded-aluminum-tubing-shapes-supplier\/","title":{"rendered":"Extrud\u00e1lt alum\u00ednium cs\u00f6vek form\u00e1i Sz\u00e1ll\u00edt\u00f3"},"content":{"rendered":"<h2>Term\u00e9kek r\u00e9szletei<\/h2>\n<table class=\"custom-table\">\n<tr>\n<td class=\"label\">Term\u00e9k neve<\/td>\n<td>Extrud\u00e1lt alum\u00ednium cs\u00f6vek form\u00e1k sz\u00e1ll\u00edt\u00f3ja<\/td>\n<\/tr>\n<tr>\n<td class=\"label\">Term\u00e9kv\u00e1laszt\u00e9k<\/td>\n<td>alum\u00ednium extrud\u00e1lt \u00e1ltal\u00e1nos cs\u00f6vek \u00e9s rudak, alum\u00ednium n\u00e9gyzet alak\u00fa cs\u00f6vek, n\u00e9gyzet alak\u00fa alum\u00ednium cs\u00f6vek, alum\u00ednium n\u00e9gyzet alak\u00fa cs\u00f6vek, dekorat\u00edv modern kerti cs\u0151, alum\u00ednium cs\u0151 profilok, hajl\u00edt\u00f3 alum\u00ednium cs\u0151, egyedi extrud\u00e1lt alum\u00ednium cs\u0151, egyedi porsz\u00f3rt cs\u0151, egyedi kerek alum\u00ednium cs\u0151, n\u00e9gyzet alak\u00fa alum\u00ednium extrud\u00e1l\u00e1s, elox\u00e1lt alum\u00ednium \u00f6tv\u00f6zet cs\u0151, egyedi n\u00e9gyzet alak\u00fa alum\u00ednium cs\u00f6vek, stb.<\/td>\n<\/tr>\n<tr>\n<td class=\"label\">Megfelel\u0151 rendszerek T\u00edpusok<\/td>\n<td>Alum\u00ednium kerek cs\u00f6vek, Alum\u00ednium kerek cs\u00f6vek, alum\u00ednium n\u00e9gyzet cs\u00f6vek, alum\u00ednium n\u00e9gyzet cs\u00f6vek, hajl\u00edt\u00f3 alum\u00ednium cs\u00f6vek, ov\u00e1lis alum\u00ednium cs\u00f6vek, nagykereskedelmi extrud\u00e1lt alum\u00ednium cs\u0151, nagykereskedelmi alum\u00ednium extrud\u00e1lt pol\u00edrozott n\u00e9gyzet cs\u0151, nagykereskedelmi extrud\u00e1lt alum\u00ednium cs\u0151 alakzatok, stb.<\/td>\n<\/tr>\n<tr>\n<td class=\"label\">Alum\u00ednium \u00f6tv\u00f6zet<\/td>\n<td>3000-es sorozat, 5000-es sorozat, 6000-es sorozat, 7000-es sorozat stb.<\/td>\n<\/tr>\n<tr>\n<td class=\"label\">Temper<\/td>\n<td>T5-T8<\/td>\n<\/tr>\n<tr>\n<td class=\"label\">Shape<\/td>\n<td>N\u00e9gyzet, kerek, ov\u00e1lis, hajl\u00edtott, f\u00e9lk\u00f6r\u00edves, vagy testreszab\u00e1s<\/td>\n<\/tr>\n<tr>\n<td class=\"label\">Sz\u00ednes<\/td>\n<td>testreszab\u00e1s<\/td>\n<\/tr>\n<tr>\n<td class=\"label\">Fel\u00fcletkezel\u00e9s<\/td>\n<td>malomra k\u00e9sz, elox\u00e1lt, fa szemcs\u00e9s, er\u0151 bevonat, homokf\u00fav\u00e1s, elektrofor\u00e9zis, csiszolt, pol\u00edroz\u00e1s, stb.<\/td>\n<\/tr>\n<tr>\n<td class=\"label\">CNC m\u00e9lyfeldolgoz\u00e1s<\/td>\n<td>v\u00e1g\u00e1s, f\u00far\u00e1s, megmunk\u00e1l\u00e1s, lyukaszt\u00e1s, hajl\u00edt\u00e1s, csapol\u00e1s stb.<\/td>\n<\/tr>\n<tr>\n<td class=\"label\">Tan\u00fas\u00edtv\u00e1nyok<\/td>\n<td>CE, ISO, SGS, TUV, ROHS<\/td>\n<\/tr>\n<tr>\n<td class=\"label\">Mint\u00e1k<\/td>\n<td>ingyenes minta. 1-3 nap alatt sz\u00e1ll\u00edtjuk \u00d6nnek.<\/td>\n<\/tr>\n<tr>\n<td class=\"label\">MOQ<\/td>\n<td>200KG minden egyes profilhoz<\/td>\n<\/tr>\n<tr>\n<td class=\"label\">Sz\u00e1ll\u00edt\u00e1si id\u0151<\/td>\n<td>A pen\u00e9sz kifejleszt\u00e9se \u00e9s a minta kialak\u00edt\u00e1sa 12-15 nap, majd a gy\u00e1rt\u00e1s id\u0151tartama 15-25 nap a vev\u0151 let\u00e9tbe helyez\u00e9se ut\u00e1n.<\/td>\n<\/tr>\n<tr>\n<td class=\"label\">Fizet\u00e9si felt\u00e9telek<\/td>\n<td>30% bet\u00e9t a gy\u00e1rt\u00e1s el\u0151tt, \u00e9s a sz\u00e1ll\u00edt\u00e1s el\u0151tti egyenleg.<\/td>\n<\/tr>\n<\/table>\n<h2>Gy\u00e1rt\u00f3 b\u00e1zisunk<\/h2>\n<h3>Gy\u00e1ri panor\u00e1ma<\/h3>\n<p><img decoding=\"async\" src=\"\/wp-content\/uploads\/factory-01.webp\"\/><\/p>\n<h3>Alum\u00ednium r\u00fadgy\u00e1rt\u00f3 m\u0171hely<\/h3>\n<p><img decoding=\"async\" src=\"\/wp-content\/uploads\/factory-02.webp\"\/><\/p>\n<\/p>\n<p><img decoding=\"async\" src=\"\/wp-content\/uploads\/factory-03.webp\"\/><\/p>\n<h3>Pen\u00e9sz rakt\u00e1r<\/h3>\n<p><img decoding=\"async\" src=\"\/wp-content\/uploads\/factory-04.webp\"\/><\/p>\n<h3>43 alum\u00ednium extrud\u00e1l\u00f3 vonal (500-5500 tonna)<\/h3>\n<p><img decoding=\"async\" src=\"\/wp-content\/uploads\/factory-05.webp\"\/><\/p>\n<p><img decoding=\"async\" src=\"\/wp-content\/uploads\/factory-06.webp\"\/><\/p>\n<p><img decoding=\"async\" src=\"\/wp-content\/uploads\/factory-07.webp\"\/><\/p>\n<h3>Porfest\u0151 m\u0171hely<\/h3>\n<p><img decoding=\"async\" src=\"\/wp-content\/uploads\/factory-09.webp\"\/><\/p>\n<h3>Anodiz\u00e1l\u00f3 m\u0171hely<\/h3>\n<p><img decoding=\"async\" src=\"\/wp-content\/uploads\/factory-10.webp\"\/><\/p>\n<h3>M\u00e9ly feldolgoz\u00e1si m\u0171hely<\/h3>\n<p><img decoding=\"async\" src=\"\/wp-content\/uploads\/factory-11.webp\"\/><\/p>\n<h3>CNC prec\u00edzi\u00f3s megmunk\u00e1l\u00f3 m\u0171hely<\/h3>\n<p><img decoding=\"async\" src=\"\/wp-content\/uploads\/factory-11.5.webp\"\/><\/p>\n<h3>K\u00e9szterm\u00e9k \u00e9s export rakt\u00e1r<\/h3>\n<p><img decoding=\"async\" src=\"\/wp-content\/uploads\/factory-12.webp\"\/><\/p>\n<p><img decoding=\"async\" src=\"\/wp-content\/uploads\/factory-13.webp\"\/><\/p>\n<p><img decoding=\"async\" src=\"\/wp-content\/uploads\/factory-14.webp\"\/><\/p>\n<h2>GYIK<\/h2>\n<p><b>1.What egy extrud\u00e1lt alum\u00ednium cs\u0151form\u00e1k sz\u00e1ll\u00edt\u00f3ja? <\/b><\/p>\n<p> Egy extrud\u00e1lt alum\u00ednium cs\u0151form\u00e1k sz\u00e1ll\u00edt\u00f3ja egyedi \u00e9s szabv\u00e1nyos alum\u00ednium cs\u0151profilokat k\u00edn\u00e1l k\u00fcl\u00f6nb\u00f6z\u0151 form\u00e1kban ipari, kereskedelmi \u00e9s \u00e9p\u00edt\u00e9szeti alkalmaz\u00e1sokhoz.\n<\/p>\n<p><\/p>\n<p><b>2.Milyen t\u00edpus\u00fa form\u00e1kat k\u00edn\u00e1lnak az extrud\u00e1lt alum\u00edniumcs\u00f6vek sz\u00e1ll\u00edt\u00f3i? <\/b><\/p>\n<p> A sz\u00e1ll\u00edt\u00f3k a form\u00e1k sz\u00e9les sk\u00e1l\u00e1j\u00e1t k\u00edn\u00e1lj\u00e1k, bele\u00e9rtve a kerek, n\u00e9gyzet, t\u00e9glalap, ov\u00e1lis \u00e9s egyedi profil\u00fa alum\u00edniumcs\u00f6veket, hogy megfeleljenek a projekt egyedi ig\u00e9nyeinek.\n<\/p>\n<p><\/p>\n<p><b>3.Mik az el\u0151nyei a beszerz\u00e9snek egy extrud\u00e1lt alum\u00ednium cs\u0151form\u00e1k sz\u00e1ll\u00edt\u00f3j\u00e1t\u00f3l? <\/b><\/p>\n<p> A szakosodott besz\u00e1ll\u00edt\u00f3val val\u00f3 egy\u00fcttm\u0171k\u00f6d\u00e9s biztos\u00edtja a kiv\u00e1l\u00f3 min\u0151s\u00e9g\u0171 extrud\u00e1l\u00e1st, a pontos m\u00e9reteket, az anyagok konzisztenci\u00e1j\u00e1t \u00e9s a megb\u00edzhat\u00f3 \u00e1tfut\u00e1si id\u0151t.\n<\/p>\n<p><\/p>\n<p><b>4.How extrud\u00e1lt alum\u00ednium cs\u00f6vek el\u0151ny\u00f6s ipari alkalmaz\u00e1sok? <\/b><\/p>\n<p> Az extrud\u00e1lt alum\u00edniumcs\u00f6vek k\u00f6nny\u0171 szil\u00e1rds\u00e1got, korr\u00f3zi\u00f3\u00e1ll\u00f3s\u00e1got \u00e9s kiv\u00e1l\u00f3 megmunk\u00e1lhat\u00f3s\u00e1got biztos\u00edtanak, \u00edgy ide\u00e1lisak szerkezeti, sz\u00e1ll\u00edt\u00e1si \u00e9s mechanikai felhaszn\u00e1l\u00e1sra.\n<\/p>\n<p><\/p>\n<p><b>5.Can extrud\u00e1lt alum\u00ednium cs\u0151form\u00e1k Sz\u00e1ll\u00edt\u00f3k egyedi megold\u00e1sokat k\u00edn\u00e1lnak? <\/b><\/p>\n<p> Igen, a legt\u00f6bb besz\u00e1ll\u00edt\u00f3 teljes k\u00f6r\u0171 testreszab\u00e1si szolg\u00e1ltat\u00e1sokat k\u00edn\u00e1l, bele\u00e9rtve az \u00f6tv\u00f6zet kiv\u00e1laszt\u00e1s\u00e1t, az alak kialak\u00edt\u00e1s\u00e1t, a m\u00e9retv\u00e1ltozatokat \u00e9s a fel\u00fcleti fel\u00fcleteket.\n<\/p>\n<p><\/p>\n<p><b>6.Mi\u00e9rt v\u00e1lassza az extrud\u00e1lt alum\u00ednium cs\u00f6veket az ac\u00e9l helyett? <\/b><\/p>\n<p> Az alum\u00edniumcs\u00f6vek k\u00f6nnyebbek, rozsdamentesek \u00e9s k\u00f6nnyebben gy\u00e1rthat\u00f3k, mint az ac\u00e9l, ami cs\u00f6kkenti a s\u00falyt \u00e9s a karbantart\u00e1st a szerkezeti \u00e9s mechanikai rendszerekben.\n<\/p>\n<p><\/p>\n<p><b>7.Milyen ipar\u00e1gak haszn\u00e1lj\u00e1k \u00e1ltal\u00e1ban az extrud\u00e1lt alum\u00ednium cs\u0151form\u00e1kat? <\/b><\/p>\n<p> A rep\u00fcl\u0151g\u00e9pipar, az aut\u00f3ipar, az \u00e9p\u00edt\u0151ipar, a tengeri, az orvosi \u00e9s a meg\u00fajul\u00f3 energiaipar sz\u00e9les k\u00f6rben haszn\u00e1lja az extrud\u00e1lt alum\u00edniumcs\u00f6veket sokoldal\u00fas\u00e1ga \u00e9s teljes\u00edtm\u00e9nye miatt.\n<\/p>\n<p><\/p>\n<p><b>8.Are extrud\u00e1lt alum\u00ednium cs\u0151form\u00e1k alkalmasak k\u00fclt\u00e9ri haszn\u00e1latra? <\/b><\/p>\n<p> Igen, az alum\u00ednium term\u00e9szetes korr\u00f3zi\u00f3\u00e1ll\u00f3s\u00e1ga \u00e9s az elox\u00e1l\u00e1ssal vagy porsz\u00f3r\u00e1ssal val\u00f3 kompatibilit\u00e1sa miatt t\u00f6k\u00e9letesen alkalmas k\u00fclt\u00e9ri k\u00f6rnyezetbe.\n<\/p>\n<p><\/p>\n<p><b>9.Do extrud\u00e1lt alum\u00ednium cs\u0151form\u00e1k sz\u00e1ll\u00edt\u00f3k t\u00e1mogatj\u00e1k a nagyszab\u00e1s\u00fa termel\u00e9st? <\/b><\/p>\n<p> A j\u00f3 h\u00edr\u0171 besz\u00e1ll\u00edt\u00f3k k\u00e9pesek a t\u00f6meges megrendel\u00e9seket egyenletes min\u0151s\u00e9gben kezelni, t\u00e1mogatva az OEM-gy\u00e1rt\u00f3kat \u00e9s az ipari m\u00e9ret\u0171 projekteket.\n<\/p>\n<p><\/p>\n<p><b>10.Is alum\u00ednium cs\u00f6vek extrud\u00e1l\u00e1s sz\u00e1ll\u00edt\u00f3i k\u00f6rnyezetbar\u00e1t? <\/b><\/p>\n<p> Igen, az alum\u00ednium \u00fajrahasznos\u00edthat\u00f3 \u00e9s energiatakar\u00e9kos az el\u0151\u00e1ll\u00edt\u00e1sa, \u00edgy az extrud\u00e1lt sz\u00e1ll\u00edt\u00f3k \u00e1ltal gy\u00e1rtott cs\u00f6vek fenntarthat\u00f3 anyagv\u00e1laszt\u00e1st jelentenek.\n<\/p>\n<p><\/p>","protected":false},"featured_media":5984,"template":"","categories":[55],"class_list":["post-5985","product","type-product","status-publish","has-post-thumbnail","hentry","category-extruded-aluminum-profiles"],"meta_box":{"hilight_text_group":{"product_hilight_text":"<li>Wide range of tubing shapes including round, square, and rectangular for diverse applications<\/li>\r\r\n<li>Lightweight yet strong, ideal for automotive, construction, and aerospace industries<\/li>\r\r\n<li>Custom lengths, wall thicknesses, and alloy options available to meet specific requirements<\/li>\r\r\n<li>Excellent corrosion resistance and surface finish for long-lasting performance<\/li>\r\r\n<li>Reliable supply chain and consistent quality for high-volume production needs<\/li>","product_chanpin_chanpin":"<li><a href=\"https:\/\/sinoextrud.com\/product\/aluminum-extrusion-aluminum-rolling-shutters-profile\/\" target=\"_blank\">Aluminum Extrusion Aluminum Rolling Shutters Profile<\/a><\/li>\r\n<li><a href=\"https:\/\/sinoextrud.com\/product\/aluminum-extrusion-7003-7005-7020\/\" target=\"_blank\">Aluminum Extrusion 7003 7005 7020 High Hardness Anodized Aluminum Profile<\/a><\/li>\r\n<li><a href=\"https:\/\/sinoextrud.com\/product\/aluminum-extrusion-flood-control-barrier-aluminum-profile\/\" target=\"_blank\">Aluminum Extrusion Flood Control Barrier Aluminum Profile<\/a><\/li>\r\n<li><a href=\"https:\/\/sinoextrud.com\/product\/extruded-aluminum-flat-bar-6061-7075\/\" target=\"_blank\">Extruded Aluminum Flat Bar 6061 7075<\/a><\/li>\r\n<li><a href=\"https:\/\/sinoextrud.com\/product\/extruded-aluminum-tubing-shapes-supplier\/\" target=\"_blank\">Extruded Aluminum Tubing Shapes Supplier<\/a><\/li>\r\n<li><a href=\"https:\/\/sinoextrud.com\/product\/aluminium-profile-bed-frame\/\" target=\"_blank\">Aluminium Profile Bed Frame<\/a><\/li>\r\n<li><a href=\"https:\/\/sinoextrud.com\/product\/aluminum-extrusion-industry-modular-components-profile\/\" target=\"_blank\">Aluminum Extrusion Industry Modular Components Profile<\/a><\/li>\r\n<li><a href=\"https:\/\/sinoextrud.com\/product\/aluminium-profile-systems\/\" target=\"_blank\">Aluminium Profile Systems<\/a><\/li>\r\n<li><a href=\"https:\/\/sinoextrud.com\/product\/aluminium-extrusion-profile-section\/\" target=\"_blank\">Aluminium Extrusion Profile Section(Great Wall panel aluminum profile)<\/a><\/li>\r\n<li><a href=\"https:\/\/sinoextrud.com\/product\/electrophoretic-grain-square-tube-rosewood\/\" target=\"_blank\">Electrophoretic Grain Square Tube Rosewood<\/a><\/li>\r\n<li><a href=\"https:\/\/sinoextrud.com\/product\/anodized-aluminum-alloy-pipe-supplier\/\" target=\"_blank\">Anodized Aluminum Alloy Pipe Supplier<\/a><\/li>"},"feature_list":[]},"_links":{"self":[{"href":"https:\/\/sinoextrud.com\/hu\/wp-json\/wp\/v2\/product\/5985","targetHints":{"allow":["GET"]}}],"collection":[{"href":"https:\/\/sinoextrud.com\/hu\/wp-json\/wp\/v2\/product"}],"about":[{"href":"https:\/\/sinoextrud.com\/hu\/wp-json\/wp\/v2\/types\/product"}],"wp:featuredmedia":[{"embeddable":true,"href":"https:\/\/sinoextrud.com\/hu\/wp-json\/wp\/v2\/media\/5984"}],"wp:attachment":[{"href":"https:\/\/sinoextrud.com\/hu\/wp-json\/wp\/v2\/media?parent=5985"}],"wp:term":[{"taxonomy":"category","embeddable":true,"href":"https:\/\/sinoextrud.com\/hu\/wp-json\/wp\/v2\/categories?post=5985"}],"curies":[{"name":"wp","href":"https:\/\/api.w.org\/{rel}","templated":true}]}}