{"id":5981,"date":"2025-05-23T15:13:02","date_gmt":"2025-05-23T15:13:02","guid":{"rendered":"https:\/\/sinoextrud.com\/?post_type=product&#038;p=5981"},"modified":"2025-06-24T03:52:46","modified_gmt":"2025-06-24T03:52:46","slug":"aluminium-extrudalas-arvizvedelmi-gat-aluminium-profil","status":"publish","type":"product","link":"https:\/\/sinoextrud.com\/hu\/product\/aluminum-extrusion-flood-control-barrier-aluminum-profile\/","title":{"rendered":"Alum\u00ednium Extrud\u00e1l\u00e1s \u00c1rv\u00edzv\u00e9delmi Barrier Alum\u00ednium profil"},"content":{"rendered":"<h2>Term\u00e9kek r\u00e9szletei<\/h2>\n<table class=\"custom-table\">\n<tr>\n<td class=\"label\">Term\u00e9k neve<\/td>\n<td>Alum\u00ednium Extrud\u00e1l\u00e1s \u00c1rv\u00edzv\u00e9delmi Barrier Alum\u00ednium profil<\/td>\n<\/tr>\n<tr>\n<td class=\"label\">Alum\u00ednium \u00f6tv\u00f6zet<\/td>\n<td>5000-es sorozat, 6000-es sorozat, 7000-es sorozat<\/td>\n<\/tr>\n<tr>\n<td class=\"label\">Temper<\/td>\n<td>T3-T8<\/td>\n<\/tr>\n<tr>\n<td class=\"label\">Shape<\/td>\n<td>testreszab\u00e1s<\/td>\n<\/tr>\n<tr>\n<td class=\"label\">Term\u00e9kv\u00e1laszt\u00e9k<\/td>\n<td>alum\u00ednium extrud\u00e1lt alum\u00ednium \u00e1rv\u00edzv\u00e9delmi g\u00e1t, alum\u00ednium profil \u00e1rv\u00edzv\u00e9delmi rendszer, \u00e1rv\u00edzv\u00e9delem alum\u00ednium extrud\u00e1lt alum\u00edniummal, alum\u00ednium profilokb\u00f3l k\u00e9sz\u00fclt \u00e1rv\u00edzv\u00e9delmi g\u00e1tak, extrud\u00e1lt alum\u00ednium \u00e1rv\u00edzv\u00e9delmi g\u00e1tak, \u00e1rv\u00edzv\u00e9delem extrud\u00e1lt alum\u00ednium profilokkal, alum\u00ednium \u00e1rv\u00edzv\u00e9delmi kapuk, extrud\u00e1lt alum\u00ednium \u00e1rv\u00edzv\u00e9delmi falak stb.<\/td>\n<\/tr>\n<tr>\n<td class=\"label\">Fel\u00fcletkezel\u00e9s<\/td>\n<td>malomra k\u00e9sz, elox\u00e1lt, fa szemcs\u00e9s, er\u0151 bevonat, homokf\u00fav\u00e1s, elektrofor\u00e9zis, csiszolt, pol\u00edroz\u00e1s, stb.<\/td>\n<\/tr>\n<tr>\n<td class=\"label\">CNC m\u00e9lyfeldolgoz\u00e1s<\/td>\n<td>v\u00e1g\u00e1s, f\u00far\u00e1s, megmunk\u00e1l\u00e1s, lyukaszt\u00e1s, hajl\u00edt\u00e1s, csapol\u00e1s stb.<\/td>\n<\/tr>\n<tr>\n<td class=\"label\">Tan\u00fas\u00edtv\u00e1nyok<\/td>\n<td>CE, ISO, SGS, TUV, ROHS<\/td>\n<\/tr>\n<tr>\n<td class=\"label\">Mint\u00e1k<\/td>\n<td>ingyenes minta. 1-3 nap alatt sz\u00e1ll\u00edtjuk \u00d6nnek.<\/td>\n<\/tr>\n<tr>\n<td class=\"label\">MOQ<\/td>\n<td>200KG minden egyes profilhoz<\/td>\n<\/tr>\n<tr>\n<td class=\"label\">Sz\u00e1ll\u00edt\u00e1si id\u0151<\/td>\n<td>A pen\u00e9sz kifejleszt\u00e9se \u00e9s a minta kialak\u00edt\u00e1sa 12-15 nap, majd a gy\u00e1rt\u00e1s id\u0151tartama 15-25 nap a vev\u0151 let\u00e9tbe helyez\u00e9se ut\u00e1n.<\/td>\n<\/tr>\n<tr>\n<td class=\"label\">Fizet\u00e9si felt\u00e9telek<\/td>\n<td>30% bet\u00e9t a gy\u00e1rt\u00e1s el\u0151tt, \u00e9s a sz\u00e1ll\u00edt\u00e1s el\u0151tti egyenleg.<\/td>\n<\/tr>\n<\/table>\n<h2>Gy\u00e1rt\u00f3 b\u00e1zisunk<\/h2>\n<h3>Gy\u00e1ri panor\u00e1ma<\/h3>\n<p><img decoding=\"async\" src=\"\/wp-content\/uploads\/factory-01.webp\"\/><\/p>\n<h3>Alum\u00ednium r\u00fadgy\u00e1rt\u00f3 m\u0171hely<\/h3>\n<p><img decoding=\"async\" src=\"\/wp-content\/uploads\/factory-02.webp\"\/><\/p>\n<\/p>\n<p><img decoding=\"async\" src=\"\/wp-content\/uploads\/factory-03.webp\"\/><\/p>\n<h3>Pen\u00e9sz rakt\u00e1r<\/h3>\n<p><img decoding=\"async\" src=\"\/wp-content\/uploads\/factory-04.webp\"\/><\/p>\n<h3>43 alum\u00ednium extrud\u00e1l\u00f3 vonal (500-5500 tonna)<\/h3>\n<p><img decoding=\"async\" src=\"\/wp-content\/uploads\/factory-05.webp\"\/><\/p>\n<p><img decoding=\"async\" src=\"\/wp-content\/uploads\/factory-06.webp\"\/><\/p>\n<p><img decoding=\"async\" src=\"\/wp-content\/uploads\/factory-07.webp\"\/><\/p>\n<h3>Porfest\u0151 m\u0171hely<\/h3>\n<p><img decoding=\"async\" src=\"\/wp-content\/uploads\/factory-09.webp\"\/><\/p>\n<h3>Anodiz\u00e1l\u00f3 m\u0171hely<\/h3>\n<p><img decoding=\"async\" src=\"\/wp-content\/uploads\/factory-10.webp\"\/><\/p>\n<h3>M\u00e9ly feldolgoz\u00e1si m\u0171hely<\/h3>\n<p><img decoding=\"async\" src=\"\/wp-content\/uploads\/factory-11.webp\"\/><\/p>\n<h3>CNC prec\u00edzi\u00f3s megmunk\u00e1l\u00f3 m\u0171hely<\/h3>\n<p><img decoding=\"async\" src=\"\/wp-content\/uploads\/factory-11.5.webp\"\/><\/p>\n<h3>K\u00e9szterm\u00e9k \u00e9s export rakt\u00e1r<\/h3>\n<p><img decoding=\"async\" src=\"\/wp-content\/uploads\/factory-12.webp\"\/><\/p>\n<p><img decoding=\"async\" src=\"\/wp-content\/uploads\/factory-13.webp\"\/><\/p>\n<p><img decoding=\"async\" src=\"\/wp-content\/uploads\/factory-14.webp\"\/><\/p>\n<h2>GYIK<\/h2>\n<p><b>1.Mi az alum\u00ednium extrud\u00e1l\u00e1s \u00e1rv\u00edzv\u00e9delmi g\u00e1t alum\u00ednium profil? <\/b><\/p>\n<p> Az alum\u00ednium extrud\u00e1lt \u00e1rv\u00edzv\u00e9delmi g\u00e1t alum\u00ednium profil egy speci\u00e1lisan tervezett alum\u00ednium szerkezeti elem, amelyet \u00e1rv\u00edzv\u00e9delmi rendszerekben haszn\u00e1lnak a v\u00edz hat\u00e9kony elz\u00e1r\u00e1s\u00e1ra vagy elterel\u00e9s\u00e9re.\n<\/p>\n<p><\/p>\n<p><b>2.Mik az el\u0151nyei az alum\u00ednium extrud\u00e1l\u00e1s haszn\u00e1lat\u00e1nak az \u00e1rv\u00edzv\u00e9delmi g\u00e1takhoz? <\/b><\/p>\n<p> Az alum\u00ednium extrud\u00e1l\u00e1s nagy szil\u00e1rds\u00e1got, korr\u00f3zi\u00f3\u00e1ll\u00f3s\u00e1got \u00e9s k\u00f6nny\u0171 s\u00falyt biztos\u00edt, \u00edgy ide\u00e1lis az \u00e1rv\u00edzv\u00e9delmi g\u00e1tak alkalmaz\u00e1s\u00e1hoz.\n<\/p>\n<p><\/p>\n<p><b>3.How tart\u00f3s egy alum\u00ednium extrud\u00e1lt \u00e1rv\u00edzv\u00e9delmi g\u00e1t alum\u00ednium profil? <\/b><\/p>\n<p> Az alum\u00ednium extrud\u00e1lt \u00e1rv\u00edzv\u00e9delmi g\u00e1t alum\u00ednium profilja rendk\u00edv\u00fcl tart\u00f3s, ellen\u00e1ll a rozsd\u00e1nak, \u00e9s id\u0151vel k\u00e9pes ellen\u00e1llni a zord id\u0151j\u00e1r\u00e1si k\u00f6r\u00fclm\u00e9nyeknek \u00e9s a v\u00edznyom\u00e1snak.\n<\/p>\n<p><\/p>\n<p><b>4.Is az alum\u00ednium extrud\u00e1l\u00e1s \u00e1rv\u00edzv\u00e9delmi g\u00e1t alum\u00ednium profil k\u00f6nnyen telep\u00edthet\u0151? <\/b><\/p>\n<p> Igen, az alum\u00edniumprofilok m\u00e9retre szabott kialak\u00edt\u00e1s\u00e1nak \u00e9s k\u00f6nny\u0171s\u00e9g\u00e9nek k\u00f6sz\u00f6nhet\u0151en a telep\u00edt\u00e9s gyors \u00e9s minim\u00e1lis munkaig\u00e9ny\u0171.\n<\/p>\n<p><\/p>\n<p><b>5.Can alum\u00ednium extrud\u00e1l\u00e1s \u00e1rv\u00edzv\u00e9delmi akad\u00e1lyok testreszabhat\u00f3? <\/b><\/p>\n<p> Ezek az alum\u00edniumprofilok alakjuk, m\u00e9ret\u00fck \u00e9s kivitel\u00fck tekintet\u00e9ben testre szabhat\u00f3k, hogy megfeleljenek az egyedi \u00e1rv\u00edzv\u00e9delmi k\u00f6vetelm\u00e9nyeknek \u00e9s eszt\u00e9tikai preferenci\u00e1knak.\n<\/p>\n<p><\/p>\n<p><b>6.Mi\u00e9rt v\u00e1lasszuk az alum\u00edniumot az ac\u00e9l helyett az \u00e1rv\u00edzv\u00e9delmi g\u00e1takhoz? <\/b><\/p>\n<p> Az alum\u00edniumot el\u0151nyben r\u00e9szes\u00edtik az ac\u00e9llal szemben az \u00e1rv\u00edzv\u00e9delmi g\u00e1tak eset\u00e9ben a k\u00f6nnyebb s\u00falya, a korr\u00f3zi\u00f3\u00e1ll\u00f3s\u00e1ga \u00e9s az alacsonyabb karbantart\u00e1si ig\u00e9nye miatt.\n<\/p>\n<p><\/p>\n<p><b>7.Are alum\u00ednium extrud\u00e1l\u00e1s \u00e1rv\u00edzv\u00e9delmi g\u00e1t alum\u00ednium profilok k\u00f6rnyezetbar\u00e1t? <\/b><\/p>\n<p> Igen, az alum\u00ednium 100% \u00fajrahasznos\u00edthat\u00f3 \u00e9s energiatakar\u00e9kos a gy\u00e1rt\u00e1s sor\u00e1n, \u00edgy ezek a profilok k\u00f6rnyezetbar\u00e1t \u00e1rv\u00edzv\u00e9delmi megold\u00e1st jelentenek.\n<\/p>\n<p><\/p>\n<p><b>8.Milyen ipar\u00e1gak \u00e1ltal\u00e1ban haszn\u00e1lj\u00e1k az alum\u00ednium extrud\u00e1lt \u00e1rv\u00edzv\u00e9delmi g\u00e1t alum\u00ednium profilokat? <\/b><\/p>\n<p> Ezeket az alum\u00ednium profilokat sz\u00e9les k\u00f6rben haszn\u00e1lj\u00e1k az \u00f6nkorm\u00e1nyzati infrastrukt\u00far\u00e1ban, lak\u00f3ingatlanokban, kereskedelmi \u00e9p\u00fcletekben \u00e9s ipari \u00e1rv\u00edzv\u00e9delmi rendszerekben.\n<\/p>\n<p><\/p>\n<p><b>9.Hogyan jav\u00edtj\u00e1k az alum\u00ednium extrud\u00e1l\u00e1s \u00e1rv\u00edzv\u00e9delmi g\u00e1t alum\u00ednium profilok az \u00e1rv\u00edzbiztons\u00e1got? <\/b><\/p>\n<p> Megb\u00edzhat\u00f3, er\u0151s \u00e9s gyorsan bevethet\u0151 v\u00e9delmet ny\u00fajtanak az \u00e1rv\u00edz ellen, cs\u00f6kkentve a v\u00edzk\u00e1rokat, valamint v\u00e9dve az \u00e9leteket \u00e9s a vagyont\u00e1rgyakat.\n<\/p>\n<p><\/p>\n<p><b>10.Az alum\u00ednium extrud\u00e1lt \u00e1rv\u00edzv\u00e9delmi g\u00e1tak megfelelnek a biztons\u00e1gi el\u0151\u00edr\u00e1soknak? <\/b><\/p>\n<p> Igen, a legt\u00f6bb alum\u00ednium extrud\u00e1l\u00e1s \u00e1rv\u00edzv\u00e9delmi g\u00e1t alum\u00ednium profilok gy\u00e1rtj\u00e1k, hogy megfeleljen a nemzetk\u00f6zi biztons\u00e1gi \u00e9s \u00e1rv\u00edzv\u00e9delmi szabv\u00e1nyoknak.\n<\/p>\n<p><\/p>","protected":false},"featured_media":5980,"template":"","categories":[55],"class_list":["post-5981","product","type-product","status-publish","has-post-thumbnail","hentry","category-extruded-aluminum-profiles"],"meta_box":{"hilight_text_group":{"product_hilight_text":"<li>High-strength aluminum profiles ensure reliable flood protection.<\/li>\r\r\n<li>Corrosion-resistant materials for long-term outdoor use.<\/li>\r\r\n<li>Lightweight design enables quick transport and installation.<\/li>\r\r\n<li>Customizable dimensions and finishes to meet project needs.<\/li>\r\r\n<li>Low maintenance cost, ideal for large-scale infrastructure projects.<\/li>\r\r\n<li>Modular system allows flexible deployment in various environments.<\/li>","product_chanpin_chanpin":"<li><a href=\"https:\/\/sinoextrud.com\/product\/aluminium-extrud-6061-6082-7075-aluminum-alloy-profiles\/\" target=\"_blank\">Aluminum Extrusion 2024 7001 7003 Aluminum Profile<\/a><\/li>\r\n<li><a href=\"https:\/\/sinoextrud.com\/product\/aluminum-extrusion-6101b-conductive-rail-aluminum-profile\/\" target=\"_blank\">Aluminum Extrusion 6101B Conductive Rail Aluminum Profile<\/a><\/li>\r\n<li><a href=\"https:\/\/sinoextrud.com\/product\/aluminum-extrusion-aluminum-rolling-shutters-profile\/\" target=\"_blank\">Aluminum Extrusion Aluminum Rolling Shutters Profile<\/a><\/li>\r\n<li><a href=\"https:\/\/sinoextrud.com\/product\/aluminum-extrusion-7003-7005-7020\/\" target=\"_blank\">Aluminum Extrusion 7003 7005 7020 High Hardness Anodized Aluminum Profile<\/a><\/li>\r\n<li><a href=\"https:\/\/sinoextrud.com\/product\/aluminum-extrusion-flood-control-barrier-aluminum-profile\/\" target=\"_blank\">Aluminum Extrusion Flood Control Barrier Aluminum Profile<\/a><\/li>\r\n<li><a href=\"https:\/\/sinoextrud.com\/product\/extruded-aluminum-flat-bar-6061-7075\/\" target=\"_blank\">Extruded Aluminum Flat Bar 6061 7075<\/a><\/li>\r\n<li><a href=\"https:\/\/sinoextrud.com\/product\/extruded-aluminum-tubing-shapes-supplier\/\" target=\"_blank\">Extruded Aluminum Tubing Shapes Supplier<\/a><\/li>\r\n<li><a href=\"https:\/\/sinoextrud.com\/product\/aluminium-profile-bed-frame\/\" target=\"_blank\">Aluminium Profile Bed Frame<\/a><\/li>\r\n<li><a href=\"https:\/\/sinoextrud.com\/product\/aluminum-extrusion-industry-modular-components-profile\/\" target=\"_blank\">Aluminum Extrusion Industry Modular Components Profile<\/a><\/li>\r\n<li><a href=\"https:\/\/sinoextrud.com\/product\/aluminum-shutter\/\" target=\"_blank\">Aluminum Shutter<\/a><\/li>\r\n<li><a href=\"https:\/\/sinoextrud.com\/product\/soundproofed-watertigh\/\" target=\"_blank\">Soundproofed Watertight Wind resistant occulting frame powder coated Facade Cladding and Glass wall aluminium profile<\/a><\/li>"},"feature_list":[]},"_links":{"self":[{"href":"https:\/\/sinoextrud.com\/hu\/wp-json\/wp\/v2\/product\/5981","targetHints":{"allow":["GET"]}}],"collection":[{"href":"https:\/\/sinoextrud.com\/hu\/wp-json\/wp\/v2\/product"}],"about":[{"href":"https:\/\/sinoextrud.com\/hu\/wp-json\/wp\/v2\/types\/product"}],"wp:featuredmedia":[{"embeddable":true,"href":"https:\/\/sinoextrud.com\/hu\/wp-json\/wp\/v2\/media\/5980"}],"wp:attachment":[{"href":"https:\/\/sinoextrud.com\/hu\/wp-json\/wp\/v2\/media?parent=5981"}],"wp:term":[{"taxonomy":"category","embeddable":true,"href":"https:\/\/sinoextrud.com\/hu\/wp-json\/wp\/v2\/categories?post=5981"}],"curies":[{"name":"wp","href":"https:\/\/api.w.org\/{rel}","templated":true}]}}