{"id":5895,"date":"2025-05-22T16:12:38","date_gmt":"2025-05-22T16:12:38","guid":{"rendered":"https:\/\/sinoextrud.com\/?post_type=product&#038;p=5895"},"modified":"2025-06-24T03:52:44","modified_gmt":"2025-06-24T03:52:44","slug":"aluminium-extrudalas-7003-7005-7020","status":"publish","type":"product","link":"https:\/\/sinoextrud.com\/hu\/product\/aluminum-extrusion-7003-7005-7020\/","title":{"rendered":"Alum\u00ednium extrud\u00e1l\u00e1s 7003 7005 7020 nagy kem\u00e9nys\u00e9g\u0171 elox\u00e1lt alum\u00ednium profil"},"content":{"rendered":"<h2>Term\u00e9kek r\u00e9szletei<\/h2>\n<table class=\"custom-table\">\n<tr>\n<td class=\"label\">Term\u00e9k neve<\/td>\n<td>Alum\u00ednium extrud\u00e1l\u00e1s 7003 7005 7020 nagy kem\u00e9nys\u00e9g\u0171 elox\u00e1lt alum\u00ednium profil<\/td>\n<\/tr>\n<tr>\n<td class=\"label\">Alum\u00ednium \u00f6tv\u00f6zet<\/td>\n<td>7000-es sorozat, alum\u00ednium 7003 7005 7020 \u00f6tv\u00f6zet<\/td>\n<\/tr>\n<tr>\n<td class=\"label\">Temper<\/td>\n<td>T3-T8<\/td>\n<\/tr>\n<tr>\n<td class=\"label\">Shape<\/td>\n<td>Az \u00fcgyf\u00e9l ig\u00e9nye szerint<\/td>\n<\/tr>\n<tr>\n<td class=\"label\">Alkalmaz\u00e1s<\/td>\n<td>Rep\u00fcl\u0151g\u00e9pipar, aut\u00f3ipar, \u00e9p\u00edt\u0151ipar, elektronikai ipar, sportfelszerel\u00e9sek<\/td>\n<\/tr>\n<tr>\n<td class=\"label\">Fel\u00fcletkezel\u00e9s<\/td>\n<td>Malom befejezett, elox\u00e1lt, fa szemcs\u00e9s, Power Coating, homokf\u00fav\u00e1s, elektrofor\u00e9zis, csiszolt, pol\u00edroz\u00e1s, stb.<\/td>\n<\/tr>\n<tr>\n<td class=\"label\">CNC m\u00e9lyfeldolgoz\u00e1s<\/td>\n<td>V\u00e1g\u00e1s, f\u00far\u00e1s, megmunk\u00e1l\u00e1s, lyukaszt\u00e1s, hajl\u00edt\u00e1s, csapol\u00e1s stb.<\/td>\n<\/tr>\n<tr>\n<td class=\"label\">Mint\u00e1k<\/td>\n<td>Ingyenes minta. 1-3 napon bel\u00fcl sz\u00e1ll\u00edtjuk \u00d6nnek.<\/td>\n<\/tr>\n<tr>\n<td class=\"label\">MOQ<\/td>\n<td>200KG minden profilhoz<\/td>\n<\/tr>\n<tr>\n<td class=\"label\">Sz\u00e1ll\u00edt\u00e1si id\u0151<\/td>\n<td>A pen\u00e9sz kifejleszt\u00e9se \u00e9s a minta megfelel\u0151s\u00e9ge 12-15 nap, majd a gy\u00e1rt\u00e1s id\u0151tartama 15-25 nap a vev\u0151t\u0151l kapott let\u00e9t be\u00e9rkez\u00e9se ut\u00e1n.<\/td>\n<\/tr>\n<tr>\n<td class=\"label\">Fizet\u00e9si felt\u00e9telek<\/td>\n<td>30% let\u00e9t a gy\u00e1rt\u00e1s el\u0151tt, \u00e9s a sz\u00e1ll\u00edt\u00e1s el\u0151tti egyenleg.<\/td>\n<\/tr>\n<\/table>\n<h2>Gy\u00e1rt\u00f3 b\u00e1zisunk<\/h2>\n<h3>Gy\u00e1ri panor\u00e1ma<\/h3>\n<p><img decoding=\"async\" src=\"\/wp-content\/uploads\/factory-01.webp\"\/><\/p>\n<h3>Alum\u00ednium r\u00fadgy\u00e1rt\u00f3 m\u0171hely<\/h3>\n<p><img decoding=\"async\" src=\"\/wp-content\/uploads\/factory-02.webp\"\/><\/p>\n<\/p>\n<p><img decoding=\"async\" src=\"\/wp-content\/uploads\/factory-03.webp\"\/><\/p>\n<h3>Pen\u00e9sz rakt\u00e1r<\/h3>\n<p><img decoding=\"async\" src=\"\/wp-content\/uploads\/factory-04.webp\"\/><\/p>\n<h3>43 alum\u00ednium extrud\u00e1l\u00f3 vonal (500-5500 tonna)<\/h3>\n<p><img decoding=\"async\" src=\"\/wp-content\/uploads\/factory-05.webp\"\/><\/p>\n<p><img decoding=\"async\" src=\"\/wp-content\/uploads\/factory-06.webp\"\/><\/p>\n<p><img decoding=\"async\" src=\"\/wp-content\/uploads\/factory-07.webp\"\/><\/p>\n<h3>Porfest\u0151 m\u0171hely<\/h3>\n<p><img decoding=\"async\" src=\"\/wp-content\/uploads\/factory-09.webp\"\/><\/p>\n<h3>Anodiz\u00e1l\u00f3 m\u0171hely<\/h3>\n<p><img decoding=\"async\" src=\"\/wp-content\/uploads\/factory-10.webp\"\/><\/p>\n<h3>M\u00e9ly feldolgoz\u00e1si m\u0171hely<\/h3>\n<p><img decoding=\"async\" src=\"\/wp-content\/uploads\/factory-11.webp\"\/><\/p>\n<h3>CNC prec\u00edzi\u00f3s megmunk\u00e1l\u00f3 m\u0171hely<\/h3>\n<p><img decoding=\"async\" src=\"\/wp-content\/uploads\/factory-11.5.webp\"\/><\/p>\n<h3>K\u00e9szterm\u00e9k \u00e9s export rakt\u00e1r<\/h3>\n<p><img decoding=\"async\" src=\"\/wp-content\/uploads\/factory-12.webp\"\/><\/p>\n<p><img decoding=\"async\" src=\"\/wp-content\/uploads\/factory-13.webp\"\/><\/p>\n<p><img decoding=\"async\" src=\"\/wp-content\/uploads\/factory-14.webp\"\/><\/p>\n<h2>GYIK<\/h2>\n<p><b>1.Q: Mi az alum\u00ednium extrud\u00e1l\u00e1s 7003 7005 7020 nagy kem\u00e9nys\u00e9g\u0171 elox\u00e1lt alum\u00ednium profil? <\/b><\/p>\n<p> V: Ez egy nagy szil\u00e1rds\u00e1g\u00fa, korr\u00f3zi\u00f3\u00e1ll\u00f3 alum\u00edniumprofil, amely 7003, 7005 vagy 7020 \u00f6tv\u00f6zetek felhaszn\u00e1l\u00e1s\u00e1val k\u00e9sz\u00fcl, \u00e9s a fokozott tart\u00f3ss\u00e1g \u00e9s megjelen\u00e9s \u00e9rdek\u00e9ben \u00e1ltal\u00e1ban elox\u00e1lt.\n<\/p>\n<p><\/p>\n<p><b>2.Q: Mik a f\u0151 el\u0151nyei a 7003 alum\u00ednium extrud\u00e1lt profilok haszn\u00e1lat\u00e1nak? <\/b><\/p>\n<p> V: A 7003 alum\u00ednium extrud\u00e1lt profilok nagy szil\u00e1rds\u00e1g\/t\u00f6meg ar\u00e1nyt, kiv\u00e1l\u00f3 hegeszthet\u0151s\u00e9get \u00e9s fesz\u00fclts\u00e9gkorr\u00f3zi\u00f3val szembeni ellen\u00e1ll\u00e1st k\u00edn\u00e1lnak, ide\u00e1lisak szerkezeti \u00e9s aut\u00f3ipari alkalmaz\u00e1sokhoz.\n<\/p>\n<p><\/p>\n<p><b>3.Q: Hogyan teljes\u00edt a 7005 alum\u00ednium extrud\u00e1lt profil ipari felhaszn\u00e1l\u00e1sban? <\/b><\/p>\n<p> A: A 7005-\u00f6s alum\u00ednium extrud\u00e1lt profil kiv\u00e1l\u00f3 mechanikai szil\u00e1rds\u00e1got \u00e9s kiv\u00e1l\u00f3 elox\u00e1lhat\u00f3s\u00e1got biztos\u00edt, \u00edgy alkalmas ker\u00e9kp\u00e1rkeretek, sporteszk\u00f6z\u00f6k \u00e9s \u0171rtechnikai szerkezetek gy\u00e1rt\u00e1s\u00e1ra.\n<\/p>\n<p><\/p>\n<p><b>4.Q: Mi\u00e9rt v\u00e1lassza a 7020 nagy kem\u00e9nys\u00e9g\u0171 alum\u00ednium profilokat? <\/b><\/p>\n<p> A: A 7020-as nagy kem\u00e9nys\u00e9g\u0171 alum\u00edniumprofilok kiv\u00e9teles sz\u00edv\u00f3ss\u00e1got, megmunk\u00e1lhat\u00f3s\u00e1got \u00e9s f\u00e1rad\u00e1s\u00e1ll\u00f3s\u00e1got biztos\u00edtanak, t\u00f6k\u00e9letesek az ig\u00e9nyes szerkezeti \u00e9s m\u0171szaki felhaszn\u00e1l\u00e1sra.\n<\/p>\n<p><\/p>\n<p><b>5.Q: Mi az el\u0151nye az alum\u00ednium profilok elox\u00e1l\u00e1s\u00e1nak? <\/b><\/p>\n<p> V: Az elox\u00e1l\u00e1s n\u00f6veli az alum\u00edniumprofilok fel\u00fcleti kem\u00e9nys\u00e9g\u00e9t, korr\u00f3zi\u00f3\u00e1ll\u00f3s\u00e1g\u00e1t \u00e9s eszt\u00e9tikai vonzerej\u00e9t, \u00edgy tart\u00f3sabb\u00e1 teszi \u0151ket a k\u00fclt\u00e9ri \u00e9s nagy teljes\u00edtm\u00e9ny\u0171 alkalmaz\u00e1sokhoz.\n<\/p>\n<p><\/p>\n<p><b>6.Q: A 7003 7005 7020 alum\u00ednium extrud\u00e1lt term\u00e9kek alkalmasak hegeszt\u00e9sre? <\/b><\/p>\n<p> V: Igen, a 7003 \u00e9s 7005 alum\u00ednium extrud\u00e1lt term\u00e9kek j\u00f3l hegeszthet\u0151k, \u00e9s a 7020 is lehet\u0151v\u00e9 teszi a hegeszt\u00e9st megfelel\u0151 technik\u00e1kkal, \u00edgy mindh\u00e1rom alkalmas \u00f6sszetett szerelv\u00e9nyekhez.\n<\/p>\n<p><\/p>\n<p><b>7.Q: Milyen ipar\u00e1gak haszn\u00e1lj\u00e1k a nagy kem\u00e9nys\u00e9g\u0171 elox\u00e1lt alum\u00ednium profilokat? <\/b><\/p>\n<p> V: Ezeket a profilokat szil\u00e1rds\u00e1guk \u00e9s ellen\u00e1ll\u00f3 k\u00e9pess\u00e9g\u00fck miatt sz\u00e9les k\u00f6rben haszn\u00e1lj\u00e1k a rep\u00fcl\u0151g\u00e9piparban, a k\u00f6zleked\u00e9sben, a hadseregben, az \u00e9p\u00edt\u0151iparban \u00e9s a cs\u00facskateg\u00f3ri\u00e1s sporteszk\u00f6z\u00f6kben.\n<\/p>\n<p><\/p>\n<p><b>8.K: Hogyan hasonl\u00edtanak a 7000-es sorozat\u00fa alum\u00edniumprofilok a 6000-es sorozat\u00faakhoz? <\/b><\/p>\n<p> V: A 7000-es sorozat\u00fa alum\u00edniumprofilok, mint a 7003, 7005 \u00e9s 7020, a 6000-es sorozat\u00faakhoz k\u00e9pest l\u00e9nyegesen nagyobb szil\u00e1rds\u00e1got \u00e9s kem\u00e9nys\u00e9get k\u00edn\u00e1lnak, ide\u00e1lisak szerkezeti \u00e9s nagy terhel\u00e9s\u0171 alkalmaz\u00e1sokhoz.\n<\/p>\n<p><\/p>\n<p><b>9.K: Az elox\u00e1lt 7000-es sorozat\u00fa alum\u00ednium j\u00f3 k\u00fclt\u00e9ri haszn\u00e1latra? <\/b><\/p>\n<p> V: Igen, az elox\u00e1lt 7000-es sorozat\u00fa alum\u00edniumprofilok kiv\u00e1l\u00f3 korr\u00f3zi\u00f3\u00e1ll\u00f3s\u00e1got \u00e9s id\u0151j\u00e1r\u00e1s\u00e1ll\u00f3s\u00e1got biztos\u00edtanak, \u00edgy t\u00f6k\u00e9letesek k\u00fclt\u00e9ri szerkezeti elemekhez.\n<\/p>\n<p><\/p>\n<p><b>10.K: Ezek a nagy kem\u00e9nys\u00e9g\u0171 profilok testre szabhat\u00f3k? <\/b><\/p>\n<p> V: A 7003, 7005 \u00e9s 7020 alum\u00ednium extrud\u00e1lt profilok alakja, fel\u00fclete \u00e9s m\u00e9retei szabhat\u00f3ak az egyedi ipari \u00e9s \u00e9p\u00edt\u00e9szeti ig\u00e9nyeknek megfelel\u0151en.\n<\/p>\n<p><\/p>","protected":false},"featured_media":5894,"template":"","categories":[55],"class_list":["post-5895","product","type-product","status-publish","has-post-thumbnail","hentry","category-extruded-aluminum-profiles"],"meta_box":{"hilight_text_group":{"product_hilight_text":"<li>High hardness and strength from 7003, 7005, 7020 aluminum alloys<\/li>\r\r\n<li>Excellent corrosion resistance with anodized surface treatment<\/li>\r\r\n<li>Superior fatigue and impact resistance for structural applications<\/li>\r\r\n<li>Customizable extrusion profiles to match specific engineering needs<\/li>\r\r\n<li>Lightweight alternative to steel without compromising durability<\/li>\r\r\n<li>Good weldability and machinability for efficient production processes<\/li>\r\r\n<li>Ideal for aerospace, transportation, and high-performance equipment<\/li>","product_chanpin_chanpin":"<li><a href=\"https:\/\/sinoextrud.com\/product\/aluminum-extrusion-hard-anodizing-aluminum-profiles\/\" target=\"_blank\">Aluminum Extrusion Hard Anodizing Aluminum Profiles<\/a><\/li>\r\n<li><a href=\"https:\/\/sinoextrud.com\/product\/aluminium-extrud-6061-6082-7075-aluminum-alloy-profiles\/\" target=\"_blank\">Aluminum Extrusion 2024 7001 7003 Aluminum Profile<\/a><\/li>\r\n<li><a href=\"https:\/\/sinoextrud.com\/product\/aluminum-extrusion-6101b-conductive-rail-aluminum-profile\/\" target=\"_blank\">Aluminum Extrusion 6101B Conductive Rail Aluminum Profile<\/a><\/li>\r\n<li><a href=\"https:\/\/sinoextrud.com\/product\/aluminum-extrusion-aluminum-rolling-shutters-profile\/\" target=\"_blank\">Aluminum Extrusion Aluminum Rolling Shutters Profile<\/a><\/li>\r\n<li><a href=\"https:\/\/sinoextrud.com\/product\/aluminum-extrusion-7003-7005-7020\/\" target=\"_blank\">Aluminum Extrusion 7003 7005 7020 High Hardness Anodized Aluminum Profile<\/a><\/li>\r\n<li><a href=\"https:\/\/sinoextrud.com\/product\/aluminum-extrusion-flood-control-barrier-aluminum-profile\/\" target=\"_blank\">Aluminum Extrusion Flood Control Barrier Aluminum Profile<\/a><\/li>\r\n<li><a href=\"https:\/\/sinoextrud.com\/product\/extruded-aluminum-flat-bar-6061-7075\/\" target=\"_blank\">Extruded Aluminum Flat Bar 6061 7075<\/a><\/li>\r\n<li><a href=\"https:\/\/sinoextrud.com\/product\/extruded-aluminum-tubing-shapes-supplier\/\" target=\"_blank\">Extruded Aluminum Tubing Shapes Supplier<\/a><\/li>\r\n<li><a href=\"https:\/\/sinoextrud.com\/product\/aluminium-profile-bed-frame\/\" target=\"_blank\">Aluminium Profile Bed Frame<\/a><\/li>\r\n<li><a href=\"https:\/\/sinoextrud.com\/product\/extruded-manufacturer-aluminum-profile-heatsink\/\" target=\"_blank\">Extruded Manufacturer Aluminum Profile Heatsink<\/a><\/li>\r\n<li><a href=\"https:\/\/sinoextrud.com\/product\/extruded-aluminum-connectors-for-door\/\" target=\"_blank\">Extruded Aluminum Connectors For Door<\/a><\/li>"},"feature_list":[]},"_links":{"self":[{"href":"https:\/\/sinoextrud.com\/hu\/wp-json\/wp\/v2\/product\/5895","targetHints":{"allow":["GET"]}}],"collection":[{"href":"https:\/\/sinoextrud.com\/hu\/wp-json\/wp\/v2\/product"}],"about":[{"href":"https:\/\/sinoextrud.com\/hu\/wp-json\/wp\/v2\/types\/product"}],"wp:featuredmedia":[{"embeddable":true,"href":"https:\/\/sinoextrud.com\/hu\/wp-json\/wp\/v2\/media\/5894"}],"wp:attachment":[{"href":"https:\/\/sinoextrud.com\/hu\/wp-json\/wp\/v2\/media?parent=5895"}],"wp:term":[{"taxonomy":"category","embeddable":true,"href":"https:\/\/sinoextrud.com\/hu\/wp-json\/wp\/v2\/categories?post=5895"}],"curies":[{"name":"wp","href":"https:\/\/api.w.org\/{rel}","templated":true}]}}