{"id":5836,"date":"2025-05-21T15:42:58","date_gmt":"2025-05-21T15:42:58","guid":{"rendered":"https:\/\/sinoextrud.com\/?post_type=product&#038;p=5836"},"modified":"2025-06-24T03:52:39","modified_gmt":"2025-06-24T03:52:39","slug":"6101b-vezeto-sin-aluminium-profil-aluminium-sajtolt-profil","status":"publish","type":"product","link":"https:\/\/sinoextrud.com\/hu\/product\/aluminum-extrusion-6101b-conductive-rail-aluminum-profile\/","title":{"rendered":"Alum\u00ednium extrud\u00e1l\u00e1s 6101B Vezet\u0151k\u00e9pes s\u00edn alum\u00ednium profil"},"content":{"rendered":"<h2>Term\u00e9kek r\u00e9szletei<\/h2>\n<table class=\"custom-table\">\n<tr>\n<td class=\"label\">Term\u00e9k neve<\/td>\n<td>Alum\u00ednium extrud\u00e1l\u00e1s 6101B Vezet\u0151k\u00e9pes s\u00edn alum\u00ednium profil<\/td>\n<\/tr>\n<tr>\n<td class=\"label\">Alum\u00ednium \u00f6tv\u00f6zet<\/td>\n<td>6000 sorozat\u00fa, 6101B alum\u00ednium\u00f6tv\u00f6zet<\/td>\n<\/tr>\n<tr>\n<td class=\"label\">Temper<\/td>\n<td>T3-T8<\/td>\n<\/tr>\n<tr>\n<td class=\"label\">Jellemz\u0151<\/td>\n<td>Er\u0151s elektromos vezet\u0151k\u00e9pess\u00e9g \u00e9s korr\u00f3zi\u00f3\u00e1ll\u00f3s\u00e1g<\/td>\n<\/tr>\n<tr>\n<td class=\"label\">Alkalmaz\u00e1s<\/td>\n<td>\u00c1tviteli vezet\u00e9kek, k\u00e1belek, elektromos vezet\u00e9kek, villamos berendez\u00e9sek, energetika stb.<\/td>\n<\/tr>\n<tr>\n<td class=\"label\">Fel\u00fcletkezel\u00e9s<\/td>\n<td>malomra k\u00e9sz, elox\u00e1lt, fa szemcs\u00e9s, er\u0151 bevonat, homokf\u00fav\u00e1s, elektrofor\u00e9zis, csiszolt, pol\u00edroz\u00e1s, stb.<\/td>\n<\/tr>\n<tr>\n<td class=\"label\">CNC m\u00e9lyfeldolgoz\u00e1s<\/td>\n<td>v\u00e1g\u00e1s, f\u00far\u00e1s, megmunk\u00e1l\u00e1s, lyukaszt\u00e1s, hajl\u00edt\u00e1s, csapol\u00e1s stb.<\/td>\n<\/tr>\n<tr>\n<td class=\"label\">Tan\u00fas\u00edtv\u00e1nyok<\/td>\n<td>CE, ISO, SGS, TUV, ROHS<\/td>\n<\/tr>\n<tr>\n<td class=\"label\">Mint\u00e1k<\/td>\n<td>ingyenes minta. 1-3 nap alatt sz\u00e1ll\u00edtjuk \u00d6nnek.<\/td>\n<\/tr>\n<tr>\n<td class=\"label\">MOQ<\/td>\n<td>500KG minden egyes profilhoz<\/td>\n<\/tr>\n<tr>\n<td class=\"label\">Sz\u00e1ll\u00edt\u00e1si id\u0151<\/td>\n<td>A pen\u00e9sz kifejleszt\u00e9se \u00e9s a minta kialak\u00edt\u00e1sa 12-15 nap, majd a gy\u00e1rt\u00e1s id\u0151tartama 15-25 nap a vev\u0151 let\u00e9tbe helyez\u00e9se ut\u00e1n.<\/td>\n<\/tr>\n<tr>\n<td class=\"label\">Fizet\u00e9si felt\u00e9telek<\/td>\n<td>30% bet\u00e9t a gy\u00e1rt\u00e1s el\u0151tt, \u00e9s a sz\u00e1ll\u00edt\u00e1s el\u0151tti egyenleg.<\/td>\n<\/tr>\n<\/table>\n<h2>Gy\u00e1rt\u00f3 b\u00e1zisunk<\/h2>\n<h3>Gy\u00e1ri panor\u00e1ma<\/h3>\n<p><img decoding=\"async\" src=\"\/wp-content\/uploads\/factory-01.webp\"\/><\/p>\n<h3>Alum\u00ednium r\u00fadgy\u00e1rt\u00f3 m\u0171hely<\/h3>\n<p><img decoding=\"async\" src=\"\/wp-content\/uploads\/factory-02.webp\"\/><\/p>\n<\/p>\n<p><img decoding=\"async\" src=\"\/wp-content\/uploads\/factory-03.webp\"\/><\/p>\n<h3>Pen\u00e9sz rakt\u00e1r<\/h3>\n<p><img decoding=\"async\" src=\"\/wp-content\/uploads\/factory-04.webp\"\/><\/p>\n<h3>43 alum\u00ednium extrud\u00e1l\u00f3 vonal (500-5500 tonna)<\/h3>\n<p><img decoding=\"async\" src=\"\/wp-content\/uploads\/factory-05.webp\"\/><\/p>\n<p><img decoding=\"async\" src=\"\/wp-content\/uploads\/factory-06.webp\"\/><\/p>\n<p><img decoding=\"async\" src=\"\/wp-content\/uploads\/factory-07.webp\"\/><\/p>\n<h3>Porfest\u0151 m\u0171hely<\/h3>\n<p><img decoding=\"async\" src=\"\/wp-content\/uploads\/factory-09.webp\"\/><\/p>\n<h3>Anodiz\u00e1l\u00f3 m\u0171hely<\/h3>\n<p><img decoding=\"async\" src=\"\/wp-content\/uploads\/factory-10.webp\"\/><\/p>\n<h3>M\u00e9ly feldolgoz\u00e1si m\u0171hely<\/h3>\n<p><img decoding=\"async\" src=\"\/wp-content\/uploads\/factory-11.webp\"\/><\/p>\n<h3>CNC prec\u00edzi\u00f3s megmunk\u00e1l\u00f3 m\u0171hely<\/h3>\n<p><img decoding=\"async\" src=\"\/wp-content\/uploads\/factory-11.5.webp\"\/><\/p>\n<h3>K\u00e9szterm\u00e9k \u00e9s export rakt\u00e1r<\/h3>\n<p><img decoding=\"async\" src=\"\/wp-content\/uploads\/factory-12.webp\"\/><\/p>\n<p><img decoding=\"async\" src=\"\/wp-content\/uploads\/factory-13.webp\"\/><\/p>\n<p><img decoding=\"async\" src=\"\/wp-content\/uploads\/factory-14.webp\"\/><\/p>\n<h2>GYIK<\/h2>\n<p><b>1.Mi az alum\u00ednium extrud\u00e1l\u00e1s 6101B vezet\u0151 s\u00edn alum\u00ednium profil?<\/b><\/p>\n<p>Az alum\u00ednium extrud\u00e1l\u00e1s 6101B vezet\u0151 s\u00edn alum\u00ednium profil egy nagy vezet\u0151k\u00e9pess\u00e9g\u0171 alum\u00ednium\u00f6tv\u00f6zet profil, amelyet elektromos gy\u0171jt\u0151s\u00ednekhez, f\u00f6ldel\u0151 rendszerekhez \u00e9s vezet\u0151 alkalmaz\u00e1sokhoz terveztek.\n<\/p>\n<p><\/p>\n<p><b>2.Mik a 6101B alum\u00ednium profilok f\u0151 el\u0151nyei?<\/b><\/p>\n<p>A 6101B alum\u00edniumprofilok kiv\u00e1l\u00f3 elektromos vezet\u0151k\u00e9pess\u00e9ggel, nagy szil\u00e1rds\u00e1g\/t\u00f6meg ar\u00e1nnyal \u00e9s kiv\u00e1l\u00f3 korr\u00f3zi\u00f3\u00e1ll\u00f3s\u00e1ggal rendelkeznek, \u00edgy ide\u00e1lisak a vezet\u0151 s\u00ednrendszerekhez.\n<\/p>\n<p><\/p>\n<p><b>3.A 6101B alum\u00ednium alkalmas elektromos alkalmaz\u00e1sokhoz?<\/b><\/p>\n<p>Igen, a 6101B alum\u00edniumot kifejezetten elektromos alkalmaz\u00e1sokhoz tervezt\u00e9k a magas elektromos vezet\u0151k\u00e9pess\u00e9ge \u00e9s h\u0151teljes\u00edtm\u00e9nye miatt.\n<\/p>\n<p><\/p>\n<p><b>4.Hogyan hasonl\u00edt a 6101B m\u00e1s alum\u00ednium\u00f6tv\u00f6zetekhez?<\/b><\/p>\n<p>A 6101B jobb elektromos vezet\u0151k\u00e9pess\u00e9get biztos\u00edt, mint az olyan gyakori szerkezeti alum\u00ednium\u00f6tv\u00f6zetek, mint a 6061, mik\u00f6zben j\u00f3 mechanikai szil\u00e1rds\u00e1got \u00e9s alak\u00edthat\u00f3s\u00e1got biztos\u00edt.\n<\/p>\n<p><\/p>\n<p><b>5.Milyen ipar\u00e1gak haszn\u00e1lj\u00e1k a 6101B vezet\u0151 s\u00ednprofilokat?<\/b><\/p>\n<p>A 6101B vezet\u0151 s\u00ednes alum\u00ednium profilokat sz\u00e9les k\u00f6rben haszn\u00e1lj\u00e1k az energiaeloszt\u00e1sban, az elektromos j\u00e1rm\u0171vekben, a meg\u00fajul\u00f3 energiarendszerekben \u00e9s az elektromos burkolatokban.\n<\/p>\n<p><\/p>\n<p><b>6.Can 6101B alum\u00ednium extrud\u00e1l\u00e1s testreszabhat\u00f3?<\/b><\/p>\n<p>Igen, a 6101B vezet\u0151k\u00e9pes alum\u00ednium extrud\u00e1l\u00e1sok testre szabhat\u00f3k a hossz, a keresztmetszet, a fel\u00fcletkezel\u00e9s \u00e9s a gy\u00e1rt\u00e1s tekintet\u00e9ben, hogy megfeleljenek a konkr\u00e9t projektig\u00e9nyeknek.\n<\/p>\n<p><\/p>\n<p><b>7.Milyen fel\u00fcletkezel\u00e9sek \u00e1llnak rendelkez\u00e9sre a 6101B alum\u00ednium profilokhoz?<\/b><\/p>\n<p>Az \u00e1ltal\u00e1nos fel\u00fcletkezel\u00e9sek k\u00f6z\u00e9 tartozik az elox\u00e1l\u00e1s, a porfest\u00e9s \u00e9s a vezet\u0151 bevonat a tart\u00f3ss\u00e1g, a vezet\u0151k\u00e9pess\u00e9g \u00e9s a korr\u00f3zi\u00f3\u00e1ll\u00f3s\u00e1g fokoz\u00e1sa \u00e9rdek\u00e9ben.\n<\/p>\n<p><\/p>\n<p><b>8.Is 6101B alum\u00ednium extrud\u00e1l\u00e1s korr\u00f3zi\u00f3\u00e1ll\u00f3?<\/b><\/p>\n<p>Igen, a 6101B alum\u00ednium kiv\u00e1l\u00f3 korr\u00f3zi\u00f3\u00e1ll\u00f3s\u00e1ggal rendelkezik, k\u00fcl\u00f6n\u00f6sen k\u00fclt\u00e9ri \u00e9s ipari k\u00f6rnyezetben, ami meghosszabb\u00edtja a vezet\u0151s\u00ednrendszerek \u00e9lettartam\u00e1t.\n<\/p>\n<p><\/p>\n<p><b>9.Mi\u00e9rt v\u00e1lassza az alum\u00edniumot a r\u00e9zzel szemben a vezet\u0151s\u00ednekhez?<\/b><\/p>\n<p>Az alum\u00ednium, k\u00fcl\u00f6n\u00f6sen a 6101B \u00f6tv\u00f6zet, k\u00f6lts\u00e9ghat\u00e9konyabb \u00e9s k\u00f6nnyebb, mint a r\u00e9z, mik\u00f6zben sz\u00e1mos alkalmaz\u00e1sban m\u00e9g mindig magas elektromos vezet\u0151k\u00e9pess\u00e9get biztos\u00edt.\n<\/p>\n<p><\/p>\n<p><b>10.Hol lehet megv\u00e1s\u00e1rolni a 6101B vezet\u0151 s\u00edn alum\u00ednium profilokat?<\/b><\/p>\n<p>A 6101B vezet\u0151 alum\u00edniumprofilok az elektromos min\u0151s\u00e9g\u0171 anyagokra szakosodott alum\u00ednium sajtol\u00f3gy\u00e1rt\u00f3kt\u00f3l \u00e9s forgalmaz\u00f3kt\u00f3l kaphat\u00f3k.\n<\/p>\n<p><\/p>","protected":false},"featured_media":5835,"template":"","categories":[55],"class_list":["post-5836","product","type-product","status-publish","has-post-thumbnail","hentry","category-extruded-aluminum-profiles"],"meta_box":{"hilight_text_group":{"product_hilight_text":"<ul>\r\r\n  <li>High conductivity ideal for busbar and electrical systems<\/li>\r\r\n  <li>Made from 6101B aluminum alloy for optimal strength and conductivity<\/li>\r\r\n  <li>Customizable lengths and cross-sections to meet diverse project needs<\/li>\r\r\n  <li>Various surface treatments available for enhanced corrosion resistance<\/li>\r\r\n  <li>Strong compatibility with a wide range of industrial and power applications<\/li>\r\r\n<\/ul>","product_chanpin_chanpin":"<li><a href=\"https:\/\/sinoextrud.com\/product\/aluminum-extrusion-linear-led-lighting-aluminum-profile\/\" target=\"_blank\">Aluminum Extrusion Linear LED Lighting Aluminum Profile<\/a><\/li>\r\n<li><a href=\"https:\/\/sinoextrud.com\/product\/aluminum-extrusion-electroplated-shower-room-aluminum-profile\/\" target=\"_blank\">Aluminum Extrusion Electroplated Shower Room Aluminum Profile<\/a><\/li>\r\n<li><a href=\"https:\/\/sinoextrud.com\/product\/aluminum-extrusion-hard-anodizing-aluminum-profiles\/\" target=\"_blank\">Aluminum Extrusion Hard Anodizing Aluminum Profiles<\/a><\/li>\r\n<li><a href=\"https:\/\/sinoextrud.com\/product\/aluminium-extrud-6061-6082-7075-aluminum-alloy-profiles\/\" target=\"_blank\">Aluminum Extrusion 2024 7001 7003 Aluminum Profile<\/a><\/li>\r\n<li><a href=\"https:\/\/sinoextrud.com\/product\/aluminum-extrusion-6101b-conductive-rail-aluminum-profile\/\" target=\"_blank\">Aluminum Extrusion 6101B Conductive Rail Aluminum Profile<\/a><\/li>\r\n<li><a href=\"https:\/\/sinoextrud.com\/product\/aluminum-extrusion-aluminum-rolling-shutters-profile\/\" target=\"_blank\">Aluminum Extrusion Aluminum Rolling Shutters Profile<\/a><\/li>\r\n<li><a href=\"https:\/\/sinoextrud.com\/product\/aluminum-extrusion-7003-7005-7020\/\" target=\"_blank\">Aluminum Extrusion 7003 7005 7020 High Hardness Anodized Aluminum Profile<\/a><\/li>\r\n<li><a href=\"https:\/\/sinoextrud.com\/product\/aluminum-extrusion-flood-control-barrier-aluminum-profile\/\" target=\"_blank\">Aluminum Extrusion Flood Control Barrier Aluminum Profile<\/a><\/li>\r\n<li><a href=\"https:\/\/sinoextrud.com\/product\/extruded-aluminum-flat-bar-6061-7075\/\" target=\"_blank\">Extruded Aluminum Flat Bar 6061 7075<\/a><\/li>\r\n<li><a href=\"https:\/\/sinoextrud.com\/product\/6063-aluminum-pipe-fire-hydrant-aluminum-profile\/\" target=\"_blank\">6063 Aluminum Pipe Fire Hydrant Aluminum Profile<\/a><\/li>\r\n<li><a href=\"https:\/\/sinoextrud.com\/product\/cnc-machining-aluminum-profiles\/\" target=\"_blank\">CNC Machining Aluminum Profiles<\/a><\/li>"},"feature_list":[]},"_links":{"self":[{"href":"https:\/\/sinoextrud.com\/hu\/wp-json\/wp\/v2\/product\/5836","targetHints":{"allow":["GET"]}}],"collection":[{"href":"https:\/\/sinoextrud.com\/hu\/wp-json\/wp\/v2\/product"}],"about":[{"href":"https:\/\/sinoextrud.com\/hu\/wp-json\/wp\/v2\/types\/product"}],"wp:featuredmedia":[{"embeddable":true,"href":"https:\/\/sinoextrud.com\/hu\/wp-json\/wp\/v2\/media\/5835"}],"wp:attachment":[{"href":"https:\/\/sinoextrud.com\/hu\/wp-json\/wp\/v2\/media?parent=5836"}],"wp:term":[{"taxonomy":"category","embeddable":true,"href":"https:\/\/sinoextrud.com\/hu\/wp-json\/wp\/v2\/categories?post=5836"}],"curies":[{"name":"wp","href":"https:\/\/api.w.org\/{rel}","templated":true}]}}