{"id":5604,"date":"2025-05-15T13:57:47","date_gmt":"2025-05-15T13:57:47","guid":{"rendered":"https:\/\/sinoextrud.com\/?post_type=product&#038;p=5604"},"modified":"2025-06-24T03:52:31","modified_gmt":"2025-06-24T03:52:31","slug":"aluminium-extrudalas-linearis-led-vilagitas-aluminium-profil","status":"publish","type":"product","link":"https:\/\/sinoextrud.com\/hu\/product\/aluminum-extrusion-linear-led-lighting-aluminum-profile\/","title":{"rendered":"Alum\u00ednium Extrud\u00e1l\u00e1s Line\u00e1ris LED vil\u00e1g\u00edt\u00e1s alum\u00ednium profil"},"content":{"rendered":"<h2>Term\u00e9kek r\u00e9szletei<\/h2>\n<table class=\"custom-table\">\n<tr>\n<td class=\"label\">T\u00e9tel neve:<\/td>\n<td>Alum\u00ednium Extrud\u00e1l\u00e1s Line\u00e1ris LED vil\u00e1g\u00edt\u00e1s alum\u00ednium profil<\/td>\n<\/tr>\n<tr>\n<td class=\"label\">\u00d6tv\u00f6zet vagy sem:<\/td>\n<td>Az \u00f6tv\u00f6zet<\/td>\n<\/tr>\n<tr>\n<td class=\"label\">Term\u00e9kv\u00e1laszt\u00e9k:<\/td>\n<td>Alum\u00ednium extrud\u00e1l\u00e1s ipari line\u00e1ris vil\u00e1g\u00edt\u00e1s alum\u00ednium, v\u00edz\u00e1ll\u00f3 LED line\u00e1ris f\u00e9ny alum\u00ednium, LED neon slot alum\u00ednium profil, stb.<\/td>\n<\/tr>\n<tr>\n<td class=\"label\">Termel\u00e9si technol\u00f3gia:<\/td>\n<td>A: F\u0171r\u00e9szel\u00e9s a hossz\u00fa darab sz\u00ednez\u00e9se ut\u00e1n;B: r\u00f6vid alkatr\u00e9szek f\u0171r\u00e9szel\u00e9se vagy sz\u00ednez\u00e9se megmunk\u00e1l\u00e1s ut\u00e1n.<\/td>\n<\/tr>\n<tr>\n<td class=\"label\">Szabv\u00e1nyos:<\/td>\n<td>K\u00f6zepes \u00e9s magas min\u0151s\u00e9g<\/td>\n<\/tr>\n<tr>\n<td class=\"label\">MOQ:<\/td>\n<td>200KGS minden egyes t\u00e9tel \u00e9s minden sz\u00edn eset\u00e9ben<\/td>\n<\/tr>\n<tr>\n<td class=\"label\">Sz\u00e1ll\u00edt\u00e1si id\u0151:<\/td>\n<td>15-21nap a let\u00e9t be\u00e9rkez\u00e9se ut\u00e1n<\/td>\n<\/tr>\n<tr>\n<td class=\"label\">Csomagol\u00e1si r\u00e9szletek:<\/td>\n<td>Bel\u00fcl: csomagolt v\u00e9d\u0151f\u00f3lia minden egyes darabhoz a v\u00e9delem \u00e9rdek\u00e9ben. K\u00edv\u00fcl: v\u00edz\u00e1ll\u00f3 k\u00e9zm\u0171ves pap\u00edrral csomagolva a fel\u00fcleten.<\/td>\n<\/tr>\n<tr>\n<td class=\"label\">Ell\u00e1t\u00e1si k\u00e9pess\u00e9g:<\/td>\n<td>5000 tonna\/tonna\/h\u00f3nap Ipari alum\u00ednium profil<\/td>\n<\/tr>\n<tr>\n<td class=\"label\">Oszt\u00e1ly:<\/td>\n<td>6063-T5<\/td>\n<\/tr>\n<tr>\n<td class=\"label\">Alak:<\/td>\n<td>U-alak\u00fa vagy testreszabott<\/td>\n<\/tr>\n<tr>\n<td class=\"label\">Alkalmaz\u00e1s:<\/td>\n<td>Bev\u00e1s\u00e1rl\u00f3k\u00f6zpontok, sz\u00e1llod\u00e1k, irodah\u00e1zak, gy\u00e1rak (k\u00f6zvil\u00e1g\u00edt\u00e1si r\u00e9s alum\u00ednium)<\/td>\n<\/tr>\n<tr>\n<td class=\"label\">Telep\u00edt\u00e9s:<\/td>\n<td>Emel\u00e9s\/mennyezet\/be\u00e9p\u00edt\u00e9s\/fali f\u00fcggeszt\u00e9s<\/td>\n<\/tr>\n<tr>\n<td class=\"label\">Garancia:<\/td>\n<td>\u00fcgyf\u00e9ltan\u00fas\u00edtv\u00e1ny, mint p\u00e9ld\u00e1ul BV, Soncap, ISO<\/td>\n<\/tr>\n<tr>\n<td class=\"label\">Exporthossz\u00fas\u00e1g:<\/td>\n<td>5.8m a 20ft , 5.9m \/6.0m a 40'GP eset\u00e9ben<\/td>\n<\/tr>\n<\/table>\n<h2>Gy\u00e1rt\u00f3 b\u00e1zisunk<\/h2>\n<h3>Gy\u00e1ri panor\u00e1ma<\/h3>\n<p><img decoding=\"async\" src=\"\/wp-content\/uploads\/factory-01.webp\"\/><\/p>\n<h3>Alum\u00ednium r\u00fadgy\u00e1rt\u00f3 m\u0171hely<\/h3>\n<p><img decoding=\"async\" src=\"\/wp-content\/uploads\/factory-02.webp\"\/><\/p>\n<\/p>\n<p><img decoding=\"async\" src=\"\/wp-content\/uploads\/factory-03.webp\"\/><\/p>\n<h3>Pen\u00e9sz rakt\u00e1r<\/h3>\n<p><img decoding=\"async\" src=\"\/wp-content\/uploads\/factory-04.webp\"\/><\/p>\n<h3>43 alum\u00ednium extrud\u00e1l\u00f3 vonal (500-5500 tonna)<\/h3>\n<p><img decoding=\"async\" src=\"\/wp-content\/uploads\/factory-05.webp\"\/><\/p>\n<p><img decoding=\"async\" src=\"\/wp-content\/uploads\/factory-06.webp\"\/><\/p>\n<p><img decoding=\"async\" src=\"\/wp-content\/uploads\/factory-07.webp\"\/><\/p>\n<h3>Porfest\u0151 m\u0171hely<\/h3>\n<p><img decoding=\"async\" src=\"\/wp-content\/uploads\/factory-09.webp\"\/><\/p>\n<h3>Anodiz\u00e1l\u00f3 m\u0171hely<\/h3>\n<p><img decoding=\"async\" src=\"\/wp-content\/uploads\/factory-10.webp\"\/><\/p>\n<h3>M\u00e9ly feldolgoz\u00e1si m\u0171hely<\/h3>\n<p><img decoding=\"async\" src=\"\/wp-content\/uploads\/factory-11.webp\"\/><\/p>\n<h3>CNC prec\u00edzi\u00f3s megmunk\u00e1l\u00f3 m\u0171hely<\/h3>\n<p><img decoding=\"async\" src=\"\/wp-content\/uploads\/factory-11.5.webp\"\/><\/p>\n<h3>K\u00e9szterm\u00e9k \u00e9s export rakt\u00e1r<\/h3>\n<p><img decoding=\"async\" src=\"\/wp-content\/uploads\/factory-12.webp\"\/><\/p>\n<p><img decoding=\"async\" src=\"\/wp-content\/uploads\/factory-13.webp\"\/><\/p>\n<p><img decoding=\"async\" src=\"\/wp-content\/uploads\/factory-14.webp\"\/><\/p>\n<h2>GYIK<\/h2>\n<p><b>1.Mi az alum\u00ednium extrud\u00e1l\u00e1s line\u00e1ris LED vil\u00e1g\u00edt\u00e1s alum\u00ednium profil?<\/b><\/p>\n<p>Az alum\u00ednium extrud\u00e1lt line\u00e1ris LED vil\u00e1g\u00edt\u00e1s alum\u00ednium profil egy speci\u00e1lisan tervezett alum\u00ednium h\u00e1z, amelyet a LED szalagf\u00e9nyek line\u00e1ris vil\u00e1g\u00edt\u00e1si alkalmaz\u00e1sokban t\u00f6rt\u00e9n\u0151 felszerel\u00e9s\u00e9re \u00e9s v\u00e9delm\u00e9re haszn\u00e1lnak.\n<\/p>\n<p><\/p>\n<p><b>2.Mik a f\u0151 el\u0151nyei az alum\u00ednium profilok line\u00e1ris LED vil\u00e1g\u00edt\u00e1shoz val\u00f3 haszn\u00e1lat\u00e1nak?<\/b><\/p>\n<p>Az alum\u00edniumprofilok kiv\u00e1l\u00f3 h\u0151elvezet\u00e9st, eleg\u00e1ns kialak\u00edt\u00e1st \u00e9s v\u00e9delmet ny\u00fajtanak a LED-szalagok sz\u00e1m\u00e1ra, meghosszabb\u00edtva az \u00e9lettartamot \u00e9s jav\u00edtva a vil\u00e1g\u00edt\u00e1si teljes\u00edtm\u00e9nyt.\n<\/p>\n<p><\/p>\n<p><b>3.Mi\u00e9rt v\u00e1lassza az alum\u00ednium extrud\u00e1l\u00e1st a LED-es vil\u00e1g\u00edt\u00e1si profilokhoz?<\/b><\/p>\n<p>Az alum\u00ednium extrud\u00e1l\u00e1s prec\u00edz, testre szabhat\u00f3 form\u00e1kat tesz lehet\u0151v\u00e9 nagy tart\u00f3ss\u00e1g mellett, \u00edgy ide\u00e1lis a modern \u00e9s hat\u00e9kony line\u00e1ris LED-es vil\u00e1g\u00edt\u00e1si megold\u00e1sokhoz.\n<\/p>\n<p><\/p>\n<p><b>4.Hogyan jav\u00edtja az alum\u00ednium extrud\u00e1l\u00e1s a LED f\u00e9ny h\u0151kezel\u00e9st?<\/b><\/p>\n<p>Az alum\u00ednium nagy h\u0151vezet\u0151 k\u00e9pess\u00e9ggel rendelkezik, \u00e9s az extrud\u00e1lt profil kialak\u00edt\u00e1sa seg\u00edt elvezetni a h\u0151t a LED-cs\u00edkokb\u00f3l, megakad\u00e1lyozva a t\u00falmeleged\u00e9st \u00e9s biztos\u00edtva a konzisztens teljes\u00edtm\u00e9nyt.\n<\/p>\n<p><\/p>\n<p><b>5.Az alum\u00ednium LED vil\u00e1g\u00edt\u00e1si profilok alkalmasak mind lakoss\u00e1gi, mind kereskedelmi felhaszn\u00e1l\u00e1sra?<\/b><\/p>\n<p>Igen, a line\u00e1ris LED alum\u00ednium profilok sokoldal\u00faak \u00e9s sz\u00e9les k\u00f6rben haszn\u00e1lj\u00e1k otthonokban, irod\u00e1kban, \u00fczlethelyis\u00e9gekben \u00e9s \u00e9p\u00edt\u00e9szeti vil\u00e1g\u00edt\u00e1si projektekben.\n<\/p>\n<p><\/p>\n<p><b>6.A line\u00e1ris LED alum\u00ednium profilok fel\u00fcletre vagy s\u00fcllyesztettre szerelhet\u0151k?<\/b><\/p>\n<p>Igen, a line\u00e1ris LED-es vil\u00e1g\u00edt\u00e1shoz val\u00f3 alum\u00edniumprofilok k\u00fcl\u00f6nb\u00f6z\u0151 t\u00edpusokban kaphat\u00f3k, bele\u00e9rtve a felsz\u00edni, s\u00fcllyesztett \u00e9s f\u00fcgg\u0151 opci\u00f3kat a rugalmas telep\u00edt\u00e9s \u00e9rdek\u00e9ben.\n<\/p>\n<p><\/p>\n<p><b>7.Az alum\u00ednium LED-profilok jav\u00edtj\u00e1k a f\u00e9nysz\u00f3r\u00e1s \u00e9s az eszt\u00e9tika min\u0151s\u00e9g\u00e9t?<\/b><\/p>\n<p>Igen, gyakran tartalmaznak diff\u00fazorokat, amelyek l\u00e1gy\u00edtj\u00e1k \u00e9s egyenletesen elosztj\u00e1k a f\u00e9nyt, mik\u00f6zben tiszta, modern megjelen\u00e9st k\u00f6lcs\u00f6n\u00f6znek a vil\u00e1g\u00edt\u00e1si berendez\u00e9seknek.\n<\/p>\n<p><\/p>\n<p><b>8.Are alum\u00ednium extrud\u00e1lt LED vil\u00e1g\u00edt\u00e1si profilok k\u00f6nnyen telep\u00edthet\u0151?<\/b><\/p>\n<p>Igen, ezeket a profilokat \u00fagy tervezt\u00e9k, hogy a klipszek, konzolok \u00e9s z\u00e1r\u00f3kupakok seg\u00edts\u00e9g\u00e9vel k\u00f6nnyen felszerelhet\u0151ek legyenek, cs\u00f6kkentve ezzel a munka- \u00e9s be\u00e1ll\u00edt\u00e1si id\u0151t.\n<\/p>\n<p><\/p>\n<p><b>9.Milyen anyagokat haszn\u00e1lnak a LED vil\u00e1g\u00edt\u00e1s alum\u00ednium profilokban az alum\u00edniumon k\u00edv\u00fcl?<\/b><\/p>\n<p>Az alum\u00ednium h\u00e1zak mellett a profilok jellemz\u0151en polikarbon\u00e1t vagy PMMA diff\u00fazorokat tartalmaznak az optim\u00e1lis f\u00e9nykibocs\u00e1t\u00e1s \u00e9s v\u00e9delem \u00e9rdek\u00e9ben.\n<\/p>\n<p><\/p>\n<p><b>10.Az alum\u00ednium LED-profil k\u00f6rnyezetbar\u00e1t?<\/b><\/p>\n<p>Igen, az alum\u00ednium teljesen \u00fajrahasznos\u00edthat\u00f3, energiatakar\u00e9kos az el\u0151\u00e1ll\u00edt\u00e1sa, \u00e9s hozz\u00e1j\u00e1rul a fenntarthat\u00f3, alacsony karbantart\u00e1si ig\u00e9ny\u0171 LED-es vil\u00e1g\u00edt\u00e1si rendszerekhez.\n<\/p>\n<p><\/p>","protected":false},"featured_media":5606,"template":"","categories":[55],"class_list":["post-5604","product","type-product","status-publish","has-post-thumbnail","hentry","category-extruded-aluminum-profiles"],"meta_box":{"hilight_text_group":{"product_hilight_text":"aluminum extrusion linear LED lighting aluminum profile is the perfect solution for anyone looking for a high-quality lighting solution that is reliable and easy to install. This profile is designed specifically for use with LED lights and is perfect for various applications, including industrial, commercial, and residential lighting.","product_chanpin_chanpin":"<li><a href=\"https:\/\/sinoextrud.com\/product\/linear-sliding-modules-aluminum-profiles\/\" target=\"_blank\">Linear Sliding Modules Aluminum Profiles<\/a><\/li>\r\n<li><a href=\"https:\/\/sinoextrud.com\/product\/aluminum-extrusion-1060-aluminum-profile\/\" target=\"_blank\">Aluminum Extrusion 1060 Aluminum Profile<\/a><\/li>\r\n<li><a href=\"https:\/\/sinoextrud.com\/product\/aluminum-extrusion-6061-6063-aluminum-profile-for-lamppost\/\" target=\"_blank\">Aluminum Extrusion 6061 6063 Aluminum Profile For Lamppost<\/a><\/li>\r\n<li><a href=\"https:\/\/sinoextrud.com\/product\/6061-6063-6082-street-lamp-column-aluminum-profile\/\" target=\"_blank\">6061 6063 6082 Street Lamp Column Aluminum Profile<\/a><\/li>\r\n<li><a href=\"https:\/\/sinoextrud.com\/product\/aluminum-extrusion-linear-led-lighting-aluminum-profile\/\" target=\"_blank\">Aluminum Extrusion Linear LED Lighting Aluminum Profile<\/a><\/li>\r\n<li><a href=\"https:\/\/sinoextrud.com\/product\/aluminum-extrusion-electroplated-shower-room-aluminum-profile\/\" target=\"_blank\">Aluminum Extrusion Electroplated Shower Room Aluminum Profile<\/a><\/li>\r\n<li><a href=\"https:\/\/sinoextrud.com\/product\/aluminum-extrusion-hard-anodizing-aluminum-profiles\/\" target=\"_blank\">Aluminum Extrusion Hard Anodizing Aluminum Profiles<\/a><\/li>\r\n<li><a href=\"https:\/\/sinoextrud.com\/product\/aluminium-extrud-6061-6082-7075-aluminum-alloy-profiles\/\" target=\"_blank\">Aluminum Extrusion 2024 7001 7003 Aluminum Profile<\/a><\/li>\r\n<li><a href=\"https:\/\/sinoextrud.com\/product\/aluminum-extrusion-6101b-conductive-rail-aluminum-profile\/\" target=\"_blank\">Aluminum Extrusion 6101B Conductive Rail Aluminum Profile<\/a><\/li>\r\n<li><a href=\"https:\/\/sinoextrud.com\/product\/solar-aluminium-profiles\/\" target=\"_blank\">Solar Aluminium Profiles<\/a><\/li>\r\n<li><a href=\"https:\/\/sinoextrud.com\/product\/aluminum-extruded-enclosure-for-power-supply\/\" target=\"_blank\">Aluminum Extruded Enclosure For Power Supply<\/a><\/li>"},"feature_list":[]},"_links":{"self":[{"href":"https:\/\/sinoextrud.com\/hu\/wp-json\/wp\/v2\/product\/5604","targetHints":{"allow":["GET"]}}],"collection":[{"href":"https:\/\/sinoextrud.com\/hu\/wp-json\/wp\/v2\/product"}],"about":[{"href":"https:\/\/sinoextrud.com\/hu\/wp-json\/wp\/v2\/types\/product"}],"wp:featuredmedia":[{"embeddable":true,"href":"https:\/\/sinoextrud.com\/hu\/wp-json\/wp\/v2\/media\/5606"}],"wp:attachment":[{"href":"https:\/\/sinoextrud.com\/hu\/wp-json\/wp\/v2\/media?parent=5604"}],"wp:term":[{"taxonomy":"category","embeddable":true,"href":"https:\/\/sinoextrud.com\/hu\/wp-json\/wp\/v2\/categories?post=5604"}],"curies":[{"name":"wp","href":"https:\/\/api.w.org\/{rel}","templated":true}]}}