{"id":5600,"date":"2025-05-15T13:39:40","date_gmt":"2025-05-15T13:39:40","guid":{"rendered":"https:\/\/sinoextrud.com\/?post_type=product&#038;p=5600"},"modified":"2025-06-24T03:52:27","modified_gmt":"2025-06-24T03:52:27","slug":"aluminium-extrudalas-6061-6063-aluminium-profil-lampaoszlophoz","status":"publish","type":"product","link":"https:\/\/sinoextrud.com\/hu\/product\/aluminum-extrusion-6061-6063-aluminum-profile-for-lamppost\/","title":{"rendered":"Alum\u00ednium extrud\u00e1l\u00e1s 6061 6063 Alum\u00ednium profil l\u00e1mpaoszlophoz"},"content":{"rendered":"<h2>Term\u00e9kek r\u00e9szletei<\/h2>\n<table class=\"custom-table\">\n<tr>\n<td class=\"label\">Term\u00e9k neve<\/td>\n<td>alum\u00ednium extrud\u00e1l\u00e1s 6061 6063 alum\u00ednium profil l\u00e1mpaoszlophoz<\/td>\n<\/tr>\n<tr>\n<td class=\"label\">Term\u00e9kv\u00e1laszt\u00e9k<\/td>\n<td>6061-es alum\u00ednium profil, 6063-as alum\u00ednium profil, 6061-es alum\u00ednium profil, 6063-as alum\u00ednium profil, 6063-as alum\u00ednium profil<\/td>\n<\/tr>\n<tr>\n<td class=\"label\">Megfelel\u0151 rendszerek T\u00edpusok<\/td>\n<td>alum\u00ednium extrud\u00e1lt profilok, extrud\u00e1lt alum\u00ednium cs\u00f6vek, CNC alum\u00ednium cs\u00f6vek<\/td>\n<\/tr>\n<tr>\n<td class=\"label\">Alkalmaz\u00e1s<\/td>\n<td>L\u00e1mpaoszlop<\/td>\n<\/tr>\n<tr>\n<td class=\"label\">Fel\u00fcletkezel\u00e9s<\/td>\n<td>malomra k\u00e9sz, elox\u00e1lt, fa szemcs\u00e9s, er\u0151 bevonat, homokf\u00fav\u00e1s, elektrofor\u00e9zis, csiszolt, pol\u00edroz\u00e1s, stb.<\/td>\n<\/tr>\n<tr>\n<td class=\"label\">CNC m\u00e9lyfeldolgoz\u00e1s<\/td>\n<td>v\u00e1g\u00e1s, f\u00far\u00e1s, megmunk\u00e1l\u00e1s, lyukaszt\u00e1s, hajl\u00edt\u00e1s, csapol\u00e1s stb.<\/td>\n<\/tr>\n<tr>\n<td class=\"label\">Tan\u00fas\u00edtv\u00e1nyok<\/td>\n<td>CE, ISO, SGS, TUV, ROHS<\/td>\n<\/tr>\n<tr>\n<td class=\"label\">Mint\u00e1k<\/td>\n<td>ingyenes minta. 1-3 nap alatt sz\u00e1ll\u00edtjuk \u00d6nnek.<\/td>\n<\/tr>\n<tr>\n<td class=\"label\">MOQ<\/td>\n<td>200KG minden egyes profilhoz<\/td>\n<\/tr>\n<tr>\n<td class=\"label\">Sz\u00e1ll\u00edt\u00e1si id\u0151<\/td>\n<td>A pen\u00e9sz kifejleszt\u00e9se \u00e9s a minta kialak\u00edt\u00e1sa 12-15 nap, majd a gy\u00e1rt\u00e1s id\u0151tartama 15-25 nap a vev\u0151 let\u00e9tbe helyez\u00e9se ut\u00e1n.<\/td>\n<\/tr>\n<tr>\n<td class=\"label\">Fizet\u00e9si felt\u00e9telek<\/td>\n<td>30% bet\u00e9t a gy\u00e1rt\u00e1s el\u0151tt, \u00e9s a sz\u00e1ll\u00edt\u00e1s el\u0151tti egyenleg.<\/td>\n<\/tr>\n<\/table>\n<h2>Gy\u00e1rt\u00f3 b\u00e1zisunk<\/h2>\n<h3>Gy\u00e1ri panor\u00e1ma<\/h3>\n<p><img decoding=\"async\" src=\"\/wp-content\/uploads\/factory-01.webp\"\/><\/p>\n<h3>Alum\u00ednium r\u00fadgy\u00e1rt\u00f3 m\u0171hely<\/h3>\n<p><img decoding=\"async\" src=\"\/wp-content\/uploads\/factory-02.webp\"\/><\/p>\n<\/p>\n<p><img decoding=\"async\" src=\"\/wp-content\/uploads\/factory-03.webp\"\/><\/p>\n<h3>Pen\u00e9sz rakt\u00e1r<\/h3>\n<p><img decoding=\"async\" src=\"\/wp-content\/uploads\/factory-04.webp\"\/><\/p>\n<h3>43 alum\u00ednium extrud\u00e1l\u00f3 vonal (500-5500 tonna)<\/h3>\n<p><img decoding=\"async\" src=\"\/wp-content\/uploads\/factory-05.webp\"\/><\/p>\n<p><img decoding=\"async\" src=\"\/wp-content\/uploads\/factory-06.webp\"\/><\/p>\n<p><img decoding=\"async\" src=\"\/wp-content\/uploads\/factory-07.webp\"\/><\/p>\n<h3>Porfest\u0151 m\u0171hely<\/h3>\n<p><img decoding=\"async\" src=\"\/wp-content\/uploads\/factory-09.webp\"\/><\/p>\n<h3>Anodiz\u00e1l\u00f3 m\u0171hely<\/h3>\n<p><img decoding=\"async\" src=\"\/wp-content\/uploads\/factory-10.webp\"\/><\/p>\n<h3>M\u00e9ly feldolgoz\u00e1si m\u0171hely<\/h3>\n<p><img decoding=\"async\" src=\"\/wp-content\/uploads\/factory-11.webp\"\/><\/p>\n<h3>CNC prec\u00edzi\u00f3s megmunk\u00e1l\u00f3 m\u0171hely<\/h3>\n<p><img decoding=\"async\" src=\"\/wp-content\/uploads\/factory-11.5.webp\"\/><\/p>\n<h3>K\u00e9szterm\u00e9k \u00e9s export rakt\u00e1r<\/h3>\n<p><img decoding=\"async\" src=\"\/wp-content\/uploads\/factory-12.webp\"\/><\/p>\n<p><img decoding=\"async\" src=\"\/wp-content\/uploads\/factory-13.webp\"\/><\/p>\n<p><img decoding=\"async\" src=\"\/wp-content\/uploads\/factory-14.webp\"\/><\/p>\n<h2>GYIK<\/h2>\n<p><b>1.Mi az alum\u00ednium extrud\u00e1l\u00e1s 6061 6063 Alum\u00ednium profil a l\u00e1mpaoszlophoz?<\/b><\/p>\n<p>Az alum\u00ednium extrud\u00e1l\u00e1s 6061 6063 Alum\u00ednium profil l\u00e1mpaoszlophoz 6061 vagy 6063 \u00f6tv\u00f6zetekb\u0151l k\u00e9sz\u00fclt szerkezeti alum\u00ednium alkatr\u00e9szekre utal, amelyeket kifejezetten k\u00f6zvil\u00e1g\u00edt\u00e1si vagy l\u00e1mpaoszlop-\u00e9p\u00edt\u00e9sre terveztek.\n<\/p>\n<p><\/p>\n<p><b>2.Mik az el\u0151nyei a 6061 alum\u00ednium l\u00e1mpaoszlopokhoz val\u00f3 haszn\u00e1lat\u00e1nak?<\/b><\/p>\n<p>A 6061 alum\u00ednium nagy szil\u00e1rds\u00e1got, korr\u00f3zi\u00f3\u00e1ll\u00f3s\u00e1got \u00e9s kiv\u00e1l\u00f3 hegeszthet\u0151s\u00e9get biztos\u00edt, \u00edgy ide\u00e1lis a tart\u00f3s \u00e9s id\u0151j\u00e1r\u00e1s\u00e1ll\u00f3 l\u00e1mpaoszlopokhoz.\n<\/p>\n<p><\/p>\n<p><b>3.Mi\u00e9rt v\u00e1lassza a 6063 alum\u00ednium profilokat a l\u00e1mpaoszlop szerkezetekhez?<\/b><\/p>\n<p>A 6063-as alum\u00ednium kiv\u00e1l\u00f3 fel\u00fcleti fel\u00fclet\u00e9r\u0151l, korr\u00f3zi\u00f3\u00e1ll\u00f3s\u00e1g\u00e1r\u00f3l \u00e9s j\u00f3 extrud\u00e1lhat\u00f3s\u00e1g\u00e1r\u00f3l ismert, amely t\u00f6k\u00e9letes az eszt\u00e9tikailag vonz\u00f3 \u00e9s k\u00f6nny\u0171 l\u00e1mpaoszlopokhoz.\n<\/p>\n<p><\/p>\n<p><b>4.Hogyan k\u00fcl\u00f6nb\u00f6znek a 6061 \u00e9s 6063 alum\u00edniumprofilok a l\u00e1mpaoszlopok haszn\u00e1lat\u00e1ban?<\/b><\/p>\n<p>A 6061-es alum\u00ednium er\u0151sebb, \u00e9s szerkezeti szil\u00e1rds\u00e1gra haszn\u00e1lj\u00e1k, m\u00edg a 6063-as jobb fel\u00fcleti min\u0151s\u00e9get biztos\u00edt, \u00e9s el\u0151nyben r\u00e9szes\u00edtik a dekorat\u00edv vagy k\u00f6nny\u0171szerkezetes kialak\u00edt\u00e1sokn\u00e1l.\n<\/p>\n<p><\/p>\n<p><b>5.Are alum\u00ednium extrud\u00e1l\u00e1s 6061 6063 profilok alkalmas k\u00fclt\u00e9ri haszn\u00e1latra?<\/b><\/p>\n<p>Igen, mind a 6061-es, mind a 6063-as alum\u00edniumprofilok korr\u00f3zi\u00f3\u00e1ll\u00f3ak \u00e9s id\u0151j\u00e1r\u00e1s\u00e1ll\u00f3ak, \u00edgy kiv\u00e1l\u00f3an alkalmasak k\u00fclt\u00e9ri l\u00e1mpaoszlopokhoz.\n<\/p>\n<p><\/p>\n<p><b>6.What teszi az alum\u00ednium extrud\u00e1l\u00e1st ide\u00e1lis l\u00e1mpaoszlop gy\u00e1rt\u00e1shoz?<\/b><\/p>\n<p>Az alum\u00ednium extrud\u00e1l\u00e1s lehet\u0151v\u00e9 teszi az \u00f6sszetett, k\u00f6nny\u0171 \u00e9s testre szabhat\u00f3 kialak\u00edt\u00e1st nagy pontoss\u00e1ggal, cs\u00f6kkentve az anyagpazarl\u00e1st \u00e9s egyszer\u0171s\u00edtve a telep\u00edt\u00e9st.\n<\/p>\n<p><\/p>\n<p><b>7.Can 6061 6063 alum\u00ednium l\u00e1mpaoszlop profilok elox\u00e1lt?<\/b><\/p>\n<p>Igen, mind a 6061-es, mind a 6063-as alum\u00edniumprofilok elox\u00e1lhat\u00f3k a korr\u00f3zi\u00f3\u00e1ll\u00f3s\u00e1g, a tart\u00f3ss\u00e1g \u00e9s a fel\u00fclet megjelen\u00e9s\u00e9nek jav\u00edt\u00e1sa \u00e9rdek\u00e9ben.\n<\/p>\n<p><\/p>\n<p><b>8.Mik az alum\u00ednium l\u00e1mpaoszlop profilok k\u00f6rnyezeti el\u0151nyei?<\/b><\/p>\n<p>Az alum\u00edniumprofilok 100% \u00fajrahasznos\u00edthat\u00f3ak, k\u00f6nny\u0171ek \u00e9s energiatakar\u00e9kosan gy\u00e1rthat\u00f3k, \u00edgy k\u00f6rnyezetbar\u00e1t v\u00e1laszt\u00e1s l\u00e1mpaoszlopok sz\u00e1m\u00e1ra.\n<\/p>\n<p><\/p>\n<p><b>9.Mennyire er\u0151sek a 6061 6063 alum\u00ednium profilok szerkezeti alkalmaz\u00e1sokban?<\/b><\/p>\n<p>A 6061 nagyobb szak\u00edt\u00f3szil\u00e1rds\u00e1got k\u00edn\u00e1l a teherhord\u00f3 szerkezetekhez, m\u00edg a 6063 megfelel\u0151 szil\u00e1rds\u00e1got biztos\u00edt a k\u00f6zepes ig\u00e9nybev\u00e9tel\u0171 l\u00e1mpaoszlopokhoz, jav\u00edtott fel\u00fcleti fel\u00fclettel.\n<\/p>\n<p><\/p>\n<p><b>10.K\u00f6nny\u0171 az alum\u00ednium extrud\u00e1lt profilokb\u00f3l k\u00e9sz\u00fclt l\u00e1mpaoszlopokat felszerelni?<\/b><\/p>\n<p>Igen, a 6061 6063 alum\u00ednium extrud\u00e1lt profilok k\u00f6nny\u0171ek \u00e9s k\u00f6nnyen megmunk\u00e1lhat\u00f3k, lehet\u0151v\u00e9 t\u00e9ve a gyorsabb, biztons\u00e1gosabb \u00e9s k\u00f6lts\u00e9ghat\u00e9konyabb l\u00e1mpaoszlop-szerel\u00e9st.\n<\/p>\n<p><\/p>","protected":false},"featured_media":5599,"template":"","categories":[55],"class_list":["post-5600","product","type-product","status-publish","has-post-thumbnail","hentry","category-extruded-aluminum-profiles"],"meta_box":{"hilight_text_group":{"product_hilight_text":"Aluminum extrusion 6061 and 6063 aluminum profiles are ideal materials for lampposts due to their durability, strength, and resistance to corrosion. Both alloys are widely used in the construction industry for their versatility and affordability, making them a top choice for lighting applications.","product_chanpin_chanpin":"<li><a href=\"https:\/\/sinoextrud.com\/product\/aluminum-extrud-7003-aluminum-pipe\/\" target=\"_blank\">Aluminum Extrusion 7003 Aluminum Pipe<\/a><\/li>\r\n<li><a href=\"https:\/\/sinoextrud.com\/product\/aluminum-extrusion-2024-aluminum-profile\/\" target=\"_blank\">Aluminum Extrusion 2024 Aluminum Profile<\/a><\/li>\r\n<li><a href=\"https:\/\/sinoextrud.com\/product\/linear-sliding-modules-aluminum-profiles\/\" target=\"_blank\">Linear Sliding Modules Aluminum Profiles<\/a><\/li>\r\n<li><a href=\"https:\/\/sinoextrud.com\/product\/aluminum-extrusion-1060-aluminum-profile\/\" target=\"_blank\">Aluminum Extrusion 1060 Aluminum Profile<\/a><\/li>\r\n<li><a href=\"https:\/\/sinoextrud.com\/product\/aluminum-extrusion-6061-6063-aluminum-profile-for-lamppost\/\" target=\"_blank\">Aluminum Extrusion 6061 6063 Aluminum Profile For Lamppost<\/a><\/li>\r\n<li><a href=\"https:\/\/sinoextrud.com\/product\/6061-6063-6082-street-lamp-column-aluminum-profile\/\" target=\"_blank\">6061 6063 6082 Street Lamp Column Aluminum Profile<\/a><\/li>\r\n<li><a href=\"https:\/\/sinoextrud.com\/product\/aluminum-extrusion-linear-led-lighting-aluminum-profile\/\" target=\"_blank\">Aluminum Extrusion Linear LED Lighting Aluminum Profile<\/a><\/li>\r\n<li><a href=\"https:\/\/sinoextrud.com\/product\/aluminum-extrusion-electroplated-shower-room-aluminum-profile\/\" target=\"_blank\">Aluminum Extrusion Electroplated Shower Room Aluminum Profile<\/a><\/li>\r\n<li><a href=\"https:\/\/sinoextrud.com\/product\/aluminum-extrusion-hard-anodizing-aluminum-profiles\/\" target=\"_blank\">Aluminum Extrusion Hard Anodizing Aluminum Profiles<\/a><\/li>\r\n<li><a href=\"https:\/\/sinoextrud.com\/product\/linear-rail-aluminum-extrusion\/\" target=\"_blank\">Linear Rail Aluminum Extrusion<\/a><\/li>\r\n<li><a href=\"https:\/\/sinoextrud.com\/product\/glass-balcony-railing-aluminum-u-channel-design\/\" target=\"_blank\">Glass Balcony Railing Aluminum U Channel Design<\/a><\/li>"},"feature_list":[]},"_links":{"self":[{"href":"https:\/\/sinoextrud.com\/hu\/wp-json\/wp\/v2\/product\/5600","targetHints":{"allow":["GET"]}}],"collection":[{"href":"https:\/\/sinoextrud.com\/hu\/wp-json\/wp\/v2\/product"}],"about":[{"href":"https:\/\/sinoextrud.com\/hu\/wp-json\/wp\/v2\/types\/product"}],"wp:featuredmedia":[{"embeddable":true,"href":"https:\/\/sinoextrud.com\/hu\/wp-json\/wp\/v2\/media\/5599"}],"wp:attachment":[{"href":"https:\/\/sinoextrud.com\/hu\/wp-json\/wp\/v2\/media?parent=5600"}],"wp:term":[{"taxonomy":"category","embeddable":true,"href":"https:\/\/sinoextrud.com\/hu\/wp-json\/wp\/v2\/categories?post=5600"}],"curies":[{"name":"wp","href":"https:\/\/api.w.org\/{rel}","templated":true}]}}