{"id":5598,"date":"2025-05-15T13:24:40","date_gmt":"2025-05-15T13:24:40","guid":{"rendered":"https:\/\/sinoextrud.com\/?post_type=product&#038;p=5598"},"modified":"2025-06-24T03:52:25","modified_gmt":"2025-06-24T03:52:25","slug":"aluminium-extrudalas-1060-aluminium-profil","status":"publish","type":"product","link":"https:\/\/sinoextrud.com\/hu\/product\/aluminum-extrusion-1060-aluminum-profile\/","title":{"rendered":"Alum\u00ednium extrud\u00e1l\u00e1s 1060 Alum\u00ednium profil"},"content":{"rendered":"<h2>Term\u00e9kek r\u00e9szletei<\/h2>\n<table class=\"custom-table\">\n<tr>\n<td class=\"label\">T\u00e9tel<\/td>\n<td>Alum\u00ednium extrud\u00e1l\u00e1s 1060 Alum\u00ednium profil<\/td>\n<\/tr>\n<tr>\n<td class=\"label\">Anyag<\/td>\n<td>1060 Alum\u00ednium profil<\/td>\n<\/tr>\n<tr>\n<td class=\"label\">Temper<\/td>\n<td>T4\uff0cT5\uff0cT6<\/td>\n<\/tr>\n<tr>\n<td class=\"label\">Oxid\u00e1lt M\u00e9ret\/vastags\u00e1g<\/td>\n<td>\u00c1ltal\u00e1nos profilok vastags\u00e1ga 0,8 \u00e9s 5,0 mm k\u00f6z\u00f6tt, hossza 3m-6m vagy testreszabhat\u00f3; Anodiz\u00e1l\u00f3 v\u00e9d\u0151f\u00f3lia vastags\u00e1ga 8 ~ 25 um, porbevonat 40 ~ 120 um.<\/td>\n<\/tr>\n<tr>\n<td class=\"label\">MOQ<\/td>\n<td>200KGS<\/td>\n<\/tr>\n<tr>\n<td class=\"label\">Kem\u00e9nys\u00e9g<\/td>\n<td>Nincs kem\u00e9nys\u00e9g<\/td>\n<\/tr>\n<tr>\n<td class=\"label\">Csomag<\/td>\n<td>fa polc<\/td>\n<\/tr>\n<tr>\n<td class=\"label\">Shape<\/td>\n<td>N\u00e9gyzet, k\u00f6r, n\u00e9gysz\u00f6gletes, testreszabhat\u00f3<\/td>\n<\/tr>\n<tr>\n<td class=\"label\">Alkalmaz\u00e1s<\/td>\n<td>alum\u00ednium korongok, lemezek, konyhai eszk\u00f6z\u00f6k, alum\u00ednium f\u00f3lia, l\u00e1mpaburkolatok, dekor\u00e1ci\u00f3s anyagok \u00e9s egyes elektronikus k\u00e9sz\u00fcl\u00e9kek<\/td>\n<\/tr>\n<tr>\n<td class=\"label\">Fel\u00fcletkezel\u00e9s<\/td>\n<td>porfest\u00e9s\uff0celektrofor\u00e9zis\uff0cfaszemcs\u00e9k\uff0canodiz\u00e1lt\uff0c csiszol\u00e1s\uff0c pol\u00edroz\u00e1s<\/td>\n<\/tr>\n<tr>\n<td class=\"label\">Sz\u00ednek<\/td>\n<td>testreszabott sz\u00edn el\u00e9rhet\u0151<\/td>\n<\/tr>\n<tr>\n<td class=\"label\">M\u00e9ly folyamat<\/td>\n<td>DCNC\uff0cF\u00far\u00e1s, f\u00far\u00e1s, mar\u00e1s, v\u00e1g\u00e1s, hegeszt\u00e9s, hajl\u00edt\u00e1s, \u00f6sszeszerel\u00e9s<\/td>\n<\/tr>\n<\/table>\n<h2>Gy\u00e1rt\u00f3 b\u00e1zisunk<\/h2>\n<h3>Gy\u00e1ri panor\u00e1ma<\/h3>\n<p><img decoding=\"async\" src=\"\/wp-content\/uploads\/factory-01.webp\"\/><\/p>\n<h3>Alum\u00ednium r\u00fadgy\u00e1rt\u00f3 m\u0171hely<\/h3>\n<p><img decoding=\"async\" src=\"\/wp-content\/uploads\/factory-02.webp\"\/><\/p>\n<\/p>\n<p><img decoding=\"async\" src=\"\/wp-content\/uploads\/factory-03.webp\"\/><\/p>\n<h3>Pen\u00e9sz rakt\u00e1r<\/h3>\n<p><img decoding=\"async\" src=\"\/wp-content\/uploads\/factory-04.webp\"\/><\/p>\n<h3>43 alum\u00ednium extrud\u00e1l\u00f3 vonal (500-5500 tonna)<\/h3>\n<p><img decoding=\"async\" src=\"\/wp-content\/uploads\/factory-05.webp\"\/><\/p>\n<p><img decoding=\"async\" src=\"\/wp-content\/uploads\/factory-06.webp\"\/><\/p>\n<p><img decoding=\"async\" src=\"\/wp-content\/uploads\/factory-07.webp\"\/><\/p>\n<h3>Porfest\u0151 m\u0171hely<\/h3>\n<p><img decoding=\"async\" src=\"\/wp-content\/uploads\/factory-09.webp\"\/><\/p>\n<h3>Anodiz\u00e1l\u00f3 m\u0171hely<\/h3>\n<p><img decoding=\"async\" src=\"\/wp-content\/uploads\/factory-10.webp\"\/><\/p>\n<h3>M\u00e9ly feldolgoz\u00e1si m\u0171hely<\/h3>\n<p><img decoding=\"async\" src=\"\/wp-content\/uploads\/factory-11.webp\"\/><\/p>\n<h3>CNC prec\u00edzi\u00f3s megmunk\u00e1l\u00f3 m\u0171hely<\/h3>\n<p><img decoding=\"async\" src=\"\/wp-content\/uploads\/factory-11.5.webp\"\/><\/p>\n<h3>K\u00e9szterm\u00e9k \u00e9s export rakt\u00e1r<\/h3>\n<p><img decoding=\"async\" src=\"\/wp-content\/uploads\/factory-12.webp\"\/><\/p>\n<p><img decoding=\"async\" src=\"\/wp-content\/uploads\/factory-13.webp\"\/><\/p>\n<p><img decoding=\"async\" src=\"\/wp-content\/uploads\/factory-14.webp\"\/><\/p>\n<h2>GYIK<\/h2>\n<p><b>1.Mi az alum\u00ednium extrud\u00e1l\u00e1s 1060 alum\u00ednium profil?<\/b><\/p>\n<p>Alum\u00ednium extrud\u00e1l\u00e1s 1060 Alum\u00ednium profil egy nagy tisztas\u00e1g\u00fa alum\u00ednium \u00f6tv\u00f6zetb\u0151l k\u00e9sz\u00fclt term\u00e9k, amely extrud\u00e1l\u00e1ssal k\u00e9sz\u00fcl, \u00e9s kiv\u00e1l\u00f3 vezet\u0151k\u00e9pess\u00e9g\u00e9r\u0151l, korr\u00f3zi\u00f3\u00e1ll\u00f3s\u00e1g\u00e1r\u00f3l \u00e9s alak\u00edthat\u00f3s\u00e1g\u00e1r\u00f3l ismert.\n<\/p>\n<p><\/p>\n<p><b>2.Mik a 1060 alum\u00ednium profil f\u0151 jellemz\u0151i?<\/b><\/p>\n<p>Az 1060 alum\u00ednium profil t\u00f6bb mint 99,6% alum\u00edniumtartalommal rendelkezik, magas elektromos vezet\u0151k\u00e9pess\u00e9get, nagyszer\u0171 h\u0151teljes\u00edtm\u00e9nyt \u00e9s kiv\u00e1l\u00f3 korr\u00f3zi\u00f3\u00e1ll\u00f3s\u00e1got k\u00edn\u00e1l.\n<\/p>\n<p><\/p>\n<p><b>3.Mi\u00e9rt v\u00e1lassza az 1060 alum\u00edniumot az extrud\u00e1lt profilokhoz?<\/b><\/p>\n<p>Az 1060 alum\u00ednium kiv\u00e1l\u00f3 alak\u00edthat\u00f3s\u00e1ga, sima fel\u00fcleti fel\u00fclete \u00e9s k\u00f6lts\u00e9ghat\u00e9konys\u00e1ga miatt ide\u00e1lis extrud\u00e1l\u00e1sra a nagy h\u0151- vagy elektromos teljes\u00edtm\u00e9nyt ig\u00e9nyl\u0151 alkalmaz\u00e1sokhoz.\n<\/p>\n<p><\/p>\n<p><b>4.Mik az el\u0151nyei az alum\u00ednium extrud\u00e1l\u00e1s 1060 profilok haszn\u00e1lat\u00e1nak?<\/b><\/p>\n<p>El\u0151nyei k\u00f6z\u00e9 tartozik a k\u00f6nny\u0171 szerkezet, a magas korr\u00f3zi\u00f3\u00e1ll\u00f3s\u00e1g, a k\u00f6nny\u0171 gy\u00e1rt\u00e1s, valamint az elektromos \u00e9s vegyi berendez\u00e9sekben val\u00f3 alkalmazhat\u00f3s\u00e1g.\n<\/p>\n<p><\/p>\n<p><b>5.In milyen ipar\u00e1gakban 1060 alum\u00ednium profilok \u00e1ltal\u00e1nosan haszn\u00e1lt?<\/b><\/p>\n<p>A 1060 alum\u00ednium profilokat vezet\u0151k\u00e9pess\u00e9g\u00fcknek \u00e9s korr\u00f3zi\u00f3\u00e1ll\u00f3s\u00e1guknak k\u00f6sz\u00f6nhet\u0151en sz\u00e9les k\u00f6rben haszn\u00e1lj\u00e1k az energiarendszerekben, elektromos burkolatokban, jelz\u00e9sekben \u00e9s vegyipari berendez\u00e9sekben.\n<\/p>\n<p><\/p>\n<p><b>6.Is 1060 alum\u00ednium profil alkalmas anodiz\u00e1l\u00e1s?<\/b><\/p>\n<p>Igen, az 1060 alum\u00ednium profilok k\u00f6nnyen elox\u00e1lhat\u00f3k a fel\u00fcleti kem\u00e9nys\u00e9g n\u00f6vel\u00e9se, a korr\u00f3zi\u00f3\u00e1ll\u00f3s\u00e1g jav\u00edt\u00e1sa \u00e9s a dekorat\u00edv kivitel el\u00e9r\u00e9se \u00e9rdek\u00e9ben.\n<\/p>\n<p><\/p>\n<p><b>7.How hasonl\u00edt az 1060 alum\u00ednium m\u00e1s alum\u00edniumfajt\u00e1khoz?<\/b><\/p>\n<p>M\u00e1s min\u0151s\u00e9gekhez k\u00e9pest az 1060-as alum\u00ednium nagyobb tisztas\u00e1got, jobb vezet\u0151k\u00e9pess\u00e9get \u00e9s k\u00f6nnyebb alak\u00edthat\u00f3s\u00e1got, de alacsonyabb szil\u00e1rds\u00e1got k\u00edn\u00e1l, \u00edgy bizonyos nem szerkezeti alkalmaz\u00e1sokhoz alkalmas.\n<\/p>\n<p><\/p>\n<p><b>8.Can 1060 alum\u00ednium extrud\u00e1l\u00e1s hegeszthet\u0151?<\/b><\/p>\n<p>Igen, az 1060-as alum\u00ednium kiv\u00e1l\u00f3 hegeszthet\u0151s\u00e9get biztos\u00edt, \u00edgy el\u0151ny\u00f6s anyag az olyan alkalmaz\u00e1sokban, amelyekhez csatlakoztat\u00e1sra \u00e9s \u00f6sszeszerel\u00e9sre van sz\u00fcks\u00e9g.\n<\/p>\n<p><\/p>\n<p><b>9.Milyen fel\u00fcletkezel\u00e9sek \u00e1llnak rendelkez\u00e9sre a 1060 alum\u00ednium profilokhoz?<\/b><\/p>\n<p>A rendelkez\u00e9sre \u00e1ll\u00f3 fel\u00fcletkezel\u00e9sek k\u00f6z\u00e9 tartozik az elox\u00e1l\u00e1s, a porfest\u00e9s \u00e9s a pol\u00edroz\u00e1s a tart\u00f3ss\u00e1g \u00e9s az eszt\u00e9tikai megjelen\u00e9s fokoz\u00e1sa \u00e9rdek\u00e9ben.\n<\/p>\n<p><\/p>\n<p><b>10.Is 1060 alum\u00ednium profil k\u00f6rnyezetbar\u00e1t?<\/b><\/p>\n<p>Igen, az 1060-as alum\u00ednium teljesen \u00fajrahasznos\u00edthat\u00f3, k\u00f6nny\u0171 \u00e9s energiatakar\u00e9kos, \u00edgy k\u00f6rnyezetbar\u00e1t v\u00e1laszt\u00e1s a fenntarthat\u00f3 gy\u00e1rt\u00e1shoz.\n<\/p>\n<p><\/p>","protected":false},"featured_media":5597,"template":"","categories":[55],"class_list":["post-5598","product","type-product","status-publish","has-post-thumbnail","hentry","category-extruded-aluminum-profiles"],"meta_box":{"hilight_text_group":{"product_hilight_text":"<ul>\r\r\n<li>1. 1060 aluminum alloy has the characteristics of conducting electricity and heat conduction.<\/li>\r\r\n<li>2. Used for electric heating pipes, oil tanks, gasoline or lubricating oil pipes, conductive materials, heat exchangers, chemical devices, household products, decorative materials, case materials.<\/li>\r\r\n<li>3. It has excellent weldability, and good welding effect can be obtained by brazing, gas welding, electric arc welding and other methods.<\/li>\r\r\n<li>4.Can produce bar, wire, pipe and profile.<\/li>\r\r\n<\/ul>","product_chanpin_chanpin":"<li><a href=\"https:\/\/sinoextrud.com\/product\/aluminium-extrusion-tube\/\" target=\"_blank\">Aluminium Extrusion Tube<\/a><\/li>\r\n<li><a href=\"https:\/\/sinoextrud.com\/product\/aluminum-extrud-7003-aluminum-pipe\/\" target=\"_blank\">Aluminum Extrusion 7003 Aluminum Pipe<\/a><\/li>\r\n<li><a href=\"https:\/\/sinoextrud.com\/product\/aluminum-extrusion-2024-aluminum-profile\/\" target=\"_blank\">Aluminum Extrusion 2024 Aluminum Profile<\/a><\/li>\r\n<li><a href=\"https:\/\/sinoextrud.com\/product\/linear-sliding-modules-aluminum-profiles\/\" target=\"_blank\">Linear Sliding Modules Aluminum Profiles<\/a><\/li>\r\n<li><a href=\"https:\/\/sinoextrud.com\/product\/aluminum-extrusion-1060-aluminum-profile\/\" target=\"_blank\">Aluminum Extrusion 1060 Aluminum Profile<\/a><\/li>\r\n<li><a href=\"https:\/\/sinoextrud.com\/product\/aluminum-extrusion-6061-6063-aluminum-profile-for-lamppost\/\" target=\"_blank\">Aluminum Extrusion 6061 6063 Aluminum Profile For Lamppost<\/a><\/li>\r\n<li><a href=\"https:\/\/sinoextrud.com\/product\/6061-6063-6082-street-lamp-column-aluminum-profile\/\" target=\"_blank\">6061 6063 6082 Street Lamp Column Aluminum Profile<\/a><\/li>\r\n<li><a href=\"https:\/\/sinoextrud.com\/product\/aluminum-extrusion-linear-led-lighting-aluminum-profile\/\" target=\"_blank\">Aluminum Extrusion Linear LED Lighting Aluminum Profile<\/a><\/li>\r\n<li><a href=\"https:\/\/sinoextrud.com\/product\/aluminum-extrusion-electroplated-shower-room-aluminum-profile\/\" target=\"_blank\">Aluminum Extrusion Electroplated Shower Room Aluminum Profile<\/a><\/li>\r\n<li><a href=\"https:\/\/sinoextrud.com\/product\/t-slot-aluminum-profile\/\" target=\"_blank\">T-slot Aluminum Profile<\/a><\/li>\r\n<li><a href=\"https:\/\/sinoextrud.com\/product\/aluminum-cnc-profile\/\" target=\"_blank\">Aluminum CNC Profile<\/a><\/li>"},"feature_list":[]},"_links":{"self":[{"href":"https:\/\/sinoextrud.com\/hu\/wp-json\/wp\/v2\/product\/5598","targetHints":{"allow":["GET"]}}],"collection":[{"href":"https:\/\/sinoextrud.com\/hu\/wp-json\/wp\/v2\/product"}],"about":[{"href":"https:\/\/sinoextrud.com\/hu\/wp-json\/wp\/v2\/types\/product"}],"wp:featuredmedia":[{"embeddable":true,"href":"https:\/\/sinoextrud.com\/hu\/wp-json\/wp\/v2\/media\/5597"}],"wp:attachment":[{"href":"https:\/\/sinoextrud.com\/hu\/wp-json\/wp\/v2\/media?parent=5598"}],"wp:term":[{"taxonomy":"category","embeddable":true,"href":"https:\/\/sinoextrud.com\/hu\/wp-json\/wp\/v2\/categories?post=5598"}],"curies":[{"name":"wp","href":"https:\/\/api.w.org\/{rel}","templated":true}]}}