{"id":5529,"date":"2025-05-14T12:46:03","date_gmt":"2025-05-14T12:46:03","guid":{"rendered":"https:\/\/sinoextrud.com\/?post_type=product&#038;p=5529"},"modified":"2025-06-24T03:52:14","modified_gmt":"2025-06-24T03:52:14","slug":"extrudalt-aluminium-eloxalt-aluminium-cso","status":"publish","type":"product","link":"https:\/\/sinoextrud.com\/hu\/product\/aluminium-extrud-anodised-aluminium-tube\/","title":{"rendered":"Alum\u00ednium extrud\u00e1l\u00e1s elox\u00e1lt alum\u00ednium cs\u0151"},"content":{"rendered":"<h2>Term\u00e9kek r\u00e9szletei<\/h2>\n<table class=\"custom-table\">\n<tr>\n<td class=\"label\">Term\u00e9k neve<\/td>\n<td>alum\u00ednium extrud\u00e1lt elox\u00e1lt alum\u00ednium cs\u0151<\/td>\n<\/tr>\n<tr>\n<td class=\"label\">Term\u00e9kv\u00e1laszt\u00e9k<\/td>\n<td>alum\u00ednium extrud\u00e1lt n\u00e9gyzet alak\u00fa cs\u0151 \/ t\u00e9glalap alak\u00fa cs\u0151 \/ kerek cs\u0151 \/ ov\u00e1lis cs\u0151 \/ h\u00e1romsz\u00f6g cs\u0151 \/ trap\u00e9z alak\u00fa cs\u0151 \/ f\u00e9lk\u00f6r alak\u00fa cs\u0151 \/ speci\u00e1lis egyedi cs\u0151, stb.<\/td>\n<\/tr>\n<tr>\n<td class=\"label\">Megfelel\u0151 rendszerek T\u00edpusok<\/td>\n<td>Alum\u00ednium kerek cs\u00f6vek, alum\u00ednium n\u00e9gyzet alak\u00fa cs\u00f6vek, hajl\u00edt\u00f3 alum\u00ednium cs\u00f6vek, ov\u00e1lis alum\u00ednium cs\u00f6vek, nagykereskedelmi alum\u00ednium extrud\u00e1l\u00e1s pol\u00edrozott n\u00e9gyzet alak\u00fa cs\u0151, nagykereskedelmi extrud\u00e1lt alum\u00ednium cs\u0151form\u00e1k, stb.<\/td>\n<\/tr>\n<tr>\n<td class=\"label\">Alum\u00ednium \u00f6tv\u00f6zet<\/td>\n<td>3003 sorozat, 5052 sorozat, 5083 sorozat, 6005 sorozat, 6060 sorozat, 6061 sorozat, 6063 sorozat, 6082 sorozat, stb.<\/td>\n<\/tr>\n<tr>\n<td class=\"label\">Temper<\/td>\n<td>T5-T8<\/td>\n<\/tr>\n<tr>\n<td class=\"label\">Shape<\/td>\n<td>N\u00e9gyzet, kerek, ov\u00e1lis, hajl\u00edtott, f\u00e9lk\u00f6r\u00edves, vagy testreszab\u00e1s<\/td>\n<\/tr>\n<tr>\n<td class=\"label\">Sz\u00ednes<\/td>\n<td>testreszab\u00e1s<\/td>\n<\/tr>\n<tr>\n<td class=\"label\">Fel\u00fcletkezel\u00e9s<\/td>\n<td>malomra k\u00e9sz, elox\u00e1lt, fa szemcs\u00e9s, er\u0151 bevonat, homokf\u00fav\u00e1s, elektrofor\u00e9zis, csiszolt, pol\u00edroz\u00e1s, stb.<\/td>\n<\/tr>\n<tr>\n<td class=\"label\">CNC m\u00e9lyfeldolgoz\u00e1s<\/td>\n<td>v\u00e1g\u00e1s, f\u00far\u00e1s, megmunk\u00e1l\u00e1s, lyukaszt\u00e1s, hajl\u00edt\u00e1s, csapol\u00e1s stb.<\/td>\n<\/tr>\n<tr>\n<td class=\"label\">Tan\u00fas\u00edtv\u00e1nyok<\/td>\n<td>CE, ISO, SGS, TUV, ROHS<\/td>\n<\/tr>\n<tr>\n<td class=\"label\">Mint\u00e1k<\/td>\n<td>ingyenes minta. 1-3 nap alatt sz\u00e1ll\u00edtjuk \u00d6nnek.<\/td>\n<\/tr>\n<tr>\n<td class=\"label\">MOQ<\/td>\n<td>200KG minden egyes profilhoz<\/td>\n<\/tr>\n<tr>\n<td class=\"label\">Sz\u00e1ll\u00edt\u00e1si id\u0151<\/td>\n<td>A pen\u00e9sz kifejleszt\u00e9se \u00e9s a minta kialak\u00edt\u00e1sa 12-15 nap, majd a gy\u00e1rt\u00e1s id\u0151tartama 15-25 nap a vev\u0151 let\u00e9tbe helyez\u00e9se ut\u00e1n.<\/td>\n<\/tr>\n<tr>\n<td class=\"label\">Fizet\u00e9si felt\u00e9telek<\/td>\n<td>30% bet\u00e9t a gy\u00e1rt\u00e1s el\u0151tt, \u00e9s a sz\u00e1ll\u00edt\u00e1s el\u0151tti egyenleg.<\/td>\n<\/tr>\n<\/table>\n<h2>Gy\u00e1rt\u00f3 b\u00e1zisunk<\/h2>\n<h3>Gy\u00e1ri panor\u00e1ma<\/h3>\n<p><img decoding=\"async\" src=\"\/wp-content\/uploads\/factory-01.webp\"\/><\/p>\n<h3>Alum\u00ednium r\u00fadgy\u00e1rt\u00f3 m\u0171hely<\/h3>\n<p><img decoding=\"async\" src=\"\/wp-content\/uploads\/factory-02.webp\"\/><\/p>\n<\/p>\n<p><img decoding=\"async\" src=\"\/wp-content\/uploads\/factory-03.webp\"\/><\/p>\n<h3>Pen\u00e9sz rakt\u00e1r<\/h3>\n<p><img decoding=\"async\" src=\"\/wp-content\/uploads\/factory-04.webp\"\/><\/p>\n<h3>43 alum\u00ednium extrud\u00e1l\u00f3 vonal (500-5500 tonna)<\/h3>\n<p><img decoding=\"async\" src=\"\/wp-content\/uploads\/factory-05.webp\"\/><\/p>\n<p><img decoding=\"async\" src=\"\/wp-content\/uploads\/factory-06.webp\"\/><\/p>\n<p><img decoding=\"async\" src=\"\/wp-content\/uploads\/factory-07.webp\"\/><\/p>\n<h3>Porfest\u0151 m\u0171hely<\/h3>\n<p><img decoding=\"async\" src=\"\/wp-content\/uploads\/factory-09.webp\"\/><\/p>\n<h3>Anodiz\u00e1l\u00f3 m\u0171hely<\/h3>\n<p><img decoding=\"async\" src=\"\/wp-content\/uploads\/factory-10.webp\"\/><\/p>\n<h3>M\u00e9ly feldolgoz\u00e1si m\u0171hely<\/h3>\n<p><img decoding=\"async\" src=\"\/wp-content\/uploads\/factory-11.webp\"\/><\/p>\n<h3>CNC prec\u00edzi\u00f3s megmunk\u00e1l\u00f3 m\u0171hely<\/h3>\n<p><img decoding=\"async\" src=\"\/wp-content\/uploads\/factory-11.5.webp\"\/><\/p>\n<h3>K\u00e9szterm\u00e9k \u00e9s export rakt\u00e1r<\/h3>\n<p><img decoding=\"async\" src=\"\/wp-content\/uploads\/factory-12.webp\"\/><\/p>\n<p><img decoding=\"async\" src=\"\/wp-content\/uploads\/factory-13.webp\"\/><\/p>\n<p><img decoding=\"async\" src=\"\/wp-content\/uploads\/factory-14.webp\"\/><\/p>\n<h2>GYIK<\/h2>\n<p><b>1.Mi az alum\u00ednium extrud\u00e1lt elox\u00e1lt alum\u00edniumcs\u0151? <\/b><\/p>\n<p> Az alum\u00ednium extrud\u00e1lt elox\u00e1lt alum\u00edniumcs\u0151 egy \u00fcreges hengeres profil, amelyet alum\u00ednium extrud\u00e1l\u00e1s\u00e1val \u00e9s elox\u00e1lt fel\u00fcletkezel\u00e9s\u00e9vel k\u00e9sz\u00edtenek a jobb tart\u00f3ss\u00e1g, korr\u00f3zi\u00f3\u00e1ll\u00f3s\u00e1g \u00e9s eszt\u00e9tikai megjelen\u00e9s \u00e9rdek\u00e9ben.\n<\/p>\n<p><\/p>\n<p><b>3.Milyen el\u0151ny\u00f6kkel j\u00e1r az alum\u00ednium extrud\u00e1lt cs\u00f6vek elox\u00e1l\u00e1sa? <\/b><\/p>\n<p> Az alum\u00ednium extrud\u00e1lt cs\u00f6vek elox\u00e1l\u00e1sa n\u00f6veli a korr\u00f3zi\u00f3\u00e1ll\u00f3s\u00e1got, jav\u00edtja a fel\u00fcleti kem\u00e9nys\u00e9get, fokozza a kop\u00e1s\u00e1ll\u00f3s\u00e1got, \u00e9s lehet\u0151v\u00e9 teszi a k\u00fcl\u00f6nb\u00f6z\u0151 sz\u00edn\u0171 bevonatok kialak\u00edt\u00e1s\u00e1t, mik\u00f6zben meg\u0151rzi a k\u00f6nny\u0171szerkezetes tulajdons\u00e1gokat.\n<\/p>\n<p><\/p>\n<p><b>5.Alkalmas-e az elox\u00e1lt alum\u00edniumcs\u0151 k\u00fclt\u00e9ri haszn\u00e1latra? <\/b><\/p>\n<p> Igen, az elox\u00e1lt alum\u00edniumcs\u00f6vek rendk\u00edv\u00fcl ellen\u00e1ll\u00f3ak az id\u0151j\u00e1r\u00e1ssal \u00e9s az UV-sugarakkal szemben, \u00edgy ide\u00e1lisak k\u00fclt\u00e9ri alkalmaz\u00e1sokhoz, p\u00e9ld\u00e1ul korl\u00e1tokhoz, keretekhez \u00e9s \u00e9p\u00edt\u00e9szeti szerkezetekhez.\n<\/p>\n<p><\/p>\n<p><b>7.Mennyire er\u0151sek az elox\u00e1lt alum\u00ednium extrud\u00e1lt cs\u00f6vek? <\/b><\/p>\n<p> Az elox\u00e1lt alum\u00ednium extrud\u00e1lt cs\u00f6vek kiv\u00e1l\u00f3 szil\u00e1rds\u00e1g\/t\u00f6meg ar\u00e1nyt k\u00edn\u00e1lnak, \u00e9s szerkezeti integrit\u00e1st biztos\u00edtanak, mik\u00f6zben k\u00f6nny\u0171ek \u00e9s k\u00f6nnyen kezelhet\u0151k.\n<\/p>\n<p><\/p>\n<p><b>9.Lehet-e testre szabni az elox\u00e1lt alum\u00edniumcs\u00f6veket? <\/b><\/p>\n<p> Igen, az elox\u00e1lt alum\u00edniumcs\u00f6vek testre szabhat\u00f3k az \u00e1tm\u00e9r\u0151, a falvastags\u00e1g, a hossz \u00e9s az elox\u00e1l\u00e1s sz\u00edne tekintet\u00e9ben, hogy megfeleljenek a projekt egyedi k\u00f6vetelm\u00e9nyeinek.\n<\/p>\n<p><\/p>\n<p><b>11.K\u00f6rnyezetbar\u00e1tok-e az elox\u00e1lt alum\u00edniumcs\u00f6vek? <\/b><\/p>\n<p> Igen, az alum\u00ednium 100% \u00fajrahasznos\u00edthat\u00f3, \u00e9s az elox\u00e1l\u00e1si folyamat nem m\u00e9rgez\u0151, \u00edgy az elox\u00e1lt alum\u00edniumcs\u00f6vek fenntarthat\u00f3 anyagv\u00e1laszt\u00e1s.\n<\/p>\n<p><\/p>\n<p><b>13.Milyen ipar\u00e1gak haszn\u00e1lj\u00e1k az alum\u00ednium extrud\u00e1lt elox\u00e1lt cs\u00f6veket? <\/b><\/p>\n<p> Az olyan ipar\u00e1gak, mint az \u00e9p\u00edt\u0151ipar, az aut\u00f3ipar, a rep\u00fcl\u0151g\u00e9pipar, a b\u00fatorgy\u00e1rt\u00e1s \u00e9s az elektronika gyakran haszn\u00e1lnak elox\u00e1lt alum\u00ednium extrud\u00e1lt cs\u00f6veket szil\u00e1rds\u00e1guk, megjelen\u00e9s\u00fck \u00e9s korr\u00f3zi\u00f3\u00e1ll\u00f3s\u00e1guk miatt.\n<\/p>\n<p><\/p>\n<p><b>15.Mi\u00e9rt v\u00e1lassza az alum\u00ednium extrud\u00e1l\u00e1st m\u00e1s f\u00e9mekkel szemben? <\/b><\/p>\n<p> Az alum\u00ednium extrud\u00e1l\u00e1st k\u00f6nny\u0171 s\u00falya, magas korr\u00f3zi\u00f3\u00e1ll\u00f3s\u00e1ga, k\u00f6nny\u0171 megmunk\u00e1lhat\u00f3s\u00e1ga \u00e9s k\u00f6lts\u00e9ghat\u00e9konys\u00e1ga miatt el\u0151nyben r\u00e9szes\u00edtik az ac\u00e9lhoz vagy m\u00e1s f\u00e9mekhez k\u00e9pest.\n<\/p>\n<p><\/p>\n<p><b>17.Milyen kivitelben kaphat\u00f3k az elox\u00e1lt alum\u00edniumcs\u00f6vek? <\/b><\/p>\n<p> Az elox\u00e1lt alum\u00edniumcs\u00f6vek sz\u00e1mos kivitelben kaphat\u00f3k, bele\u00e9rtve az \u00e1tl\u00e1tsz\u00f3, fekete, bronz, arany \u00e9s egyedi sz\u00edneket dekorat\u00edv vagy funkcion\u00e1lis c\u00e9lokra.\n<\/p>\n<p><\/p>\n<p><b>19.Mennyi ideig tart az elox\u00e1lt alum\u00ednium? <\/b><\/p>\n<p> Az elox\u00e1lt alum\u00edniumcs\u00f6vek hossz\u00fa \u00e9lettartammal rendelkeznek, jellemz\u0151en \u00e9vtizedekig tartanak jelent\u0151s roml\u00e1s n\u00e9lk\u00fcl, k\u00fcl\u00f6n\u00f6sen olyan k\u00f6rnyezetben, ahol a korr\u00f3zi\u00f3\u00e1ll\u00f3s\u00e1g kritikus.\n<\/p>\n<p><\/p>","protected":false},"featured_media":5530,"template":"","categories":[55],"class_list":["post-5529","product","type-product","status-publish","has-post-thumbnail","hentry","category-extruded-aluminum-profiles"],"meta_box":{"hilight_text_group":{"product_hilight_text":"Square tube \/ Rectangular tube \/ Round pipe \/ Oval tube \/ Triangle tube \/ Trapezoidal tube \/ Semicircular tube \/ Special custom Tube \/ Aluminium extrusion anodised aluminium tube","product_chanpin_chanpin":"<li><a href=\"https:\/\/sinoextrud.com\/product\/oval-aluminum-extrusion-profile\/\" target=\"_blank\">Oval Aluminum Extrusion Profile<\/a><\/li>\r\n<li><a href=\"https:\/\/sinoextrud.com\/product\/large-aluminum-extrusion\/\" target=\"_blank\">Large Aluminum Extrusion<\/a><\/li>\r\n<li><a href=\"https:\/\/sinoextrud.com\/product\/large-aluminum-extrud\/\" target=\"_blank\">Large Aluminum Extrud<\/a><\/li>\r\n<li><a href=\"https:\/\/sinoextrud.com\/product\/aluminium-extrusion-6061-6082-7075-aluminum-alloy-profiles\/\" target=\"_blank\">Aluminium Extrusion 6061 6082 7075 Aluminum Alloy Profiles<\/a><\/li>\r\n<li><a href=\"https:\/\/sinoextrud.com\/product\/aluminium-extrud-anodised-aluminium-tube\/\" target=\"_blank\">Aluminium Extrusion Anodised Aluminium Tube<\/a><\/li>\r\n<li><a href=\"https:\/\/sinoextrud.com\/product\/aluminium-extrusion-tube\/\" target=\"_blank\">Aluminium Extrusion Tube<\/a><\/li>\r\n<li><a href=\"https:\/\/sinoextrud.com\/product\/aluminum-extrud-7003-aluminum-pipe\/\" target=\"_blank\">Aluminum Extrusion 7003 Aluminum Pipe<\/a><\/li>\r\n<li><a href=\"https:\/\/sinoextrud.com\/product\/aluminum-extrusion-2024-aluminum-profile\/\" target=\"_blank\">Aluminum Extrusion 2024 Aluminum Profile<\/a><\/li>\r\n<li><a href=\"https:\/\/sinoextrud.com\/product\/linear-sliding-modules-aluminum-profiles\/\" target=\"_blank\">Linear Sliding Modules Aluminum Profiles<\/a><\/li>\r\n<li><a href=\"https:\/\/sinoextrud.com\/product\/extruded-aluminum-stock-shapes\/\" target=\"_blank\">Extruded Aluminum Stock Shapes<\/a><\/li>\r\n<li><a href=\"https:\/\/sinoextrud.com\/product\/aluminium-extrusion-anodized-aluminum-profile\/\" target=\"_blank\">Aluminium Extrusion Anodized Aluminum Profile<\/a><\/li>"},"feature_list":[]},"_links":{"self":[{"href":"https:\/\/sinoextrud.com\/hu\/wp-json\/wp\/v2\/product\/5529","targetHints":{"allow":["GET"]}}],"collection":[{"href":"https:\/\/sinoextrud.com\/hu\/wp-json\/wp\/v2\/product"}],"about":[{"href":"https:\/\/sinoextrud.com\/hu\/wp-json\/wp\/v2\/types\/product"}],"wp:featuredmedia":[{"embeddable":true,"href":"https:\/\/sinoextrud.com\/hu\/wp-json\/wp\/v2\/media\/5530"}],"wp:attachment":[{"href":"https:\/\/sinoextrud.com\/hu\/wp-json\/wp\/v2\/media?parent=5529"}],"wp:term":[{"taxonomy":"category","embeddable":true,"href":"https:\/\/sinoextrud.com\/hu\/wp-json\/wp\/v2\/categories?post=5529"}],"curies":[{"name":"wp","href":"https:\/\/api.w.org\/{rel}","templated":true}]}}