{"id":5273,"date":"2025-05-13T02:35:22","date_gmt":"2025-05-13T02:35:22","guid":{"rendered":"https:\/\/sinoextrud.com\/?post_type=product&#038;p=5273"},"modified":"2025-06-24T03:52:11","modified_gmt":"2025-06-24T03:52:11","slug":"6061-6082-7075-aluminium-otvozetbol-keszult-aluminium-extrudalt-profilok","status":"publish","type":"product","link":"https:\/\/sinoextrud.com\/hu\/product\/aluminium-extrusion-6061-6082-7075-aluminum-alloy-profiles\/","title":{"rendered":"Alum\u00ednium extrud\u00e1l\u00e1s 6061 6082 7075 alum\u00ednium \u00f6tv\u00f6zet profilok"},"content":{"rendered":"<h2>Term\u00e9kek r\u00e9szletei<\/h2>\n<table class=\"custom-table\">\n<tr>\n<td class=\"label\">Term\u00e9k neve<\/td>\n<td>Alum\u00ednium extrud\u00e1l\u00e1s 6061 6082 7075 alum\u00ednium \u00f6tv\u00f6zet profilok<\/td>\n<\/tr>\n<tr>\n<td class=\"label\">Term\u00e9kv\u00e1laszt\u00e9k<\/td>\n<td>alum\u00ednium extrud\u00e1lt alum\u00ednium 6061, alum\u00ednium 6082, alum\u00ednium 7075, stb. sz\u00e1m\u00e1ra<\/td>\n<\/tr>\n<tr>\n<td class=\"label\">Megfelel\u0151 rendszerek T\u00edpusok<\/td>\n<td>Alum\u00ednium \u00f6tv\u00f6zet Aerospace, alum\u00ednium \u00f6tv\u00f6zetb\u0151l k\u00e9sz\u00fclt haj\u00f3, alum\u00ednium \u00f6tv\u00f6zetb\u0151l k\u00e9sz\u00fclt haj\u00f3 aut\u00f3, alum\u00ednium \u00f6tv\u00f6zetb\u0151l k\u00e9sz\u00fclt h\u0171t\u0151borda, stb.<\/td>\n<\/tr>\n<tr>\n<td class=\"label\">Alum\u00ednium \u00f6tv\u00f6zet<\/td>\n<td>5000-es sorozat, 6000-es sorozat, 7000-es sorozat<\/td>\n<\/tr>\n<tr>\n<td class=\"label\">Temper<\/td>\n<td>T5-T8<\/td>\n<\/tr>\n<tr>\n<td class=\"label\">Shape<\/td>\n<td>testreszab\u00e1s<\/td>\n<\/tr>\n<tr>\n<td class=\"label\">Sz\u00ednes<\/td>\n<td>testreszab\u00e1s<\/td>\n<\/tr>\n<tr>\n<td class=\"label\">Fel\u00fcletkezel\u00e9s<\/td>\n<td>malomra k\u00e9sz, elox\u00e1lt, fa szemcs\u00e9s, er\u0151 bevonat, homokf\u00fav\u00e1s, elektrofor\u00e9zis, csiszolt, pol\u00edroz\u00e1s, stb.<\/td>\n<\/tr>\n<tr>\n<td class=\"label\">CNC m\u00e9lyfeldolgoz\u00e1s<\/td>\n<td>v\u00e1g\u00e1s, f\u00far\u00e1s, megmunk\u00e1l\u00e1s, lyukaszt\u00e1s, hajl\u00edt\u00e1s, csapol\u00e1s stb.<\/td>\n<\/tr>\n<tr>\n<td class=\"label\">Tan\u00fas\u00edtv\u00e1nyok<\/td>\n<td>CE, ISO, SGS, TUV, ROHS<\/td>\n<\/tr>\n<tr>\n<td class=\"label\">Mint\u00e1k<\/td>\n<td>ingyenes minta. 1-3 nap alatt sz\u00e1ll\u00edtjuk \u00d6nnek.<\/td>\n<\/tr>\n<tr>\n<td class=\"label\">MOQ<\/td>\n<td>200KG minden egyes profilhoz<\/td>\n<\/tr>\n<tr>\n<td class=\"label\">Sz\u00e1ll\u00edt\u00e1si id\u0151<\/td>\n<td>A pen\u00e9sz kifejleszt\u00e9se \u00e9s a minta kialak\u00edt\u00e1sa 12-15 nap, majd a gy\u00e1rt\u00e1s id\u0151tartama 15-25 nap a vev\u0151 let\u00e9tbe helyez\u00e9se ut\u00e1n.<\/td>\n<\/tr>\n<\/table>\n<h2>Gy\u00e1rt\u00f3 b\u00e1zisunk<\/h2>\n<h3>Gy\u00e1ri panor\u00e1ma<\/h3>\n<p><img decoding=\"async\" src=\"\/wp-content\/uploads\/factory-01.webp\"\/><\/p>\n<h3>Alum\u00ednium r\u00fadgy\u00e1rt\u00f3 m\u0171hely<\/h3>\n<p><img decoding=\"async\" src=\"\/wp-content\/uploads\/factory-02.webp\"\/><\/p>\n<\/p>\n<p><img decoding=\"async\" src=\"\/wp-content\/uploads\/factory-03.webp\"\/><\/p>\n<h3>Pen\u00e9sz rakt\u00e1r<\/h3>\n<p><img decoding=\"async\" src=\"\/wp-content\/uploads\/factory-04.webp\"\/><\/p>\n<h3>43 alum\u00ednium extrud\u00e1l\u00f3 vonal (500-5500 tonna)<\/h3>\n<p><img decoding=\"async\" src=\"\/wp-content\/uploads\/factory-05.webp\"\/><\/p>\n<p><img decoding=\"async\" src=\"\/wp-content\/uploads\/factory-06.webp\"\/><\/p>\n<p><img decoding=\"async\" src=\"\/wp-content\/uploads\/factory-07.webp\"\/><\/p>\n<h3>Porfest\u0151 m\u0171hely<\/h3>\n<p><img decoding=\"async\" src=\"\/wp-content\/uploads\/factory-09.webp\"\/><\/p>\n<h3>Anodiz\u00e1l\u00f3 m\u0171hely<\/h3>\n<p><img decoding=\"async\" src=\"\/wp-content\/uploads\/factory-10.webp\"\/><\/p>\n<h3>M\u00e9ly feldolgoz\u00e1si m\u0171hely<\/h3>\n<p><img decoding=\"async\" src=\"\/wp-content\/uploads\/factory-11.webp\"\/><\/p>\n<h3>CNC prec\u00edzi\u00f3s megmunk\u00e1l\u00f3 m\u0171hely<\/h3>\n<p><img decoding=\"async\" src=\"\/wp-content\/uploads\/factory-11.5.webp\"\/><\/p>\n<h3>K\u00e9szterm\u00e9k \u00e9s export rakt\u00e1r<\/h3>\n<p><img decoding=\"async\" src=\"\/wp-content\/uploads\/factory-12.webp\"\/><\/p>\n<p><img decoding=\"async\" src=\"\/wp-content\/uploads\/factory-13.webp\"\/><\/p>\n<p><img decoding=\"async\" src=\"\/wp-content\/uploads\/factory-14.webp\"\/><\/p>\n<h2>GYIK<\/h2>\n<p><b>1.Mik a 6061 alum\u00ednium extrud\u00e1lt profilok f\u0151 el\u0151nyei?<\/b><\/p>\n<p>A 6061 alum\u00ednium extrud\u00e1lt profilok kiv\u00e1l\u00f3 szil\u00e1rds\u00e1got, korr\u00f3zi\u00f3\u00e1ll\u00f3s\u00e1got, j\u00f3 hegeszthet\u0151s\u00e9get \u00e9s sokoldal\u00fa megmunk\u00e1lhat\u00f3s\u00e1got k\u00edn\u00e1lnak, \u00edgy ide\u00e1lisak szerkezeti \u00e9s \u0171rtechnikai alkalmaz\u00e1sokhoz.\n<\/p>\n<p><\/p>\n<p><b>2.How 6082 alum\u00ednium\u00f6tv\u00f6zet \u00f6sszehasonl\u00edtja a 6061-et az extrud\u00e1l\u00e1si profilokban?<\/b><\/p>\n<p>A 6082 alum\u00ednium extrud\u00e1lt profilok a 6061-eshez k\u00e9pest valamivel nagyobb szil\u00e1rds\u00e1got \u00e9s jobb korr\u00f3zi\u00f3\u00e1ll\u00f3s\u00e1got biztos\u00edtanak, \u00edgy alkalmasak nagy teherb\u00edr\u00e1s\u00fa szerkezeti elemekhez \u00e9s tengeri k\u00f6rnyezethez.\n<\/p>\n<p><\/p>\n<p><b>3.Mi\u00e9rt v\u00e1lassza a 7075 alum\u00ednium\u00f6tv\u00f6zet profilokat extrud\u00e1l\u00e1shoz?<\/b><\/p>\n<p>A 7075-\u00f6s alum\u00ednium\u00f6tv\u00f6zet profilok kiv\u00e9telesen magas szil\u00e1rds\u00e1g\/t\u00f6meg ar\u00e1nyukr\u00f3l ismertek, \u00edgy t\u00f6k\u00e9letesen alkalmasak a rep\u00fcl\u0151g\u00e9piparban, az aut\u00f3iparban \u00e9s a nagy teljes\u00edtm\u00e9ny\u0171 m\u00e9rn\u00f6ki alkalmaz\u00e1sokban.\n<\/p>\n<p><\/p>\n<p><b>4.Milyen ipar\u00e1gak haszn\u00e1lj\u00e1k \u00e1ltal\u00e1ban a 6061 alum\u00ednium extrud\u00e1l\u00e1st?<\/b><\/p>\n<p>A 6061-es alum\u00ednium extrud\u00e1l\u00e1sokat tart\u00f3ss\u00e1guk \u00e9s k\u00f6lts\u00e9ghat\u00e9konys\u00e1guk miatt sz\u00e9les k\u00f6rben haszn\u00e1lj\u00e1k az \u00e9p\u00edt\u0151iparban, a k\u00f6zleked\u00e9sben, az elektronikai \u00e9s a rep\u00fcl\u0151g\u00e9piparban.\n<\/p>\n<p><\/p>\n<p><b>5.A 6082 alum\u00ednium profilok korr\u00f3zi\u00f3\u00e1ll\u00f3ak?<\/b><\/p>\n<p>Igen, a 6082 alum\u00ednium\u00f6tv\u00f6zet profilok kiv\u00e1l\u00f3 korr\u00f3zi\u00f3\u00e1ll\u00f3s\u00e1got biztos\u00edtanak, k\u00fcl\u00f6n\u00f6sen k\u00fclt\u00e9ri \u00e9s tengeri k\u00f6rnyezetben, \u00edgy megb\u00edzhat\u00f3 v\u00e1laszt\u00e1s a szerkezeti alkalmaz\u00e1sokhoz.\n<\/p>\n<p><\/p>\n<p><b>6.Is 7075 alum\u00ednium extrud\u00e1l\u00e1s alkalmas hegeszt\u00e9sre?<\/b><\/p>\n<p>A 7075-\u00f6s alum\u00ednium\u00f6tv\u00f6zet nagy szil\u00e1rds\u00e1g\u00fa \u00f6sszet\u00e9tele miatt nem ide\u00e1lis hegeszt\u00e9sre, de kiv\u00e1l\u00f3an alkalmazhat\u00f3 olyan alkalmaz\u00e1sokban, ahol a mechanikai teljes\u00edtm\u00e9ny kritikus.\n<\/p>\n<p><\/p>\n<p><b>7.Mik a 6061-es alum\u00ednium extrud\u00e1l\u00e1sok mechanikai tulajdons\u00e1gai?<\/b><\/p>\n<p>A 6061-es alum\u00edniumprofilok szak\u00edt\u00f3szil\u00e1rds\u00e1ga k\u00f6r\u00fclbel\u00fcl 290 MPa, foly\u00e1shat\u00e1ra pedig 240 MPa, \u00edgy egyens\u00falyt biztos\u00edtanak a szil\u00e1rds\u00e1g \u00e9s a megmunk\u00e1lhat\u00f3s\u00e1g k\u00f6z\u00f6tt.\n<\/p>\n<p><\/p>\n<p><b>8.Can 6082 alum\u00ednium extrud\u00e1lt profilok elox\u00e1lt?<\/b><\/p>\n<p>Igen, a 6082-es alum\u00ednium extrud\u00e1lt profilok kiv\u00e1l\u00f3an alkalmasak elox\u00e1l\u00e1sra, ami fokozza a fel\u00fclet v\u00e9delm\u00e9t \u00e9s az eszt\u00e9tikai megjelen\u00e9st.\n<\/p>\n<p><\/p>\n<p><b>9.Mi teszi a 7075-\u00f6s alum\u00ednium profilokat ide\u00e1liss\u00e1 a rep\u00fcl\u0151g\u00e9pipari alkalmaz\u00e1sokhoz?<\/b><\/p>\n<p>A 7075-\u00f6s alum\u00ednium\u00f6tv\u00f6zet profilok kiv\u00e1l\u00f3 szil\u00e1rds\u00e1ggal \u00e9s f\u00e1rad\u00e1s\u00e1ll\u00f3s\u00e1ggal rendelkeznek, ami elengedhetetlen a rep\u00fcl\u0151g\u00e9pipari alkatr\u00e9szekhez, ahol a teljes\u00edtm\u00e9ny \u00e9s a biztons\u00e1g a legfontosabb.\n<\/p>\n<p><\/p>\n<p><b>10.Melyik alum\u00ednium\u00f6tv\u00f6zet a legjobb a nagy terhel\u00e9s\u0171 szerkezeti extrud\u00e1l\u00e1sokhoz?<\/b><\/p>\n<p>A 6082 \u00e9s 7075 alum\u00ednium\u00f6tv\u00f6zetek nagy szil\u00e1rds\u00e1guk \u00e9s fesz\u00fclts\u00e9g alatti stabilit\u00e1suk miatt a legjobbak a nagy terhel\u00e9s\u0171 szerkezeti extrud\u00e1l\u00e1sokhoz.\n<\/p>\n<p><\/p>","protected":false},"featured_media":5279,"template":"","categories":[55],"class_list":["post-5273","product","type-product","status-publish","has-post-thumbnail","hentry","category-extruded-aluminum-profiles"],"meta_box":{"hilight_text_group":{"product_hilight_text":"Aluminum alloys are widely used in various industries due to their excellent properties such as high strength, lightweight, corrosion resistance, and easy machinability. Among various aluminum alloys, Aluminum 6061, 6082, and 7075 are the most commonly used alloys for extrusion profiles.","product_chanpin_chanpin":"<li><a href=\"https:\/\/sinoextrud.com\/product\/aluminum-cladding-system\/\" target=\"_blank\">Aluminum Cladding System<\/a><\/li>\r\n<li><a href=\"https:\/\/sinoextrud.com\/product\/oval-aluminum-extrusion-profile\/\" target=\"_blank\">Oval Aluminum Extrusion Profile<\/a><\/li>\r\n<li><a href=\"https:\/\/sinoextrud.com\/product\/large-aluminum-extrusion\/\" target=\"_blank\">Large Aluminum Extrusion<\/a><\/li>\r\n<li><a href=\"https:\/\/sinoextrud.com\/product\/large-aluminum-extrud\/\" target=\"_blank\">Large Aluminum Extrud<\/a><\/li>\r\n<li><a href=\"https:\/\/sinoextrud.com\/product\/aluminium-extrusion-6061-6082-7075-aluminum-alloy-profiles\/\" target=\"_blank\">Aluminium Extrusion 6061 6082 7075 Aluminum Alloy Profiles<\/a><\/li>\r\n<li><a href=\"https:\/\/sinoextrud.com\/product\/aluminium-extrud-anodised-aluminium-tube\/\" target=\"_blank\">Aluminium Extrusion Anodised Aluminium Tube<\/a><\/li>\r\n<li><a href=\"https:\/\/sinoextrud.com\/product\/aluminium-extrusion-tube\/\" target=\"_blank\">Aluminium Extrusion Tube<\/a><\/li>\r\n<li><a href=\"https:\/\/sinoextrud.com\/product\/aluminum-extrud-7003-aluminum-pipe\/\" target=\"_blank\">Aluminum Extrusion 7003 Aluminum Pipe<\/a><\/li>\r\n<li><a href=\"https:\/\/sinoextrud.com\/product\/aluminum-extrusion-2024-aluminum-profile\/\" target=\"_blank\">Aluminum Extrusion 2024 Aluminum Profile<\/a><\/li>\r\n<li><a href=\"https:\/\/sinoextrud.com\/product\/cnc-machining-anodized-item-extruded-aluminum\/\" target=\"_blank\">CNC Machining Anodized Item Extruded Aluminum<\/a><\/li>\r\n<li><a href=\"https:\/\/sinoextrud.com\/product\/aluminium-extrud-6061-6082-7075-aluminum-alloy-profiles\/\" target=\"_blank\">Aluminum Extrusion 2024 7001 7003 Aluminum Profile<\/a><\/li>"},"feature_list":[]},"_links":{"self":[{"href":"https:\/\/sinoextrud.com\/hu\/wp-json\/wp\/v2\/product\/5273","targetHints":{"allow":["GET"]}}],"collection":[{"href":"https:\/\/sinoextrud.com\/hu\/wp-json\/wp\/v2\/product"}],"about":[{"href":"https:\/\/sinoextrud.com\/hu\/wp-json\/wp\/v2\/types\/product"}],"wp:featuredmedia":[{"embeddable":true,"href":"https:\/\/sinoextrud.com\/hu\/wp-json\/wp\/v2\/media\/5279"}],"wp:attachment":[{"href":"https:\/\/sinoextrud.com\/hu\/wp-json\/wp\/v2\/media?parent=5273"}],"wp:term":[{"taxonomy":"category","embeddable":true,"href":"https:\/\/sinoextrud.com\/hu\/wp-json\/wp\/v2\/categories?post=5273"}],"curies":[{"name":"wp","href":"https:\/\/api.w.org\/{rel}","templated":true}]}}