{"id":4161,"date":"2025-05-06T03:26:02","date_gmt":"2025-05-06T03:26:02","guid":{"rendered":"https:\/\/sinoextrud.com\/?post_type=product&#038;p=4161"},"modified":"2025-06-24T03:52:08","modified_gmt":"2025-06-24T03:52:08","slug":"nagy-aluminium-extrud","status":"publish","type":"product","link":"https:\/\/sinoextrud.com\/hu\/product\/large-aluminum-extrud\/","title":{"rendered":"Nagy alum\u00ednium extrud"},"content":{"rendered":"<h2>STANDARD M\u00c9RET<\/h2>\n<table class=\"custom-table\">\n<tr>\n<td class=\"label\">N\u00c9V<\/td>\n<td>Nagy alum\u00ednium extrud<\/td>\n<\/tr>\n<tr>\n  <\/tr>\n<tr>\n<td class=\"label\">Anyag \u00f6tv\u00f6zet<\/td>\n<td>6061-T6 \/ 6082-T6 \/ 6063-T5<\/td>\n<\/tr>\n<tr>\n<td class=\"label\">Maxim\u00e1lis szelv\u00e9nym\u00e9ret<\/td>\n<td>Ak\u00e1r 500 mm sz\u00e9less\u00e9gig (testreszabhat\u00f3)<\/td>\n<\/tr>\n<tr>\n<td class=\"label\">Falvastags\u00e1g<\/td>\n<td>2mm - 25mm<\/td>\n<\/tr>\n<tr>\n<td class=\"label\">Hossz\u00fas\u00e1g<\/td>\n<td>12 m\u00e9terig (egyedi v\u00e1g\u00e1s lehets\u00e9ges)<\/td>\n<\/tr>\n<tr>\n<td class=\"label\">Tolerancia<\/td>\n<td>\u00b10,1 mm (profilm\u00e9ret \u00e9s rajz alapj\u00e1n)<\/td>\n<\/tr>\n<tr>\n<td class=\"label\">Fel\u00fcletkezel\u00e9s<\/td>\n<td>Elox\u00e1l\u00e1s, porfest\u00e9s, homokf\u00fav\u00e1s, mar\u00e1skezel\u00e9s<\/td>\n<\/tr>\n<tr>\n<td class=\"label\">Alkalmaz\u00e1sok<\/td>\n<td>Ipari v\u00e1zak, k\u00f6zleked\u00e9si alv\u00e1zak, berendez\u00e9sek h\u00e1zai<\/td>\n<\/tr>\n<\/table>\n<h2>Gy\u00e1rt\u00f3 b\u00e1zisunk<\/h2>\n<h3>Gy\u00e1ri panor\u00e1ma<\/h3>\n<p><img decoding=\"async\" src=\"\/wp-content\/uploads\/factory-01.webp\"\/><\/p>\n<h3>Alum\u00ednium r\u00fadgy\u00e1rt\u00f3 m\u0171hely<\/h3>\n<p><img decoding=\"async\" src=\"\/wp-content\/uploads\/factory-02.webp\"\/><\/p>\n<\/p>\n<p><img decoding=\"async\" src=\"\/wp-content\/uploads\/factory-03.webp\"\/><\/p>\n<h3>Pen\u00e9sz rakt\u00e1r<\/h3>\n<p><img decoding=\"async\" src=\"\/wp-content\/uploads\/factory-04.webp\"\/><\/p>\n<h3>43 alum\u00ednium extrud\u00e1l\u00f3 vonal (500-5500 tonna)<\/h3>\n<p><img decoding=\"async\" src=\"\/wp-content\/uploads\/factory-05.webp\"\/><\/p>\n<p><img decoding=\"async\" src=\"\/wp-content\/uploads\/factory-06.webp\"\/><\/p>\n<p><img decoding=\"async\" src=\"\/wp-content\/uploads\/factory-07.webp\"\/><\/p>\n<h3>Porfest\u0151 m\u0171hely<\/h3>\n<p><img decoding=\"async\" src=\"\/wp-content\/uploads\/factory-09.webp\"\/><\/p>\n<h3>Anodiz\u00e1l\u00f3 m\u0171hely<\/h3>\n<p><img decoding=\"async\" src=\"\/wp-content\/uploads\/factory-10.webp\"\/><\/p>\n<h3>M\u00e9ly feldolgoz\u00e1si m\u0171hely<\/h3>\n<p><img decoding=\"async\" src=\"\/wp-content\/uploads\/factory-11.webp\"\/><\/p>\n<h3>CNC prec\u00edzi\u00f3s megmunk\u00e1l\u00f3 m\u0171hely<\/h3>\n<p><img decoding=\"async\" src=\"\/wp-content\/uploads\/factory-11.5.webp\"\/><\/p>\n<h3>K\u00e9szterm\u00e9k \u00e9s export rakt\u00e1r<\/h3>\n<p><img decoding=\"async\" src=\"\/wp-content\/uploads\/factory-12.webp\"\/><\/p>\n<p><img decoding=\"async\" src=\"\/wp-content\/uploads\/factory-13.webp\"\/><\/p>\n<p><img decoding=\"async\" src=\"\/wp-content\/uploads\/factory-14.webp\"\/><\/p>\n<h2>GYIK<\/h2>\n<p><b>1. mire haszn\u00e1lj\u00e1k a nagy alum\u00ednium extrud\u00e1l\u00e1sokat?                    <\/b><\/p>\n<p>A nagym\u00e9ret\u0171 alum\u00ednium extrud\u00e1lt term\u00e9keket \u00e1ltal\u00e1ban az \u00e9p\u00edt\u0151iparban, a k\u00f6zleked\u00e9sben, a rep\u00fcl\u0151g\u00e9piparban \u00e9s az ipari g\u00e9pgy\u00e1rt\u00e1sban haszn\u00e1lj\u00e1k szerkezeti v\u00e1zak, platformok \u00e9s burkolatok k\u00e9sz\u00edt\u00e9s\u00e9re.\n<\/p>\n<p><\/p>\n<p><b>2.Mik a nagy alum\u00ednium extrud\u00e1l\u00e1sok el\u0151nyei?             <\/b><\/p>\n<p>A nagym\u00e9ret\u0171 alum\u00ednium extrud\u00e1l\u00e1sok nagy szil\u00e1rds\u00e1got, k\u00f6nny\u0171 s\u00falyt, kiv\u00e1l\u00f3 korr\u00f3zi\u00f3\u00e1ll\u00f3s\u00e1got \u00e9s tervez\u00e9si rugalmass\u00e1got k\u00edn\u00e1lnak az egyedi ipari alkalmaz\u00e1sokhoz.\n<\/p>\n<p><\/p>\n<p><b>3.Mi\u00e9rt v\u00e1lassza a nagy alum\u00ednium extrud\u00e1l\u00e1st az ac\u00e9l helyett?                 <\/b><\/p>\n<p>A nagym\u00e9ret\u0171 alum\u00ednium extrud\u00e1l\u00e1sok l\u00e9nyegesen k\u00f6nnyebbek, mint az ac\u00e9l, k\u00f6nnyebben megmunk\u00e1lhat\u00f3k, korr\u00f3zi\u00f3\u00e1ll\u00f3ak, \u00e9s ide\u00e1lisak olyan alkalmaz\u00e1sokhoz, amelyek egyszerre ig\u00e9nyelnek szil\u00e1rds\u00e1got \u00e9s cs\u00f6kkentett s\u00falyt.\n<\/p>\n<p><\/p>\n<p><b>4.Can nagy alum\u00ednium extrud\u00e1l\u00e1sok testre szabhat\u00f3?                    <\/b><\/p>\n<p>Igen, a nagym\u00e9ret\u0171 alum\u00ednium extrud\u00e1l\u00e1sok teljesen testre szabhat\u00f3k az alak, a m\u00e9ret \u00e9s az \u00f6tv\u00f6zet \u00f6sszet\u00e9tele tekintet\u00e9ben, hogy megfeleljenek a projekt egyedi k\u00f6vetelm\u00e9nyeinek.\n<\/p>\n<p><\/p>\n<p><b>5.Alkalmasak-e a nagym\u00e9ret\u0171 alum\u00ednium extrud\u00e1l\u00e1sok k\u00fclt\u00e9ri haszn\u00e1latra?         <\/b><\/p>\n<p>A nagym\u00e9ret\u0171 alum\u00ednium extrud\u00e1l\u00e1sok rendk\u00edv\u00fcl ellen\u00e1llnak a korr\u00f3zi\u00f3nak \u00e9s az UV-sug\u00e1rz\u00e1snak, \u00edgy ide\u00e1lisak a k\u00fclt\u00e9ri szerkezeti \u00e9s \u00e9p\u00edt\u00e9szeti alkalmaz\u00e1sokhoz.\n<\/p>\n<p><\/p>\n<p><b>6.Milyen \u00f6tv\u00f6zeteket haszn\u00e1lnak \u00e1ltal\u00e1ban nagym\u00e9ret\u0171 alum\u00ednium extrud\u00e1l\u00e1sokhoz?    <\/b><\/p>\n<p>A gyakori \u00f6tv\u00f6zetek k\u00f6z\u00e9 tartozik a 6061, 6082 \u00e9s 7000 sorozat\u00fa alum\u00ednium, amelyek egyens\u00falyt k\u00edn\u00e1lnak az er\u0151ss\u00e9g, a korr\u00f3zi\u00f3\u00e1ll\u00f3s\u00e1g \u00e9s a megmunk\u00e1lhat\u00f3s\u00e1g k\u00f6z\u00f6tt.\n<\/p>\n<p><\/p>\n<p><b>7.Hogyan k\u00e9sz\u00fclnek a nagym\u00e9ret\u0171 alum\u00ednium extrud\u00e1l\u00e1sok?                 <\/b><\/p>\n<p>A nagym\u00e9ret\u0171 alum\u00ednium extrud\u00e1l\u00e1sokat \u00fagy \u00e1ll\u00edtj\u00e1k el\u0151, hogy az alum\u00ednium tusk\u00f3kat felmeleg\u00edtik \u00e9s prec\u00edzi\u00f3s szersz\u00e1mokon kereszt\u00fcl folyamatos, egyedi profilok kialak\u00edt\u00e1s\u00e1ra k\u00e9nyszer\u00edtik.\n<\/p>\n<p><\/p>\n<p><b>8.Mi a nagy alum\u00ednium extrud\u00e1l\u00e1sok maxim\u00e1lis m\u00e9rete?          <\/b><\/p>\n<p>A nagym\u00e9ret\u0171 alum\u00ednium extrud\u00e1l\u00e1sok maxim\u00e1lis m\u00e9rete a sajt\u00f3kapacit\u00e1st\u00f3l f\u00fcgg, de meghaladhatja a 20 h\u00fcvelyk \u00e1tm\u00e9r\u0151t \u00e9s a t\u00f6bb m\u00e9ter hossz\u00fas\u00e1got.\n<\/p>\n<p><\/p>\n<p><b>9.Are nagy alum\u00ednium extrud\u00e1lt term\u00e9kek k\u00f6rnyezetbar\u00e1tok?         <\/b><\/p>\n<p>Igen, az alum\u00ednium 100% \u00fajrahasznos\u00edthat\u00f3, \u00e9s a nagym\u00e9ret\u0171 alum\u00ednium extrud\u00e1l\u00e1sok hozz\u00e1j\u00e1rulnak a fenntarthat\u00f3 gy\u00e1rt\u00e1shoz, cs\u00f6kkentett k\u00f6rnyezeti hat\u00e1ssal.\n<\/p>\n<p><\/p>\n<p><b>10.Hogyan jav\u00edtj\u00e1k a nagym\u00e9ret\u0171 alum\u00ednium extrud\u00e1l\u00e1sok a szerkezeti teljes\u00edtm\u00e9nyt?<\/b><\/p>\n<p>A nagym\u00e9ret\u0171 alum\u00ednium extrud\u00e1lt term\u00e9kek kiv\u00e1l\u00f3 merevs\u00e9g-t\u00f6meg ar\u00e1nyt k\u00edn\u00e1lnak, lehet\u0151v\u00e9 t\u00e9ve az er\u0151s, m\u00e9gis k\u00f6nny\u0171 szerkezeti kialak\u00edt\u00e1st ig\u00e9nyes alkalmaz\u00e1sokban.\n<\/p>\n<p><\/p>","protected":false},"featured_media":4116,"template":"","categories":[55],"class_list":["post-4161","product","type-product","status-publish","has-post-thumbnail","hentry","category-extruded-aluminum-profiles"],"meta_box":{"hilight_text_group":{"product_hilight_text":"<li>High strength-to-weight ratio for heavy-duty structural applications<\/li>\r\r\n<li>Customizable profiles to meet specific industrial requirements<\/li>\r\r\n<li>Excellent corrosion resistance for long-term outdoor use<\/li>\r\r\n<li>Reduced material weight lowers transportation and installation costs<\/li>\r\r\n<li>Compatible with a wide range of surface finishes for enhanced durability<\/li>\r\r\n<li>Precision manufacturing ensures consistent quality and dimensional accuracy<\/li>","product_chanpin_chanpin":"<li><a href=\"https:\/\/sinoextrud.com\/product\/custom-made-ceiling-system\/\" target=\"_blank\">Custom-made Ceiling System<\/a><\/li>\r\n<li><a href=\"https:\/\/sinoextrud.com\/product\/aluminum-cladding-system\/\" target=\"_blank\">Aluminum Cladding System<\/a><\/li>\r\n<li><a href=\"https:\/\/sinoextrud.com\/product\/oval-aluminum-extrusion-profile\/\" target=\"_blank\">Oval Aluminum Extrusion Profile<\/a><\/li>\r\n<li><a href=\"https:\/\/sinoextrud.com\/product\/large-aluminum-extrusion\/\" target=\"_blank\">Large Aluminum Extrusion<\/a><\/li>\r\n<li><a href=\"https:\/\/sinoextrud.com\/product\/large-aluminum-extrud\/\" target=\"_blank\">Large Aluminum Extrud<\/a><\/li>\r\n<li><a href=\"https:\/\/sinoextrud.com\/product\/aluminium-extrusion-6061-6082-7075-aluminum-alloy-profiles\/\" target=\"_blank\">Aluminium Extrusion 6061 6082 7075 Aluminum Alloy Profiles<\/a><\/li>\r\n<li><a href=\"https:\/\/sinoextrud.com\/product\/aluminium-extrud-anodised-aluminium-tube\/\" target=\"_blank\">Aluminium Extrusion Anodised Aluminium Tube<\/a><\/li>\r\n<li><a href=\"https:\/\/sinoextrud.com\/product\/aluminium-extrusion-tube\/\" target=\"_blank\">Aluminium Extrusion Tube<\/a><\/li>\r\n<li><a href=\"https:\/\/sinoextrud.com\/product\/aluminum-extrud-7003-aluminum-pipe\/\" target=\"_blank\">Aluminum Extrusion 7003 Aluminum Pipe<\/a><\/li>\r\n<li><a href=\"https:\/\/sinoextrud.com\/product\/aluminium-profile-drilling-cutting-bending-puching-processing\/\" target=\"_blank\">Aluminium profile drilling cutting bending puching processing<\/a><\/li>\r\n<li><a href=\"https:\/\/sinoextrud.com\/product\/high-precision-aluminium-profiles\/\" target=\"_blank\">High Precision Aluminium Profiles<\/a><\/li>"},"feature_list":[]},"_links":{"self":[{"href":"https:\/\/sinoextrud.com\/hu\/wp-json\/wp\/v2\/product\/4161","targetHints":{"allow":["GET"]}}],"collection":[{"href":"https:\/\/sinoextrud.com\/hu\/wp-json\/wp\/v2\/product"}],"about":[{"href":"https:\/\/sinoextrud.com\/hu\/wp-json\/wp\/v2\/types\/product"}],"wp:featuredmedia":[{"embeddable":true,"href":"https:\/\/sinoextrud.com\/hu\/wp-json\/wp\/v2\/media\/4116"}],"wp:attachment":[{"href":"https:\/\/sinoextrud.com\/hu\/wp-json\/wp\/v2\/media?parent=4161"}],"wp:term":[{"taxonomy":"category","embeddable":true,"href":"https:\/\/sinoextrud.com\/hu\/wp-json\/wp\/v2\/categories?post=4161"}],"curies":[{"name":"wp","href":"https:\/\/api.w.org\/{rel}","templated":true}]}}