{"id":3595,"date":"2025-04-27T02:58:35","date_gmt":"2025-04-27T02:58:35","guid":{"rendered":"https:\/\/sinoextrud.com\/?post_type=product&#038;p=3595"},"modified":"2025-06-24T03:51:48","modified_gmt":"2025-06-24T03:51:48","slug":"o-alaku-terelolemezes-mennyezeti-rendszer","status":"publish","type":"product","link":"https:\/\/sinoextrud.com\/hu\/product\/o-shape-baffle-ceiling-system\/","title":{"rendered":"O-alak\u00fa terel\u0151lemez mennyezeti rendszer"},"content":{"rendered":"<h2>STANDARD M\u00c9RET<\/h2>\n<p>\u00c1tm\u00e9r\u0151: 50\u300170mm<\/p>\n<p>A nem szabv\u00e1nyos m\u00e9retek testre szabhat\u00f3k;<\/p>\n<p><img loading=\"lazy\" decoding=\"async\" src=\"https:\/\/sinoextrud.com\/wp-content\/uploads\/O-shape-Baffle-Ceiling-System-gg2.webp\" alt=\"O-alak\u00fa terel\u0151lemez mennyezeti rendszer\" width=\"239\" height=\"215\" class=\"size-full wp-image-3600\" srcset=\"https:\/\/sinoextrud.com\/wp-content\/uploads\/O-shape-Baffle-Ceiling-System-gg2.webp 239w, https:\/\/sinoextrud.com\/wp-content\/uploads\/O-shape-Baffle-Ceiling-System-gg2-13x12.webp 13w\" sizes=\"auto, (max-width: 239px) 100vw, 239px\" \/><br \/>\n<img loading=\"lazy\" decoding=\"async\" src=\"https:\/\/sinoextrud.com\/wp-content\/uploads\/O-shape-Baffle-Ceiling-System-gg1.webp\" alt=\"O-alak\u00fa terel\u0151lemez mennyezeti rendszer\" width=\"569\" height=\"171\" class=\"size-full wp-image-3601\" srcset=\"https:\/\/sinoextrud.com\/wp-content\/uploads\/O-shape-Baffle-Ceiling-System-gg1.webp 569w, https:\/\/sinoextrud.com\/wp-content\/uploads\/O-shape-Baffle-Ceiling-System-gg1-18x5.webp 18w\" sizes=\"auto, (max-width: 569px) 100vw, 569px\" \/><\/p>\n<h2>Telep\u00edt\u00e9si diagram<\/h2>\n<p><img decoding=\"async\" src=\"https:\/\/sinoextrud.com\/wp-content\/uploads\/O-shape-Baffle-Ceiling-System-anzhuang.webp\" alt=\"O-alak\u00fa terel\u0151lemez mennyezeti rendszer\"  \/><\/p>\n<h2>Termel\u00e9si folyamat<\/h2>\n<p><img decoding=\"async\" src=\"\/wp-content\/uploads\/zzlc01.webp\" alt=\"Termel\u00e9si folyamat\"  \/><br \/>\n<img decoding=\"async\" src=\"\/wp-content\/uploads\/zzlc02.webp\" alt=\"Termel\u00e9si folyamat\"  \/><br \/>\n<img decoding=\"async\" src=\"\/wp-content\/uploads\/zzlc03.webp\" alt=\"Termel\u00e9si folyamat\"  \/><br \/>\n<img decoding=\"async\" src=\"\/wp-content\/uploads\/zzlc04.webp\" alt=\"Termel\u00e9si folyamat\"  \/><\/p>\n<h2>GYIK<\/h2>\n<p><b>1.Mi az az O-alak\u00fa terel\u0151lemezes mennyezeti rendszer?<\/b><\/p>\n<p>Az O-alak\u00fa terel\u0151lemezes mennyezeti rendszer egy modern \u00e1lmennyezeti kialak\u00edt\u00e1s, amely lekerek\u00edtett alum\u00ednium cs\u0151 alak\u00fa terel\u0151lemezeket tartalmaz, amelyek nyitott mint\u00e1kban vannak elrendezve a t\u00e9r eszt\u00e9tik\u00e1j\u00e1nak \u00e9s akusztik\u00e1j\u00e1nak jav\u00edt\u00e1sa \u00e9rdek\u00e9ben.\n<\/p>\n<p><\/p>\n<p><b>2.Milyen el\u0151nyei vannak az O-alak\u00fa terel\u0151lemezes mennyezeti rendszernek?<\/b><\/p>\n<p>Az O-alak\u00fa terel\u0151lemezes mennyezeti rendszerek eleg\u00e1ns \u00edvelt kialak\u00edt\u00e1st, hat\u00e9kony hangelnyel\u00e9st, szell\u0151z\u00e9si kompatibilit\u00e1st \u00e9s testreszabhat\u00f3 elrendez\u00e9si lehet\u0151s\u00e9geket k\u00edn\u00e1lnak az \u00e9p\u00edt\u00e9szeti bels\u0151 terek sz\u00e1m\u00e1ra.\n<\/p>\n<p><\/p>\n<p><b>3.Hol haszn\u00e1lj\u00e1k \u00e1ltal\u00e1ban az O-alak\u00fa terel\u0151lemezt?<\/b><\/p>\n<p>Az O-alak\u00fa terel\u0151lemezeket sz\u00e9les k\u00f6rben haszn\u00e1lj\u00e1k rep\u00fcl\u0151tereken, bev\u00e1s\u00e1rl\u00f3k\u00f6zpontokban, irod\u00e1kban, sz\u00e1llod\u00e1kban \u00e9s k\u00f6z\u00e9p\u00fcletekben, hogy modern, \u00e1raml\u00f3 mennyezeti megjelen\u00e9st teremtsenek.\n<\/p>\n<p><\/p>\n<p><b>4.Hogyan jav\u00edtja az O-alak\u00fa mennyezet kialak\u00edt\u00e1sa az akusztik\u00e1t?<\/b><\/p>\n<p>A cs\u0151 alak\u00fa terel\u0151lemez szerkezet elnyeli \u00e9s sz\u00e9tter\u00edti a hangot, cs\u00f6kkenti a zajszintet \u00e9s jav\u00edtja az akusztikai komfortot nagy vagy nyitott terekben.\n<\/p>\n<p><\/p>\n<p><b>5.Milyen anyagokat haszn\u00e1lnak az O-alak\u00fa terel\u0151lemezes mennyezeti rendszerekben?<\/b><\/p>\n<p>Ezek a rendszerek \u00e1ltal\u00e1ban kiv\u00e1l\u00f3 min\u0151s\u00e9g\u0171 alum\u00edniumb\u00f3l vagy horganyzott ac\u00e9lb\u00f3l k\u00e9sz\u00fclnek, k\u00f6nny\u0171 szil\u00e1rds\u00e1got, korr\u00f3zi\u00f3\u00e1ll\u00f3s\u00e1got \u00e9s hossz\u00fa \u00e9lettartamot biztos\u00edtva.\n<\/p>\n<p><\/p>\n<p><b>6.Can O-alak\u00fa terel\u0151lemezek testre szabhat\u00f3ak?<\/b><\/p>\n<p>Igen, az O-alak\u00fa terel\u0151lemezek \u00e1tm\u00e9r\u0151je, t\u00e1vols\u00e1ga, sz\u00edne, hossza \u00e9s kivitelez\u00e9se testre szabhat\u00f3, hogy megfeleljen a k\u00edv\u00e1nt bels\u0151\u00e9p\u00edt\u00e9szeti koncepci\u00f3nak.\n<\/p>\n<p><\/p>\n<p><b>7.Be\u00e9p\u00edthet\u0151-e vil\u00e1g\u00edt\u00e1s az O-alak\u00fa terel\u0151lemezes mennyezeti rendszerekbe?<\/b><\/p>\n<p>Az O-alak\u00fa terel\u0151lemezek lehet\u0151v\u00e9 teszik az olyan vil\u00e1g\u00edt\u00f3testek, mint a LED-cs\u00edkok vagy spotl\u00e1mp\u00e1k z\u00f6kken\u0151mentes integr\u00e1l\u00e1s\u00e1t a terel\u0151lemezek k\u00f6z\u00f6tt vagy azokon bel\u00fcl.\n<\/p>\n<p><\/p>\n<p><b>8.K\u00f6nny\u0171-e az O-alak\u00fa terel\u0151lemezes mennyezeti rendszereket felszerelni \u00e9s karbantartani?<\/b><\/p>\n<p>Igen, az O-alak\u00fa terel\u0151lemez-rendszerek modul\u00e1ris fel\u00e9p\u00edt\u00e9se gyors telep\u00edt\u00e9st tesz lehet\u0151v\u00e9, \u00e9s karbantart\u00e1s c\u00e9lj\u00e1b\u00f3l k\u00f6nny\u0171 hozz\u00e1f\u00e9r\u00e9st biztos\u00edt a mennyezeti k\u00f6zm\u0171vekhez.\n<\/p>\n<p><\/p>\n<p><b>9.Milyen kivitelek \u00e1llnak rendelkez\u00e9sre az O-alak\u00fa terel\u0151lemezes mennyezeti rendszerekhez?<\/b><\/p>\n<p>A rendelkez\u00e9sre \u00e1ll\u00f3 kivitelek k\u00f6z\u00f6tt szerepel a porfest\u00e9k, elox\u00e1lt f\u00e9m, fa szemcs\u00e9s, matt fekete \u00e9s egyedi RAL sz\u00ednek az egyedi \u00e9p\u00edt\u00e9szeti megjelen\u00e9s \u00e9rdek\u00e9ben.\n<\/p>\n<p><\/p>\n<p><b>10.K\u00f6rnyezetbar\u00e1t-e az O-alak\u00fa terel\u0151lemezes mennyezeti rendszer?<\/b><\/p>\n<p>Igen, az O-alak\u00fa terel\u0151lemezek \u00fajrahasznos\u00edthat\u00f3 alum\u00edniumb\u00f3l k\u00e9sz\u00fclnek, \u00e9s t\u00e1mogatj\u00e1k a fenntarthat\u00f3, k\u00f6rnyezetbar\u00e1t \u00e9p\u00edt\u00e9si gyakorlatokat.\n<\/p>\n<p><\/p>","protected":false},"featured_media":3597,"template":"","categories":[51],"class_list":["post-3595","product","type-product","status-publish","has-post-thumbnail","hentry","category-baffle-ceiling-systems"],"meta_box":{"hilight_text_group":{"product_hilight_text":"This system is with an open field of vision,the circular edges lines are bright and soft, after the instalation,the entire space becomes harmonilousand beautilul with no lck of smooth three-dimensional sense on ines, holds a good modern sense perormance, simple structure, convenien!in maintenance: Each circular bar is independent, can be assembled and dis-assembled freely without use of special tools, easy to be repairedand maintained; the lamps and lanterns, air conditioning system, fire-extinguishing equipment can be placed in the celing, to achieve a consistentoverall perfect visual performance. Mainly used in the subway stations, high.speed rail stations, bus stations, airports, large shopping malls.chanmels,wall decoration, external wall of building. etc","product_tu_tu":"<img width=\"320\" height=\"210\" src=\"https:\/\/sinoextrud.com\/wp-content\/uploads\/O-shape-Baffle-Ceiling-System-xg.webp\" alt=\"O-shape Baffle Ceiling System\" title=\"O-shape Baffle Ceiling System\">","product_chanpin_chanpin":"<li><a href=\"https:\/\/sinoextrud.com\/product\/hook-type-sereen-ceiling-system\/\" target=\"_blank\">Hook Type Sereen Ceiling System<\/a><\/li>\r\n<li><a href=\"https:\/\/sinoextrud.com\/product\/vertical-type-screen-ceiling-system\/\" target=\"_blank\">Vertical Type Screen Ceiling System<\/a><\/li>\r\n<li><a href=\"https:\/\/sinoextrud.com\/product\/u-shaped-baffle-ceiling-system\/\" target=\"_blank\">U-Shaped Baffle Ceiling System<\/a><\/li>\r\n<li><a href=\"https:\/\/sinoextrud.com\/product\/special-shaped-baffle-ceiling-system\/\" target=\"_blank\">Special Shaped Baffle Ceiling System<\/a><\/li>\r\n<li><a href=\"https:\/\/sinoextrud.com\/product\/o-shape-baffle-ceiling-system\/\" target=\"_blank\">O-shape Baffle Ceiling System<\/a><\/li>\r\n<li><a href=\"https:\/\/sinoextrud.com\/product\/bullet-shaped-baffle-ceiling-system\/\" target=\"_blank\">Bullet-shaped Baffle Ceiling System<\/a><\/li>\r\n<li><a href=\"https:\/\/sinoextrud.com\/product\/v-shape-baffle-ceiling-system\/\" target=\"_blank\">V-shape Baffle Ceiling System<\/a><\/li>\r\n<li><a href=\"https:\/\/sinoextrud.com\/product\/dripping-screen-ceiling-system\/\" target=\"_blank\">Dripping Screen Ceiling System<\/a><\/li>\r\n<li><a href=\"https:\/\/sinoextrud.com\/product\/quadrate-pipe-baffle-ceiling-system\/\" target=\"_blank\">Quadrate-pipe Baffle Ceiling System<\/a><\/li>\r\n<li><a href=\"https:\/\/sinoextrud.com\/product\/aluminum-skirting-board\/\" target=\"_blank\">Aluminum Skirting Board<\/a><\/li>\r\n<li><a href=\"https:\/\/sinoextrud.com\/product\/modular-aluminium-frame\/\" target=\"_blank\">Modular Aluminium Frame<\/a><\/li>"},"feature_list":[]},"_links":{"self":[{"href":"https:\/\/sinoextrud.com\/hu\/wp-json\/wp\/v2\/product\/3595","targetHints":{"allow":["GET"]}}],"collection":[{"href":"https:\/\/sinoextrud.com\/hu\/wp-json\/wp\/v2\/product"}],"about":[{"href":"https:\/\/sinoextrud.com\/hu\/wp-json\/wp\/v2\/types\/product"}],"wp:featuredmedia":[{"embeddable":true,"href":"https:\/\/sinoextrud.com\/hu\/wp-json\/wp\/v2\/media\/3597"}],"wp:attachment":[{"href":"https:\/\/sinoextrud.com\/hu\/wp-json\/wp\/v2\/media?parent=3595"}],"wp:term":[{"taxonomy":"category","embeddable":true,"href":"https:\/\/sinoextrud.com\/hu\/wp-json\/wp\/v2\/categories?post=3595"}],"curies":[{"name":"wp","href":"https:\/\/api.w.org\/{rel}","templated":true}]}}