{"id":3584,"date":"2025-04-27T02:27:00","date_gmt":"2025-04-27T02:27:00","guid":{"rendered":"https:\/\/sinoextrud.com\/?post_type=product&#038;p=3584"},"modified":"2025-06-24T03:51:43","modified_gmt":"2025-06-24T03:51:43","slug":"u-alaku-terelolemezes-mennyezeti-rendszer","status":"publish","type":"product","link":"https:\/\/sinoextrud.com\/hu\/product\/u-shaped-baffle-ceiling-system\/","title":{"rendered":"U-alak\u00fa terel\u0151lemez mennyezeti rendszer"},"content":{"rendered":"<h2>STANDARD M\u00c9RET<\/h2>\n<p>1: A nem szabv\u00e1nyos m\u00e9retek testre szabhat\u00f3k;<\/p>\n<p>2: A horganyzott vasb\u00f3l k\u00e9sz\u00fclt csempe testre szabhat\u00f3<\/p>\n<table class=\"custom-table\">\n<tr>\n<td class=\"label\">Term\u00e9k neve<\/td>\n<td>Sz\u00e9less\u00e9g<\/td>\n<td>Magass\u00e1g<\/td>\n<\/tr>\n<tr>\n<td class=\"label\">1. kombin\u00e1ci\u00f3<\/td>\n<td>20\u300125\u300140\u300150\u300160\u300170\u300180mm<\/td>\n<td>30\u300140\u300150\u300160\u300170\u300180\u300190\u3001100\u3001110\u3001120.130\u3001140\u3001150\u3001160\u3001170\u3001180\u3001190\u3001200mm<\/td>\n<\/tr>\n<tr>\n<td class=\"label\">2. kombin\u00e1ci\u00f3<\/td>\n<td>30mm<\/td>\n<td>25\u300130\u300140\u300150\u300160\u300170\u300180\u300190\u3001100\u3001110\u3001120\u3001130\u3001140\u3001150\u3001160\u3001170\u3001180\u3001190.200mim<\/td>\n<\/tr>\n<tr>\n<td class=\"label\">3. kombin\u00e1ci\u00f3<\/td>\n<td>100\u3001110\u3001120\u3001130\u3001140\u3001150\u3001160\u3001170\u3001180\u3001190\u3001200mm<\/td>\n<td>20\u300130\u300140\u300150mm<\/td>\n<\/tr>\n<\/table>\n<h2>Telep\u00edt\u00e9si diagram<\/h2>\n<p><img decoding=\"async\" src=\"https:\/\/sinoextrud.com\/wp-content\/uploads\/U-Shaped-Baffle-Ceiling-System-anzhuang.webp\" alt=\"U-alak\u00fa terel\u0151lemez mennyezeti rendszer\"  \/><\/p>\n<h2>Termel\u00e9si folyamat<\/h2>\n<p><img decoding=\"async\" src=\"\/wp-content\/uploads\/zzlc01.webp\" alt=\"Termel\u00e9si folyamat\"  \/><br \/>\n<img decoding=\"async\" src=\"\/wp-content\/uploads\/zzlc02.webp\" alt=\"Termel\u00e9si folyamat\"  \/><br \/>\n<img decoding=\"async\" src=\"\/wp-content\/uploads\/zzlc03.webp\" alt=\"Termel\u00e9si folyamat\"  \/><br \/>\n<img decoding=\"async\" src=\"\/wp-content\/uploads\/zzlc04.webp\" alt=\"Termel\u00e9si folyamat\"  \/><\/p>\n<h2>GYIK<\/h2>\n<p><b>1.Mi az az U alak\u00fa terel\u0151lemezes mennyezeti rendszer?<\/b><\/p>\n<p>Az U-alak\u00fa terel\u0151lemezes mennyezeti rendszer egy f\u00fcgg\u0151leges U-alak\u00fa alum\u00ednium panelekb\u0151l \u00e1ll\u00f3, line\u00e1ris sorokba rendezett \u00e1lmennyezeti megold\u00e1s, amely tiszta, modern \u00e9p\u00edt\u00e9szeti diz\u00e1jnt hoz l\u00e9tre.\n<\/p>\n<p><\/p>\n<p><b>2.Milyen el\u0151nyei vannak az U alak\u00fa terel\u0151lemezes mennyezeti rendszernek?<\/b><\/p>\n<p>Az U alak\u00fa terel\u0151lemezes mennyezeti rendszerek er\u0151s line\u00e1ris vizu\u00e1lis hat\u00e1st, jobb akusztik\u00e1t, kiv\u00e1l\u00f3 szell\u0151z\u00e9si kompatibilit\u00e1st \u00e9s testre szabhat\u00f3 konfigur\u00e1ci\u00f3kat k\u00edn\u00e1lnak.\n<\/p>\n<p><\/p>\n<p><b>3.Hol haszn\u00e1lj\u00e1k \u00e1ltal\u00e1ban az U alak\u00fa terel\u0151lemezes mennyezeti rendszert?<\/b><\/p>\n<p>Ezeket a rendszereket eszt\u00e9tikai \u00e9s funkcion\u00e1lis el\u0151nyeik miatt sz\u00e9les k\u00f6rben haszn\u00e1lj\u00e1k irod\u00e1kban, rep\u00fcl\u0151tereken, bev\u00e1s\u00e1rl\u00f3k\u00f6zpontokban, oktat\u00e1si int\u00e9zm\u00e9nyekben \u00e9s k\u00f6z\u00e9p\u00fcletekben.\n<\/p>\n<p><\/p>\n<p><b>4.Hogyan n\u00f6veli az U-alak\u00fa kialak\u00edt\u00e1s a bels\u0151 tereket?<\/b><\/p>\n<p>Az U-alak\u00fa terel\u0151lapok m\u00e9lys\u00e9get, ritmust \u00e9s text\u00far\u00e1t teremtenek a mennyezeti kialak\u00edt\u00e1sban, seg\u00edtve a t\u00e9r meghat\u00e1roz\u00e1s\u00e1t, mik\u00f6zben nyitott \u00e9s szell\u0151s k\u00f6rnyezetet biztos\u00edtanak.\n<\/p>\n<p><\/p>\n<p><b>5.Milyen anyagokat haszn\u00e1lnak az U alak\u00fa terel\u0151lemezes mennyezeti rendszerekn\u00e9l?<\/b><\/p>\n<p>Az U alak\u00fa terel\u0151lemezek jellemz\u0151en k\u00f6nny\u0171, korr\u00f3zi\u00f3\u00e1ll\u00f3 alum\u00edniumb\u00f3l vagy horganyzott ac\u00e9lb\u00f3l k\u00e9sz\u00fclnek a hossz\u00fa t\u00e1v\u00fa tart\u00f3ss\u00e1g \u00e9s a k\u00f6nny\u0171 szerelhet\u0151s\u00e9g \u00e9rdek\u00e9ben.\n<\/p>\n<p><\/p>\n<p><b>6.Az U-alak\u00fa terel\u0151lemezes mennyezeti rendszerek testre szabhat\u00f3k?<\/b><\/p>\n<p>Igen, az U-alak\u00fa terel\u0151lapok magass\u00e1ga, sz\u00e9less\u00e9ge, t\u00e1vols\u00e1ga, sz\u00edne \u00e9s kivitelez\u00e9se testre szabhat\u00f3, hogy megfeleljen az egyedi \u00e9p\u00edt\u00e9szeti \u00e9s tervez\u00e9si k\u00f6vetelm\u00e9nyeknek.\n<\/p>\n<p><\/p>\n<p><b>7.Lehets\u00e9ges-e a vil\u00e1g\u00edt\u00e1s integr\u00e1l\u00e1sa U alak\u00fa terel\u0151lemezekkel?<\/b><\/p>\n<p>Az U-alak\u00fa terel\u0151lemezes mennyezeti rendszerek a jobb vizu\u00e1lis hat\u00e1s \u00e9rdek\u00e9ben z\u00f6kken\u0151mentesen be\u00e9p\u00edthet\u0151k a terel\u0151lemezek k\u00f6z\u00f6tti line\u00e1ris l\u00e1mp\u00e1k, spotl\u00e1mp\u00e1k vagy LED-cs\u00edkok.\n<\/p>\n<p><\/p>\n<p><b>8.K\u00f6nnyen telep\u00edthet\u0151 \u00e9s karbantarthat\u00f3ak-e az U alak\u00fa terel\u0151lemezes mennyezeti rendszerek?<\/b><\/p>\n<p>Igen, a modul\u00e1ris fel\u00e9p\u00edt\u00e9s lehet\u0151v\u00e9 teszi a gyors telep\u00edt\u00e9st \u00e9s a mechanikus \u00e9s elektromos rendszerekhez val\u00f3 k\u00e9nyelmes hozz\u00e1f\u00e9r\u00e9st karbantart\u00e1s c\u00e9lj\u00e1b\u00f3l.\n<\/p>\n<p><\/p>\n<p><b>9.Milyen kivitelek \u00e1llnak rendelkez\u00e9sre az U alak\u00fa terel\u0151lemezek sz\u00e1m\u00e1ra?<\/b><\/p>\n<p>A kivitelek k\u00f6z\u00e9 tartozik a porfest\u00e9s, az elox\u00e1l\u00e1s, a faanyag, a matt text\u00far\u00e1k \u00e9s az egyedi RAL-sz\u00ednek, amelyek megfelelnek a k\u00fcl\u00f6nb\u00f6z\u0151 tervez\u00e9si st\u00edlusoknak.\n<\/p>\n<p><\/p>\n<p><b>10.K\u00f6rnyezetbar\u00e1t-e az U alak\u00fa terel\u0151lemezes mennyezeti rendszer?<\/b><\/p>\n<p>Igen, az U-alak\u00fa terel\u0151lemezek \u00fajrahasznos\u00edthat\u00f3 alum\u00edniumb\u00f3l k\u00e9sz\u00fclnek, \u00e9s hozz\u00e1j\u00e1rulnak a fenntarthat\u00f3 \u00e9s k\u00f6rnyezetbar\u00e1t \u00e9p\u00edt\u00e9si gyakorlatokhoz.\n<\/p>\n<p><\/p>","protected":false},"featured_media":3587,"template":"","categories":[51],"class_list":["post-3584","product","type-product","status-publish","has-post-thumbnail","hentry","category-baffle-ceiling-systems"],"meta_box":{"hilight_text_group":{"product_hilight_text":"A decorative curtain type ceiing, able to adjust the visual heightof a house, and can hide all the pipelines and other facilities inthe bottor of the building, and can also lead sunlight or lamplightIt enables an open field of vision, good ventilation and air flow,the connection lines are bright and neat, with clear levels,reflecting the concise modern style, simple and convenient ininstallation assembly and dis-assembly, has become the mainpopular product on decoration market .","product_tu_tu":"<img width=\"320\" height=\"210\" src=\"https:\/\/sinoextrud.com\/wp-content\/uploads\/U-Shaped-Baffle-Ceiling-System-xg.webp\" alt=\"U-Shaped Baffle Ceiling System\" title=\"U-Shaped Baffle Ceiling System\">","product_chanpin_chanpin":"<li><a href=\"https:\/\/sinoextrud.com\/product\/pyramid-open-cell-ceiling-system\/\" target=\"_blank\">Pyramid Open Cell Ceiling System<\/a><\/li>\r\n<li><a href=\"https:\/\/sinoextrud.com\/product\/clip-type-screen-ceiling-system\/\" target=\"_blank\">Clip Type Screen Ceiling System<\/a><\/li>\r\n<li><a href=\"https:\/\/sinoextrud.com\/product\/hook-type-sereen-ceiling-system\/\" target=\"_blank\">Hook Type Sereen Ceiling System<\/a><\/li>\r\n<li><a href=\"https:\/\/sinoextrud.com\/product\/vertical-type-screen-ceiling-system\/\" target=\"_blank\">Vertical Type Screen Ceiling System<\/a><\/li>\r\n<li><a href=\"https:\/\/sinoextrud.com\/product\/u-shaped-baffle-ceiling-system\/\" target=\"_blank\">U-Shaped Baffle Ceiling System<\/a><\/li>\r\n<li><a href=\"https:\/\/sinoextrud.com\/product\/special-shaped-baffle-ceiling-system\/\" target=\"_blank\">Special Shaped Baffle Ceiling System<\/a><\/li>\r\n<li><a href=\"https:\/\/sinoextrud.com\/product\/o-shape-baffle-ceiling-system\/\" target=\"_blank\">O-shape Baffle Ceiling System<\/a><\/li>\r\n<li><a href=\"https:\/\/sinoextrud.com\/product\/bullet-shaped-baffle-ceiling-system\/\" target=\"_blank\">Bullet-shaped Baffle Ceiling System<\/a><\/li>\r\n<li><a href=\"https:\/\/sinoextrud.com\/product\/v-shape-baffle-ceiling-system\/\" target=\"_blank\">V-shape Baffle Ceiling System<\/a><\/li>\r\n<li><a href=\"https:\/\/sinoextrud.com\/product\/aluminium-shop-front-extrusions\/\" target=\"_blank\">Aluminium Shop Front Extrusions<\/a><\/li>\r\n<li><a href=\"https:\/\/sinoextrud.com\/product\/wide-aluminum-extrusions\/\" target=\"_blank\">Wide Aluminum Extrusions<\/a><\/li>"},"feature_list":[]},"_links":{"self":[{"href":"https:\/\/sinoextrud.com\/hu\/wp-json\/wp\/v2\/product\/3584","targetHints":{"allow":["GET"]}}],"collection":[{"href":"https:\/\/sinoextrud.com\/hu\/wp-json\/wp\/v2\/product"}],"about":[{"href":"https:\/\/sinoextrud.com\/hu\/wp-json\/wp\/v2\/types\/product"}],"wp:featuredmedia":[{"embeddable":true,"href":"https:\/\/sinoextrud.com\/hu\/wp-json\/wp\/v2\/media\/3587"}],"wp:attachment":[{"href":"https:\/\/sinoextrud.com\/hu\/wp-json\/wp\/v2\/media?parent=3584"}],"wp:term":[{"taxonomy":"category","embeddable":true,"href":"https:\/\/sinoextrud.com\/hu\/wp-json\/wp\/v2\/categories?post=3584"}],"curies":[{"name":"wp","href":"https:\/\/api.w.org\/{rel}","templated":true}]}}