{"id":3489,"date":"2025-04-26T07:24:52","date_gmt":"2025-04-26T07:24:52","guid":{"rendered":"https:\/\/sinoextrud.com\/?post_type=product&#038;p=3489"},"modified":"2025-06-24T03:51:14","modified_gmt":"2025-06-24T03:51:14","slug":"aluminium-mennyezeti-rendszer","status":"publish","type":"product","link":"https:\/\/sinoextrud.com\/hu\/product\/aluminum-ceiling-system\/","title":{"rendered":"Alum\u00ednium mennyezeti rendszer"},"content":{"rendered":"<h2>STANDARD M\u00c9RET<\/h2>\n<p><img decoding=\"async\" src=\"https:\/\/sinoextrud.com\/wp-content\/uploads\/Aluminum-Ceiling-System-gg1.webp\" alt=\"Alum\u00ednium mennyezeti rendszer\"  \/><br \/>\n<img decoding=\"async\" src=\"https:\/\/sinoextrud.com\/wp-content\/uploads\/Aluminum-Ceiling-System-gg2.webp\" alt=\"Alum\u00ednium mennyezeti rendszer\"  \/><br \/>\n<img decoding=\"async\" src=\"https:\/\/sinoextrud.com\/wp-content\/uploads\/Aluminum-Ceiling-System-gg3.webp\" alt=\"Alum\u00ednium mennyezeti rendszer\"  \/><br \/>\n<img decoding=\"async\" src=\"https:\/\/sinoextrud.com\/wp-content\/uploads\/Aluminum-Ceiling-System-gg4.webp\" alt=\"Alum\u00ednium mennyezeti rendszer\"  \/><br \/>\n<img decoding=\"async\" src=\"https:\/\/sinoextrud.com\/wp-content\/uploads\/Aluminum-Ceiling-System-gg5.webp\" alt=\"Alum\u00ednium mennyezeti rendszer\"  \/><\/p>\n<h2>Termel\u00e9si folyamat<\/h2>\n<p><img decoding=\"async\" src=\"\/wp-content\/uploads\/zzlc01.webp\" alt=\"Termel\u00e9si folyamat\"  \/><br \/>\n<img decoding=\"async\" src=\"\/wp-content\/uploads\/zzlc02.webp\" alt=\"Termel\u00e9si folyamat\"  \/><br \/>\n<img decoding=\"async\" src=\"\/wp-content\/uploads\/zzlc03.webp\" alt=\"Termel\u00e9si folyamat\"  \/><br \/>\n<img decoding=\"async\" src=\"\/wp-content\/uploads\/zzlc04.webp\" alt=\"Termel\u00e9si folyamat\"  \/><\/p>\n<h2>GYIK<\/h2>\n<p><b>1.Mi az alum\u00ednium mennyezeti rendszer?<\/b><\/p>\n<p>Az alum\u00ednium mennyezeti rendszer egy k\u00f6nny\u0171 alum\u00ednium panelekb\u0151l k\u00e9sz\u00fclt \u00e1lmennyezeti megold\u00e1s, amelyet tart\u00f3ss\u00e1g, eszt\u00e9tikum, akusztikai teljes\u00edtm\u00e9ny \u00e9s k\u00f6nny\u0171 felszerelhet\u0151s\u00e9g c\u00e9lj\u00e1b\u00f3l terveztek k\u00fcl\u00f6nb\u00f6z\u0151 bels\u0151 \u00e9s k\u00fcls\u0151 terekben.\n<\/p>\n<p><\/p>\n<p><b>2.Mik az alum\u00ednium mennyezeti rendszerek el\u0151nyei?<\/b><\/p>\n<p>Az alum\u00ednium mennyezeti rendszerek kiv\u00e1l\u00f3 korr\u00f3zi\u00f3\u00e1ll\u00f3s\u00e1got, t\u0171zbiztons\u00e1got, alacsony karbantart\u00e1st, hossz\u00fa \u00e9lettartamot \u00e9s modern l\u00e1tv\u00e1nyt ny\u00fajtanak, \u00edgy ide\u00e1lisak kereskedelmi \u00e9s nyilv\u00e1nos terekbe.\n<\/p>\n<p><\/p>\n<p><b>3.Hol haszn\u00e1lj\u00e1k \u00e1ltal\u00e1ban az alum\u00ednium mennyezeti rendszereket?<\/b><\/p>\n<p>Az alum\u00ednium mennyezeti rendszereket sokoldal\u00fas\u00e1guk \u00e9s funkcion\u00e1lis el\u0151nyeik miatt sz\u00e9les k\u00f6rben haszn\u00e1lj\u00e1k rep\u00fcl\u0151tereken, irod\u00e1kban, k\u00f3rh\u00e1zakban, iskol\u00e1kban, bev\u00e1s\u00e1rl\u00f3k\u00f6zpontokban, metr\u00f3\u00e1llom\u00e1sokon \u00e9s k\u00f6z\u00e9p\u00fcletekben.\n<\/p>\n<p><\/p>\n<p><b>4.Hogyan jav\u00edtja az alum\u00ednium mennyezeti rendszer az \u00e9p\u00fclet teljes\u00edtm\u00e9ny\u00e9t?<\/b><\/p>\n<p>Az alum\u00ednium mennyezeti rendszerek jav\u00edtj\u00e1k az akusztikai szab\u00e1lyoz\u00e1st, a szell\u0151z\u00e9s integr\u00e1l\u00e1s\u00e1t, a h\u0151teljes\u00edtm\u00e9nyt, \u00e9s hozz\u00e1j\u00e1rulnak a tiszta, rendezetlen bels\u0151\u00e9p\u00edt\u00e9szethez.\n<\/p>\n<p><\/p>\n<p><b>5.Milyen t\u00edpus\u00fa alum\u00ednium mennyezeti rendszerek \u00e1llnak rendelkez\u00e9sre?<\/b><\/p>\n<p>A leggyakoribb t\u00edpusok k\u00f6z\u00e9 tartoznak a line\u00e1ris mennyezetek, a nyitott cell\u00e1s mennyezetek, a terel\u0151lemezes mennyezetek, a klipszes mennyezetek, a fektethet\u0151 mennyezetek \u00e9s az egyedi \u00e9p\u00edt\u00e9szeti ig\u00e9nyeknek megfelel\u0151, egyedi form\u00e1j\u00fa rendszerek.\n<\/p>\n<p><\/p>\n<p><b>6.Az alum\u00ednium mennyezeti rendszerek testre szabhat\u00f3k?<\/b><\/p>\n<p>Igen, az alum\u00ednium mennyezetek testre szabhat\u00f3k a panel m\u00e9rete, alakja, perfor\u00e1ci\u00f3s mint\u00e1zata, fel\u00fcletkezel\u00e9se \u00e9s sz\u00edne a projekttervez\u00e9si el\u0151\u00edr\u00e1soknak megfelel\u0151en.\n<\/p>\n<p><\/p>\n<p><b>7.Lehets\u00e9ges a vil\u00e1g\u00edt\u00e1s integr\u00e1l\u00e1sa alum\u00ednium mennyezeti rendszerekkel?<\/b><\/p>\n<p>Az alum\u00ednium mennyezeti rendszerek abszol\u00fat k\u00e9pesek s\u00fcllyesztett vil\u00e1g\u00edt\u00e1s, line\u00e1ris l\u00e1mpatestek, spotl\u00e1mp\u00e1k \u00e9s HVAC-elemek be\u00e9p\u00edt\u00e9s\u00e9re a z\u00f6kken\u0151mentes funkcion\u00e1lis integr\u00e1ci\u00f3 \u00e9rdek\u00e9ben.\n<\/p>\n<p><\/p>\n<p><b>8.Az alum\u00ednium mennyezeti rendszerek k\u00f6nnyen telep\u00edthet\u0151k \u00e9s karbantarthat\u00f3k?<\/b><\/p>\n<p>Igen, ezek a rendszerek modul\u00e1ris fel\u00e9p\u00edt\u00e9s\u0171ek, amelyek lehet\u0151v\u00e9 teszik a gyors telep\u00edt\u00e9st, a fels\u0151vezet\u00e9k-szolg\u00e1ltat\u00e1sokhoz val\u00f3 k\u00f6nny\u0171 hozz\u00e1f\u00e9r\u00e9st \u00e9s a minim\u00e1lis hossz\u00fa t\u00e1v\u00fa karbantart\u00e1st.\n<\/p>\n<p><\/p>\n<p><b>9.Milyen fel\u00fcletek \u00e1llnak rendelkez\u00e9sre az alum\u00ednium mennyezeti rendszerekhez?<\/b><\/p>\n<p>A kivitelek k\u00f6z\u00e9 tartozik a porsz\u00f3r\u00e1s, az elox\u00e1l\u00e1s, a faanyag, a csiszolt f\u00e9m \u00e9s az egyedi RAL-sz\u00ednek a k\u00fcl\u00f6nb\u00f6z\u0151 eszt\u00e9tikai lehet\u0151s\u00e9gek \u00e9rdek\u00e9ben.\n<\/p>\n<p><\/p>\n<p><b>10.Az alum\u00ednium mennyezeti rendszer k\u00f6rnyezetbar\u00e1t?<\/b><\/p>\n<p>Igen, az alum\u00ednium mennyezeti rendszerek \u00fajrahasznos\u00edthat\u00f3 anyagokb\u00f3l k\u00e9sz\u00fclnek, t\u00e1mogatva a k\u00f6rnyezetbar\u00e1t \u00e9p\u00edt\u00e9si gyakorlatokat \u00e9s hozz\u00e1j\u00e1rulva a z\u00f6ld \u00e9p\u00fcletek tan\u00fas\u00edt\u00e1s\u00e1hoz.\n<\/p>\n<p><\/p>","protected":false},"featured_media":3492,"template":"","categories":[47],"class_list":["post-3489","product","type-product","status-publish","has-post-thumbnail","hentry","category-tile-ceiling-systems"],"meta_box":{"hilight_text_group":{"product_hilight_text":"<ul>\r\r\n  <li>High-strength aluminum alloy material, durable and corrosion-resistant, suitable for various commercial and industrial environments.<\/li>\r\r\n  <li>Lightweight design, easy installation, reducing labor time and cost.<\/li>\r\r\n  <li>Variety of design styles and color options to meet different decoration needs.<\/li>\r\r\n  <li>Excellent acoustic performance, providing better indoor sound quality.<\/li>\r\r\n  <li>Easy to clean and maintain, requiring minimal replacement over time.<\/li>\r\r\n  <li>Environmentally friendly materials, compliant with green building standards, supporting sustainable development.<\/li>\r\r\n<\/ul>","product_tu_tu":"<img width=\"320\" height=\"210\" src=\"https:\/\/sinoextrud.com\/wp-content\/uploads\/Aluminum-Ceiling-System-xg.webp\" alt=\"Aluminum Ceiling System\" title=\"Aluminum Ceiling System\">","product_chanpin_chanpin":"<li><a href=\"https:\/\/sinoextrud.com\/product\/deep-type-combination-ceiling-system\/\" target=\"_blank\">Deep-type Combination Ceiling System<\/a><\/li>\r\n<li><a href=\"https:\/\/sinoextrud.com\/product\/composite-panel-ceiling-system\/\" target=\"_blank\">Composite Panel Ceiling System<\/a><\/li>\r\n<li><a href=\"https:\/\/sinoextrud.com\/product\/hook-on-tile-ceiling-system\/\" target=\"_blank\">Hook-On Tile Ceiling System<\/a><\/li>\r\n<li><a href=\"https:\/\/sinoextrud.com\/product\/perforation-aluminum-ceiling-system\/\" target=\"_blank\">Perforation Aluminum Ceiling System<\/a><\/li>\r\n<li><a href=\"https:\/\/sinoextrud.com\/product\/aluminum-ceiling-system\/\" target=\"_blank\">Aluminum Ceiling System<\/a><\/li>\r\n<li><a href=\"https:\/\/sinoextrud.com\/product\/c-shaped-closed-linear-ceiling-system\/\" target=\"_blank\">C-Shaped Closed Linear Ceiling System<\/a><\/li>\r\n<li><a href=\"https:\/\/sinoextrud.com\/product\/c-shaped-wind-resistant-linear-ceiling-system\/\" target=\"_blank\">C-Shaped Wind-Resistant Linear Ceiling System<\/a><\/li>\r\n<li><a href=\"https:\/\/sinoextrud.com\/product\/h-shaped-closed-linear-ceiling-system\/\" target=\"_blank\">H-Shaped Closed Linear Ceiling System<\/a><\/li>\r\n<li><a href=\"https:\/\/sinoextrud.com\/product\/g-shaped-linear-ceiling-system\/\" target=\"_blank\">G-Shaped Linear Ceiling System<\/a><\/li>\r\n<li><a href=\"https:\/\/sinoextrud.com\/product\/aluminum-frame-for-solar-panel-and-light-box\/\" target=\"_blank\">Aluminum Frame For Solar Panel And Light-Box<\/a><\/li>\r\n<li><a href=\"https:\/\/sinoextrud.com\/product\/aluminium-profile-extrusion\/\" target=\"_blank\">Aluminium Profile Extrusion<\/a><\/li>"},"feature_list":[]},"_links":{"self":[{"href":"https:\/\/sinoextrud.com\/hu\/wp-json\/wp\/v2\/product\/3489","targetHints":{"allow":["GET"]}}],"collection":[{"href":"https:\/\/sinoextrud.com\/hu\/wp-json\/wp\/v2\/product"}],"about":[{"href":"https:\/\/sinoextrud.com\/hu\/wp-json\/wp\/v2\/types\/product"}],"wp:featuredmedia":[{"embeddable":true,"href":"https:\/\/sinoextrud.com\/hu\/wp-json\/wp\/v2\/media\/3492"}],"wp:attachment":[{"href":"https:\/\/sinoextrud.com\/hu\/wp-json\/wp\/v2\/media?parent=3489"}],"wp:term":[{"taxonomy":"category","embeddable":true,"href":"https:\/\/sinoextrud.com\/hu\/wp-json\/wp\/v2\/categories?post=3489"}],"curies":[{"name":"wp","href":"https:\/\/api.w.org\/{rel}","templated":true}]}}