{"id":3444,"date":"2025-04-26T02:42:47","date_gmt":"2025-04-26T02:42:47","guid":{"rendered":"https:\/\/sinoextrud.com\/?post_type=product&#038;p=3444"},"modified":"2025-06-24T03:50:54","modified_gmt":"2025-06-24T03:50:54","slug":"az-uj-perforalt-mennyezeti-rendszer","status":"publish","type":"product","link":"https:\/\/sinoextrud.com\/hu\/product\/the-new-perforated-ceiling-system\/","title":{"rendered":"Az \u00faj perfor\u00e1lt mennyezeti rendszer"},"content":{"rendered":"<h2>STANDARD M\u00c9RET<\/h2>\n<p><img loading=\"lazy\" decoding=\"async\" src=\"https:\/\/sinoextrud.com\/wp-content\/uploads\/The-New-Perforated-Ceiling-System-gg2.webp\" alt=\"Az \u00faj perfor\u00e1lt mennyezeti rendszer\" width=\"611\" height=\"355\" class=\"size-full wp-image-3448\" srcset=\"https:\/\/sinoextrud.com\/wp-content\/uploads\/The-New-Perforated-Ceiling-System-gg2.webp 611w, https:\/\/sinoextrud.com\/wp-content\/uploads\/The-New-Perforated-Ceiling-System-gg2-18x10.webp 18w, https:\/\/sinoextrud.com\/wp-content\/uploads\/The-New-Perforated-Ceiling-System-gg2-600x349.webp 600w\" sizes=\"auto, (max-width: 611px) 100vw, 611px\" \/><br \/>\n<img loading=\"lazy\" decoding=\"async\" src=\"https:\/\/sinoextrud.com\/wp-content\/uploads\/The-New-Perforated-Ceiling-System-gg1.webp\" alt=\"Az \u00faj perfor\u00e1lt mennyezeti rendszer\" width=\"615\" height=\"768\" class=\"size-full wp-image-3447\" srcset=\"https:\/\/sinoextrud.com\/wp-content\/uploads\/The-New-Perforated-Ceiling-System-gg1.webp 615w, https:\/\/sinoextrud.com\/wp-content\/uploads\/The-New-Perforated-Ceiling-System-gg1-10x12.webp 10w, https:\/\/sinoextrud.com\/wp-content\/uploads\/The-New-Perforated-Ceiling-System-gg1-600x749.webp 600w\" sizes=\"auto, (max-width: 615px) 100vw, 615px\" \/> <\/p>\n<h2>Termel\u00e9si folyamat<\/h2>\n<p><img decoding=\"async\" src=\"\/wp-content\/uploads\/zzlc01.webp\" alt=\"Termel\u00e9si folyamat\"  \/><br \/>\n<img decoding=\"async\" src=\"\/wp-content\/uploads\/zzlc02.webp\" alt=\"Termel\u00e9si folyamat\"  \/><br \/>\n<img decoding=\"async\" src=\"\/wp-content\/uploads\/zzlc03.webp\" alt=\"Termel\u00e9si folyamat\"  \/><br \/>\n<img decoding=\"async\" src=\"\/wp-content\/uploads\/zzlc04.webp\" alt=\"Termel\u00e9si folyamat\"  \/><\/p>\n<h2>GYIK<\/h2>\n<p><b>1.Mi az \u00faj perfor\u00e1lt mennyezeti rendszer?<\/b><\/p>\n<p>Az \u00faj perfor\u00e1lt mennyezeti rendszer egy fejlett f\u00e9m mennyezeti megold\u00e1s, amely modern perfor\u00e1ci\u00f3s mint\u00e1kkal rendelkezik, \u00e9s amelynek c\u00e9lja az akusztika, a l\u00e9g\u00e1raml\u00e1s \u00e9s az eszt\u00e9tikai megjelen\u00e9s jav\u00edt\u00e1sa kereskedelmi \u00e9s nyilv\u00e1nos bels\u0151 terekben.\n<\/p>\n<p><\/p>\n<p><b>2.Milyen el\u0151nyei vannak az \u00faj perfor\u00e1lt mennyezeti rendszernek?<\/b><\/p>\n<p>Az \u00faj perfor\u00e1lt mennyezeti rendszer kiv\u00e1l\u00f3 hangelnyel\u00e9st, jobb szell\u0151z\u00e9st, modern tervez\u00e9si rugalmass\u00e1got, valamint a vil\u00e1g\u00edt\u00e1si \u00e9s HVAC-rendszerekkel val\u00f3 z\u00f6kken\u0151mentes integr\u00e1ci\u00f3t k\u00edn\u00e1l.\n<\/p>\n<p><\/p>\n<p><b>3.Hol haszn\u00e1lj\u00e1k \u00e1ltal\u00e1ban az \u00faj perfor\u00e1lt mennyezeti rendszert?<\/b><\/p>\n<p>Ezt a rendszert sz\u00e9les k\u00f6rben haszn\u00e1lj\u00e1k rep\u00fcl\u0151tereken, irod\u00e1kban, k\u00f3rh\u00e1zakban, iskol\u00e1kban, bev\u00e1s\u00e1rl\u00f3k\u00f6zpontokban \u00e9s k\u00f6zleked\u00e9si csom\u00f3pontokban, ahol akusztikai teljes\u00edtm\u00e9nyre \u00e9s vizu\u00e1lis hat\u00e1sra van sz\u00fcks\u00e9g.\n<\/p>\n<p><\/p>\n<p><b>4.Hogyan jav\u00edtja az \u00faj perfor\u00e1lt kialak\u00edt\u00e1s az akusztikai teljes\u00edtm\u00e9nyt?<\/b><\/p>\n<p>A prec\u00edzi\u00f3s perfor\u00e1ci\u00f3k lehet\u0151v\u00e9 teszik, hogy a hanghull\u00e1mok \u00e1thaladjanak a panelek m\u00f6g\u00f6tti hangszigetel\u00e9sen, hat\u00e9konyan cs\u00f6kkentve a visszhangot \u00e9s jav\u00edtva a hang tisztas\u00e1g\u00e1t nagy terekben.\n<\/p>\n<p><\/p>\n<p><b>5.Milyen anyagokat haszn\u00e1lnak az \u00faj perfor\u00e1lt mennyezeti rendszerben?<\/b><\/p>\n<p>A rendszer jellemz\u0151en kiv\u00e1l\u00f3 min\u0151s\u00e9g\u0171 alum\u00edniumb\u00f3l vagy horganyzott ac\u00e9lb\u00f3l k\u00e9sz\u00fcl, amely tart\u00f3ss\u00e1got, k\u00f6nny\u0171 szil\u00e1rds\u00e1got \u00e9s korr\u00f3zi\u00f3\u00e1ll\u00f3s\u00e1got biztos\u00edt.\n<\/p>\n<p><\/p>\n<p><b>6.Lehet-e testre szabni az \u00faj perfor\u00e1lt mennyezeti rendszert?<\/b><\/p>\n<p>Igen, a perfor\u00e1ci\u00f3s mint\u00e1k, a lyukm\u00e9retek, a panelm\u00e9retek, a sz\u00ednek \u00e9s a fel\u00fcletek teljes m\u00e9rt\u00e9kben testre szabhat\u00f3k, hogy megfeleljenek az egyedi \u00e9p\u00edt\u00e9szeti \u00e9s akusztikai k\u00f6vetelm\u00e9nyeknek.\n<\/p>\n<p><\/p>\n<p><b>7.Lehets\u00e9ges-e a vil\u00e1g\u00edt\u00e1s integr\u00e1l\u00e1sa az \u00faj perfor\u00e1lt mennyezeti rendszerrel?<\/b><\/p>\n<p>Term\u00e9szetesen a rendszer t\u00e1mogatja a s\u00fcllyesztett vil\u00e1g\u00edt\u00e1s, a LED-szalagok \u00e9s a mennyezetre szerelt l\u00e1mpatestek integr\u00e1l\u00e1s\u00e1t an\u00e9lk\u00fcl, hogy a vizu\u00e1lis konzisztencia megszakadna.\n<\/p>\n<p><\/p>\n<p><b>8.Az \u00faj perfor\u00e1lt mennyezeti rendszerek k\u00f6nnyen telep\u00edthet\u0151k \u00e9s karbantarthat\u00f3k?<\/b><\/p>\n<p>Igen, ezek a mennyezetek modul\u00e1ris paneleket \u00e9s rejtett r\u00e1csokat haszn\u00e1lnak a gyors telep\u00edt\u00e9s \u00e9s a fels\u0151vezet\u00e9k-szolg\u00e1ltat\u00e1sokhoz \u00e9s karbantart\u00e1shoz val\u00f3 k\u00f6nny\u0171 hozz\u00e1f\u00e9r\u00e9s \u00e9rdek\u00e9ben.\n<\/p>\n<p><\/p>\n<p><b>9.Milyen kivitelek \u00e1llnak rendelkez\u00e9sre az \u00faj perfor\u00e1lt mennyezeti rendszerhez?<\/b><\/p>\n<p>A rendelkez\u00e9sre \u00e1ll\u00f3 kivitelek k\u00f6z\u00f6tt szerepel a porfest\u00e9s, elox\u00e1l\u00e1s, csiszolt f\u00e9m, faanyag \u00e9s egyedi RAL-sz\u00ednek a k\u00fcl\u00f6nb\u00f6z\u0151 bels\u0151\u00e9p\u00edt\u00e9szeti t\u00e9m\u00e1khoz val\u00f3 illeszked\u00e9shez.\n<\/p>\n<p><\/p>\n<p><b>10.K\u00f6rnyezetbar\u00e1t-e az \u00faj perfor\u00e1lt mennyezeti rendszer?<\/b><\/p>\n<p>Igen, az \u00fajrahasznos\u00edthat\u00f3 anyagokb\u00f3l, p\u00e9ld\u00e1ul alum\u00edniumb\u00f3l k\u00e9sz\u00fclt rendszer t\u00e1mogatja a fenntarthat\u00f3 \u00e9p\u00edt\u00e9si gyakorlatokat, \u00e9s megfelel a z\u00f6ld \u00e9p\u00fcletek tan\u00fas\u00edt\u00e1si k\u00f6vetelm\u00e9nyeinek.\n<\/p>\n<p><\/p>","protected":false},"featured_media":3449,"template":"","categories":[47],"class_list":["post-3444","product","type-product","status-publish","has-post-thumbnail","hentry","category-tile-ceiling-systems"],"meta_box":{"hilight_text_group":{"product_hilight_text":"<ul>\r\r\n<li>Superior Acoustics\uff1aNRC 0.9 rated for optimal noise control in open offices and busy spaces.<\/li>\r\r\n<li>Seamless HVAC Integration\uff1aPrecision perforations enable unobstructed airflow, reducing ventilation costs.<\/li>\r\r\n<li>Modern Aesthetic Appeal\uff1aSleek, customizable designs elevate corporate and commercial interiors.<\/li>\r\r\n<li>Quick Installation\uff1aModular click-in system saves 40% labor time vs traditional ceilings.<\/li>\r\r\n<li>Fire & Safety Compliant\uff1aClass A fire-rated with optional antimicrobial treatments for healthcare\/education.<\/li>\r\r\n<li>Eco-Friendly Choice\uff1aMade with 70% recycled materials, contributes to LEED certification.<\/li>\r\r\n<li>Lighting-Ready Design\uff1aPre-configured for effortless LED panel or spotlight integration.<\/li>\r\r\n<li>Low Maintenance\uff1aDurable materials resist stains and warping - wipe-clean surface.<\/li>\r\r\n<li>Ideal for: Offices | Hotels | Schools | Healthcare | Retail.<\/li>\r\r\n<li>Need volume pricing? Contact our project team today.<\/li>\r\r\n<\/ul>","product_tu_tu":"<img width=\"320\" height=\"210\" src=\"https:\/\/sinoextrud.com\/wp-content\/uploads\/The-New-Perforated-Ceiling-System-xg.webp\" alt=\"The New Perforated Ceiling System\" title=\"The New Perforated Ceiling System\">","product_chanpin_chanpin":"<li><a href=\"https:\/\/sinoextrud.com\/product\/the-hexagonal-type-ceiling-system\/\" target=\"_blank\">The Hexagonal Type Ceiling System (Hexagonal Ceiling)<\/a><\/li>\r\n<li><a href=\"https:\/\/sinoextrud.com\/product\/diamond-type-ceiling-system\/\" target=\"_blank\">Diamond Type Ceiling System (Diamond plate Ceiling Tiles)<\/a><\/li>\r\n<li><a href=\"https:\/\/sinoextrud.com\/product\/trapezoidal-type-ceiling-system\/\" target=\"_blank\">Trapezoidal Type Ceiling System<\/a><\/li>\r\n<li><a href=\"https:\/\/sinoextrud.com\/product\/shaped-tile-ceiling-system\/\" target=\"_blank\">Shaped Tile Ceiling System<\/a><\/li>\r\n<li><a href=\"https:\/\/sinoextrud.com\/product\/the-new-perforated-ceiling-system\/\" target=\"_blank\">The New Perforated Ceiling System<\/a><\/li>\r\n<li><a href=\"https:\/\/sinoextrud.com\/product\/800-800mm-clip-in-ceiling-system\/\" target=\"_blank\">800x800mm Clip-in Ceiling System<\/a><\/li>\r\n<li><a href=\"https:\/\/sinoextrud.com\/product\/combination-ceiling-system\/\" target=\"_blank\">Combination Ceiling System<\/a><\/li>\r\n<li><a href=\"https:\/\/sinoextrud.com\/product\/deep-type-combination-ceiling-system\/\" target=\"_blank\">Deep-type Combination Ceiling System<\/a><\/li>\r\n<li><a href=\"https:\/\/sinoextrud.com\/product\/composite-panel-ceiling-system\/\" target=\"_blank\">Composite Panel Ceiling System<\/a><\/li>\r\n<li><a href=\"https:\/\/sinoextrud.com\/product\/aluminum-u-profile-glass-railing\/\" target=\"_blank\">Aluminum U profile Glass Railing<\/a><\/li>\r\n<li><a href=\"https:\/\/sinoextrud.com\/product\/wood-finish-aluminum-tube\/\" target=\"_blank\">Wood Finish Aluminum Tube<\/a><\/li>"},"feature_list":[]},"_links":{"self":[{"href":"https:\/\/sinoextrud.com\/hu\/wp-json\/wp\/v2\/product\/3444","targetHints":{"allow":["GET"]}}],"collection":[{"href":"https:\/\/sinoextrud.com\/hu\/wp-json\/wp\/v2\/product"}],"about":[{"href":"https:\/\/sinoextrud.com\/hu\/wp-json\/wp\/v2\/types\/product"}],"wp:featuredmedia":[{"embeddable":true,"href":"https:\/\/sinoextrud.com\/hu\/wp-json\/wp\/v2\/media\/3449"}],"wp:attachment":[{"href":"https:\/\/sinoextrud.com\/hu\/wp-json\/wp\/v2\/media?parent=3444"}],"wp:term":[{"taxonomy":"category","embeddable":true,"href":"https:\/\/sinoextrud.com\/hu\/wp-json\/wp\/v2\/categories?post=3444"}],"curies":[{"name":"wp","href":"https:\/\/api.w.org\/{rel}","templated":true}]}}