{"id":3428,"date":"2025-04-26T02:09:09","date_gmt":"2025-04-26T02:09:09","guid":{"rendered":"https:\/\/sinoextrud.com\/?post_type=product&#038;p=3428"},"modified":"2025-06-24T03:50:49","modified_gmt":"2025-06-24T03:50:49","slug":"trapez-alaku-mennyezeti-rendszer","status":"publish","type":"product","link":"https:\/\/sinoextrud.com\/hu\/product\/trapezoidal-type-ceiling-system\/","title":{"rendered":"Trap\u00e9z t\u00edpus\u00fa mennyezeti rendszer"},"content":{"rendered":"<h2>STANDARD M\u00c9RET<\/h2>\n<p><img loading=\"lazy\" decoding=\"async\" src=\"https:\/\/sinoextrud.com\/wp-content\/uploads\/Trapezoidal-Type-Ceiling-System-gg.webp\" alt=\"Trap\u00e9z t\u00edpus\u00fa mennyezeti rendszer\" width=\"662\" height=\"356\" class=\"size-full wp-image-3433\" srcset=\"https:\/\/sinoextrud.com\/wp-content\/uploads\/Trapezoidal-Type-Ceiling-System-gg.webp 662w, https:\/\/sinoextrud.com\/wp-content\/uploads\/Trapezoidal-Type-Ceiling-System-gg-18x10.webp 18w, https:\/\/sinoextrud.com\/wp-content\/uploads\/Trapezoidal-Type-Ceiling-System-gg-600x323.webp 600w\" sizes=\"auto, (max-width: 662px) 100vw, 662px\" \/><\/p>\n<h2>Telep\u00edt\u00e9si diagram<\/h2>\n<p><img decoding=\"async\" src=\"https:\/\/sinoextrud.com\/wp-content\/uploads\/Trapezoidal-Type-Ceiling-System-anzhuang.webp\" alt=\"Trap\u00e9z t\u00edpus\u00fa mennyezeti rendszer\"  \/><\/p>\n<h2>Termel\u00e9si folyamat<\/h2>\n<p><img decoding=\"async\" src=\"\/wp-content\/uploads\/zzlc01.webp\" alt=\"Termel\u00e9si folyamat\"  \/><br \/>\n<img decoding=\"async\" src=\"\/wp-content\/uploads\/zzlc02.webp\" alt=\"Termel\u00e9si folyamat\"  \/><br \/>\n<img decoding=\"async\" src=\"\/wp-content\/uploads\/zzlc03.webp\" alt=\"Termel\u00e9si folyamat\"  \/><br \/>\n<img decoding=\"async\" src=\"\/wp-content\/uploads\/zzlc04.webp\" alt=\"Termel\u00e9si folyamat\"  \/><\/p>\n<h2>GYIK<\/h2>\n<p><b>1.Mi az a trap\u00e9z alak\u00fa mennyezeti rendszer?<\/b><\/p>\n<p>A trap\u00e9z alak\u00fa mennyezeti rendszer egy modern \u00e1lmennyezeti megold\u00e1s, amely trap\u00e9z alak\u00fa alum\u00ednium paneleket tartalmaz, \u00e9s mer\u00e9sz geometriai mint\u00e1k \u00e9s dimenzi\u00f3s mennyezeti hat\u00e1sok l\u00e9trehoz\u00e1s\u00e1ra szolg\u00e1l.\n<\/p>\n<p><\/p>\n<p><b>2.Milyen el\u0151nyei vannak a trap\u00e9z alak\u00fa mennyezeti rendszernek?<\/b><\/p>\n<p>A trap\u00e9z alak\u00fa mennyezeti rendszerek dinamikus vizu\u00e1lis hat\u00e1st, jobb t\u00e9rm\u00e9lys\u00e9get, akusztikai teljes\u00edtm\u00e9nyt \u00e9s rugalmas tervez\u00e9si lehet\u0151s\u00e9geket k\u00edn\u00e1lnak a kort\u00e1rs \u00e9p\u00edt\u00e9szeti bels\u0151 terek sz\u00e1m\u00e1ra.\n<\/p>\n<p><\/p>\n<p><b>3.Hol haszn\u00e1lj\u00e1k \u00e1ltal\u00e1ban a trap\u00e9z alak\u00fa mennyezeti rendszert?<\/b><\/p>\n<p>Ezeket a rendszereket \u00e1ltal\u00e1ban rep\u00fcl\u0151tereken, m\u00fazeumokban, kereskedelmi \u00e9p\u00fcletekben, ki\u00e1ll\u00edt\u00f3termekben \u00e9s k\u00f6zleked\u00e9si csom\u00f3pontokban haszn\u00e1lj\u00e1k a jellegzetes \u00e9s modern mennyezeti kialak\u00edt\u00e1s \u00e9rdek\u00e9ben.\n<\/p>\n<p><\/p>\n<p><b>4.Hogyan jav\u00edtja a trap\u00e9z alak a mennyezet eszt\u00e9tik\u00e1j\u00e1t?<\/b><\/p>\n<p>A trap\u00e9z alak\u00fa panelek sz\u00f6gletes kialak\u00edt\u00e1sa 3D-s mennyezeti hat\u00e1st kelt a f\u00e9ny \u00e9s az \u00e1rny\u00e9k j\u00e1t\u00e9k\u00e1val, text\u00far\u00e1t \u00e9s \u00e9p\u00edt\u00e9szeti \u00e9rdekess\u00e9get k\u00f6lcs\u00f6n\u00f6zve a nagy, nyitott tereknek.\n<\/p>\n<p><\/p>\n<p><b>5.Milyen anyagokat haszn\u00e1lnak a trap\u00e9z alak\u00fa mennyezeti rendszerekben?<\/b><\/p>\n<p>A trap\u00e9z alak\u00fa mennyezeti rendszerek jellemz\u0151en kiv\u00e1l\u00f3 min\u0151s\u00e9g\u0171 alum\u00edniumb\u00f3l vagy horganyzott ac\u00e9lb\u00f3l k\u00e9sz\u00fclnek, k\u00f6nny\u0171 tart\u00f3ss\u00e1got, korr\u00f3zi\u00f3\u00e1ll\u00f3s\u00e1got \u00e9s t\u0171zbiztons\u00e1got k\u00edn\u00e1lva.\n<\/p>\n<p><\/p>\n<p><b>6.Lehet-e a trap\u00e9z alak\u00fa mennyezeti rendszereket testre szabni?<\/b><\/p>\n<p>Igen, a panel m\u00e9rete, a trap\u00e9zsz\u00f6g, a perfor\u00e1ci\u00f3, a kivitel, a sz\u00edn \u00e9s az elrendez\u00e9s mind testre szabhat\u00f3, hogy megfeleljen az egyedi projekt- \u00e9s m\u00e1rka\u00e9p\u00edt\u00e9si k\u00f6vetelm\u00e9nyeknek.\n<\/p>\n<p><\/p>\n<p><b>7.Lehets\u00e9ges-e a vil\u00e1g\u00edt\u00e1s integr\u00e1l\u00e1sa a trap\u00e9zlemezes mennyezeti rendszerekkel?<\/b><\/p>\n<p>A trap\u00e9z alak\u00fa mennyezeti panelek term\u00e9szetesen integr\u00e1lt vil\u00e1g\u00edt\u00e1si rendszerekkel p\u00e1ros\u00edthat\u00f3k, bele\u00e9rtve a s\u00fcllyesztett LED-eket \u00e9s a line\u00e1ris l\u00e1mpatesteket, hogy kieg\u00e9sz\u00edts\u00e9k a geometriai elrendez\u00e9st.\n<\/p>\n<p><\/p>\n<p><b>8.K\u00f6nny\u0171-e a trap\u00e9z alak\u00fa mennyezeti rendszereket felszerelni \u00e9s karbantartani?<\/b><\/p>\n<p>Igen, a modul\u00e1ris fel\u00e9p\u00edt\u00e9s \u00e9s a prec\u00edz tervez\u00e9s biztos\u00edtja a gyors telep\u00edt\u00e9st, a k\u00f6nny\u0171 panelbe\u00e1ll\u00edt\u00e1sokat \u00e9s a k\u00e9nyelmes hozz\u00e1f\u00e9r\u00e9st a rendszer karbantart\u00e1s\u00e1hoz.\n<\/p>\n<p><\/p>\n<p><b>9.Milyen kivitelek \u00e1llnak rendelkez\u00e9sre a trap\u00e9z alak\u00fa mennyezeti rendszerekhez?<\/b><\/p>\n<p>A rendelkez\u00e9sre \u00e1ll\u00f3 kivitelek k\u00f6z\u00f6tt szerepel a porsz\u00f3r\u00e1s, az elox\u00e1l\u00e1s, a csiszolt alum\u00ednium, a fa szemcs\u00e9s text\u00far\u00e1k \u00e9s az egyedi RAL-sz\u00ednek a k\u00fcl\u00f6nb\u00f6z\u0151 bels\u0151 st\u00edlusokhoz.\n<\/p>\n<p><\/p>\n<p><b>10.A trap\u00e9z alak\u00fa mennyezeti rendszer k\u00f6rnyezetbar\u00e1t?<\/b><\/p>\n<p>Igen, az \u00fajrahasznos\u00edthat\u00f3 alum\u00edniumb\u00f3l k\u00e9sz\u00fclt trap\u00e9zlemezes mennyezeti rendszerek t\u00e1mogatj\u00e1k a k\u00f6rnyezetbar\u00e1t \u00e9p\u00edt\u00e9st, \u00e9s hozz\u00e1j\u00e1rulnak a z\u00f6ld \u00e9p\u00fcletek tan\u00fas\u00edt\u00e1s\u00e1hoz.\n<\/p>\n<p><\/p>","protected":false},"featured_media":3430,"template":"","categories":[47],"class_list":["post-3428","product","type-product","status-publish","has-post-thumbnail","hentry","category-tile-ceiling-systems"],"meta_box":{"hilight_text_group":{"product_hilight_text":"Trapezoidal Ceiling System \u2013 Key Business Benefits<br>\r\r\n\u2714 Fast Installation \u2013 Modular design saves time and labor costs<br>\r\r\n\u2714 Superior Acoustics \u2013 Reduces noise in offices, schools, and hospitals<br>\r\r\n\u2714 Sleek & Modern \u2013 Tapered edges enhance visual appeal\r\r\n\u2714 Easy Maintenance \u2013 Durable aluminum, long-lasting performance\r\r\n\u2714 Customizable \u2013 Multiple colors, finishes, and sizes available<br>\r\r\n\u2714 Eco-Friendly \u2013 Recyclable materials, supports green building standards<br>\r\r\nIdeal for commercial, retail, and institutional projects.<br>","product_tu_tu":"<img width=\"320\" height=\"210\" src=\"https:\/\/sinoextrud.com\/wp-content\/uploads\/Trapezoidal-Type-Ceiling-System-xiaoguo.webp\" alt=\"Trapezoidal Type Ceiling System\" title=\"Trapezoidal Type Ceiling System\">","product_chanpin_chanpin":"<li><a href=\"https:\/\/sinoextrud.com\/product\/clip-in-tile-ceiling-system\/\" target=\"_blank\">Clip-in Tile Ceiling System<\/a><\/li>\r\n<li><a href=\"https:\/\/sinoextrud.com\/product\/triangle-ceiling-system\/\" target=\"_blank\">Triangle Ceiling System (Triangle Ceiling)<\/a><\/li>\r\n<li><a href=\"https:\/\/sinoextrud.com\/product\/the-hexagonal-type-ceiling-system\/\" target=\"_blank\">The Hexagonal Type Ceiling System (Hexagonal Ceiling)<\/a><\/li>\r\n<li><a href=\"https:\/\/sinoextrud.com\/product\/diamond-type-ceiling-system\/\" target=\"_blank\">Diamond Type Ceiling System (Diamond plate Ceiling Tiles)<\/a><\/li>\r\n<li><a href=\"https:\/\/sinoextrud.com\/product\/trapezoidal-type-ceiling-system\/\" target=\"_blank\">Trapezoidal Type Ceiling System<\/a><\/li>\r\n<li><a href=\"https:\/\/sinoextrud.com\/product\/shaped-tile-ceiling-system\/\" target=\"_blank\">Shaped Tile Ceiling System<\/a><\/li>\r\n<li><a href=\"https:\/\/sinoextrud.com\/product\/the-new-perforated-ceiling-system\/\" target=\"_blank\">The New Perforated Ceiling System<\/a><\/li>\r\n<li><a href=\"https:\/\/sinoextrud.com\/product\/800-800mm-clip-in-ceiling-system\/\" target=\"_blank\">800x800mm Clip-in Ceiling System<\/a><\/li>\r\n<li><a href=\"https:\/\/sinoextrud.com\/product\/combination-ceiling-system\/\" target=\"_blank\">Combination Ceiling System<\/a><\/li>\r\n<li><a href=\"https:\/\/sinoextrud.com\/product\/aluminum-outdoor-enclose-heat-sinks\/\" target=\"_blank\">Aluminum outdoor enclose heat sinks<\/a><\/li>\r\n<li><a href=\"https:\/\/sinoextrud.com\/product\/customized-ome-aluminium-profile-extruded-with-the-anodized-black-champage-silver-white-and-blasted-treatment\/\" target=\"_blank\">Customized OME Aluminium Profile Extruded With The Anodized Black Champage Silver White And Blasted Treatment<\/a><\/li>"},"feature_list":[]},"_links":{"self":[{"href":"https:\/\/sinoextrud.com\/hu\/wp-json\/wp\/v2\/product\/3428","targetHints":{"allow":["GET"]}}],"collection":[{"href":"https:\/\/sinoextrud.com\/hu\/wp-json\/wp\/v2\/product"}],"about":[{"href":"https:\/\/sinoextrud.com\/hu\/wp-json\/wp\/v2\/types\/product"}],"wp:featuredmedia":[{"embeddable":true,"href":"https:\/\/sinoextrud.com\/hu\/wp-json\/wp\/v2\/media\/3430"}],"wp:attachment":[{"href":"https:\/\/sinoextrud.com\/hu\/wp-json\/wp\/v2\/media?parent=3428"}],"wp:term":[{"taxonomy":"category","embeddable":true,"href":"https:\/\/sinoextrud.com\/hu\/wp-json\/wp\/v2\/categories?post=3428"}],"curies":[{"name":"wp","href":"https:\/\/api.w.org\/{rel}","templated":true}]}}