{"id":3374,"date":"2025-04-25T08:22:14","date_gmt":"2025-04-25T08:22:14","guid":{"rendered":"https:\/\/sinoextrud.com\/?post_type=product&#038;p=3374"},"modified":"2025-06-24T03:50:38","modified_gmt":"2025-06-24T03:50:38","slug":"klipszes-csempe-mennyezeti-rendszer","status":"publish","type":"product","link":"https:\/\/sinoextrud.com\/hu\/product\/clip-in-tile-ceiling-system\/","title":{"rendered":"Clip-in csempe mennyezeti rendszer"},"content":{"rendered":"<h2>STANDARD M\u00c9RET<\/h2>\n<p>1: A nem szabv\u00e1nyos m\u00e9retek testre szabhat\u00f3k;<\/p>\n<p>2: A horganyzott vasb\u00f3l k\u00e9sz\u00fclt csempe testre szabhat\u00f3<\/p>\n<table class=\"custom-table\">\n<tr>\n<td class=\"label\">ltem<\/td>\n<td>M\u00e9ret<\/td>\n<td>Megjegyz\u00e9s<\/td>\n<\/tr>\n<tr>\n<td class=\"label\">TYPE1<\/td>\n<td>300x300mm<\/td>\n<td>Ferde,der\u00e9ksz\u00f6g\u0171<\/td>\n<\/tr>\n<tr>\n<td class=\"label\">TYPE2<\/td>\n<td>300x600mm<\/td>\n<td>Ferde, der\u00e9ksz\u00f6g\u0171<\/td>\n<\/tr>\n<tr>\n<td class=\"label\">TYPE3<\/td>\n<td>300x1200mm<\/td>\n<td>Ferde, der\u00e9ksz\u00f6g\u0171<\/td>\n<\/tr>\n<tr>\n<td class=\"label\">TYPE4<\/td>\n<td>400x400mm<\/td>\n<td>Ferde, der\u00e9ksz\u00f6g\u0171<\/td>\n<\/tr>\n<tr>\n<td class=\"label\">TYPE5<\/td>\n<td>500x500mm<\/td>\n<td>Bevel<\/td>\n<\/tr>\n<tr>\n<td class=\"label\">TYPE6<\/td>\n<td>500x1200mm<\/td>\n<td>der\u00e9ksz\u00f6g\u0171<\/td>\n<\/tr>\n<tr>\n<td class=\"label\">TYPE7<\/td>\n<td>600x600mm<\/td>\n<td>Ferde, der\u00e9ksz\u00f6g\u0171<\/td>\n<\/tr>\n<tr>\n<td class=\"label\">TYPE8<\/td>\n<td>600x1200mm<\/td>\n<td>Ferde,der\u00e9ksz\u00f6g\u0171<\/td>\n<\/tr>\n<tr>\n<td class=\"label\">TYPE9<\/td>\n<td>600x1800mm<\/td>\n<td>Bevel<\/td>\n<\/tr>\n<tr>\n<td class=\"label\">TYPE10<\/td>\n<td>800x800mm<\/td>\n<td>Bevel<\/td>\n<\/tr>\n<tr>\n<td class=\"label\">TYPE11<\/td>\n<td>800x1600mm<\/td>\n<td>Bevel<\/td>\n<\/tr>\n<\/table>\n<h2>Termel\u00e9si folyamat<\/h2>\n<p><img decoding=\"async\" src=\"\/wp-content\/uploads\/zzlc01.webp\" alt=\"Termel\u00e9si folyamat\"  \/><br \/>\n<img decoding=\"async\" src=\"\/wp-content\/uploads\/zzlc02.webp\" alt=\"Termel\u00e9si folyamat\"  \/><br \/>\n<img decoding=\"async\" src=\"\/wp-content\/uploads\/zzlc03.webp\" alt=\"Termel\u00e9si folyamat\"  \/><br \/>\n<img decoding=\"async\" src=\"\/wp-content\/uploads\/zzlc04.webp\" alt=\"Termel\u00e9si folyamat\"  \/><\/p>\n<h2>GYIK<\/h2>\n<p><b>1.Mi az a klipszes csempe mennyezeti rendszer?<\/b><\/p>\n<p>A cs\u00edptethet\u0151 csempe mennyezeti rendszer egy olyan \u00e1lmennyezeti kialak\u00edt\u00e1s, ahol a n\u00e9gyzet vagy t\u00e9glalap alak\u00fa lapok egy rejtett r\u00e1csba vannak beillesztve, tiszta, s\u00edk \u00e9s z\u00f6kken\u0151mentes mennyezeti megjelen\u00e9st biztos\u00edtva.\n<\/p>\n<p><\/p>\n<p><b>2.Milyen el\u0151nyei vannak a klipszes csempe mennyezeti rendszernek?<\/b><\/p>\n<p>A cs\u00edptethet\u0151 csemp\u00e9s mennyezeti rendszerek eleg\u00e1ns kivitel\u0171ek, k\u00f6nnyen felszerelhet\u0151k, kiv\u00e1l\u00f3 akusztikai teljes\u00edtm\u00e9nyt, t\u0171z\u00e1ll\u00f3s\u00e1got \u00e9s gyors hozz\u00e1f\u00e9r\u00e9st biztos\u00edtanak a mennyezeti k\u00f6zm\u0171vekhez karbantart\u00e1s c\u00e9lj\u00e1b\u00f3l.\n<\/p>\n<p><\/p>\n<p><b>3.Hol haszn\u00e1lj\u00e1k \u00e1ltal\u00e1ban a klipszes csempe mennyezeti rendszert?<\/b><\/p>\n<p>Ezt a rendszert sz\u00e9les k\u00f6rben haszn\u00e1lj\u00e1k irod\u00e1kban, rep\u00fcl\u0151tereken, k\u00f3rh\u00e1zakban, bev\u00e1s\u00e1rl\u00f3k\u00f6zpontokban, metr\u00f3\u00e1llom\u00e1sokon \u00e9s olyan kereskedelmi bels\u0151 terekben, amelyek modern \u00e9s professzion\u00e1lis mennyezeti megold\u00e1st ig\u00e9nyelnek.\n<\/p>\n<p><\/p>\n<p><b>4.Hogyan jav\u00edtja a mennyezeti teljes\u00edtm\u00e9nyt a klipszes mechanizmus?<\/b><\/p>\n<p>A cs\u00edptet\u0151rendszer biztos\u00edtja a panelek biztons\u00e1gos igaz\u00edt\u00e1s\u00e1t, minimaliz\u00e1lja a rezg\u00e9seket, \u00e9s lehet\u0151v\u00e9 teszi az egyes lapok egyszer\u0171, speci\u00e1lis szersz\u00e1mok n\u00e9lk\u00fcli elt\u00e1vol\u00edt\u00e1s\u00e1t.\n<\/p>\n<p><\/p>\n<p><b>5.Milyen anyagokat haszn\u00e1lnak a cs\u00edptet\u0151s mennyezeti rendszerekben?<\/b><\/p>\n<p>A klipszes mennyezeti lapok jellemz\u0151en kiv\u00e1l\u00f3 min\u0151s\u00e9g\u0171 alum\u00edniumb\u00f3l vagy horganyzott ac\u00e9lb\u00f3l k\u00e9sz\u00fclnek a tart\u00f3ss\u00e1g, a k\u00f6nny\u0171szerkezetes \u00e9p\u00edt\u00e9s \u00e9s a korr\u00f3zi\u00f3\u00e1ll\u00f3s\u00e1g \u00e9rdek\u00e9ben.\n<\/p>\n<p><\/p>\n<p><b>6.Lehet-e testre szabni a csempefed\u00e9ses mennyezeti rendszereket?<\/b><\/p>\n<p>Igen, a panelm\u00e9retek, a perfor\u00e1ci\u00f3s mint\u00e1k, a fel\u00fcleti text\u00far\u00e1k \u00e9s a sz\u00ednek teljes m\u00e9rt\u00e9kben testre szabhat\u00f3k, hogy megfeleljenek az egyedi tervez\u00e9si \u00e9s akusztikai ig\u00e9nyeknek.\n<\/p>\n<p><\/p>\n<p><b>7.Lehets\u00e9ges-e a vil\u00e1g\u00edt\u00e1s integr\u00e1l\u00e1sa a csipkeszer\u0171 csempe mennyezeti rendszerekkel?<\/b><\/p>\n<p>Az abszol\u00fat, klipszes csempe mennyezeti rendszerekbe s\u00fcllyesztett vil\u00e1g\u00edt\u00e1s, line\u00e1ris l\u00e1mpatestek, l\u00e9gdiff\u00fazorok \u00e9s egy\u00e9b mennyezetre szerelt elemek is be\u00e9p\u00edthet\u0151k.\n<\/p>\n<p><\/p>\n<p><b>8.K\u00f6nnyen telep\u00edthet\u0151 \u00e9s karbantarthat\u00f3ak-e a klipszes csempe mennyezeti rendszerek?<\/b><\/p>\n<p>Igen, a modul\u00e1ris kialak\u00edt\u00e1s \u00e9s a rejtett felf\u00fcggeszt\u00e9s gyors telep\u00edt\u00e9st tesz lehet\u0151v\u00e9, \u00e9s a tiszt\u00edt\u00e1s vagy a rendszer friss\u00edt\u00e9se c\u00e9lj\u00e1b\u00f3l k\u00f6nny\u0171 hozz\u00e1f\u00e9r\u00e9st biztos\u00edt a gy\u0171jt\u0151csatorn\u00e1hoz.\n<\/p>\n<p><\/p>\n<p><b>9.Milyen fel\u00fcletek \u00e1llnak rendelkez\u00e9sre a cs\u00edptethet\u0151 csempe mennyezeti rendszerekhez?<\/b><\/p>\n<p>A rendelkez\u00e9sre \u00e1ll\u00f3 kivitelek k\u00f6z\u00f6tt szerepel a porfest\u00e9s, elox\u00e1l\u00e1s, csiszolt f\u00e9m, matt, fa szemcs\u00e9s \u00e9s egyedi RAL sz\u00ednek, amelyek b\u00e1rmilyen bels\u0151 st\u00edlushoz illeszkednek.\n<\/p>\n<p><\/p>\n<p><b>10.K\u00f6rnyezetbar\u00e1t-e a klipszes csempe mennyezeti rendszer?<\/b><\/p>\n<p>Igen, az olyan \u00fajrahasznos\u00edthat\u00f3 anyagokb\u00f3l, mint az alum\u00ednium, k\u00e9sz\u00fclt, a cs\u00edptet\u0151s mennyezeti rendszerek t\u00e1mogatj\u00e1k a fenntarthat\u00f3 \u00e9p\u00edt\u00e9si gyakorlatokat, \u00e9s hozz\u00e1j\u00e1rulnak a z\u00f6ld tan\u00fas\u00edtv\u00e1nyokhoz.\n<\/p>\n<p><\/p>","protected":false},"featured_media":3377,"template":"","categories":[47],"class_list":["post-3374","product","type-product","status-publish","has-post-thumbnail","hentry","category-tile-ceiling-systems"],"meta_box":{"hilight_text_group":{"product_hilight_text":"Clip-in tile ceiling with hidden frame, adopts the suspension system withthe ceiling clamped into the hidden frame, which is convenient forinstallation and dis-assembly, very flexible while making changes on theinterval in the room, The structure of the hidden frame mounting systemis stable and concealed, the surface of the panel is smooth with conciseand beautiful lines, which adds a modern sense for the interior space.There are different panel specifications and models to match with differentdesign and demand, can be widely used in a variety of architecturaldecoration design.","product_tu_tu":"<img width=\"320\" height=\"210\"  src=\"https:\/\/sinoextrud.com\/wp-content\/uploads\/Clip-in-Tile-Ceiling-System-xiaoguo.webp\" alt=\"Clip-in Tile Ceiling System\" title=\"Clip-in Tile Ceiling System\">","product_chanpin_chanpin":"<li><a href=\"https:\/\/sinoextrud.com\/product\/aluminium-profile-accessories\/\" target=\"_blank\">Aluminium Profile Accessories<\/a><\/li>\r\n<li><a href=\"https:\/\/sinoextrud.com\/product\/round-aluminum-extrusion-tubular-cnc-bending\/\" target=\"_blank\">Round Aluminum Extrusion Tubular Cnc Bending<\/a><\/li>\r\n<li><a href=\"https:\/\/sinoextrud.com\/product\/controller-shell-instrument-box-industrial-aluminum-profile-electromechanical-shell\/\" target=\"_blank\">Controller Shell Instrument Box Industrial Aluminum Profile Electromechanical Shell<\/a><\/li>\r\n<li><a href=\"https:\/\/sinoextrud.com\/product\/lay-in-tile-ceiling-system\/\" target=\"_blank\">Lay-in Tile Ceiling System<\/a><\/li>\r\n<li><a href=\"https:\/\/sinoextrud.com\/product\/clip-in-tile-ceiling-system\/\" target=\"_blank\">Clip-in Tile Ceiling System<\/a><\/li>\r\n<li><a href=\"https:\/\/sinoextrud.com\/product\/triangle-ceiling-system\/\" target=\"_blank\">Triangle Ceiling System (Triangle Ceiling)<\/a><\/li>\r\n<li><a href=\"https:\/\/sinoextrud.com\/product\/the-hexagonal-type-ceiling-system\/\" target=\"_blank\">The Hexagonal Type Ceiling System (Hexagonal Ceiling)<\/a><\/li>\r\n<li><a href=\"https:\/\/sinoextrud.com\/product\/diamond-type-ceiling-system\/\" target=\"_blank\">Diamond Type Ceiling System (Diamond plate Ceiling Tiles)<\/a><\/li>\r\n<li><a href=\"https:\/\/sinoextrud.com\/product\/trapezoidal-type-ceiling-system\/\" target=\"_blank\">Trapezoidal Type Ceiling System<\/a><\/li>\r\n<li><a href=\"https:\/\/sinoextrud.com\/product\/cnc-machining-aluminum-hat-channel-extrusions\/\" target=\"_blank\">CNC Machining Aluminum Hat Channel Extrusions<\/a><\/li>\r\n<li><a href=\"https:\/\/sinoextrud.com\/product\/cutting-aluminium-extrusion\/\" target=\"_blank\">Cutting Aluminium Extrusion<\/a><\/li>"},"feature_list":[]},"_links":{"self":[{"href":"https:\/\/sinoextrud.com\/hu\/wp-json\/wp\/v2\/product\/3374","targetHints":{"allow":["GET"]}}],"collection":[{"href":"https:\/\/sinoextrud.com\/hu\/wp-json\/wp\/v2\/product"}],"about":[{"href":"https:\/\/sinoextrud.com\/hu\/wp-json\/wp\/v2\/types\/product"}],"wp:featuredmedia":[{"embeddable":true,"href":"https:\/\/sinoextrud.com\/hu\/wp-json\/wp\/v2\/media\/3377"}],"wp:attachment":[{"href":"https:\/\/sinoextrud.com\/hu\/wp-json\/wp\/v2\/media?parent=3374"}],"wp:term":[{"taxonomy":"category","embeddable":true,"href":"https:\/\/sinoextrud.com\/hu\/wp-json\/wp\/v2\/categories?post=3374"}],"curies":[{"name":"wp","href":"https:\/\/api.w.org\/{rel}","templated":true}]}}