{"id":11020,"date":"2025-08-01T03:40:59","date_gmt":"2025-08-01T03:40:59","guid":{"rendered":"https:\/\/sinoextrud.com\/product\/vapour-chambers-for-high-efficiency-cooling\/"},"modified":"2025-08-01T03:40:59","modified_gmt":"2025-08-01T03:40:59","slug":"gozkamrak-a-nagy-hatekonysagu-huteshez","status":"publish","type":"product","link":"https:\/\/sinoextrud.com\/hu\/product\/vapour-chambers-for-high-efficiency-cooling\/","title":{"rendered":"G\u0151zkamr\u00e1k a nagy hat\u00e9konys\u00e1g\u00fa h\u0171t\u00e9shez"},"content":{"rendered":"<h2>Term\u00e9kek r\u00e9szletei<\/h2>\n<div class=\"product-table\">\n<div class=\"row\">\n<div class=\"cell label\">Anyag<\/div>\n<div class=\"cell value\">Alum\u00ednium<\/div>\n<\/div>\n<div class=\"row\">\n<div class=\"cell label\">Term\u00e9k neve<\/div>\n<div class=\"cell value\">H\u0171t\u0151csatorna\/alum\u00ednium profil<\/div>\n<\/div>\n<div class=\"row\">\n<div class=\"cell label\">Alkalmaz\u00e1s<\/div>\n<div class=\"cell value\">\u00e1ramk\u00f6ri lap\/elektronikus berendez\u00e9sek<\/div>\n<\/div>\n<div class=\"row\">\n<div class=\"cell label\">Sz\u00ednes<\/div>\n<div class=\"cell value\">OEM<\/div>\n<\/div>\n<div class=\"row\">\n<div class=\"cell label\">Haszn\u00e1lat<\/div>\n<div class=\"cell value\">H\u0171t\u00e9s<\/div>\n<\/div>\n<div class=\"row\">\n<div class=\"cell label\">MOQ<\/div>\n<div class=\"cell value\">100db<\/div>\n<\/div>\n<div class=\"row\">\n<div class=\"cell label\">Shape<\/div>\n<div class=\"cell value\">Egyedi forma a rajz szerint<\/div>\n<\/div>\n<div class=\"row\">\n<div class=\"cell label\">Log\u00f3<\/div>\n<div class=\"cell value\">Elfogadja az egyedi log\u00f3t<\/div>\n<\/div>\n<div class=\"row\">\n<div class=\"cell label\">Tolerancia<\/div>\n<div class=\"cell value\">0.1MM<\/div>\n<\/div>\n<div class=\"row\">\n<div class=\"cell label\">Befejez\u00e9s<\/div>\n<div class=\"cell value\">Elox\u00e1lt fel\u00fcletkezel\u00e9s<\/div>\n<\/div>\n<div class=\"row\">\n<div class=\"cell label\">Elad\u00f3 egys\u00e9gek<\/div>\n<div class=\"cell value\">Egyetlen t\u00e9tel<\/div>\n<\/div>\n<div class=\"row\">\n<div class=\"cell label\">Egyetlen csomagm\u00e9ret<\/div>\n<div class=\"cell value\">30X40X20 cm<\/div>\n<\/div>\n<div class=\"row\">\n<div class=\"cell label\">Egyetlen brutt\u00f3 t\u00f6meg<\/div>\n<div class=\"cell value\">0,200 KG<\/div>\n<\/div>\n<\/div>\n<p><\/p>\n<h2>Gy\u00e1rt\u00f3 b\u00e1zisunk<\/h2>\n<h3>Gy\u00e1ri panor\u00e1ma<\/h3>\n<p><img decoding=\"async\" src=\"\/wp-content\/uploads\/factory-01.webp\"\/><\/p>\n<h3>Alum\u00ednium r\u00fadgy\u00e1rt\u00f3 m\u0171hely<\/h3>\n<p><img decoding=\"async\" src=\"\/wp-content\/uploads\/factory-02.webp\"\/><\/p>\n<p><img decoding=\"async\" src=\"\/wp-content\/uploads\/factory-03.webp\"\/><\/p>\n<h3>Pen\u00e9sz rakt\u00e1r<\/h3>\n<p><img decoding=\"async\" src=\"\/wp-content\/uploads\/factory-04.webp\"\/><\/p>\n<h3>43 alum\u00ednium extrud\u00e1l\u00f3 vonal (500-5500 tonna)<\/h3>\n<p><img decoding=\"async\" src=\"\/wp-content\/uploads\/factory-05.webp\"\/><\/p>\n<p><img decoding=\"async\" src=\"\/wp-content\/uploads\/factory-06.webp\"\/><\/p>\n<p><img decoding=\"async\" src=\"\/wp-content\/uploads\/factory-07.webp\"\/><\/p>\n<h3>Porfest\u0151 m\u0171hely<\/h3>\n<p><img decoding=\"async\" src=\"\/wp-content\/uploads\/factory-09.webp\"\/><\/p>\n<h3>Anodiz\u00e1l\u00f3 m\u0171hely<\/h3>\n<p><img decoding=\"async\" src=\"\/wp-content\/uploads\/factory-10.webp\"\/><\/p>\n<h3>M\u00e9ly feldolgoz\u00e1si m\u0171hely<\/h3>\n<p><img decoding=\"async\" src=\"\/wp-content\/uploads\/factory-11.webp\"\/><\/p>\n<h3>CNC prec\u00edzi\u00f3s megmunk\u00e1l\u00f3 m\u0171hely<\/h3>\n<p><img decoding=\"async\" src=\"\/wp-content\/uploads\/factory-11.5.webp\"\/><\/p>\n<h3>K\u00e9szterm\u00e9k \u00e9s export rakt\u00e1r<\/h3>\n<p><img decoding=\"async\" src=\"\/wp-content\/uploads\/factory-12.webp\"\/><\/p>\n<p><img decoding=\"async\" src=\"\/wp-content\/uploads\/factory-13.webp\"\/><\/p>\n<p><img decoding=\"async\" src=\"\/wp-content\/uploads\/factory-14.webp\"\/><\/p>\n<h2>GYIK<\/h2>\n<p><strong>1. Mire haszn\u00e1lj\u00e1k a g\u0151zkamr\u00e1kat?<\/strong><br \/>A g\u0151zkamr\u00e1kat az elektronikai \u00e9s sz\u00e1m\u00edt\u00e1stechnikai eszk\u00f6z\u00f6k hat\u00e9kony h\u0151kezel\u00e9s\u00e9hez haszn\u00e1lj\u00e1k.<\/p>\n<p><strong>2. Hogyan jav\u00edtj\u00e1k a g\u0151zkamr\u00e1k a h\u0171t\u00e9st?<\/strong><br \/>Gyorsan \u00e9s egyenletesen ter\u00edtik a h\u0151t, ami jelent\u0151sen jav\u00edtja a h\u0171t\u00e9si teljes\u00edtm\u00e9nyt.<\/p>\n<p><strong>3. Testre szabhat\u00f3k a g\u0151zkamr\u00e1k?<\/strong><br \/>Igen, testreszab\u00e1st k\u00edn\u00e1lunk a m\u00e9ret, az alak \u00e9s az egyedi alkalmaz\u00e1si k\u00f6vetelm\u00e9nyek tekintet\u00e9ben.<\/p>\n<p><strong>4. A g\u0151zkamr\u00e1k minden elektronikus eszk\u00f6zh\u00f6z alkalmasak?<\/strong><br \/>A g\u0151zkamr\u00e1k nagy teljes\u00edtm\u00e9ny\u0171, hat\u00e9kony h\u0151elvezet\u00e9st ig\u00e9nyl\u0151 eszk\u00f6z\u00f6kh\u00f6z alkalmasak.<\/p>\n<p><strong>5. Milyen anyagokat haszn\u00e1lnak a g\u0151zkamr\u00e1kban?<\/strong><br \/>A g\u0151zkamr\u00e1k jellemz\u0151en r\u00e9zb\u0151l vagy alum\u00edniumb\u00f3l k\u00e9sz\u00fclnek az optim\u00e1lis h\u0151vezet\u00e9s \u00e9rdek\u00e9ben.<\/p>\n<p><strong>6. Biztos\u00edtanak-e tervez\u00e9si t\u00e1mogat\u00e1st a g\u0151zkamr\u00e1k integr\u00e1l\u00e1s\u00e1hoz?<\/strong><br \/>Igen, tervez\u00e9si t\u00e1mogat\u00e1st ny\u00fajtunk, hogy biztos\u00edtsuk a z\u00f6kken\u0151mentes integr\u00e1ci\u00f3t az eszk\u00f6z\u00f6kbe.<\/p>\n<p><strong>7. Mennyi a g\u0151zkamra v\u00e1rhat\u00f3 \u00e9lettartama?<\/strong><br \/>Megfelel\u0151 karbantart\u00e1s eset\u00e9n hossz\u00fa t\u00e1v\u00fa megb\u00edzhat\u00f3s\u00e1got \u00e9s hat\u00e9kony h\u0151teljes\u00edtm\u00e9nyt ny\u00fajtanak.<\/p>\n<p><\/p>","protected":false},"featured_media":10749,"template":"","categories":[74],"class_list":["post-11020","product","type-product","status-publish","has-post-thumbnail","hentry","category-vapor-chamber"],"meta_box":{"hilight_text_group":[{"product_hilight_text":"<li>Advanced thermal management for high-performance electronics<\/li>\n<li>Customizable designs to fit diverse applications<\/li>\n<li>Enhanced heat spreading capability for superior cooling efficiency<\/li>\n<li>Reliable performance in demanding environments<\/li>\n<li>Support for OEM and ODM with flexible production capabilities<\/li>"}],"feature_list":[]},"_links":{"self":[{"href":"https:\/\/sinoextrud.com\/hu\/wp-json\/wp\/v2\/product\/11020","targetHints":{"allow":["GET"]}}],"collection":[{"href":"https:\/\/sinoextrud.com\/hu\/wp-json\/wp\/v2\/product"}],"about":[{"href":"https:\/\/sinoextrud.com\/hu\/wp-json\/wp\/v2\/types\/product"}],"wp:featuredmedia":[{"embeddable":true,"href":"https:\/\/sinoextrud.com\/hu\/wp-json\/wp\/v2\/media\/10749"}],"wp:attachment":[{"href":"https:\/\/sinoextrud.com\/hu\/wp-json\/wp\/v2\/media?parent=11020"}],"wp:term":[{"taxonomy":"category","embeddable":true,"href":"https:\/\/sinoextrud.com\/hu\/wp-json\/wp\/v2\/categories?post=11020"}],"curies":[{"name":"wp","href":"https:\/\/api.w.org\/{rel}","templated":true}]}}