{"id":11018,"date":"2025-08-01T03:40:02","date_gmt":"2025-08-01T03:40:02","guid":{"rendered":"https:\/\/sinoextrud.com\/product\/phase-change-cooling-heat-sink-for-electronics\/"},"modified":"2025-08-01T03:40:02","modified_gmt":"2025-08-01T03:40:02","slug":"fazisvalto-huto-hutoborda-elektronikahoz","status":"publish","type":"product","link":"https:\/\/sinoextrud.com\/hu\/product\/phase-change-cooling-heat-sink-for-electronics\/","title":{"rendered":"F\u00e1zisv\u00e1lt\u00e1s h\u0171t\u00e9s H\u0171t\u0151bord\u00e1k elektronik\u00e1hoz"},"content":{"rendered":"<h2>Term\u00e9kek r\u00e9szletei<\/h2>\n<div class=\"product-table\">\n<div class=\"row\">\n<div class=\"cell label\">CNC megmunk\u00e1l\u00e1s vagy sem<\/div>\n<div class=\"cell value\">Cnc megmunk\u00e1l\u00e1s<\/div>\n<\/div>\n<div class=\"row\">\n<div class=\"cell label\">Anyagi k\u00e9pess\u00e9gek<\/div>\n<div class=\"cell value\">Alum\u00ednium, s\u00e1rgar\u00e9z, bronz, r\u00e9z, edzett f\u00e9mek, nemesf\u00e9mek, rozsdamentes ac\u00e9l, ac\u00e9l\u00f6tv\u00f6zetek, r\u00e9z<\/div>\n<\/div>\n<div class=\"row\">\n<div class=\"cell label\">T\u00edpus<\/div>\n<div class=\"cell value\">L\u00e9zermegmunk\u00e1l\u00e1s, Mar\u00e1s, Egy\u00e9b megmunk\u00e1l\u00e1si szolg\u00e1ltat\u00e1sok, Eszterg\u00e1l\u00e1s<\/div>\n<\/div>\n<div class=\"row\">\n<div class=\"cell label\">Mikromegmunk\u00e1l\u00e1s vagy sem<\/div>\n<div class=\"cell value\">Mikro megmunk\u00e1l\u00e1s<\/div>\n<\/div>\n<div class=\"row\">\n<div class=\"cell label\">Anyag<\/div>\n<div class=\"cell value\">Alum\u00ednium\u00f6tv\u00f6zet, s\u00e1rgar\u00e9z, rozsdamentes ac\u00e9l<\/div>\n<\/div>\n<div class=\"row\">\n<div class=\"cell label\">Term\u00e9k neve<\/div>\n<div class=\"cell value\">H\u0151elnyel\u0151<\/div>\n<\/div>\n<div class=\"row\">\n<div class=\"cell label\">Folyamat<\/div>\n<div class=\"cell value\">Mar\u00e1s,eszterg\u00e1l\u00e1s<\/div>\n<\/div>\n<div class=\"row\">\n<div class=\"cell label\">Fel\u00fcletkezel\u00e9s<\/div>\n<div class=\"cell value\">\u00dcgyf\u00e9l k\u00e9r\u00e9se<\/div>\n<\/div>\n<div class=\"row\">\n<div class=\"cell label\">Szolg\u00e1ltat\u00e1s<\/div>\n<div class=\"cell value\">Testreszabott OEM<\/div>\n<\/div>\n<div class=\"row\">\n<div class=\"cell label\">Alkalmaz\u00e1s<\/div>\n<div class=\"cell value\">Vez\u00e9rl\u0151h\u00e1z, kommunik\u00e1ci\u00f3s berendez\u00e9sek, inverter t\u00e1pegys\u00e9g<\/div>\n<\/div>\n<div class=\"row\">\n<div class=\"cell label\">Sz\u00ednes<\/div>\n<div class=\"cell value\">Testreszabott sz\u00edn<\/div>\n<\/div>\n<div class=\"row\">\n<div class=\"cell label\">Berendez\u00e9sek<\/div>\n<div class=\"cell value\">CNC megmunk\u00e1l\u00f3 k\u00f6zpontok<\/div>\n<\/div>\n<div class=\"row\">\n<div class=\"cell label\">M\u00e9ret<\/div>\n<div class=\"cell value\">Testreszabott m\u00e9retek elfogadhat\u00f3ak<\/div>\n<\/div>\n<div class=\"row\">\n<div class=\"cell label\">Kulcssz\u00f3<\/div>\n<div class=\"cell value\">Cnc megmunk\u00e1l\u00f3 alkatr\u00e9szek Cnc megmunk\u00e1l\u00f3 szolg\u00e1ltat\u00e1s<\/div>\n<\/div>\n<div class=\"row\">\n<div class=\"cell label\">Elad\u00f3 egys\u00e9gek<\/div>\n<div class=\"cell value\">Egyetlen t\u00e9tel<\/div>\n<\/div>\n<\/div>\n<p><\/p>\n<h2>Gy\u00e1rt\u00f3 b\u00e1zisunk<\/h2>\n<h3>Gy\u00e1ri panor\u00e1ma<\/h3>\n<p><img decoding=\"async\" src=\"\/wp-content\/uploads\/factory-01.webp\"\/><\/p>\n<h3>Alum\u00ednium r\u00fadgy\u00e1rt\u00f3 m\u0171hely<\/h3>\n<p><img decoding=\"async\" src=\"\/wp-content\/uploads\/factory-02.webp\"\/><\/p>\n<p><img decoding=\"async\" src=\"\/wp-content\/uploads\/factory-03.webp\"\/><\/p>\n<h3>Pen\u00e9sz rakt\u00e1r<\/h3>\n<p><img decoding=\"async\" src=\"\/wp-content\/uploads\/factory-04.webp\"\/><\/p>\n<h3>43 alum\u00ednium extrud\u00e1l\u00f3 vonal (500-5500 tonna)<\/h3>\n<p><img decoding=\"async\" src=\"\/wp-content\/uploads\/factory-05.webp\"\/><\/p>\n<p><img decoding=\"async\" src=\"\/wp-content\/uploads\/factory-06.webp\"\/><\/p>\n<p><img decoding=\"async\" src=\"\/wp-content\/uploads\/factory-07.webp\"\/><\/p>\n<h3>Porfest\u0151 m\u0171hely<\/h3>\n<p><img decoding=\"async\" src=\"\/wp-content\/uploads\/factory-09.webp\"\/><\/p>\n<h3>Anodiz\u00e1l\u00f3 m\u0171hely<\/h3>\n<p><img decoding=\"async\" src=\"\/wp-content\/uploads\/factory-10.webp\"\/><\/p>\n<h3>M\u00e9ly feldolgoz\u00e1si m\u0171hely<\/h3>\n<p><img decoding=\"async\" src=\"\/wp-content\/uploads\/factory-11.webp\"\/><\/p>\n<h3>CNC prec\u00edzi\u00f3s megmunk\u00e1l\u00f3 m\u0171hely<\/h3>\n<p><img decoding=\"async\" src=\"\/wp-content\/uploads\/factory-11.5.webp\"\/><\/p>\n<h3>K\u00e9szterm\u00e9k \u00e9s export rakt\u00e1r<\/h3>\n<p><img decoding=\"async\" src=\"\/wp-content\/uploads\/factory-12.webp\"\/><\/p>\n<p><img decoding=\"async\" src=\"\/wp-content\/uploads\/factory-13.webp\"\/><\/p>\n<p><img decoding=\"async\" src=\"\/wp-content\/uploads\/factory-14.webp\"\/><\/p>\n<h2>GYIK<\/h2>\n<p><strong>1. Mi az a f\u00e1zisv\u00e1lt\u00f3 h\u0171t\u00e9ses h\u0171t\u0151borda?<\/strong><br \/>Ez egy olyan eszk\u00f6z, amelyet a h\u0151 hat\u00e9kony elvezet\u00e9s\u00e9re terveztek f\u00e1zisv\u00e1lt\u00f3 anyagok felhaszn\u00e1l\u00e1s\u00e1val, jav\u00edtva a h\u0151kezel\u00e9st.<\/p>\n<p><strong>2. Hogyan m\u0171k\u00f6dik a f\u00e1zisv\u00e1lt\u00f3 anyag?<\/strong><br \/>Az anyag elnyeli a h\u0151t \u00e9s megv\u00e1ltoztatja az \u00e1llapot\u00e1t, hat\u00e9konyan elosztva a h\u0151energi\u00e1t \u00e9s h\u0171tve a rendszert.<\/p>\n<p><strong>3. A h\u0171t\u0151borda testre szabhat\u00f3 az egyedi ig\u00e9nyekhez?<\/strong><br \/>Igen, testreszab\u00e1si lehet\u0151s\u00e9geket k\u00edn\u00e1lunk, bele\u00e9rtve a k\u00fcl\u00f6nb\u00f6z\u0151 alkalmaz\u00e1sokhoz sz\u00fcks\u00e9ges m\u00e9reteket \u00e9s konfigur\u00e1ci\u00f3kat.<\/p>\n<p><strong>4. Alkalmas-e ez a h\u0171t\u0151borda nagy teljes\u00edtm\u00e9ny\u0171 sz\u00e1m\u00edt\u00e1stechnik\u00e1hoz?<\/strong><br \/>Igen, \u00fagy tervezt\u00e9k, hogy kezelni tudja a nagy teljes\u00edtm\u00e9ny\u0171 sz\u00e1m\u00edt\u00e1stechnikai eszk\u00f6z\u00f6k megn\u00f6vekedett h\u0151terhel\u00e9s\u00e9t.<\/p>\n<p><strong>5. Milyen ipar\u00e1gak sz\u00e1m\u00e1ra el\u0151ny\u00f6s ez a h\u0171t\u0151borda?<\/strong><br \/>Az olyan ipar\u00e1gak, mint az elektronika, az aut\u00f3ipar \u00e9s a t\u00e1vk\u00f6zl\u00e9s hasznos\u00edthatj\u00e1k h\u0171t\u00e9si k\u00e9pess\u00e9geit.<\/p>\n<p><strong>6. T\u00e1mogatja a h\u0171t\u0151borda az OEM gy\u00e1rt\u00e1st?<\/strong><br \/>Igen, OEM-gy\u00e1rt\u00e1s is rendelkez\u00e9sre \u00e1ll, \u00e9s a term\u00e9ket az \u00d6n egyedi ig\u00e9nyeihez igaz\u00edtjuk.<\/p>\n<p><strong>7. Milyen k\u00f6rnyezeti el\u0151ny\u00f6kkel j\u00e1r a f\u00e1zisv\u00e1lt\u00f3 h\u0171t\u0151bord\u00e1k haszn\u00e1lata?<\/strong><br \/>Hat\u00e9kony h\u0151kezel\u00e9st biztos\u00edtanak, cs\u00f6kkentve az energiafogyaszt\u00e1st \u00e9s a k\u00f6rnyezetterhel\u00e9st.<\/p>\n<p><\/p>","protected":false},"featured_media":10753,"template":"","categories":[72],"class_list":["post-11018","product","type-product","status-publish","has-post-thumbnail","hentry","category-extruded-aluminum-heatsink"],"meta_box":{"hilight_text_group":[{"product_hilight_text":"<li>Designed for efficient thermal management in high-performance applications<\/li>\n<li>Customizable configurations to meet specific industrial needs<\/li>\n<li>Integrated phase change material for superior heat dissipation<\/li>\n<li>Durable construction supporting long life cycles<\/li>\n<li>Compatible with a wide range of electronic devices and systems<\/li>"}],"feature_list":[]},"_links":{"self":[{"href":"https:\/\/sinoextrud.com\/hu\/wp-json\/wp\/v2\/product\/11018","targetHints":{"allow":["GET"]}}],"collection":[{"href":"https:\/\/sinoextrud.com\/hu\/wp-json\/wp\/v2\/product"}],"about":[{"href":"https:\/\/sinoextrud.com\/hu\/wp-json\/wp\/v2\/types\/product"}],"wp:featuredmedia":[{"embeddable":true,"href":"https:\/\/sinoextrud.com\/hu\/wp-json\/wp\/v2\/media\/10753"}],"wp:attachment":[{"href":"https:\/\/sinoextrud.com\/hu\/wp-json\/wp\/v2\/media?parent=11018"}],"wp:term":[{"taxonomy":"category","embeddable":true,"href":"https:\/\/sinoextrud.com\/hu\/wp-json\/wp\/v2\/categories?post=11018"}],"curies":[{"name":"wp","href":"https:\/\/api.w.org\/{rel}","templated":true}]}}