{"id":11017,"date":"2025-08-01T03:39:24","date_gmt":"2025-08-01T03:39:24","guid":{"rendered":"https:\/\/sinoextrud.com\/product\/vapor-chamber-heat-sink-for-high-heat-load\/"},"modified":"2025-08-01T03:39:24","modified_gmt":"2025-08-01T03:39:24","slug":"gozkamras-hutoborda-nagy-hoterheleshez","status":"publish","type":"product","link":"https:\/\/sinoextrud.com\/hu\/product\/vapor-chamber-heat-sink-for-high-heat-load\/","title":{"rendered":"G\u0151zkamr\u00e1s h\u0171t\u0151borda nagy h\u0151terhel\u00e9shez"},"content":{"rendered":"<h2>Term\u00e9kek r\u00e9szletei<\/h2>\n<div class=\"product-table\">\n<div class=\"row\">\n<div class=\"cell label\">t\u00edpus<\/div>\n<div class=\"cell value\">Heatpipe<\/div>\n<\/div>\n<div class=\"row\">\n<div class=\"cell label\">alkalmaz\u00e1s<\/div>\n<div class=\"cell value\">Egy\u00e9b<\/div>\n<\/div>\n<div class=\"row\">\n<div class=\"cell label\">ventil\u00e1tor m\u00e9rete<\/div>\n<div class=\"cell value\">Egy\u00e9b<\/div>\n<\/div>\n<div class=\"row\">\n<div class=\"cell label\">hatalom<\/div>\n<div class=\"cell value\">25w<\/div>\n<\/div>\n<div class=\"row\">\n<div class=\"cell label\">l\u00e9gmennyis\u00e9g<\/div>\n<div class=\"cell value\">egy\u00e9b<\/div>\n<\/div>\n<div class=\"row\">\n<div class=\"cell label\">h\u0171t\u0151borda anyaga<\/div>\n<div class=\"cell value\">R\u00e9z<\/div>\n<\/div>\n<div class=\"row\">\n<div class=\"cell label\">h\u00e1l\u00f3zati interf\u00e9sz<\/div>\n<div class=\"cell value\">egy\u00e9b<\/div>\n<\/div>\n<div class=\"row\">\n<div class=\"cell label\">zaj<\/div>\n<div class=\"cell value\">Egy\u00e9b<\/div>\n<\/div>\n<div class=\"row\">\n<div class=\"cell label\">ventil\u00e1tor fordulatsz\u00e1m-szab\u00e1lyoz\u00e1s<\/div>\n<div class=\"cell value\">egy\u00e9b<\/div>\n<\/div>\n<div class=\"row\">\n<div class=\"cell label\">S\u00faly<\/div>\n<div class=\"cell value\">450 g<\/div>\n<\/div>\n<div class=\"row\">\n<div class=\"cell label\">CPU foglalat t\u00edpusa<\/div>\n<div class=\"cell value\">Lga 115 x\/1200 processzorfoglalat<\/div>\n<\/div>\n<div class=\"row\">\n<div class=\"cell label\">H\u0171t\u0151borda anyaga<\/div>\n<div class=\"cell value\">R\u00e9z bord\u00e1zat + r\u00e9z alap<\/div>\n<\/div>\n<div class=\"row\">\n<div class=\"cell label\">CPU h\u0171t\u0151 m\u00e9retei<\/div>\n<div class=\"cell value\">88*88*23 mm<\/div>\n<\/div>\n<div class=\"row\">\n<div class=\"cell label\">Elvileg<\/div>\n<div class=\"cell value\">Meleg \u00e9s hideg \u00e1talak\u00edt\u00e1s<\/div>\n<\/div>\n<div class=\"row\">\n<div class=\"cell label\">Cpu lyuk t\u00e1vols\u00e1g<\/div>\n<div class=\"cell value\">75*75 mm<\/div>\n<\/div>\n<div class=\"row\">\n<div class=\"cell label\">Fin Pitch<\/div>\n<div class=\"cell value\">0,35 mm<\/div>\n<\/div>\n<div class=\"row\">\n<div class=\"cell label\">Uszony vastags\u00e1ga<\/div>\n<div class=\"cell value\">1,9 mm<\/div>\n<\/div>\n<div class=\"row\">\n<div class=\"cell label\">N\u00e9v 2<\/div>\n<div class=\"cell value\">Szinterezett h\u0151cs\u0151<\/div>\n<\/div>\n<div class=\"row\">\n<div class=\"cell label\">Elad\u00f3 egys\u00e9gek<\/div>\n<div class=\"cell value\">Egyetlen t\u00e9tel<\/div>\n<\/div>\n<div class=\"row\">\n<div class=\"cell label\">Egyetlen csomagm\u00e9ret<\/div>\n<div class=\"cell value\">25X20X30 cm<\/div>\n<\/div>\n<div class=\"row\">\n<div class=\"cell label\">Egyetlen brutt\u00f3 t\u00f6meg<\/div>\n<div class=\"cell value\">2.500 KG<\/div>\n<\/div>\n<\/div>\n<p><\/p>\n<h2>Gy\u00e1rt\u00f3 b\u00e1zisunk<\/h2>\n<h3>Gy\u00e1ri panor\u00e1ma<\/h3>\n<p><img decoding=\"async\" src=\"\/wp-content\/uploads\/factory-01.webp\"\/><\/p>\n<h3>Alum\u00ednium r\u00fadgy\u00e1rt\u00f3 m\u0171hely<\/h3>\n<p><img decoding=\"async\" src=\"\/wp-content\/uploads\/factory-02.webp\"\/><\/p>\n<p><img decoding=\"async\" src=\"\/wp-content\/uploads\/factory-03.webp\"\/><\/p>\n<h3>Pen\u00e9sz rakt\u00e1r<\/h3>\n<p><img decoding=\"async\" src=\"\/wp-content\/uploads\/factory-04.webp\"\/><\/p>\n<h3>43 alum\u00ednium extrud\u00e1l\u00f3 vonal (500-5500 tonna)<\/h3>\n<p><img decoding=\"async\" src=\"\/wp-content\/uploads\/factory-05.webp\"\/><\/p>\n<p><img decoding=\"async\" src=\"\/wp-content\/uploads\/factory-06.webp\"\/><\/p>\n<p><img decoding=\"async\" src=\"\/wp-content\/uploads\/factory-07.webp\"\/><\/p>\n<h3>Porfest\u0151 m\u0171hely<\/h3>\n<p><img decoding=\"async\" src=\"\/wp-content\/uploads\/factory-09.webp\"\/><\/p>\n<h3>Anodiz\u00e1l\u00f3 m\u0171hely<\/h3>\n<p><img decoding=\"async\" src=\"\/wp-content\/uploads\/factory-10.webp\"\/><\/p>\n<h3>M\u00e9ly feldolgoz\u00e1si m\u0171hely<\/h3>\n<p><img decoding=\"async\" src=\"\/wp-content\/uploads\/factory-11.webp\"\/><\/p>\n<h3>CNC prec\u00edzi\u00f3s megmunk\u00e1l\u00f3 m\u0171hely<\/h3>\n<p><img decoding=\"async\" src=\"\/wp-content\/uploads\/factory-11.5.webp\"\/><\/p>\n<h3>K\u00e9szterm\u00e9k \u00e9s export rakt\u00e1r<\/h3>\n<p><img decoding=\"async\" src=\"\/wp-content\/uploads\/factory-12.webp\"\/><\/p>\n<p><img decoding=\"async\" src=\"\/wp-content\/uploads\/factory-13.webp\"\/><\/p>\n<p><img decoding=\"async\" src=\"\/wp-content\/uploads\/factory-14.webp\"\/><\/p>\n<h2>GYIK<\/h2>\n<p><strong>1. Mit\u0151l hat\u00e9konyak a g\u0151zkamr\u00e1s h\u0171t\u0151bord\u00e1k?<\/strong><br \/>A g\u0151zkamr\u00e1s h\u0171t\u0151bord\u00e1k a f\u00e1zisv\u00e1ltoz\u00e1st haszn\u00e1lj\u00e1k a h\u0151 gyors eloszt\u00e1s\u00e1ra, \u00e9s a hagyom\u00e1nyos h\u0171t\u0151bord\u00e1khoz k\u00e9pest kiv\u00e1l\u00f3 h\u0151vezet\u0151 k\u00e9pess\u00e9get biztos\u00edtanak.<\/p>\n<p><strong>2. A g\u0151zkamra h\u0171t\u0151bord\u00e1i m\u00e9retre szabhat\u00f3k?<\/strong><br \/>Igen, testre szabhat\u00f3k, hogy illeszkedjenek az adott eszk\u00f6z\u00f6kh\u00f6z vagy korl\u00e1toz\u00e1sokhoz a h\u0151kezel\u00e9s optimaliz\u00e1l\u00e1sa \u00e9rdek\u00e9ben.<\/p>\n<p><strong>3. Alkalmasak-e a g\u0151zkamr\u00e1s h\u0171t\u0151bord\u00e1k nagy teljes\u00edtm\u00e9ny\u0171 eszk\u00f6z\u00f6kh\u00f6z?<\/strong><br \/>Igen, nagy teljes\u00edtm\u00e9ny\u0171 alkalmaz\u00e1sokhoz tervezt\u00e9k \u0151ket, ahol a hat\u00e9kony h\u0151elvezet\u00e9s kritikus fontoss\u00e1g\u00fa.<\/p>\n<p><strong>4. Miben k\u00fcl\u00f6nb\u00f6znek a g\u0151zkamr\u00e1s h\u0171t\u0151bord\u00e1k a hagyom\u00e1nyos h\u0151cs\u00f6vekt\u0151l?<\/strong><br \/>A g\u0151zkamr\u00e1k egyenletes h\u0151eloszl\u00e1st biztos\u00edtanak a fel\u00fclet\u00fck\u00f6n, ellent\u00e9tben a h\u0151cs\u00f6vekkel, amelyek line\u00e1risan adj\u00e1k \u00e1t a h\u0151t.<\/p>\n<p><strong>5. K\u00edn\u00e1lnak g\u0151zkamr\u00e1kat fogyaszt\u00f3i elektronik\u00e1hoz?<\/strong><br \/>Igen, g\u0151zkamr\u00e1s megold\u00e1saink mind a fogyaszt\u00f3i elektronikai, mind az ipari alkalmaz\u00e1sokhoz igazodnak.<\/p>\n<p><strong>6. A p\u00e1rologtat\u00f3 kamra h\u0171t\u0151bord\u00e1j\u00e1nak beszerel\u00e9se bonyolult?<\/strong><br \/>Nem, ezeket \u00fagy tervezt\u00e9k, hogy k\u00f6nnyen integr\u00e1lhat\u00f3k legyenek a megl\u00e9v\u0151 h\u0151kezel\u0151 rendszerekbe.<\/p>\n<p><strong>7. Milyen anyagokat haszn\u00e1lnak a g\u0151zkamr\u00e1s h\u0171t\u0151bord\u00e1kban?<\/strong><br \/>\u00c1ltal\u00e1ban r\u00e9zb\u0151l vagy alum\u00edniumb\u00f3l k\u00e9sz\u00fclnek, hogy k\u00f6nny\u0171 \u00e9s hat\u00e9kony h\u0151kezel\u00e9si megold\u00e1sokat ny\u00fajtsanak.<\/p>\n<p><\/p>","protected":false},"featured_media":10762,"template":"","categories":[72],"class_list":["post-11017","product","type-product","status-publish","has-post-thumbnail","hentry","category-extruded-aluminum-heatsink"],"meta_box":{"hilight_text_group":[{"product_hilight_text":"<li>Offers superior heat dissipation for high-performance applications<\/li>\n<li>Customizable designs to fit various electronic devices and specifications<\/li>\n<li>Lightweight construction improves overall device performance<\/li>\n<li>Compatible with a wide range of electronic cooling systems<\/li>\n<li>Provides efficient thermal management for advanced electronics<\/li>"}],"feature_list":[]},"_links":{"self":[{"href":"https:\/\/sinoextrud.com\/hu\/wp-json\/wp\/v2\/product\/11017","targetHints":{"allow":["GET"]}}],"collection":[{"href":"https:\/\/sinoextrud.com\/hu\/wp-json\/wp\/v2\/product"}],"about":[{"href":"https:\/\/sinoextrud.com\/hu\/wp-json\/wp\/v2\/types\/product"}],"wp:featuredmedia":[{"embeddable":true,"href":"https:\/\/sinoextrud.com\/hu\/wp-json\/wp\/v2\/media\/10762"}],"wp:attachment":[{"href":"https:\/\/sinoextrud.com\/hu\/wp-json\/wp\/v2\/media?parent=11017"}],"wp:term":[{"taxonomy":"category","embeddable":true,"href":"https:\/\/sinoextrud.com\/hu\/wp-json\/wp\/v2\/categories?post=11017"}],"curies":[{"name":"wp","href":"https:\/\/api.w.org\/{rel}","templated":true}]}}