{"id":11014,"date":"2025-08-01T03:39:06","date_gmt":"2025-08-01T03:39:06","guid":{"rendered":"https:\/\/sinoextrud.com\/product\/liquid-cooling-aluminum-heat-sinks-for-electronics\/"},"modified":"2025-08-01T03:39:06","modified_gmt":"2025-08-01T03:39:06","slug":"folyadekhutes-aluminium-hutobordak-elektronikahoz","status":"publish","type":"product","link":"https:\/\/sinoextrud.com\/hu\/product\/liquid-cooling-aluminum-heat-sinks-for-electronics\/","title":{"rendered":"Foly\u00e9kony h\u0171t\u00e9s alum\u00ednium h\u0171t\u0151bord\u00e1k elektronik\u00e1hoz"},"content":{"rendered":"<h2>Term\u00e9kek r\u00e9szletei<\/h2>\n<div class=\"product-table\">\n<div class=\"row\">\n<div class=\"cell label\">Fokozat<\/div>\n<div class=\"cell value\">6000-es sorozat<\/div>\n<\/div>\n<div class=\"row\">\n<div class=\"cell label\">Tolerancia<\/div>\n<div class=\"cell value\">\u00c2\u00b11%<\/div>\n<\/div>\n<div class=\"row\">\n<div class=\"cell label\">Sz\u00e1ll\u00edt\u00e1si id\u0151<\/div>\n<div class=\"cell value\">8-14 nap<\/div>\n<\/div>\n<div class=\"row\">\n<div class=\"cell label\">Temper<\/div>\n<div class=\"cell value\">T3-T8<\/div>\n<\/div>\n<div class=\"row\">\n<div class=\"cell label\">Alkalmaz\u00e1s<\/div>\n<div class=\"cell value\">H\u0151elnyel\u0151<\/div>\n<\/div>\n<div class=\"row\">\n<div class=\"cell label\">Shape<\/div>\n<div class=\"cell value\">Egy\u00e9b<\/div>\n<\/div>\n<div class=\"row\">\n<div class=\"cell label\">\u00d6tv\u00f6zet vagy sem<\/div>\n<div class=\"cell value\">Az \u00f6tv\u00f6zet<\/div>\n<\/div>\n<div class=\"row\">\n<div class=\"cell label\">Feldolgoz\u00f3 szolg\u00e1ltat\u00e1s<\/div>\n<div class=\"cell value\">Hajl\u00edt\u00e1s, tekercsel\u00e9s, hegeszt\u00e9s, lyukaszt\u00e1s, v\u00e1g\u00e1s<\/div>\n<\/div>\n<div class=\"row\">\n<div class=\"cell label\">Anyag<\/div>\n<div class=\"cell value\">6063 alum\u00ednium \u00f6tv\u00f6zet<\/div>\n<\/div>\n<div class=\"row\">\n<div class=\"cell label\">Fel\u00fcletkezel\u00e9s<\/div>\n<div class=\"cell value\">Egyedi fel\u00fcletkezel\u00e9s<\/div>\n<\/div>\n<div class=\"row\">\n<div class=\"cell label\">Haszn\u00e1lat<\/div>\n<div class=\"cell value\">Ipari<\/div>\n<\/div>\n<div class=\"row\">\n<div class=\"cell label\">Hossz\u00fas\u00e1g<\/div>\n<div class=\"cell value\">Egy\u00e9ni m\u00e9ret<\/div>\n<\/div>\n<div class=\"row\">\n<div class=\"cell label\">Sz\u00ednes<\/div>\n<div class=\"cell value\">Ez\u00fcst<\/div>\n<\/div>\n<div class=\"row\">\n<div class=\"cell label\">M\u00e9ret<\/div>\n<div class=\"cell value\">\u00dcgyf\u00e9l ig\u00e9nye<\/div>\n<\/div>\n<div class=\"row\">\n<div class=\"cell label\">Elad\u00f3 egys\u00e9gek<\/div>\n<div class=\"cell value\">Egyetlen t\u00e9tel<\/div>\n<\/div>\n<div class=\"row\">\n<div class=\"cell label\">Egyetlen csomagm\u00e9ret<\/div>\n<div class=\"cell value\">110X110X50 cm<\/div>\n<\/div>\n<div class=\"row\">\n<div class=\"cell label\">Egyetlen brutt\u00f3 t\u00f6meg<\/div>\n<div class=\"cell value\">1.000 KG<\/div>\n<\/div>\n<\/div>\n<p><\/p>\n<h2>Gy\u00e1rt\u00f3 b\u00e1zisunk<\/h2>\n<h3>Gy\u00e1ri panor\u00e1ma<\/h3>\n<p><img decoding=\"async\" src=\"\/wp-content\/uploads\/factory-01.webp\"\/><\/p>\n<h3>Alum\u00ednium r\u00fadgy\u00e1rt\u00f3 m\u0171hely<\/h3>\n<p><img decoding=\"async\" src=\"\/wp-content\/uploads\/factory-02.webp\"\/><\/p>\n<p><img decoding=\"async\" src=\"\/wp-content\/uploads\/factory-03.webp\"\/><\/p>\n<h3>Pen\u00e9sz rakt\u00e1r<\/h3>\n<p><img decoding=\"async\" src=\"\/wp-content\/uploads\/factory-04.webp\"\/><\/p>\n<h3>43 alum\u00ednium extrud\u00e1l\u00f3 vonal (500-5500 tonna)<\/h3>\n<p><img decoding=\"async\" src=\"\/wp-content\/uploads\/factory-05.webp\"\/><\/p>\n<p><img decoding=\"async\" src=\"\/wp-content\/uploads\/factory-06.webp\"\/><\/p>\n<p><img decoding=\"async\" src=\"\/wp-content\/uploads\/factory-07.webp\"\/><\/p>\n<h3>Porfest\u0151 m\u0171hely<\/h3>\n<p><img decoding=\"async\" src=\"\/wp-content\/uploads\/factory-09.webp\"\/><\/p>\n<h3>Anodiz\u00e1l\u00f3 m\u0171hely<\/h3>\n<p><img decoding=\"async\" src=\"\/wp-content\/uploads\/factory-10.webp\"\/><\/p>\n<h3>M\u00e9ly feldolgoz\u00e1si m\u0171hely<\/h3>\n<p><img decoding=\"async\" src=\"\/wp-content\/uploads\/factory-11.webp\"\/><\/p>\n<h3>CNC prec\u00edzi\u00f3s megmunk\u00e1l\u00f3 m\u0171hely<\/h3>\n<p><img decoding=\"async\" src=\"\/wp-content\/uploads\/factory-11.5.webp\"\/><\/p>\n<h3>K\u00e9szterm\u00e9k \u00e9s export rakt\u00e1r<\/h3>\n<p><img decoding=\"async\" src=\"\/wp-content\/uploads\/factory-12.webp\"\/><\/p>\n<p><img decoding=\"async\" src=\"\/wp-content\/uploads\/factory-13.webp\"\/><\/p>\n<p><img decoding=\"async\" src=\"\/wp-content\/uploads\/factory-14.webp\"\/><\/p>\n<h2>GYIK<\/h2>\n<p><strong>1. Milyen ipar\u00e1gak haszn\u00e1lnak folyad\u00e9kh\u0171t\u00e9ses alum\u00ednium h\u0171t\u0151bord\u00e1kat?<\/strong><br \/>Az olyan ipar\u00e1gak, mint a sz\u00e1m\u00edt\u00e1stechnika, az aut\u00f3ipar \u00e9s a t\u00e1vk\u00f6zl\u00e9s gyakran haszn\u00e1lj\u00e1k h\u0171t\u0151bord\u00e1inkat a kiv\u00e1l\u00f3 h\u0151kezel\u00e9s \u00e9rdek\u00e9ben.<\/p>\n<p><strong>2. A h\u0171t\u0151bord\u00e1k testreszabhat\u00f3k speci\u00e1lis alkalmaz\u00e1sokhoz?<\/strong><br \/>Igen, a m\u00e9ret, az alak \u00e9s a szerel\u00e9si lehet\u0151s\u00e9gek testreszab\u00e1s\u00e1t k\u00edn\u00e1ljuk a k\u00fcl\u00f6nb\u00f6z\u0151 alkalmaz\u00e1sokhoz.<\/p>\n<p><strong>3. Rendelkez\u00e9sre \u00e1llnak mint\u00e1k, miel\u0151tt nagy megrendel\u00e9st adn\u00e9k le?<\/strong><br \/>Igen, mint\u00e1kat biztos\u00edtunk a min\u0151s\u00e9g \u00e9s a specifik\u00e1ci\u00f3k el\u0151zetes \u00e9rt\u00e9kel\u00e9s\u00e9hez.<\/p>\n<p><strong>4. Mennyi a tipikus \u00e1tfut\u00e1si id\u0151 a t\u00f6meges megrendel\u00e9sek eset\u00e9ben?<\/strong><br \/>Az \u00e1tfut\u00e1si id\u0151 v\u00e1ltoz\u00f3, de jellemz\u0151en 4-6 h\u00e9t k\u00f6z\u00f6tt mozog, a megrendel\u00e9s \u00f6sszetetts\u00e9g\u00e9t\u0151l f\u00fcgg\u0151en.<\/p>\n<p><strong>5. Biztos\u00edtanak technikai t\u00e1mogat\u00e1st a telep\u00edt\u00e9shez?<\/strong><br \/>Igen, \u00e1tfog\u00f3 technikai t\u00e1mogat\u00e1st ny\u00fajtunk a megfelel\u0151 telep\u00edt\u00e9s \u00e9s m\u0171k\u00f6d\u00e9s biztos\u00edt\u00e1sa \u00e9rdek\u00e9ben.<\/p>\n<p><strong>6. Nemzetk\u00f6zi sz\u00e1ll\u00edt\u00e1s is el\u00e9rhet\u0151 ezekhez a h\u0171t\u0151bord\u00e1khoz?<\/strong><br \/>Igen, megk\u00f6nny\u00edtj\u00fck a glob\u00e1lis sz\u00e1ll\u00edt\u00e1st, \u00e9s kezelj\u00fck az \u00f6sszes nemzetk\u00f6zi logisztikai \u00e9s dokument\u00e1ci\u00f3s feladatot.<\/p>\n<p><strong>7. A h\u0171t\u0151bord\u00e1k integr\u00e1lhat\u00f3k a megl\u00e9v\u0151 folyad\u00e9kh\u0171t\u00e9si rendszerekbe?<\/strong><br \/>Term\u00e9szetesen, h\u0171t\u0151bord\u00e1inkat \u00fagy tervezt\u00fck, hogy k\u00f6nnyen integr\u00e1lhat\u00f3k legyenek a legt\u00f6bb megl\u00e9v\u0151 folyad\u00e9kh\u0171t\u00e9si rendszerbe.<\/p>\n<p><\/p>","protected":false},"featured_media":10760,"template":"","categories":[72],"class_list":["post-11014","product","type-product","status-publish","has-post-thumbnail","hentry","category-extruded-aluminum-heatsink"],"meta_box":{"hilight_text_group":[{"product_hilight_text":"<li>Optimized for efficient thermal management in high-performance systems<\/li>\n<li>Customizable dimensions and designs for diverse industry needs<\/li>\n<li>Manufactured with high-quality aluminum for superior heat dissipation<\/li>\n<li>Suitable for OEM and ODM projects with competitive pricing<\/li>\n<li>Advanced liquid cooling capabilities for enhanced reliability<\/li>"}],"feature_list":[]},"_links":{"self":[{"href":"https:\/\/sinoextrud.com\/hu\/wp-json\/wp\/v2\/product\/11014","targetHints":{"allow":["GET"]}}],"collection":[{"href":"https:\/\/sinoextrud.com\/hu\/wp-json\/wp\/v2\/product"}],"about":[{"href":"https:\/\/sinoextrud.com\/hu\/wp-json\/wp\/v2\/types\/product"}],"wp:featuredmedia":[{"embeddable":true,"href":"https:\/\/sinoextrud.com\/hu\/wp-json\/wp\/v2\/media\/10760"}],"wp:attachment":[{"href":"https:\/\/sinoextrud.com\/hu\/wp-json\/wp\/v2\/media?parent=11014"}],"wp:term":[{"taxonomy":"category","embeddable":true,"href":"https:\/\/sinoextrud.com\/hu\/wp-json\/wp\/v2\/categories?post=11014"}],"curies":[{"name":"wp","href":"https:\/\/api.w.org\/{rel}","templated":true}]}}