{"id":11013,"date":"2025-08-01T03:39:04","date_gmt":"2025-08-01T03:39:04","guid":{"rendered":"https:\/\/sinoextrud.com\/product\/silver-aluminum-vapor-chamber-for-electronics\/"},"modified":"2025-08-01T03:39:04","modified_gmt":"2025-08-01T03:39:04","slug":"ezust-aluminium-gozkamra-elektronikahoz","status":"publish","type":"product","link":"https:\/\/sinoextrud.com\/hu\/product\/silver-aluminum-vapor-chamber-for-electronics\/","title":{"rendered":"Ez\u00fcst alum\u00ednium g\u0151zkamra elektronik\u00e1hoz"},"content":{"rendered":"<h2>Term\u00e9kek r\u00e9szletei<\/h2>\n<div class=\"product-table\">\n<div class=\"row\">\n<div class=\"cell label\">CNC megmunk\u00e1l\u00e1s vagy sem<\/div>\n<div class=\"cell value\">Cnc megmunk\u00e1l\u00e1s<\/div>\n<\/div>\n<div class=\"row\">\n<div class=\"cell label\">Anyagi k\u00e9pess\u00e9gek<\/div>\n<div class=\"cell value\">Alum\u00ednium, s\u00e1rgar\u00e9z, bronz, r\u00e9z, edzett f\u00e9mek, nemesf\u00e9mek, rozsdamentes ac\u00e9l, ac\u00e9l\u00f6tv\u00f6zetek, r\u00e9z<\/div>\n<\/div>\n<div class=\"row\">\n<div class=\"cell label\">T\u00edpus<\/div>\n<div class=\"cell value\">F\u00far\u00e1s, F\u00far\u00e1s, L\u00e9zermegmunk\u00e1l\u00e1s, L\u00e9zermegmunk\u00e1l\u00e1s, L\u00e9zeres megmunk\u00e1l\u00e1s, Mar\u00e1s, Egy\u00e9b megmunk\u00e1l\u00e1si szolg\u00e1ltat\u00e1sok, Eszterg\u00e1l\u00e1s, Hegeszt\u00e9s \/ k\u00e9miai megmunk\u00e1l\u00e1s, Gyors protot\u00edpusgy\u00e1rt\u00e1s, R\u00e9zs\u00fatol\u00e1s<\/div>\n<\/div>\n<div class=\"row\">\n<div class=\"cell label\">Mikromegmunk\u00e1l\u00e1s vagy sem<\/div>\n<div class=\"cell value\">Mikro megmunk\u00e1l\u00e1s<\/div>\n<\/div>\n<div class=\"row\">\n<div class=\"cell label\">Term\u00e9k neve<\/div>\n<div class=\"cell value\">Alum\u00ednium extrud\u00e1lt h\u0171t\u0151borda<\/div>\n<\/div>\n<div class=\"row\">\n<div class=\"cell label\">Fel\u00fcletkezel\u00e9s<\/div>\n<div class=\"cell value\">Fekete elox\u00e1l\u00e1s<\/div>\n<\/div>\n<div class=\"row\">\n<div class=\"cell label\">MOQ<\/div>\n<div class=\"cell value\">100db<\/div>\n<\/div>\n<div class=\"row\">\n<div class=\"cell label\">Tan\u00fas\u00edt\u00e1s<\/div>\n<div class=\"cell value\">ISO9001:2015<\/div>\n<\/div>\n<div class=\"row\">\n<div class=\"cell label\">Sz\u00ednes<\/div>\n<div class=\"cell value\">Fekete<\/div>\n<\/div>\n<div class=\"row\">\n<div class=\"cell label\">Folyamat<\/div>\n<div class=\"cell value\">CNC, extrud\u00e1l\u00e1s stb.<\/div>\n<\/div>\n<div class=\"row\">\n<div class=\"cell label\">Csomagol\u00e1s<\/div>\n<div class=\"cell value\">Bels\u0151 pp t\u00e1ska k\u00fcls\u0151 fa tok<\/div>\n<\/div>\n<div class=\"row\">\n<div class=\"cell label\">Jellemz\u0151<\/div>\n<div class=\"cell value\">K\u00f6nny\u0171 s\u00faly, \u00e9s nagy hat\u00e9konys\u00e1g\u00fa sug\u00e1rz\u00e1s<\/div>\n<\/div>\n<div class=\"row\">\n<div class=\"cell label\">OEM szolg\u00e1ltat\u00e1s<\/div>\n<div class=\"cell value\">Igen<\/div>\n<\/div>\n<div class=\"row\">\n<div class=\"cell label\">M\u00e9ret<\/div>\n<div class=\"cell value\">Custom<\/div>\n<\/div>\n<div class=\"row\">\n<div class=\"cell label\">Elad\u00f3 egys\u00e9gek<\/div>\n<div class=\"cell value\">Egyetlen t\u00e9tel<\/div>\n<\/div>\n<div class=\"row\">\n<div class=\"cell label\">Egyetlen csomagm\u00e9ret<\/div>\n<div class=\"cell value\">1X1X1 cm<\/div>\n<\/div>\n<div class=\"row\">\n<div class=\"cell label\">Egyetlen brutt\u00f3 t\u00f6meg<\/div>\n<div class=\"cell value\">1.000 KG<\/div>\n<\/div>\n<\/div>\n<p><\/p>\n<h2>Gy\u00e1rt\u00f3 b\u00e1zisunk<\/h2>\n<h3>Gy\u00e1ri panor\u00e1ma<\/h3>\n<p><img decoding=\"async\" src=\"\/wp-content\/uploads\/factory-01.webp\"\/><\/p>\n<h3>Alum\u00ednium r\u00fadgy\u00e1rt\u00f3 m\u0171hely<\/h3>\n<p><img decoding=\"async\" src=\"\/wp-content\/uploads\/factory-02.webp\"\/><\/p>\n<p><img decoding=\"async\" src=\"\/wp-content\/uploads\/factory-03.webp\"\/><\/p>\n<h3>Pen\u00e9sz rakt\u00e1r<\/h3>\n<p><img decoding=\"async\" src=\"\/wp-content\/uploads\/factory-04.webp\"\/><\/p>\n<h3>43 alum\u00ednium extrud\u00e1l\u00f3 vonal (500-5500 tonna)<\/h3>\n<p><img decoding=\"async\" src=\"\/wp-content\/uploads\/factory-05.webp\"\/><\/p>\n<p><img decoding=\"async\" src=\"\/wp-content\/uploads\/factory-06.webp\"\/><\/p>\n<p><img decoding=\"async\" src=\"\/wp-content\/uploads\/factory-07.webp\"\/><\/p>\n<h3>Porfest\u0151 m\u0171hely<\/h3>\n<p><img decoding=\"async\" src=\"\/wp-content\/uploads\/factory-09.webp\"\/><\/p>\n<h3>Anodiz\u00e1l\u00f3 m\u0171hely<\/h3>\n<p><img decoding=\"async\" src=\"\/wp-content\/uploads\/factory-10.webp\"\/><\/p>\n<h3>M\u00e9ly feldolgoz\u00e1si m\u0171hely<\/h3>\n<p><img decoding=\"async\" src=\"\/wp-content\/uploads\/factory-11.webp\"\/><\/p>\n<h3>CNC prec\u00edzi\u00f3s megmunk\u00e1l\u00f3 m\u0171hely<\/h3>\n<p><img decoding=\"async\" src=\"\/wp-content\/uploads\/factory-11.5.webp\"\/><\/p>\n<h3>K\u00e9szterm\u00e9k \u00e9s export rakt\u00e1r<\/h3>\n<p><img decoding=\"async\" src=\"\/wp-content\/uploads\/factory-12.webp\"\/><\/p>\n<p><img decoding=\"async\" src=\"\/wp-content\/uploads\/factory-13.webp\"\/><\/p>\n<p><img decoding=\"async\" src=\"\/wp-content\/uploads\/factory-14.webp\"\/><\/p>\n<h2>GYIK<\/h2>\n<p><strong>1. Melyek a Sliver alum\u00ednium g\u0151zkamra els\u0151dleges alkalmaz\u00e1si ter\u00fcletei?<\/strong><br \/>Els\u0151sorban az elektronikai \u00e9s sz\u00e1m\u00edt\u00e1stechnikai eszk\u00f6z\u00f6k hat\u00e9kony h\u0151kezel\u00e9s\u00e9hez haszn\u00e1lj\u00e1k.<\/p>\n<p><strong>2. A g\u0151zkamra m\u00e9retei testre szabhat\u00f3k?<\/strong><br \/>Igen, testreszab\u00e1st k\u00edn\u00e1lunk, hogy megfeleljen az \u00d6n eszk\u00f6zeinek egyedi k\u00f6vetelm\u00e9nyeinek.<\/p>\n<p><strong>3. Alkalmas-e ez a g\u0151zkamra magas h\u0151m\u00e9rs\u00e9klet\u0171 k\u00f6rnyezetre?<\/strong><br \/>Igen, \u00fagy tervezt\u00e9k, hogy magas h\u0151m\u00e9rs\u00e9kleti k\u00f6r\u00fclm\u00e9nyek k\u00f6z\u00f6tt is hat\u00e9konyan m\u0171k\u00f6dj\u00f6n.<\/p>\n<p><strong>4. Adnak mint\u00e1kat tesztel\u00e9si c\u00e9lokra?<\/strong><br \/>Igen, a teljes\u00edtm\u00e9ny \u00e9s a kompatibilit\u00e1s \u00e9rt\u00e9kel\u00e9s\u00e9hez rendel\u00e9si mint\u00e1k \u00e1llnak rendelkez\u00e9sre.<\/p>\n<p><strong>5. Milyen anyagokat haszn\u00e1lnak a g\u0151zkamra gy\u00e1rt\u00e1s\u00e1hoz?<\/strong><br \/>Kiv\u00e1l\u00f3 min\u0151s\u00e9g\u0171 alum\u00edniumb\u00f3l k\u00e9sz\u00fclt a k\u00f6nny\u0171 s\u00faly \u00e9s a hat\u00e9kony h\u0151vezet\u00e9s \u00e9rdek\u00e9ben.<\/p>\n<p><strong>6. Rendelkez\u00e9sre \u00e1llnak OEM-szolg\u00e1ltat\u00e1sok ehhez a term\u00e9khez?<\/strong><br \/>Igen, OEM-szolg\u00e1ltat\u00e1sokat ny\u00fajtunk, hogy seg\u00edts\u00fcnk a kamr\u00e1t az \u00d6n term\u00e9keibe integr\u00e1lni.<\/p>\n<p><strong>7. Mennyi a szok\u00e1sos \u00e1tfut\u00e1si id\u0151 a nagy t\u00e9tel\u0171 megrendel\u00e9sekn\u00e9l?<\/strong><br \/>A tipikus \u00e1tfut\u00e1si id\u0151 4-6 h\u00e9t, a megrendel\u00e9s m\u00e9ret\u00e9t\u0151l \u00e9s a testreszab\u00e1st\u00f3l f\u00fcgg\u0151en.<\/p>\n<p><\/p>","protected":false},"featured_media":10771,"template":"","categories":[55],"class_list":["post-11013","product","type-product","status-publish","has-post-thumbnail","hentry","category-extruded-aluminum-profiles"],"meta_box":{"hilight_text_group":[{"product_hilight_text":"<li>Efficient heat dissipation for high-performance applications<\/li>\n<li>Lightweight aluminum construction ideal for various devices<\/li>\n<li>Customizable dimensions to fit specific B2B needs<\/li>\n<li>Advanced manufacturing ensures reliability and durability<\/li>\n<li>OEM solutions available with competitive pricing<\/li>"}],"feature_list":[]},"_links":{"self":[{"href":"https:\/\/sinoextrud.com\/hu\/wp-json\/wp\/v2\/product\/11013","targetHints":{"allow":["GET"]}}],"collection":[{"href":"https:\/\/sinoextrud.com\/hu\/wp-json\/wp\/v2\/product"}],"about":[{"href":"https:\/\/sinoextrud.com\/hu\/wp-json\/wp\/v2\/types\/product"}],"wp:featuredmedia":[{"embeddable":true,"href":"https:\/\/sinoextrud.com\/hu\/wp-json\/wp\/v2\/media\/10771"}],"wp:attachment":[{"href":"https:\/\/sinoextrud.com\/hu\/wp-json\/wp\/v2\/media?parent=11013"}],"wp:term":[{"taxonomy":"category","embeddable":true,"href":"https:\/\/sinoextrud.com\/hu\/wp-json\/wp\/v2\/categories?post=11013"}],"curies":[{"name":"wp","href":"https:\/\/api.w.org\/{rel}","templated":true}]}}