{"id":11010,"date":"2025-08-01T03:38:58","date_gmt":"2025-08-01T03:38:58","guid":{"rendered":"https:\/\/sinoextrud.com\/product\/upgraded-vapor-chamber-heat-sink-for-heat-dissipation\/"},"modified":"2025-08-01T03:38:58","modified_gmt":"2025-08-01T03:38:58","slug":"korszerusitett-parologtatokamra-hutoborda-a-hoelvezetes-erdekeben","status":"publish","type":"product","link":"https:\/\/sinoextrud.com\/hu\/product\/upgraded-vapor-chamber-heat-sink-for-heat-dissipation\/","title":{"rendered":"Friss\u00edtett g\u0151zkamr\u00e1s h\u0171t\u0151borda a h\u0151elvezet\u00e9shez"},"content":{"rendered":"<h2>Term\u00e9kek r\u00e9szletei<\/h2>\n<div class=\"product-table\">\n<div class=\"row\">\n<div class=\"cell label\">Anyag<\/div>\n<div class=\"cell value\">Alum\u00ednium\/Ac\u00e9l\/Vas\/Vas\/ac\u00e9l\/r\u00e9z\/m\u0171anyag\/<\/div>\n<\/div>\n<div class=\"row\">\n<div class=\"cell label\">Szolg\u00e1ltat\u00e1s<\/div>\n<div class=\"cell value\">Egyablakos szolg\u00e1ltat\u00e1s. Megmunk\u00e1l\u00e1s-\u00f6sszeszerel\u00e9s<\/div>\n<\/div>\n<div class=\"row\">\n<div class=\"cell label\">M\u00e9ret<\/div>\n<div class=\"cell value\">M\u00e9ret Testreszabott<\/div>\n<\/div>\n<div class=\"row\">\n<div class=\"cell label\">Fel\u00fcletkezel\u00e9s<\/div>\n<div class=\"cell value\">pol\u00edroz\u00e1s\/tiszta elox\u00e1l\u00e1s\/elektroplatt\u00edroz\u00e1s\/olajnyom\u00e1s<\/div>\n<\/div>\n<div class=\"row\">\n<div class=\"cell label\">Rajzol\u00e1si form\u00e1tum<\/div>\n<div class=\"cell value\">2D\/(PDF\/CAD)3D(IGES\/STEP)<\/div>\n<\/div>\n<div class=\"row\">\n<div class=\"cell label\">Tolerancia<\/div>\n<div class=\"cell value\">0.01-0.05mm<\/div>\n<\/div>\n<div class=\"row\">\n<div class=\"cell label\">Sz\u00e1ll\u00edt\u00e1si id\u0151<\/div>\n<div class=\"cell value\">7-15 nap<\/div>\n<\/div>\n<div class=\"row\">\n<div class=\"cell label\">MOQ<\/div>\n<div class=\"cell value\">10db<\/div>\n<\/div>\n<div class=\"row\">\n<div class=\"cell label\">Csomagol\u00e1s<\/div>\n<div class=\"cell value\">Karton<\/div>\n<\/div>\n<div class=\"row\">\n<div class=\"cell label\">OEM&amp;ODM<\/div>\n<div class=\"cell value\">Elfogadott<\/div>\n<\/div>\n<div class=\"row\">\n<div class=\"cell label\">Elad\u00f3 egys\u00e9gek<\/div>\n<div class=\"cell value\">Egyetlen t\u00e9tel<\/div>\n<\/div>\n<div class=\"row\">\n<div class=\"cell label\">Egyetlen csomagm\u00e9ret<\/div>\n<div class=\"cell value\">10X6X2 cm<\/div>\n<\/div>\n<div class=\"row\">\n<div class=\"cell label\">Egyetlen brutt\u00f3 t\u00f6meg<\/div>\n<div class=\"cell value\">0,090 KG<\/div>\n<\/div>\n<\/div>\n<p><\/p>\n<h2>Gy\u00e1rt\u00f3 b\u00e1zisunk<\/h2>\n<h3>Gy\u00e1ri panor\u00e1ma<\/h3>\n<p><img decoding=\"async\" src=\"\/wp-content\/uploads\/factory-01.webp\"\/><\/p>\n<h3>Alum\u00ednium r\u00fadgy\u00e1rt\u00f3 m\u0171hely<\/h3>\n<p><img decoding=\"async\" src=\"\/wp-content\/uploads\/factory-02.webp\"\/><\/p>\n<p><img decoding=\"async\" src=\"\/wp-content\/uploads\/factory-03.webp\"\/><\/p>\n<h3>Pen\u00e9sz rakt\u00e1r<\/h3>\n<p><img decoding=\"async\" src=\"\/wp-content\/uploads\/factory-04.webp\"\/><\/p>\n<h3>43 alum\u00ednium extrud\u00e1l\u00f3 vonal (500-5500 tonna)<\/h3>\n<p><img decoding=\"async\" src=\"\/wp-content\/uploads\/factory-05.webp\"\/><\/p>\n<p><img decoding=\"async\" src=\"\/wp-content\/uploads\/factory-06.webp\"\/><\/p>\n<p><img decoding=\"async\" src=\"\/wp-content\/uploads\/factory-07.webp\"\/><\/p>\n<h3>Porfest\u0151 m\u0171hely<\/h3>\n<p><img decoding=\"async\" src=\"\/wp-content\/uploads\/factory-09.webp\"\/><\/p>\n<h3>Anodiz\u00e1l\u00f3 m\u0171hely<\/h3>\n<p><img decoding=\"async\" src=\"\/wp-content\/uploads\/factory-10.webp\"\/><\/p>\n<h3>M\u00e9ly feldolgoz\u00e1si m\u0171hely<\/h3>\n<p><img decoding=\"async\" src=\"\/wp-content\/uploads\/factory-11.webp\"\/><\/p>\n<h3>CNC prec\u00edzi\u00f3s megmunk\u00e1l\u00f3 m\u0171hely<\/h3>\n<p><img decoding=\"async\" src=\"\/wp-content\/uploads\/factory-11.5.webp\"\/><\/p>\n<h3>K\u00e9szterm\u00e9k \u00e9s export rakt\u00e1r<\/h3>\n<p><img decoding=\"async\" src=\"\/wp-content\/uploads\/factory-12.webp\"\/><\/p>\n<p><img decoding=\"async\" src=\"\/wp-content\/uploads\/factory-13.webp\"\/><\/p>\n<p><img decoding=\"async\" src=\"\/wp-content\/uploads\/factory-14.webp\"\/><\/p>\n<h2>GYIK<\/h2>\n<p><strong>1. Mit\u0151l hat\u00e9kony a friss\u00edtett p\u00e1rologtat\u00f3 kamr\u00e1s h\u0171t\u0151borda?<\/strong><br \/>Fejlett g\u0151zkamr\u00e1s technol\u00f3gi\u00e1t alkalmaz a hat\u00e9kony h\u0151elvezet\u00e9s \u00e9s az eszk\u00f6z h\u0171t\u00e9se \u00e9rdek\u00e9ben.<\/p>\n<p><strong>2. Testre szabhat\u00f3-e a h\u0171t\u0151borda speci\u00e1lis alkalmaz\u00e1sokhoz?<\/strong><br \/>Igen, a kialak\u00edt\u00e1s a k\u00fcl\u00f6nb\u00f6z\u0151 elektronikus konfigur\u00e1ci\u00f3khoz \u00e9s az \u00fcgyf\u00e9l ig\u00e9nyeihez igaz\u00edthat\u00f3.<\/p>\n<p><strong>3. Alkalmas ez a h\u0171t\u0151borda nagy teljes\u00edtm\u00e9ny\u0171 eszk\u00f6z\u00f6kh\u00f6z?<\/strong><br \/>Abszol\u00fat \u00fagy tervezt\u00e9k, hogy a t\u00falzott h\u0151 kezel\u00e9se r\u00e9v\u00e9n t\u00e1mogassa a nagy teljes\u00edtm\u00e9ny\u0171 elektronik\u00e1t.<\/p>\n<p><strong>4. Milyen anyagokat haszn\u00e1lnak a g\u0151zkamra h\u0171t\u0151bord\u00e1j\u00e1ban?<\/strong><br \/>A h\u0171t\u0151borda kiv\u00e1l\u00f3 min\u0151s\u00e9g\u0171, h\u0151vezet\u0151 anyagokb\u00f3l k\u00e9sz\u00fclt az optim\u00e1lis hat\u00e9konys\u00e1g \u00e9rdek\u00e9ben.<\/p>\n<p><strong>5. Sz\u00fcks\u00e9ges-e a g\u0151zkamra karbantart\u00e1sa?<\/strong><br \/>Nem, karbantart\u00e1smentes m\u0171k\u00f6d\u00e9st biztos\u00edt, hossz\u00fa t\u00e1v\u00fa megb\u00edzhat\u00f3s\u00e1got biztos\u00edtva.<\/p>\n<p><strong>6. Hogyan jav\u00edtja ez a h\u0171t\u0151borda az eszk\u00f6z teljes\u00edtm\u00e9ny\u00e9t?<\/strong><br \/>Az optim\u00e1lis h\u0151m\u00e9rs\u00e9klet fenntart\u00e1s\u00e1val n\u00f6veli a k\u00e9sz\u00fcl\u00e9k hat\u00e9konys\u00e1g\u00e1t \u00e9s meghosszabb\u00edtja az alkatr\u00e9szek \u00e9lettartam\u00e1t.<\/p>\n<p><strong>7. A nemzetk\u00f6zi sz\u00e1ll\u00edt\u00e1s el\u00e9rhet\u0151 t\u00f6meges megrendel\u00e9sek eset\u00e9n?<\/strong><br \/>Igen, \u00e1tfog\u00f3 nemzetk\u00f6zi logisztikai t\u00e1mogat\u00e1st k\u00edn\u00e1lunk a nagyszab\u00e1s\u00fa megrendel\u00e9sekhez.<\/p>\n<p><\/p>","protected":false},"featured_media":10775,"template":"","categories":[72],"class_list":["post-11010","product","type-product","status-publish","has-post-thumbnail","hentry","category-extruded-aluminum-heatsink"],"meta_box":{"hilight_text_group":[{"product_hilight_text":"<li>Features advanced thermal management for optimized cooling performance<\/li>\n<li>Customizable design to fit a variety of electronic devices<\/li>\n<li>Manufactured using high-quality materials for maximum durability<\/li>\n<li>Available for OEM and ODM services with flexible order quantities<\/li>\n<li>Designed to enhance device lifespan by preventing overheating<\/li>"}],"feature_list":[]},"_links":{"self":[{"href":"https:\/\/sinoextrud.com\/hu\/wp-json\/wp\/v2\/product\/11010","targetHints":{"allow":["GET"]}}],"collection":[{"href":"https:\/\/sinoextrud.com\/hu\/wp-json\/wp\/v2\/product"}],"about":[{"href":"https:\/\/sinoextrud.com\/hu\/wp-json\/wp\/v2\/types\/product"}],"wp:featuredmedia":[{"embeddable":true,"href":"https:\/\/sinoextrud.com\/hu\/wp-json\/wp\/v2\/media\/10775"}],"wp:attachment":[{"href":"https:\/\/sinoextrud.com\/hu\/wp-json\/wp\/v2\/media?parent=11010"}],"wp:term":[{"taxonomy":"category","embeddable":true,"href":"https:\/\/sinoextrud.com\/hu\/wp-json\/wp\/v2\/categories?post=11010"}],"curies":[{"name":"wp","href":"https:\/\/api.w.org\/{rel}","templated":true}]}}