{"id":11008,"date":"2025-08-01T03:38:54","date_gmt":"2025-08-01T03:38:54","guid":{"rendered":"https:\/\/sinoextrud.com\/product\/led-lamp-heat-sink-for-efficient-cooling\/"},"modified":"2025-08-01T03:38:54","modified_gmt":"2025-08-01T03:38:54","slug":"led-lampa-hutoborda-a-hatekony-huteshez","status":"publish","type":"product","link":"https:\/\/sinoextrud.com\/hu\/product\/led-lamp-heat-sink-for-efficient-cooling\/","title":{"rendered":"LED l\u00e1mpa h\u0171t\u0151borda a hat\u00e9kony h\u0171t\u00e9shez"},"content":{"rendered":"<h2>Term\u00e9kek r\u00e9szletei<\/h2>\n<div class=\"product-table\">\n<div class=\"row\">\n<div class=\"cell label\">Fokozat<\/div>\n<div class=\"cell value\">AL6063<\/div>\n<\/div>\n<div class=\"row\">\n<div class=\"cell label\">Tolerancia<\/div>\n<div class=\"cell value\">\u00c2\u00b11%<\/div>\n<\/div>\n<div class=\"row\">\n<div class=\"cell label\">Sz\u00e1ll\u00edt\u00e1si id\u0151<\/div>\n<div class=\"cell value\">22-30 nap<\/div>\n<\/div>\n<div class=\"row\">\n<div class=\"cell label\">Temper<\/div>\n<div class=\"cell value\">T3-T8<\/div>\n<\/div>\n<div class=\"row\">\n<div class=\"cell label\">Alkalmaz\u00e1s<\/div>\n<div class=\"cell value\">H\u0151elnyel\u0151<\/div>\n<\/div>\n<div class=\"row\">\n<div class=\"cell label\">Shape<\/div>\n<div class=\"cell value\">Kerek<\/div>\n<\/div>\n<div class=\"row\">\n<div class=\"cell label\">\u00d6tv\u00f6zet vagy sem<\/div>\n<div class=\"cell value\">Az \u00f6tv\u00f6zet<\/div>\n<\/div>\n<div class=\"row\">\n<div class=\"cell label\">Feldolgoz\u00f3 szolg\u00e1ltat\u00e1s<\/div>\n<div class=\"cell value\">V\u00e1g\u00e1s<\/div>\n<\/div>\n<div class=\"row\">\n<div class=\"cell label\">Anyag<\/div>\n<div class=\"cell value\">6063 \u00f6tv\u00f6zet<\/div>\n<\/div>\n<div class=\"row\">\n<div class=\"cell label\">Fel\u00fcletkezel\u00e9s<\/div>\n<div class=\"cell value\">Elox\u00e1lt kivitelben<\/div>\n<\/div>\n<div class=\"row\">\n<div class=\"cell label\">Sz\u00ednes<\/div>\n<div class=\"cell value\">Testreszabott sz\u00edn<\/div>\n<\/div>\n<div class=\"row\">\n<div class=\"cell label\">M\u00e9ret<\/div>\n<div class=\"cell value\">\u00dcgyf\u00e9l ig\u00e9nye<\/div>\n<\/div>\n<div class=\"row\">\n<div class=\"cell label\">T\u00edpus<\/div>\n<div class=\"cell value\">OEM alum\u00ednium extrud\u00e1l\u00e1s profilok<\/div>\n<\/div>\n<div class=\"row\">\n<div class=\"cell label\">Tan\u00fas\u00edt\u00e1s<\/div>\n<div class=\"cell value\">ISO9001:2015<\/div>\n<\/div>\n<div class=\"row\">\n<div class=\"cell label\">Haszn\u00e1lat<\/div>\n<div class=\"cell value\">LED h\u0171t\u0151borda<\/div>\n<\/div>\n<div class=\"row\">\n<div class=\"cell label\">Szolg\u00e1ltat\u00e1s<\/div>\n<div class=\"cell value\">Testreszabott OEM<\/div>\n<\/div>\n<div class=\"row\">\n<div class=\"cell label\">MOQ<\/div>\n<div class=\"cell value\">200db<\/div>\n<\/div>\n<div class=\"row\">\n<div class=\"cell label\">\u00c1tfut\u00e1si id\u0151<\/div>\n<div class=\"cell value\">25~30nap<\/div>\n<\/div>\n<div class=\"row\">\n<div class=\"cell label\">Csomagol\u00e1s r\u00e9szletei<\/div>\n<div class=\"cell value\">Egyetlen v\u00e9d\u0151 + karton vagy az \u00fcgyfelek ig\u00e9nyei alapj\u00e1n<\/div>\n<\/div>\n<div class=\"row\">\n<div class=\"cell label\">Kik\u00fcld\u0151 kik\u00f6t\u0151<\/div>\n<div class=\"cell value\">Shenzhen vagy Hongkong<\/div>\n<\/div>\n<div class=\"row\">\n<div class=\"cell label\">Elad\u00f3 egys\u00e9gek<\/div>\n<div class=\"cell value\">Egyetlen t\u00e9tel<\/div>\n<\/div>\n<div class=\"row\">\n<div class=\"cell label\">Egyetlen csomagm\u00e9ret<\/div>\n<div class=\"cell value\">10X10X5 cm<\/div>\n<\/div>\n<div class=\"row\">\n<div class=\"cell label\">Egyetlen brutt\u00f3 t\u00f6meg<\/div>\n<div class=\"cell value\">1.000 KG<\/div>\n<\/div>\n<div class=\"row\">\n<div class=\"cell label\">Ell\u00e1t\u00e1si k\u00e9pess\u00e9g<\/div>\n<div class=\"cell value\">50000 darab havonta<\/div>\n<\/div>\n<\/div>\n<p><\/p>\n<h2>Gy\u00e1rt\u00f3 b\u00e1zisunk<\/h2>\n<h3>Gy\u00e1ri panor\u00e1ma<\/h3>\n<p><img decoding=\"async\" src=\"\/wp-content\/uploads\/factory-01.webp\"\/><\/p>\n<h3>Alum\u00ednium r\u00fadgy\u00e1rt\u00f3 m\u0171hely<\/h3>\n<p><img decoding=\"async\" src=\"\/wp-content\/uploads\/factory-02.webp\"\/><\/p>\n<p><img decoding=\"async\" src=\"\/wp-content\/uploads\/factory-03.webp\"\/><\/p>\n<h3>Pen\u00e9sz rakt\u00e1r<\/h3>\n<p><img decoding=\"async\" src=\"\/wp-content\/uploads\/factory-04.webp\"\/><\/p>\n<h3>43 alum\u00ednium extrud\u00e1l\u00f3 vonal (500-5500 tonna)<\/h3>\n<p><img decoding=\"async\" src=\"\/wp-content\/uploads\/factory-05.webp\"\/><\/p>\n<p><img decoding=\"async\" src=\"\/wp-content\/uploads\/factory-06.webp\"\/><\/p>\n<p><img decoding=\"async\" src=\"\/wp-content\/uploads\/factory-07.webp\"\/><\/p>\n<h3>Porfest\u0151 m\u0171hely<\/h3>\n<p><img decoding=\"async\" src=\"\/wp-content\/uploads\/factory-09.webp\"\/><\/p>\n<h3>Anodiz\u00e1l\u00f3 m\u0171hely<\/h3>\n<p><img decoding=\"async\" src=\"\/wp-content\/uploads\/factory-10.webp\"\/><\/p>\n<h3>M\u00e9ly feldolgoz\u00e1si m\u0171hely<\/h3>\n<p><img decoding=\"async\" src=\"\/wp-content\/uploads\/factory-11.webp\"\/><\/p>\n<h3>CNC prec\u00edzi\u00f3s megmunk\u00e1l\u00f3 m\u0171hely<\/h3>\n<p><img decoding=\"async\" src=\"\/wp-content\/uploads\/factory-11.5.webp\"\/><\/p>\n<h3>K\u00e9szterm\u00e9k \u00e9s export rakt\u00e1r<\/h3>\n<p><img decoding=\"async\" src=\"\/wp-content\/uploads\/factory-12.webp\"\/><\/p>\n<p><img decoding=\"async\" src=\"\/wp-content\/uploads\/factory-13.webp\"\/><\/p>\n<p><img decoding=\"async\" src=\"\/wp-content\/uploads\/factory-14.webp\"\/><\/p>\n<h2>GYIK<\/h2>\n<p><strong>1. Milyen anyagokat haszn\u00e1lnak a LED-l\u00e1mpa h\u0171t\u0151bord\u00e1j\u00e1ban?<\/strong><br \/>A h\u0171t\u0151borda kiv\u00e1l\u00f3 min\u0151s\u00e9g\u0171 alum\u00edniumb\u00f3l k\u00e9sz\u00fclt a kiv\u00e1l\u00f3 h\u0151elvezet\u00e9s \u00e9rdek\u00e9ben.<\/p>\n<p><strong>2. A LED-l\u00e1mpa h\u0171t\u0151bord\u00e1ja alkalmas k\u00fclt\u00e9ri haszn\u00e1latra?<\/strong><br \/>Igen, \u00fagy tervezt\u00e9k, hogy a sz\u00e9ls\u0151s\u00e9ges h\u0151m\u00e9rs\u00e9kleteket is elviselje, mind belt\u00e9ri, mind k\u00fclt\u00e9ri alkalmaz\u00e1sokhoz.<\/p>\n<p><strong>3. A h\u0171t\u0151borda testre szabhat\u00f3 a k\u00fcl\u00f6nb\u00f6z\u0151 LED-l\u00e1mp\u00e1khoz?<\/strong><br \/>Igen, egyedi m\u00e9reteket \u00e9s form\u00e1kat k\u00edn\u00e1lunk a k\u00fcl\u00f6nb\u00f6z\u0151 LED-l\u00e1mpa modellekhez.<\/p>\n<p><strong>4. Hogyan jav\u00edtja a h\u0171t\u0151borda a LED-l\u00e1mpa teljes\u00edtm\u00e9ny\u00e9t?<\/strong><br \/>A h\u0171t\u0151borda hat\u00e9konyan vezeti el a h\u0151t, n\u00f6velve a LED-ek \u00e9lettartam\u00e1t \u00e9s teljes\u00edtm\u00e9ny\u00e9t.<\/p>\n<p><strong>5. Biztos\u00edtanak-e telep\u00edt\u00e9si t\u00e1mogat\u00e1st a h\u0171t\u0151bord\u00e1hoz?<\/strong><br \/>B\u00e1r nem mi telep\u00edtj\u00fck, \u00e1tfog\u00f3 \u00fatmutat\u00f3kkal seg\u00edtj\u00fck a telep\u00edt\u00e9st.<\/p>\n<p><strong>6. Mennyi a minim\u00e1lis rendel\u00e9si mennyis\u00e9g egy egyedi h\u0171t\u0151borda kialak\u00edt\u00e1s\u00e1n\u00e1l?<\/strong><br \/>A MOQ a tervez\u00e9s \u00f6sszetetts\u00e9g\u00e9t\u0151l f\u00fcgg\u0151en v\u00e1ltozik, \u00e1ltal\u00e1ban 100 darabt\u00f3l kezd\u0151dik.<\/p>\n<p><strong>7. Van-e a LED-l\u00e1mpa h\u0171t\u0151bord\u00e1ra garancia?<\/strong><br \/>Igen, minden h\u0171t\u0151bord\u00e1nkat szabv\u00e1nyos garanci\u00e1val sz\u00e1ll\u00edtjuk a min\u0151s\u00e9g \u00e9s az el\u00e9gedetts\u00e9g biztos\u00edt\u00e1sa \u00e9rdek\u00e9ben.<\/p>\n<p><\/p>","protected":false},"featured_media":10778,"template":"","categories":[72],"class_list":["post-11008","product","type-product","status-publish","has-post-thumbnail","hentry","category-extruded-aluminum-heatsink"],"meta_box":{"hilight_text_group":[{"product_hilight_text":"<li>Enhanced thermal management for prolonged LED lifespan<\/li>\n<li>Compatible with a wide range of LED lamp designs<\/li>\n<li>Customizable dimensions to fit specific lighting requirements<\/li>\n<li>Made from high-quality, heat-conductive materials<\/li>\n<li>Supports OEM and ODM projects with flexible order volumes<\/li>"}],"feature_list":[]},"_links":{"self":[{"href":"https:\/\/sinoextrud.com\/hu\/wp-json\/wp\/v2\/product\/11008","targetHints":{"allow":["GET"]}}],"collection":[{"href":"https:\/\/sinoextrud.com\/hu\/wp-json\/wp\/v2\/product"}],"about":[{"href":"https:\/\/sinoextrud.com\/hu\/wp-json\/wp\/v2\/types\/product"}],"wp:featuredmedia":[{"embeddable":true,"href":"https:\/\/sinoextrud.com\/hu\/wp-json\/wp\/v2\/media\/10778"}],"wp:attachment":[{"href":"https:\/\/sinoextrud.com\/hu\/wp-json\/wp\/v2\/media?parent=11008"}],"wp:term":[{"taxonomy":"category","embeddable":true,"href":"https:\/\/sinoextrud.com\/hu\/wp-json\/wp\/v2\/categories?post=11008"}],"curies":[{"name":"wp","href":"https:\/\/api.w.org\/{rel}","templated":true}]}}