{"id":11007,"date":"2025-08-01T03:38:52","date_gmt":"2025-08-01T03:38:52","guid":{"rendered":"https:\/\/sinoextrud.com\/product\/uni-dimensional-vapor-chamber-for-compact-systems\/"},"modified":"2025-08-01T03:38:52","modified_gmt":"2025-08-01T03:38:52","slug":"egydimenzios-gozkamra-kompakt-rendszerekhez","status":"publish","type":"product","link":"https:\/\/sinoextrud.com\/hu\/product\/uni-dimensional-vapor-chamber-for-compact-systems\/","title":{"rendered":"Egydimenzi\u00f3s g\u0151zkamra kompakt rendszerekhez"},"content":{"rendered":"<h2>Term\u00e9kek r\u00e9szletei<\/h2>\n<div class=\"product-table\">\n<div class=\"row\">\n<div class=\"cell label\">Fokozat<\/div>\n<div class=\"cell value\">6000-es sorozat<\/div>\n<\/div>\n<div class=\"row\">\n<div class=\"cell label\">Tolerancia<\/div>\n<div class=\"cell value\">\u00c2\u00b11%<\/div>\n<\/div>\n<div class=\"row\">\n<div class=\"cell label\">Sz\u00e1ll\u00edt\u00e1si id\u0151<\/div>\n<div class=\"cell value\">15-25 nap<\/div>\n<\/div>\n<div class=\"row\">\n<div class=\"cell label\">Temper<\/div>\n<div class=\"cell value\">T3-T8<\/div>\n<\/div>\n<div class=\"row\">\n<div class=\"cell label\">Alkalmaz\u00e1s<\/div>\n<div class=\"cell value\">Ventil\u00e1tor, led f\u00e9ny, elektromos k\u00e9sz\u00fcl\u00e9kek<\/div>\n<\/div>\n<div class=\"row\">\n<div class=\"cell label\">Shape<\/div>\n<div class=\"cell value\">kerek<\/div>\n<\/div>\n<div class=\"row\">\n<div class=\"cell label\">\u00d6tv\u00f6zet vagy sem<\/div>\n<div class=\"cell value\">Az \u00f6tv\u00f6zet<\/div>\n<\/div>\n<div class=\"row\">\n<div class=\"cell label\">Feldolgoz\u00f3 szolg\u00e1ltat\u00e1s<\/div>\n<div class=\"cell value\">Hajl\u00edt\u00e1s, hegeszt\u00e9s, lyukaszt\u00e1s, v\u00e1g\u00e1s, b\u00e9lyegz\u00e9s, \u00f6ntv\u00e9nygy\u00e1rt\u00e1s<\/div>\n<\/div>\n<div class=\"row\">\n<div class=\"cell label\">St\u00edlus<\/div>\n<div class=\"cell value\">Egyedi szem\u00e9lyre szabott<\/div>\n<\/div>\n<div class=\"row\">\n<div class=\"cell label\">MOQ<\/div>\n<div class=\"cell value\">1TON<\/div>\n<\/div>\n<div class=\"row\">\n<div class=\"cell label\">Vastags\u00e1g<\/div>\n<div class=\"cell value\">0.8-5mm<\/div>\n<\/div>\n<div class=\"row\">\n<div class=\"cell label\">Folyamat<\/div>\n<div class=\"cell value\">Extrud\u00e1l\u00e1s<\/div>\n<\/div>\n<div class=\"row\">\n<div class=\"cell label\">Sz\u00e1ll\u00edt\u00e1s<\/div>\n<div class=\"cell value\">Tengeren\/leveg\u0151n<\/div>\n<\/div>\n<div class=\"row\">\n<div class=\"cell label\">Fel\u00fcletkezel\u00e9s<\/div>\n<div class=\"cell value\">Elox\u00e1lt, porfest\u00e9k, fa szemcs\u00e9s<\/div>\n<\/div>\n<div class=\"row\">\n<div class=\"cell label\">T\u00edpus<\/div>\n<div class=\"cell value\">100% QC tesztel\u00e9s<\/div>\n<\/div>\n<div class=\"row\">\n<div class=\"cell label\">OEM szolg\u00e1ltat\u00e1s<\/div>\n<div class=\"cell value\">El\u00e9rhet\u0151<\/div>\n<\/div>\n<div class=\"row\">\n<div class=\"cell label\">Szolg\u00e1ltat\u00e1s<\/div>\n<div class=\"cell value\">24 \u00f3ra online<\/div>\n<\/div>\n<div class=\"row\">\n<div class=\"cell label\">Tan\u00fas\u00edt\u00e1s<\/div>\n<div class=\"cell value\">ISO9001, CE, ROHS, vizsg\u00e1lati jelent\u00e9sek<\/div>\n<\/div>\n<div class=\"row\">\n<div class=\"cell label\">Elad\u00f3 egys\u00e9gek<\/div>\n<div class=\"cell value\">Egyetlen t\u00e9tel<\/div>\n<\/div>\n<div class=\"row\">\n<div class=\"cell label\">Egyetlen csomagm\u00e9ret<\/div>\n<div class=\"cell value\">50X50X30 cm<\/div>\n<\/div>\n<div class=\"row\">\n<div class=\"cell label\">Egyetlen brutt\u00f3 t\u00f6meg<\/div>\n<div class=\"cell value\">1.300 KG<\/div>\n<\/div>\n<\/div>\n<p><\/p>\n<h2>Gy\u00e1rt\u00f3 b\u00e1zisunk<\/h2>\n<h3>Gy\u00e1ri panor\u00e1ma<\/h3>\n<p><img decoding=\"async\" src=\"\/wp-content\/uploads\/factory-01.webp\"\/><\/p>\n<h3>Alum\u00ednium r\u00fadgy\u00e1rt\u00f3 m\u0171hely<\/h3>\n<p><img decoding=\"async\" src=\"\/wp-content\/uploads\/factory-02.webp\"\/><\/p>\n<p><img decoding=\"async\" src=\"\/wp-content\/uploads\/factory-03.webp\"\/><\/p>\n<h3>Pen\u00e9sz rakt\u00e1r<\/h3>\n<p><img decoding=\"async\" src=\"\/wp-content\/uploads\/factory-04.webp\"\/><\/p>\n<h3>43 alum\u00ednium extrud\u00e1l\u00f3 vonal (500-5500 tonna)<\/h3>\n<p><img decoding=\"async\" src=\"\/wp-content\/uploads\/factory-05.webp\"\/><\/p>\n<p><img decoding=\"async\" src=\"\/wp-content\/uploads\/factory-06.webp\"\/><\/p>\n<p><img decoding=\"async\" src=\"\/wp-content\/uploads\/factory-07.webp\"\/><\/p>\n<h3>Porfest\u0151 m\u0171hely<\/h3>\n<p><img decoding=\"async\" src=\"\/wp-content\/uploads\/factory-09.webp\"\/><\/p>\n<h3>Anodiz\u00e1l\u00f3 m\u0171hely<\/h3>\n<p><img decoding=\"async\" src=\"\/wp-content\/uploads\/factory-10.webp\"\/><\/p>\n<h3>M\u00e9ly feldolgoz\u00e1si m\u0171hely<\/h3>\n<p><img decoding=\"async\" src=\"\/wp-content\/uploads\/factory-11.webp\"\/><\/p>\n<h3>CNC prec\u00edzi\u00f3s megmunk\u00e1l\u00f3 m\u0171hely<\/h3>\n<p><img decoding=\"async\" src=\"\/wp-content\/uploads\/factory-11.5.webp\"\/><\/p>\n<h3>K\u00e9szterm\u00e9k \u00e9s export rakt\u00e1r<\/h3>\n<p><img decoding=\"async\" src=\"\/wp-content\/uploads\/factory-12.webp\"\/><\/p>\n<p><img decoding=\"async\" src=\"\/wp-content\/uploads\/factory-13.webp\"\/><\/p>\n<p><img decoding=\"async\" src=\"\/wp-content\/uploads\/factory-14.webp\"\/><\/p>\n<h2>GYIK<\/h2>\n<p><strong>1. Mi az egydimenzi\u00f3s g\u0151zkamra els\u0151dleges c\u00e9lja?<\/strong><br \/>A g\u0151zkamr\u00e1t \u00fagy tervezt\u00e9k, hogy hat\u00e9konyan elvezesse a h\u0151t az elektronikus eszk\u00f6z\u00f6kben, jav\u00edtva azok teljes\u00edtm\u00e9ny\u00e9t \u00e9s \u00e9lettartam\u00e1t.<\/p>\n<p><strong>2. Testre szabhat\u00f3-e a g\u0151zkamra speci\u00e1lis alkalmaz\u00e1sokhoz?<\/strong><br \/>Igen, m\u00e9retben \u00e9s konfigur\u00e1ci\u00f3ban testre szabhat\u00f3, hogy k\u00fcl\u00f6nb\u00f6z\u0151 eszk\u00f6z\u00f6kh\u00f6z \u00e9s alkalmaz\u00e1sokhoz illeszkedjen.<\/p>\n<p><strong>3. A g\u0151zkamra kompatibilis minden t\u00edpus\u00fa elektronikus eszk\u00f6zzel?<\/strong><br \/>Az eszk\u00f6z\u00f6k sz\u00e9les sk\u00e1l\u00e1j\u00e1val kompatibilis, de bizonyos modellekhez testreszab\u00e1sra lehet sz\u00fcks\u00e9g.<\/p>\n<p><strong>4. Hogyan jav\u00edtja a g\u0151zkamra a k\u00e9sz\u00fcl\u00e9k teljes\u00edtm\u00e9ny\u00e9t?<\/strong><br \/>A h\u0151 hat\u00e9kony elvezet\u00e9se r\u00e9v\u00e9n cs\u00f6kkenti a h\u0151elvon\u00e1st, \u00e9s lehet\u0151v\u00e9 teszi, hogy az elektronikus alkatr\u00e9szek optim\u00e1lis sebess\u00e9ggel m\u0171k\u00f6djenek.<\/p>\n<p><strong>5. Milyen anyagokat haszn\u00e1ltak a g\u0151zkamra \u00e9p\u00edt\u00e9s\u00e9hez?<\/strong><br \/>A kamra jellemz\u0151en r\u00e9zb\u0151l vagy alum\u00edniumb\u00f3l k\u00e9sz\u00fcl a nagy h\u0151vezet\u0151 k\u00e9pess\u00e9g \u00e9rdek\u00e9ben.<\/p>\n<p><strong>6. Alkalmas ez a g\u0151zkamra nagy teljes\u00edtm\u00e9ny\u0171 sz\u00e1m\u00edt\u00f3g\u00e9pekhez?<\/strong><br \/>Igen, ide\u00e1lis nagy teljes\u00edtm\u00e9ny\u0171 sz\u00e1m\u00edt\u00f3g\u00e9pekhez, amelyeknek kiv\u00e1l\u00f3 h\u0151kezel\u00e9sre van sz\u00fcks\u00e9g\u00fck.<\/p>\n<p><strong>7. K\u00edn\u00e1lnak-e technikai t\u00e1mogat\u00e1st a g\u0151zkamra integr\u00e1l\u00e1s\u00e1hoz?<\/strong><br \/>Igen, technikai seg\u00edts\u00e9get ny\u00fajtunk a sikeres integr\u00e1ci\u00f3hoz az \u00d6n rendszereibe.<\/p>\n<p><\/p>","protected":false},"featured_media":10782,"template":"","categories":[74],"class_list":["post-11007","product","type-product","status-publish","has-post-thumbnail","hentry","category-vapor-chamber"],"meta_box":{"hilight_text_group":[{"product_hilight_text":"<li>Efficient heat dissipation with advanced vapor chamber technology<\/li>\n<li>Customizable sizes and configurations for diverse applications<\/li>\n<li>High thermal conductivity improves device performance<\/li>\n<li>Designed for seamless integration in electronic devices<\/li>\n<li>Durable construction ensures longevity and reliability<\/li>"}],"feature_list":[]},"_links":{"self":[{"href":"https:\/\/sinoextrud.com\/hu\/wp-json\/wp\/v2\/product\/11007","targetHints":{"allow":["GET"]}}],"collection":[{"href":"https:\/\/sinoextrud.com\/hu\/wp-json\/wp\/v2\/product"}],"about":[{"href":"https:\/\/sinoextrud.com\/hu\/wp-json\/wp\/v2\/types\/product"}],"wp:featuredmedia":[{"embeddable":true,"href":"https:\/\/sinoextrud.com\/hu\/wp-json\/wp\/v2\/media\/10782"}],"wp:attachment":[{"href":"https:\/\/sinoextrud.com\/hu\/wp-json\/wp\/v2\/media?parent=11007"}],"wp:term":[{"taxonomy":"category","embeddable":true,"href":"https:\/\/sinoextrud.com\/hu\/wp-json\/wp\/v2\/categories?post=11007"}],"curies":[{"name":"wp","href":"https:\/\/api.w.org\/{rel}","templated":true}]}}