{"id":11004,"date":"2025-08-01T03:38:46","date_gmt":"2025-08-01T03:38:46","guid":{"rendered":"https:\/\/sinoextrud.com\/product\/sliver-aluminum-heat-sink-vapor-chamber\/"},"modified":"2025-08-01T03:38:46","modified_gmt":"2025-08-01T03:38:46","slug":"szalkas-aluminium-hutoborda-parologtato-kamra","status":"publish","type":"product","link":"https:\/\/sinoextrud.com\/hu\/product\/sliver-aluminum-heat-sink-vapor-chamber\/","title":{"rendered":"Sliver alum\u00ednium h\u0171t\u0151bord\u00e1s p\u00e1rologtat\u00f3 kamra"},"content":{"rendered":"<h2>Term\u00e9kek r\u00e9szletei<\/h2>\n<div class=\"product-table\">\n<div class=\"row\">\n<div class=\"cell label\">g\u00e9pvizsg\u00e1lati jelent\u00e9s<\/div>\n<div class=\"cell value\">Felt\u00f6ltve:<\/div>\n<\/div>\n<div class=\"row\">\n<div class=\"cell label\">vide\u00f3 kimen\u0151-ellen\u0151rz\u00e9s<\/div>\n<div class=\"cell value\">Felt\u00f6ltve:<\/div>\n<\/div>\n<div class=\"row\">\n<div class=\"cell label\">garancia<\/div>\n<div class=\"cell value\">1 \u00e9v<\/div>\n<\/div>\n<div class=\"row\">\n<div class=\"cell label\">alkalmaz\u00e1s<\/div>\n<div class=\"cell value\">H\u0171t\u0151alkatr\u00e9szek<\/div>\n<\/div>\n<div class=\"row\">\n<div class=\"cell label\">t\u00edpus<\/div>\n<div class=\"cell value\">H\u0171t\u0151kompresszor alkatr\u00e9szek<\/div>\n<\/div>\n<div class=\"row\">\n<div class=\"cell label\">s\u00faly (kg)<\/div>\n<div class=\"cell value\">4.3<\/div>\n<\/div>\n<div class=\"row\">\n<div class=\"cell label\">Anyag<\/div>\n<div class=\"cell value\">Alum\u00ednium<\/div>\n<\/div>\n<div class=\"row\">\n<div class=\"cell label\">H\u0171t\u00e9si m\u00f3dszer<\/div>\n<div class=\"cell value\">Foly\u00e9kony h\u0171t\u00e9s<\/div>\n<\/div>\n<div class=\"row\">\n<div class=\"cell label\">\u00dczemi nyom\u00e1s<\/div>\n<div class=\"cell value\">Legal\u00e1bb 1 bar<\/div>\n<\/div>\n<div class=\"row\">\n<div class=\"cell label\">Csatlakoz\u00e1si m\u00f3dszer<\/div>\n<div class=\"cell value\">Forraszt\u00e1s vagy hegeszt\u00e9s vagy m\u00e1s<\/div>\n<\/div>\n<div class=\"row\">\n<div class=\"cell label\">Fel\u00fcletkezel\u00e9s<\/div>\n<div class=\"cell value\">Mar\u00e1si fel\u00fclet vagy elox\u00e1l\u00e1s<\/div>\n<\/div>\n<div class=\"row\">\n<div class=\"cell label\">H\u0171t\u0151folyad\u00e9k<\/div>\n<div class=\"cell value\">Deioniz\u00e1lt v\u00edz, g\u00e1tolt glikol \u00e9s v\u00edz, dielektromos folyad\u00e9k<\/div>\n<\/div>\n<div class=\"row\">\n<div class=\"cell label\">Elad\u00f3 egys\u00e9gek<\/div>\n<div class=\"cell value\">Egyetlen t\u00e9tel<\/div>\n<\/div>\n<div class=\"row\">\n<div class=\"cell label\">Egyetlen csomagm\u00e9ret<\/div>\n<div class=\"cell value\">XX cm<\/div>\n<\/div>\n<\/div>\n<p><\/p>\n<h2>Gy\u00e1rt\u00f3 b\u00e1zisunk<\/h2>\n<h3>Gy\u00e1ri panor\u00e1ma<\/h3>\n<p><img decoding=\"async\" src=\"\/wp-content\/uploads\/factory-01.webp\"\/><\/p>\n<h3>Alum\u00ednium r\u00fadgy\u00e1rt\u00f3 m\u0171hely<\/h3>\n<p><img decoding=\"async\" src=\"\/wp-content\/uploads\/factory-02.webp\"\/><\/p>\n<p><img decoding=\"async\" src=\"\/wp-content\/uploads\/factory-03.webp\"\/><\/p>\n<h3>Pen\u00e9sz rakt\u00e1r<\/h3>\n<p><img decoding=\"async\" src=\"\/wp-content\/uploads\/factory-04.webp\"\/><\/p>\n<h3>43 alum\u00ednium extrud\u00e1l\u00f3 vonal (500-5500 tonna)<\/h3>\n<p><img decoding=\"async\" src=\"\/wp-content\/uploads\/factory-05.webp\"\/><\/p>\n<p><img decoding=\"async\" src=\"\/wp-content\/uploads\/factory-06.webp\"\/><\/p>\n<p><img decoding=\"async\" src=\"\/wp-content\/uploads\/factory-07.webp\"\/><\/p>\n<h3>Porfest\u0151 m\u0171hely<\/h3>\n<p><img decoding=\"async\" src=\"\/wp-content\/uploads\/factory-09.webp\"\/><\/p>\n<h3>Anodiz\u00e1l\u00f3 m\u0171hely<\/h3>\n<p><img decoding=\"async\" src=\"\/wp-content\/uploads\/factory-10.webp\"\/><\/p>\n<h3>M\u00e9ly feldolgoz\u00e1si m\u0171hely<\/h3>\n<p><img decoding=\"async\" src=\"\/wp-content\/uploads\/factory-11.webp\"\/><\/p>\n<h3>CNC prec\u00edzi\u00f3s megmunk\u00e1l\u00f3 m\u0171hely<\/h3>\n<p><img decoding=\"async\" src=\"\/wp-content\/uploads\/factory-11.5.webp\"\/><\/p>\n<h3>K\u00e9szterm\u00e9k \u00e9s export rakt\u00e1r<\/h3>\n<p><img decoding=\"async\" src=\"\/wp-content\/uploads\/factory-12.webp\"\/><\/p>\n<p><img decoding=\"async\" src=\"\/wp-content\/uploads\/factory-13.webp\"\/><\/p>\n<p><img decoding=\"async\" src=\"\/wp-content\/uploads\/factory-14.webp\"\/><\/p>\n<h2>GYIK<\/h2>\n<p><strong>1. Mi a h\u0151elvezet\u0151 g\u0151zkamra els\u0151dleges funkci\u00f3ja?<\/strong><br \/>A h\u0171t\u0151p\u00e1rakamra els\u0151dleges funkci\u00f3ja az elektronikus eszk\u00f6z\u00f6k h\u0151j\u00e9nek hat\u00e9kony kezel\u00e9se \u00e9s elvezet\u00e9se.<\/p>\n<p><strong>2. Testre szabhat\u00f3 a h\u0171t\u0151borda m\u00e9rete?<\/strong><br \/>Igen, testreszabhat\u00f3 m\u00e9reteket k\u00edn\u00e1lunk a k\u00fcl\u00f6nb\u00f6z\u0151 alkalmaz\u00e1sok egyedi k\u00f6vetelm\u00e9nyeihez.<\/p>\n<p><strong>3. Az alum\u00ednium a legjobb anyag a h\u0151elvezet\u00e9shez?<\/strong><br \/>Az alum\u00ednium kiv\u00e1l\u00f3 h\u0151vezet\u0151 k\u00e9pess\u00e9ge miatt rendk\u00edv\u00fcl hat\u00e9kony a h\u0151elvezet\u00e9sben.<\/p>\n<p><strong>4. Milyen ipar\u00e1gak sz\u00e1m\u00e1ra el\u0151ny\u00f6s a h\u0151elvezet\u0151 g\u0151zkamra haszn\u00e1lata?<\/strong><br \/>Az olyan ipar\u00e1gak, mint az elektronika, az aut\u00f3ipar \u00e9s a t\u00e1vk\u00f6zl\u00e9s haszn\u00e1t vehetik a h\u0171t\u0151bord\u00e1s g\u0151zkamr\u00e1nknak.<\/p>\n<p><strong>5. K\u00e9rhet\u00fcnk-e protot\u00edpust, miel\u0151tt t\u00f6meges megrendel\u00e9st adn\u00e1nk le?<\/strong><br \/>Igen, protot\u00edpusok \u00e1llnak rendelkez\u00e9sre a kompatibilit\u00e1s \u00e9s a teljes\u00edtm\u00e9ny tesztel\u00e9s\u00e9re a t\u00f6meges megrendel\u00e9sek el\u0151tt.<\/p>\n<p><strong>6. Milyen el\u0151ny\u00f6kkel j\u00e1r a k\u00f6nny\u0171szerkezetes kialak\u00edt\u00e1s a term\u00e9kintegr\u00e1ci\u00f3 szempontj\u00e1b\u00f3l?<\/strong><br \/>A k\u00f6nny\u0171 kialak\u00edt\u00e1s biztos\u00edtja a k\u00f6nny\u0171 integr\u00e1lhat\u00f3s\u00e1got, \u00e9s nem n\u00f6veli jelent\u0151sen a v\u00e9gterm\u00e9k s\u00faly\u00e1t.<\/p>\n<p><strong>7. Biztos\u00edtanak m\u0171szaki t\u00e1mogat\u00e1st a h\u0171t\u0151borda be\u00e9p\u00edt\u00e9s\u00e9hez?<\/strong><br \/>Igen, teljes k\u00f6r\u0171 technikai t\u00e1mogat\u00e1st ny\u00fajtunk, hogy biztos\u00edtsuk a megfelel\u0151 integr\u00e1ci\u00f3t \u00e9s teljes\u00edtm\u00e9nyt az \u00d6n alkalmaz\u00e1saiban.<\/p>\n<p><\/p>","protected":false},"featured_media":10785,"template":"","categories":[55],"class_list":["post-11004","product","type-product","status-publish","has-post-thumbnail","hentry","category-extruded-aluminum-profiles"],"meta_box":{"hilight_text_group":[{"product_hilight_text":"<li>Optimized for efficient thermal management in electronic devices<\/li>\n<li>Customizable designs to fit specific product requirements<\/li>\n<li>Premium aluminum material ensures superior heat dissipation<\/li>\n<li>Suitable for a wide range of industrial applications<\/li>\n<li>Lightweight design for easy integration with other components<\/li>"}],"feature_list":[]},"_links":{"self":[{"href":"https:\/\/sinoextrud.com\/hu\/wp-json\/wp\/v2\/product\/11004","targetHints":{"allow":["GET"]}}],"collection":[{"href":"https:\/\/sinoextrud.com\/hu\/wp-json\/wp\/v2\/product"}],"about":[{"href":"https:\/\/sinoextrud.com\/hu\/wp-json\/wp\/v2\/types\/product"}],"wp:featuredmedia":[{"embeddable":true,"href":"https:\/\/sinoextrud.com\/hu\/wp-json\/wp\/v2\/media\/10785"}],"wp:attachment":[{"href":"https:\/\/sinoextrud.com\/hu\/wp-json\/wp\/v2\/media?parent=11004"}],"wp:term":[{"taxonomy":"category","embeddable":true,"href":"https:\/\/sinoextrud.com\/hu\/wp-json\/wp\/v2\/categories?post=11004"}],"curies":[{"name":"wp","href":"https:\/\/api.w.org\/{rel}","templated":true}]}}