{"id":11003,"date":"2025-08-01T03:38:44","date_gmt":"2025-08-01T03:38:44","guid":{"rendered":"https:\/\/sinoextrud.com\/product\/highly-difficult-extruded-heat-sinks-for-ssr-modules\/"},"modified":"2025-08-01T03:38:44","modified_gmt":"2025-08-01T03:38:44","slug":"rendkivul-nehez-extrudalt-hutobordak-ssr-modulokhoz","status":"publish","type":"product","link":"https:\/\/sinoextrud.com\/hu\/product\/highly-difficult-extruded-heat-sinks-for-ssr-modules\/","title":{"rendered":"Nagy neh\u00e9zs\u00e9g\u0171 extrud\u00e1lt h\u0171t\u0151bord\u00e1k SSR modulokhoz"},"content":{"rendered":"<h2>Term\u00e9kek r\u00e9szletei<\/h2>\n<div class=\"product-table\">\n<div class=\"row\">\n<div class=\"cell label\">Haszn\u00e1lat<\/div>\n<div class=\"cell value\">\u00c1ltal\u00e1nos c\u00e9l\u00fa<\/div>\n<\/div>\n<div class=\"row\">\n<div class=\"cell label\">Eredet<\/div>\n<div class=\"cell value\">K\u00edna sz\u00e1razf\u00f6ldi r\u00e9sze<\/div>\n<\/div>\n<div class=\"row\">\n<div class=\"cell label\">Elad\u00f3 egys\u00e9gek<\/div>\n<div class=\"cell value\">Egyetlen t\u00e9tel<\/div>\n<\/div>\n<div class=\"row\">\n<div class=\"cell label\">Egyetlen csomagm\u00e9ret<\/div>\n<div class=\"cell value\">10X10X10 cm<\/div>\n<\/div>\n<div class=\"row\">\n<div class=\"cell label\">Egyetlen brutt\u00f3 t\u00f6meg<\/div>\n<div class=\"cell value\">0,120 KG<\/div>\n<\/div>\n<\/div>\n<p><\/p>\n<h2>Gy\u00e1rt\u00f3 b\u00e1zisunk<\/h2>\n<h3>Gy\u00e1ri panor\u00e1ma<\/h3>\n<p><img decoding=\"async\" src=\"\/wp-content\/uploads\/factory-01.webp\"\/><\/p>\n<h3>Alum\u00ednium r\u00fadgy\u00e1rt\u00f3 m\u0171hely<\/h3>\n<p><img decoding=\"async\" src=\"\/wp-content\/uploads\/factory-02.webp\"\/><\/p>\n<p><img decoding=\"async\" src=\"\/wp-content\/uploads\/factory-03.webp\"\/><\/p>\n<h3>Pen\u00e9sz rakt\u00e1r<\/h3>\n<p><img decoding=\"async\" src=\"\/wp-content\/uploads\/factory-04.webp\"\/><\/p>\n<h3>43 alum\u00ednium extrud\u00e1l\u00f3 vonal (500-5500 tonna)<\/h3>\n<p><img decoding=\"async\" src=\"\/wp-content\/uploads\/factory-05.webp\"\/><\/p>\n<p><img decoding=\"async\" src=\"\/wp-content\/uploads\/factory-06.webp\"\/><\/p>\n<p><img decoding=\"async\" src=\"\/wp-content\/uploads\/factory-07.webp\"\/><\/p>\n<h3>Porfest\u0151 m\u0171hely<\/h3>\n<p><img decoding=\"async\" src=\"\/wp-content\/uploads\/factory-09.webp\"\/><\/p>\n<h3>Anodiz\u00e1l\u00f3 m\u0171hely<\/h3>\n<p><img decoding=\"async\" src=\"\/wp-content\/uploads\/factory-10.webp\"\/><\/p>\n<h3>M\u00e9ly feldolgoz\u00e1si m\u0171hely<\/h3>\n<p><img decoding=\"async\" src=\"\/wp-content\/uploads\/factory-11.webp\"\/><\/p>\n<h3>CNC prec\u00edzi\u00f3s megmunk\u00e1l\u00f3 m\u0171hely<\/h3>\n<p><img decoding=\"async\" src=\"\/wp-content\/uploads\/factory-11.5.webp\"\/><\/p>\n<h3>K\u00e9szterm\u00e9k \u00e9s export rakt\u00e1r<\/h3>\n<p><img decoding=\"async\" src=\"\/wp-content\/uploads\/factory-12.webp\"\/><\/p>\n<p><img decoding=\"async\" src=\"\/wp-content\/uploads\/factory-13.webp\"\/><\/p>\n<p><img decoding=\"async\" src=\"\/wp-content\/uploads\/factory-14.webp\"\/><\/p>\n<h2>GYIK<\/h2>\n<p><strong>1. Melyek az extrud\u00e1lt h\u0171t\u0151bord\u00e1k f\u0151 alkalmaz\u00e1si ter\u00fcletei?<\/strong><br \/>Ezeket els\u0151sorban SSR-ekn\u00e9l haszn\u00e1lj\u00e1k a termikus hat\u00e9konys\u00e1g \u00e9s a megb\u00edzhat\u00f3s\u00e1g n\u00f6vel\u00e9se \u00e9rdek\u00e9ben.<\/p>\n<p><strong>2. Lehet ezeket a h\u0171t\u0151bord\u00e1kat egyedi m\u00e9retekre szabni?<\/strong><br \/>Igen, testreszab\u00e1st k\u00edn\u00e1lunk egyedi specifik\u00e1ci\u00f3k \u00e9s m\u00e9retk\u00f6vetelm\u00e9nyek szerint.<\/p>\n<p><strong>3. Ezek a h\u0171t\u0151bord\u00e1k t\u00e1mogatj\u00e1k a magas h\u0151vezet\u0151 k\u00e9pess\u00e9get?<\/strong><br \/>Abszol\u00fat, \u00fagy tervezt\u00e9k \u0151ket, hogy hat\u00e9konyan kezelj\u00e9k a nagy h\u0151terhel\u00e9st.<\/p>\n<p><strong>4. Testreszabhat\u00f3-e a h\u0171t\u0151borda fel\u00fclete?<\/strong><br \/>Igen, k\u00fcl\u00f6nb\u00f6z\u0151 kivitelek \u00e1llnak rendelkez\u00e9sre, hogy megfeleljenek az \u00d6n tervez\u00e9si eszt\u00e9tik\u00e1j\u00e1nak.<\/p>\n<p><strong>5. Milyen anyagokb\u00f3l k\u00e9sz\u00fclnek ezek a h\u0171t\u0151bord\u00e1k?<\/strong><br \/>\u00c1ltal\u00e1ban kiv\u00e1l\u00f3 min\u0151s\u00e9g\u0171 alum\u00edniumb\u00f3l k\u00e9sz\u00fclnek, de k\u00e9r\u00e9sre m\u00e1s anyagok is rendelkez\u00e9sre \u00e1llnak.<\/p>\n<p><strong>6. Alkalmasak-e ezek a term\u00e9kek nagy energi\u00e1j\u00fa k\u00f6rnyezetben?<\/strong><br \/>Igen, \u00fagy vannak kialak\u00edtva, hogy ellen\u00e1lljanak az ig\u00e9nyes termikus \u00e9s mechanikai k\u00f6rnyezetnek.<\/p>\n<p><strong>7. K\u00edn\u00e1lnak-e megold\u00e1sokat a h\u0151kezel\u0151 rendszerek fejleszt\u00e9s\u00e9re?<\/strong><br \/>Igen, h\u0171t\u0151bord\u00e1ink az optimaliz\u00e1lt h\u0151kezel\u00e9si megold\u00e1sok l\u00e9nyeges elemei.<\/p>\n<p><\/p>","protected":false},"featured_media":10751,"template":"","categories":[72],"class_list":["post-11003","product","type-product","status-publish","has-post-thumbnail","hentry","category-extruded-aluminum-heatsink"],"meta_box":{"hilight_text_group":[{"product_hilight_text":"<li>Engineered for superior thermal management in SSR applications<\/li>\n<li>Capable of handling extreme temperatures with high thermal conductivity<\/li>\n<li>Precisely extruded for intricate and complex designs<\/li>\n<li>Customizable in dimensions and finishes to meet specific requirements<\/li>\n<li>Manufactured with high-quality materials ensuring robust performance<\/li>"}],"feature_list":[]},"_links":{"self":[{"href":"https:\/\/sinoextrud.com\/hu\/wp-json\/wp\/v2\/product\/11003","targetHints":{"allow":["GET"]}}],"collection":[{"href":"https:\/\/sinoextrud.com\/hu\/wp-json\/wp\/v2\/product"}],"about":[{"href":"https:\/\/sinoextrud.com\/hu\/wp-json\/wp\/v2\/types\/product"}],"wp:featuredmedia":[{"embeddable":true,"href":"https:\/\/sinoextrud.com\/hu\/wp-json\/wp\/v2\/media\/10751"}],"wp:attachment":[{"href":"https:\/\/sinoextrud.com\/hu\/wp-json\/wp\/v2\/media?parent=11003"}],"wp:term":[{"taxonomy":"category","embeddable":true,"href":"https:\/\/sinoextrud.com\/hu\/wp-json\/wp\/v2\/categories?post=11003"}],"curies":[{"name":"wp","href":"https:\/\/api.w.org\/{rel}","templated":true}]}}