{"id":11002,"date":"2025-08-01T03:38:41","date_gmt":"2025-08-01T03:38:41","guid":{"rendered":"https:\/\/sinoextrud.com\/product\/led-heat-sink-for-thermal-control\/"},"modified":"2025-08-01T03:38:41","modified_gmt":"2025-08-01T03:38:41","slug":"led-hutoborda-a-hoszabalyozashoz","status":"publish","type":"product","link":"https:\/\/sinoextrud.com\/hu\/product\/led-heat-sink-for-thermal-control\/","title":{"rendered":"LED h\u0171t\u0151borda a h\u0151szab\u00e1lyoz\u00e1shoz"},"content":{"rendered":"<h2>Term\u00e9kek r\u00e9szletei<\/h2>\n<div class=\"product-table\">\n<div class=\"row\">\n<div class=\"cell label\">T\u00edpus<\/div>\n<div class=\"cell value\">H\u0171t\u0151borda<\/div>\n<\/div>\n<div class=\"row\">\n<div class=\"cell label\">R\u00f6gz\u00edt\u00e9si m\u00f3dszer<\/div>\n<div class=\"cell value\">Forraszt\u00e1s<\/div>\n<\/div>\n<div class=\"row\">\n<div class=\"cell label\">Anyag<\/div>\n<div class=\"cell value\">Alum\u00ednium \u00e9s r\u00e9z<\/div>\n<\/div>\n<div class=\"row\">\n<div class=\"cell label\">Alkalmaz\u00e1s<\/div>\n<div class=\"cell value\">LED h\u0171t\u0151rendszer; LED sz\u00ednpadi f\u00e9ny<\/div>\n<\/div>\n<div class=\"row\">\n<div class=\"cell label\">Tan\u00fas\u00edt\u00e1s<\/div>\n<div class=\"cell value\">ISO9001:2015; IATF 16949: 2016<\/div>\n<\/div>\n<div class=\"row\">\n<div class=\"cell label\">Elad\u00f3 egys\u00e9gek<\/div>\n<div class=\"cell value\">Egyetlen t\u00e9tel<\/div>\n<\/div>\n<\/div>\n<p><\/p>\n<h2>Gy\u00e1rt\u00f3 b\u00e1zisunk<\/h2>\n<h3>Gy\u00e1ri panor\u00e1ma<\/h3>\n<p><img decoding=\"async\" src=\"\/wp-content\/uploads\/factory-01.webp\"\/><\/p>\n<h3>Alum\u00ednium r\u00fadgy\u00e1rt\u00f3 m\u0171hely<\/h3>\n<p><img decoding=\"async\" src=\"\/wp-content\/uploads\/factory-02.webp\"\/><\/p>\n<p><img decoding=\"async\" src=\"\/wp-content\/uploads\/factory-03.webp\"\/><\/p>\n<h3>Pen\u00e9sz rakt\u00e1r<\/h3>\n<p><img decoding=\"async\" src=\"\/wp-content\/uploads\/factory-04.webp\"\/><\/p>\n<h3>43 alum\u00ednium extrud\u00e1l\u00f3 vonal (500-5500 tonna)<\/h3>\n<p><img decoding=\"async\" src=\"\/wp-content\/uploads\/factory-05.webp\"\/><\/p>\n<p><img decoding=\"async\" src=\"\/wp-content\/uploads\/factory-06.webp\"\/><\/p>\n<p><img decoding=\"async\" src=\"\/wp-content\/uploads\/factory-07.webp\"\/><\/p>\n<h3>Porfest\u0151 m\u0171hely<\/h3>\n<p><img decoding=\"async\" src=\"\/wp-content\/uploads\/factory-09.webp\"\/><\/p>\n<h3>Anodiz\u00e1l\u00f3 m\u0171hely<\/h3>\n<p><img decoding=\"async\" src=\"\/wp-content\/uploads\/factory-10.webp\"\/><\/p>\n<h3>M\u00e9ly feldolgoz\u00e1si m\u0171hely<\/h3>\n<p><img decoding=\"async\" src=\"\/wp-content\/uploads\/factory-11.webp\"\/><\/p>\n<h3>CNC prec\u00edzi\u00f3s megmunk\u00e1l\u00f3 m\u0171hely<\/h3>\n<p><img decoding=\"async\" src=\"\/wp-content\/uploads\/factory-11.5.webp\"\/><\/p>\n<h3>K\u00e9szterm\u00e9k \u00e9s export rakt\u00e1r<\/h3>\n<p><img decoding=\"async\" src=\"\/wp-content\/uploads\/factory-12.webp\"\/><\/p>\n<p><img decoding=\"async\" src=\"\/wp-content\/uploads\/factory-13.webp\"\/><\/p>\n<p><img decoding=\"async\" src=\"\/wp-content\/uploads\/factory-14.webp\"\/><\/p>\n<h2>GYIK<\/h2>\n<p><strong>1. Mi a LED h\u0171t\u0151borda els\u0151dleges funkci\u00f3ja?<\/strong><br \/>A LED h\u0171t\u0151bord\u00e1t \u00fagy tervezt\u00e9k, hogy hat\u00e9konyan elvezesse a h\u0151t, \u00edgy meghosszabb\u00edtva a LED-l\u00e1mp\u00e1k \u00e9lettartam\u00e1t \u00e9s hat\u00e9konys\u00e1g\u00e1t.<\/p>\n<p><strong>2. Testre szabhat\u00f3 a LED h\u0171t\u0151borda?<\/strong><br \/>Igen, testreszab\u00e1st k\u00edn\u00e1lunk a m\u00e9ret, az alak \u00e9s a szerel\u00e9si lehet\u0151s\u00e9gek tekintet\u00e9ben, hogy megfeleljenek az adott LED-alkalmaz\u00e1soknak.<\/p>\n<p><strong>3. A LED h\u0171t\u0151borda kompatibilis az \u00f6sszes LED-t\u00edpussal?<\/strong><br \/>H\u0151bord\u00e1ink a LED-modulok sz\u00e9les v\u00e1laszt\u00e9k\u00e1val kompatibilisek, \u00edgy k\u00fcl\u00f6nb\u00f6z\u0151 alkalmaz\u00e1sokhoz alkalmasak.<\/p>\n<p><strong>4. Milyen anyagokat haszn\u00e1lnak a LED h\u0171t\u0151bord\u00e1j\u00e1nak kialak\u00edt\u00e1s\u00e1hoz?<\/strong><br \/>A h\u0171t\u0151bord\u00e1k els\u0151sorban kiv\u00e1l\u00f3 min\u0151s\u00e9g\u0171 alum\u00edniumb\u00f3l k\u00e9sz\u00fclnek az optim\u00e1lis h\u0151teljes\u00edtm\u00e9ny \u00e9rdek\u00e9ben.<\/p>\n<p><strong>5. Milyen el\u0151ny\u00f6kkel j\u00e1rnak a kiv\u00e1l\u00f3 min\u0151s\u00e9g\u0171 anyagok a h\u0171t\u0151bord\u00e1k eset\u00e9ben?<\/strong><br \/>A kiv\u00e1l\u00f3 min\u0151s\u00e9g\u0171 anyagok haszn\u00e1lata biztos\u00edtja a hat\u00e9kony h\u0151elvezet\u00e9st \u00e9s meghosszabb\u00edtja a LED-alkalmaz\u00e1sok \u00e9lettartam\u00e1t.<\/p>\n<p><strong>6. Hogyan befoly\u00e1solja a h\u0171t\u0151borda kialak\u00edt\u00e1sa a teljes\u00edtm\u00e9nyt?<\/strong><br \/>A j\u00f3l megtervezett h\u0171t\u0151borda fokozza a h\u0151elvezet\u00e9st, \u00e9s jelent\u0151sen jav\u00edthatja a LED-l\u00e1mp\u00e1k hat\u00e9konys\u00e1g\u00e1t.<\/p>\n<p><strong>7. K\u00f6rnyezetbar\u00e1t-e a h\u0171t\u0151borda?<\/strong><br \/>Igen, term\u00e9keinket \u00fajrahasznos\u00edthat\u00f3 anyagokb\u00f3l k\u00e9sz\u00edtj\u00fck, \u00e9s a fenntarthat\u00f3s\u00e1got szem el\u0151tt tartva tervezt\u00fck.<\/p>\n<p><\/p>","protected":false},"featured_media":10789,"template":"","categories":[72],"class_list":["post-11002","product","type-product","status-publish","has-post-thumbnail","hentry","category-extruded-aluminum-heatsink"],"meta_box":{"hilight_text_group":[{"product_hilight_text":"<li>Optimized for superior thermal management in LED applications<\/li>\n<li>Available in various shapes and sizes to fit different LED designs<\/li>\n<li>Manufactured with high-quality aluminum for efficient heat dissipation<\/li>\n<li>Supports customized solutions for unique project requirements<\/li>\n<li>Compatible with a wide range of LED modules and systems<\/li>"}],"feature_list":[]},"_links":{"self":[{"href":"https:\/\/sinoextrud.com\/hu\/wp-json\/wp\/v2\/product\/11002","targetHints":{"allow":["GET"]}}],"collection":[{"href":"https:\/\/sinoextrud.com\/hu\/wp-json\/wp\/v2\/product"}],"about":[{"href":"https:\/\/sinoextrud.com\/hu\/wp-json\/wp\/v2\/types\/product"}],"wp:featuredmedia":[{"embeddable":true,"href":"https:\/\/sinoextrud.com\/hu\/wp-json\/wp\/v2\/media\/10789"}],"wp:attachment":[{"href":"https:\/\/sinoextrud.com\/hu\/wp-json\/wp\/v2\/media?parent=11002"}],"wp:term":[{"taxonomy":"category","embeddable":true,"href":"https:\/\/sinoextrud.com\/hu\/wp-json\/wp\/v2\/categories?post=11002"}],"curies":[{"name":"wp","href":"https:\/\/api.w.org\/{rel}","templated":true}]}}