{"id":10997,"date":"2025-08-01T03:38:31","date_gmt":"2025-08-01T03:38:31","guid":{"rendered":"https:\/\/sinoextrud.com\/product\/vapor-chamber-custom-heat-sink-for-oem-projects\/"},"modified":"2025-08-01T03:38:31","modified_gmt":"2025-08-01T03:38:31","slug":"gozkamra-egyedi-hutoborda-oem-projektekhez","status":"publish","type":"product","link":"https:\/\/sinoextrud.com\/hu\/product\/vapor-chamber-custom-heat-sink-for-oem-projects\/","title":{"rendered":"Vapor Chamber Egyedi h\u0171t\u0151borda OEM projektekhez"},"content":{"rendered":"<h2>Term\u00e9kek r\u00e9szletei<\/h2>\n<div class=\"product-table\">\n<div class=\"row\">\n<div class=\"cell label\">t\u00edpus<\/div>\n<div class=\"cell value\">H\u0171t\u0151borda<\/div>\n<\/div>\n<div class=\"row\">\n<div class=\"cell label\">alkalmaz\u00e1s<\/div>\n<div class=\"cell value\">Processzor<\/div>\n<\/div>\n<div class=\"row\">\n<div class=\"cell label\">ventil\u00e1tor m\u00e9rete<\/div>\n<div class=\"cell value\">egy\u00e9ni<\/div>\n<\/div>\n<div class=\"row\">\n<div class=\"cell label\">hatalom<\/div>\n<div class=\"cell value\">egy\u00e9ni<\/div>\n<\/div>\n<div class=\"row\">\n<div class=\"cell label\">l\u00e9gmennyis\u00e9g<\/div>\n<div class=\"cell value\">egy\u00e9ni<\/div>\n<\/div>\n<div class=\"row\">\n<div class=\"cell label\">ventil\u00e1tor \u00e9lettartama<\/div>\n<div class=\"cell value\">50000 \u00f3ra<\/div>\n<\/div>\n<div class=\"row\">\n<div class=\"cell label\">h\u0171t\u0151borda anyaga<\/div>\n<div class=\"cell value\">R\u00e9z \u00e9s alum\u00ednium<\/div>\n<\/div>\n<div class=\"row\">\n<div class=\"cell label\">csap\u00e1gy<\/div>\n<div class=\"cell value\">K\u00c9T GOLY\u00d3SCSAP\u00c1GY<\/div>\n<\/div>\n<div class=\"row\">\n<div class=\"cell label\">h\u00e1l\u00f3zati interf\u00e9sz<\/div>\n<div class=\"cell value\">4pin<\/div>\n<\/div>\n<div class=\"row\">\n<div class=\"cell label\">zaj<\/div>\n<div class=\"cell value\">egy\u00e9ni<\/div>\n<\/div>\n<div class=\"row\">\n<div class=\"cell label\">ventil\u00e1tor fordulatsz\u00e1m-szab\u00e1lyoz\u00e1s<\/div>\n<div class=\"cell value\">egy\u00e9ni<\/div>\n<\/div>\n<div class=\"row\">\n<div class=\"cell label\">Term\u00e9k neve<\/div>\n<div class=\"cell value\">CPU processzor h\u0171t\u0151<\/div>\n<\/div>\n<div class=\"row\">\n<div class=\"cell label\">OEM<\/div>\n<div class=\"cell value\">Testreszabott log\u00f3<\/div>\n<\/div>\n<div class=\"row\">\n<div class=\"cell label\">Anyag<\/div>\n<div class=\"cell value\">Alum\u00ednium uszony +h\u0151cs\u00f6vek<\/div>\n<\/div>\n<div class=\"row\">\n<div class=\"cell label\">Elad\u00f3 egys\u00e9gek<\/div>\n<div class=\"cell value\">Egyetlen t\u00e9tel<\/div>\n<\/div>\n<\/div>\n<p><\/p>\n<h2>Gy\u00e1rt\u00f3 b\u00e1zisunk<\/h2>\n<h3>Gy\u00e1ri panor\u00e1ma<\/h3>\n<p><img decoding=\"async\" src=\"\/wp-content\/uploads\/factory-01.webp\"\/><\/p>\n<h3>Alum\u00ednium r\u00fadgy\u00e1rt\u00f3 m\u0171hely<\/h3>\n<p><img decoding=\"async\" src=\"\/wp-content\/uploads\/factory-02.webp\"\/><\/p>\n<p><img decoding=\"async\" src=\"\/wp-content\/uploads\/factory-03.webp\"\/><\/p>\n<h3>Pen\u00e9sz rakt\u00e1r<\/h3>\n<p><img decoding=\"async\" src=\"\/wp-content\/uploads\/factory-04.webp\"\/><\/p>\n<h3>43 alum\u00ednium extrud\u00e1l\u00f3 vonal (500-5500 tonna)<\/h3>\n<p><img decoding=\"async\" src=\"\/wp-content\/uploads\/factory-05.webp\"\/><\/p>\n<p><img decoding=\"async\" src=\"\/wp-content\/uploads\/factory-06.webp\"\/><\/p>\n<p><img decoding=\"async\" src=\"\/wp-content\/uploads\/factory-07.webp\"\/><\/p>\n<h3>Porfest\u0151 m\u0171hely<\/h3>\n<p><img decoding=\"async\" src=\"\/wp-content\/uploads\/factory-09.webp\"\/><\/p>\n<h3>Anodiz\u00e1l\u00f3 m\u0171hely<\/h3>\n<p><img decoding=\"async\" src=\"\/wp-content\/uploads\/factory-10.webp\"\/><\/p>\n<h3>M\u00e9ly feldolgoz\u00e1si m\u0171hely<\/h3>\n<p><img decoding=\"async\" src=\"\/wp-content\/uploads\/factory-11.webp\"\/><\/p>\n<h3>CNC prec\u00edzi\u00f3s megmunk\u00e1l\u00f3 m\u0171hely<\/h3>\n<p><img decoding=\"async\" src=\"\/wp-content\/uploads\/factory-11.5.webp\"\/><\/p>\n<h3>K\u00e9szterm\u00e9k \u00e9s export rakt\u00e1r<\/h3>\n<p><img decoding=\"async\" src=\"\/wp-content\/uploads\/factory-12.webp\"\/><\/p>\n<p><img decoding=\"async\" src=\"\/wp-content\/uploads\/factory-13.webp\"\/><\/p>\n<p><img decoding=\"async\" src=\"\/wp-content\/uploads\/factory-14.webp\"\/><\/p>\n<h2>GYIK<\/h2>\n<p><strong>1. Mi az a g\u0151zkamr\u00e1s h\u0171t\u0151borda?<\/strong><br \/>A g\u0151zkamr\u00e1s h\u0171t\u0151borda egy fejlett h\u0171t\u00e9si technol\u00f3gia, amelyet a h\u0151 hat\u00e9kony elvezet\u00e9s\u00e9re haszn\u00e1lnak az elektronikus eszk\u00f6z\u00f6kben.<\/p>\n<p><strong>2. Hogyan m\u0171k\u00f6dik egy g\u0151zkamr\u00e1s h\u0171t\u0151borda?<\/strong><br \/>\u00dagy m\u0171k\u00f6dik, hogy egyenletesen oszlatja el a h\u0151t a fel\u00fclet\u00e9n, \u00e9s a f\u00e1zisv\u00e1ltoz\u00e1st kihaszn\u00e1lva hat\u00e9kony h\u0171t\u00e9st \u00e9r el.<\/p>\n<p><strong>3. Testre szabhat\u00f3-e a p\u00e1rologtat\u00f3 kamra h\u0171t\u0151bord\u00e1ja?<\/strong><br \/>Igen, a h\u0171t\u0151borda m\u00e9ret\u00e9t, alakj\u00e1t \u00e9s kialak\u00edt\u00e1s\u00e1t az egyedi ig\u00e9nyeknek megfelel\u0151en lehet alak\u00edtani.<\/p>\n<p><strong>4. Milyen anyagokat haszn\u00e1lnak a g\u0151zkamr\u00e1s h\u0171t\u0151bord\u00e1kban?<\/strong><br \/>Jellemz\u0151en r\u00e9zb\u0151l vagy alum\u00edniumb\u00f3l k\u00e9sz\u00fclnek, kiv\u00e1l\u00f3 h\u0151vezet\u0151 k\u00e9pess\u00e9get biztos\u00edtva.<\/p>\n<p><strong>5. Alkalmas-e a g\u0151zkamr\u00e1s h\u0171t\u0151borda nagy teljes\u00edtm\u00e9ny\u0171 eszk\u00f6z\u00f6kh\u00f6z?<\/strong><br \/>Abszol\u00fat \u00fagy tervezt\u00e9k, hogy a nagy teljes\u00edtm\u00e9nyig\u00e9ny\u0171 alkalmaz\u00e1sok nagy h\u0151terhel\u00e9s\u00e9t kezelje.<\/p>\n<p><strong>6. A g\u0151zkamr\u00e1s h\u0171t\u0151bord\u00e1k jav\u00edthatj\u00e1k az eszk\u00f6z megb\u00edzhat\u00f3s\u00e1g\u00e1t?<\/strong><br \/>Igen, az optim\u00e1lis \u00fczemi h\u0151m\u00e9rs\u00e9klet fenntart\u00e1s\u00e1val n\u00f6veli az eszk\u00f6z\u00f6k \u00e9lettartam\u00e1t \u00e9s megb\u00edzhat\u00f3s\u00e1g\u00e1t.<\/p>\n<p><strong>7. Mely ipar\u00e1gak sz\u00e1m\u00e1ra a legel\u0151ny\u00f6sebb a g\u0151zkamr\u00e1s h\u0171t\u0151bord\u00e1k haszn\u00e1lata?<\/strong><br \/>Az olyan ipar\u00e1gak, mint az elektronika, az aut\u00f3ipar, a sz\u00e1m\u00edt\u00e1stechnika \u00e9s a t\u00e1vk\u00f6zl\u00e9s nagy haszn\u00e1t veszik a fokozott h\u0151kezel\u00e9si k\u00e9pess\u00e9geknek.<\/p>\n<p><\/p>","protected":false},"featured_media":10795,"template":"","categories":[72],"class_list":["post-10997","product","type-product","status-publish","has-post-thumbnail","hentry","category-extruded-aluminum-heatsink"],"meta_box":{"hilight_text_group":[{"product_hilight_text":"<li>Advanced thermal management for high-performance applications<\/li>\n<li>Custom designs to fit specific device and system requirements<\/li>\n<li>High efficiency in dissipating heat, enhancing device longevity<\/li>\n<li>Flexible sizing and shape options to match diverse needs<\/li>\n<li>Ideal for electronics, automotive, and industrial equipment<\/li>"}],"feature_list":[]},"_links":{"self":[{"href":"https:\/\/sinoextrud.com\/hu\/wp-json\/wp\/v2\/product\/10997","targetHints":{"allow":["GET"]}}],"collection":[{"href":"https:\/\/sinoextrud.com\/hu\/wp-json\/wp\/v2\/product"}],"about":[{"href":"https:\/\/sinoextrud.com\/hu\/wp-json\/wp\/v2\/types\/product"}],"wp:featuredmedia":[{"embeddable":true,"href":"https:\/\/sinoextrud.com\/hu\/wp-json\/wp\/v2\/media\/10795"}],"wp:attachment":[{"href":"https:\/\/sinoextrud.com\/hu\/wp-json\/wp\/v2\/media?parent=10997"}],"wp:term":[{"taxonomy":"category","embeddable":true,"href":"https:\/\/sinoextrud.com\/hu\/wp-json\/wp\/v2\/categories?post=10997"}],"curies":[{"name":"wp","href":"https:\/\/api.w.org\/{rel}","templated":true}]}}