{"id":10994,"date":"2025-08-01T03:38:26","date_gmt":"2025-08-01T03:38:26","guid":{"rendered":"https:\/\/sinoextrud.com\/product\/liquid-cooling-plate-for-power-systems\/"},"modified":"2025-08-01T03:38:26","modified_gmt":"2025-08-01T03:38:26","slug":"folyadekhuto-lemez-energetikai-rendszerekhez","status":"publish","type":"product","link":"https:\/\/sinoextrud.com\/hu\/product\/liquid-cooling-plate-for-power-systems\/","title":{"rendered":"Folyad\u00e9kh\u0171t\u0151 lemez energiarendszerekhez"},"content":{"rendered":"<h2>Term\u00e9kek r\u00e9szletei<\/h2>\n<div class=\"product-table\">\n<div class=\"row\">\n<div class=\"cell label\">Fokozat<\/div>\n<div class=\"cell value\">6000-es sorozat<\/div>\n<\/div>\n<div class=\"row\">\n<div class=\"cell label\">Tolerancia<\/div>\n<div class=\"cell value\">\u00c2\u00b11%<\/div>\n<\/div>\n<div class=\"row\">\n<div class=\"cell label\">Sz\u00e1ll\u00edt\u00e1si id\u0151<\/div>\n<div class=\"cell value\">22-30 nap<\/div>\n<\/div>\n<div class=\"row\">\n<div class=\"cell label\">Temper<\/div>\n<div class=\"cell value\">T3-T8<\/div>\n<\/div>\n<div class=\"row\">\n<div class=\"cell label\">Alkalmaz\u00e1s<\/div>\n<div class=\"cell value\">H\u0151elnyel\u0151<\/div>\n<\/div>\n<div class=\"row\">\n<div class=\"cell label\">Shape<\/div>\n<div class=\"cell value\">N\u00e9gyzet<\/div>\n<\/div>\n<div class=\"row\">\n<div class=\"cell label\">\u00d6tv\u00f6zet vagy sem<\/div>\n<div class=\"cell value\">Az \u00f6tv\u00f6zet<\/div>\n<\/div>\n<div class=\"row\">\n<div class=\"cell label\">Feldolgoz\u00f3 szolg\u00e1ltat\u00e1s<\/div>\n<div class=\"cell value\">Hajl\u00edt\u00e1s, hegeszt\u00e9s, v\u00e1g\u00e1s<\/div>\n<\/div>\n<div class=\"row\">\n<div class=\"cell label\">Term\u00e9k neve<\/div>\n<div class=\"cell value\">CNC megmunk\u00e1l\u00f3 alkatr\u00e9szek<\/div>\n<\/div>\n<div class=\"row\">\n<div class=\"cell label\">Folyamat<\/div>\n<div class=\"cell value\">CNC megmunk\u00e1l\u00e1s + epoxi<\/div>\n<\/div>\n<div class=\"row\">\n<div class=\"cell label\">Haszn\u00e1lat<\/div>\n<div class=\"cell value\">\u00d6sszeszerel\u00e9s<\/div>\n<\/div>\n<div class=\"row\">\n<div class=\"cell label\">Sz\u00ednes<\/div>\n<div class=\"cell value\">Ez\u00fcst<\/div>\n<\/div>\n<div class=\"row\">\n<div class=\"cell label\">Fel\u00fcletkezel\u00e9s<\/div>\n<div class=\"cell value\">Tiszta<\/div>\n<\/div>\n<div class=\"row\">\n<div class=\"cell label\">MOQ<\/div>\n<div class=\"cell value\">2db<\/div>\n<\/div>\n<div class=\"row\">\n<div class=\"cell label\">Anyag<\/div>\n<div class=\"cell value\">\u00f6tv\u00f6zet\/r\u00e9z<\/div>\n<\/div>\n<div class=\"row\">\n<div class=\"cell label\">Csomag<\/div>\n<div class=\"cell value\">Hab + karton<\/div>\n<\/div>\n<div class=\"row\">\n<div class=\"cell label\">Dimenzi\u00f3<\/div>\n<div class=\"cell value\">Testreszabott<\/div>\n<\/div>\n<div class=\"row\">\n<div class=\"cell label\">Tolerancia<\/div>\n<div class=\"cell value\">0.01-0.05mm<\/div>\n<\/div>\n<div class=\"row\">\n<div class=\"cell label\">Csomagol\u00e1s r\u00e9szletei<\/div>\n<div class=\"cell value\">Egyedi hab \u00e9s karton<\/div>\n<\/div>\n<div class=\"row\">\n<div class=\"cell label\">Kik\u00fcld\u0151 kik\u00f6t\u0151<\/div>\n<div class=\"cell value\">Shenzhen\/Hongkong<\/div>\n<\/div>\n<div class=\"row\">\n<div class=\"cell label\">Elad\u00f3 egys\u00e9gek<\/div>\n<div class=\"cell value\">Egyetlen t\u00e9tel<\/div>\n<\/div>\n<div class=\"row\">\n<div class=\"cell label\">Egyetlen csomagm\u00e9ret<\/div>\n<div class=\"cell value\">35X30X25 cm<\/div>\n<\/div>\n<div class=\"row\">\n<div class=\"cell label\">Egyetlen brutt\u00f3 t\u00f6meg<\/div>\n<div class=\"cell value\">2.000 KG<\/div>\n<\/div>\n<div class=\"row\">\n<div class=\"cell label\">Ell\u00e1t\u00e1si k\u00e9pess\u00e9g<\/div>\n<div class=\"cell value\">100000 darab havonta<\/div>\n<\/div>\n<\/div>\n<p><\/p>\n<h2>Gy\u00e1rt\u00f3 b\u00e1zisunk<\/h2>\n<h3>Gy\u00e1ri panor\u00e1ma<\/h3>\n<p><img decoding=\"async\" src=\"\/wp-content\/uploads\/factory-01.webp\"\/><\/p>\n<h3>Alum\u00ednium r\u00fadgy\u00e1rt\u00f3 m\u0171hely<\/h3>\n<p><img decoding=\"async\" src=\"\/wp-content\/uploads\/factory-02.webp\"\/><\/p>\n<p><img decoding=\"async\" src=\"\/wp-content\/uploads\/factory-03.webp\"\/><\/p>\n<h3>Pen\u00e9sz rakt\u00e1r<\/h3>\n<p><img decoding=\"async\" src=\"\/wp-content\/uploads\/factory-04.webp\"\/><\/p>\n<h3>43 alum\u00ednium extrud\u00e1l\u00f3 vonal (500-5500 tonna)<\/h3>\n<p><img decoding=\"async\" src=\"\/wp-content\/uploads\/factory-05.webp\"\/><\/p>\n<p><img decoding=\"async\" src=\"\/wp-content\/uploads\/factory-06.webp\"\/><\/p>\n<p><img decoding=\"async\" src=\"\/wp-content\/uploads\/factory-07.webp\"\/><\/p>\n<h3>Porfest\u0151 m\u0171hely<\/h3>\n<p><img decoding=\"async\" src=\"\/wp-content\/uploads\/factory-09.webp\"\/><\/p>\n<h3>Anodiz\u00e1l\u00f3 m\u0171hely<\/h3>\n<p><img decoding=\"async\" src=\"\/wp-content\/uploads\/factory-10.webp\"\/><\/p>\n<h3>M\u00e9ly feldolgoz\u00e1si m\u0171hely<\/h3>\n<p><img decoding=\"async\" src=\"\/wp-content\/uploads\/factory-11.webp\"\/><\/p>\n<h3>CNC prec\u00edzi\u00f3s megmunk\u00e1l\u00f3 m\u0171hely<\/h3>\n<p><img decoding=\"async\" src=\"\/wp-content\/uploads\/factory-11.5.webp\"\/><\/p>\n<h3>K\u00e9szterm\u00e9k \u00e9s export rakt\u00e1r<\/h3>\n<p><img decoding=\"async\" src=\"\/wp-content\/uploads\/factory-12.webp\"\/><\/p>\n<p><img decoding=\"async\" src=\"\/wp-content\/uploads\/factory-13.webp\"\/><\/p>\n<p><img decoding=\"async\" src=\"\/wp-content\/uploads\/factory-14.webp\"\/><\/p>\n<h2>GYIK<\/h2>\n<p><strong>1. Milyen el\u0151nyei vannak a folyad\u00e9kh\u0171t\u0151 lemeznek?<\/strong><br \/>A folyad\u00e9kh\u0171t\u0151 lemezek kiv\u00e1l\u00f3 h\u0151elvezet\u00e9st \u00e9s jobb termikus hat\u00e9konys\u00e1got biztos\u00edtanak.<\/p>\n<p><strong>2. A folyad\u00e9kh\u0171t\u0151 lemezek testreszabhat\u00f3k speci\u00e1lis felhaszn\u00e1l\u00e1si c\u00e9lokra?<\/strong><br \/>Igen, egyedi m\u00e9reteket \u00e9s specifik\u00e1ci\u00f3kat tudunk biztos\u00edtani az \u00d6n rendszer\u00e9hez.<\/p>\n<p><strong>3. Alkalmas-e a folyad\u00e9kh\u0171t\u0151 lemez elektronikus eszk\u00f6z\u00f6kh\u00f6z?<\/strong><br \/>Abszol\u00fat ide\u00e1lis az elektronikus alkatr\u00e9szek \u00e9s eszk\u00f6z\u00f6k h\u0171t\u00e9s\u00e9re.<\/p>\n<p><strong>4. Milyen anyagokat haszn\u00e1lnak a folyad\u00e9kh\u0171t\u0151 lemezek gy\u00e1rt\u00e1s\u00e1hoz?<\/strong><br \/>Lemezeink kiv\u00e1l\u00f3 min\u0151s\u00e9g\u0171 f\u00e9mekb\u0151l k\u00e9sz\u00fclnek, korr\u00f3zi\u00f3\u00e1ll\u00f3 bevonatokkal.<\/p>\n<p><strong>5. Adnak-e \u00fatmutat\u00e1st a h\u0171t\u0151lemez rendszerbe t\u00f6rt\u00e9n\u0151 integr\u00e1l\u00e1s\u00e1hoz?<\/strong><br \/>Igen, technikai t\u00e1mogat\u00e1st ny\u00fajtunk a z\u00f6kken\u0151mentes rendszerintegr\u00e1ci\u00f3hoz.<\/p>\n<p><strong>6. Milyen karbantart\u00e1st ig\u00e9nyel egy folyad\u00e9kh\u0171t\u0151 lemez?<\/strong><br \/>Az optim\u00e1lis teljes\u00edtm\u00e9ny \u00e9rdek\u00e9ben rendszeres ellen\u0151rz\u00e9s \u00e9s id\u0151nk\u00e9nti tiszt\u00edt\u00e1s aj\u00e1nlott.<\/p>\n<p><strong>7. Kaphat\u00f3ak folyad\u00e9kh\u0171t\u0151 lemezek nemzetk\u00f6zi sz\u00e1ll\u00edt\u00e1shoz?<\/strong><br \/>Igen, vil\u00e1gszerte sz\u00e1ll\u00edtunk, \u00e1tfog\u00f3 logisztikai t\u00e1mogat\u00e1ssal.<\/p>\n<p><\/p>","protected":false},"featured_media":10801,"template":"","categories":[72],"class_list":["post-10994","product","type-product","status-publish","has-post-thumbnail","hentry","category-extruded-aluminum-heatsink"],"meta_box":{"hilight_text_group":[{"product_hilight_text":"<li>Engineered for efficient thermal management in various applications<\/li>\n<li>Customizable designs tailored to specific client needs<\/li>\n<li>Constructed with premium materials for optimal heat dissipation<\/li>\n<li>Supports integration into existing cooling systems<\/li>\n<li>Eco-friendly and corrosion-resistant materials for durability<\/li>"}],"feature_list":[]},"_links":{"self":[{"href":"https:\/\/sinoextrud.com\/hu\/wp-json\/wp\/v2\/product\/10994","targetHints":{"allow":["GET"]}}],"collection":[{"href":"https:\/\/sinoextrud.com\/hu\/wp-json\/wp\/v2\/product"}],"about":[{"href":"https:\/\/sinoextrud.com\/hu\/wp-json\/wp\/v2\/types\/product"}],"wp:featuredmedia":[{"embeddable":true,"href":"https:\/\/sinoextrud.com\/hu\/wp-json\/wp\/v2\/media\/10801"}],"wp:attachment":[{"href":"https:\/\/sinoextrud.com\/hu\/wp-json\/wp\/v2\/media?parent=10994"}],"wp:term":[{"taxonomy":"category","embeddable":true,"href":"https:\/\/sinoextrud.com\/hu\/wp-json\/wp\/v2\/categories?post=10994"}],"curies":[{"name":"wp","href":"https:\/\/api.w.org\/{rel}","templated":true}]}}