{"id":10992,"date":"2025-08-01T03:33:38","date_gmt":"2025-08-01T03:33:38","guid":{"rendered":"https:\/\/sinoextrud.com\/product\/heatsink-extruded-for-thermal-management\/"},"modified":"2025-08-01T03:33:38","modified_gmt":"2025-08-01T03:33:38","slug":"extrudalt-hutoborda-a-hokezeles-erdekeben","status":"publish","type":"product","link":"https:\/\/sinoextrud.com\/hu\/product\/heatsink-extruded-for-thermal-management\/","title":{"rendered":"Extrud\u00e1lt h\u0171t\u0151borda a h\u0151kezel\u00e9shez"},"content":{"rendered":"<h2>Term\u00e9kek r\u00e9szletei<\/h2>\n<div class=\"product-table\">\n<div class=\"row\">\n<div class=\"cell label\">Fokozat<\/div>\n<div class=\"cell value\">6000-es sorozat<\/div>\n<\/div>\n<div class=\"row\">\n<div class=\"cell label\">Tolerancia<\/div>\n<div class=\"cell value\">+\/-1mm<\/div>\n<\/div>\n<div class=\"row\">\n<div class=\"cell label\">Sz\u00e1ll\u00edt\u00e1si id\u0151<\/div>\n<div class=\"cell value\">7 napon bel\u00fcl<\/div>\n<\/div>\n<div class=\"row\">\n<div class=\"cell label\">Temper<\/div>\n<div class=\"cell value\">T3-T8<\/div>\n<\/div>\n<div class=\"row\">\n<div class=\"cell label\">Alkalmaz\u00e1s<\/div>\n<div class=\"cell value\">T\u00f6bbsz\u00f6r\u00f6s alkalmaz\u00e1s<\/div>\n<\/div>\n<div class=\"row\">\n<div class=\"cell label\">Shape<\/div>\n<div class=\"cell value\">Custom<\/div>\n<\/div>\n<div class=\"row\">\n<div class=\"cell label\">\u00d6tv\u00f6zet vagy sem<\/div>\n<div class=\"cell value\">Az \u00f6tv\u00f6zet<\/div>\n<\/div>\n<div class=\"row\">\n<div class=\"cell label\">Feldolgoz\u00f3 szolg\u00e1ltat\u00e1s<\/div>\n<div class=\"cell value\">Hajl\u00edt\u00e1s, tekercsel\u00e9s, hegeszt\u00e9s, lyukaszt\u00e1s, v\u00e1g\u00e1s<\/div>\n<\/div>\n<div class=\"row\">\n<div class=\"cell label\">Term\u00e9k neve<\/div>\n<div class=\"cell value\">Egyedi extrud\u00e1lt alum\u00ednium h\u0171t\u0151borda cnc megmunk\u00e1l\u00e1ssal<\/div>\n<\/div>\n<div class=\"row\">\n<div class=\"cell label\">Fel\u00fcletkezel\u00e9s<\/div>\n<div class=\"cell value\">elox\u00e1l\u00e1s, homokf\u00fav\u00e1s, porbevonat, pol\u00edroz\u00e1s \u00e9s \u00edgy tov\u00e1bb<\/div>\n<\/div>\n<div class=\"row\">\n<div class=\"cell label\">M\u00e9ret<\/div>\n<div class=\"cell value\">az \u00fcgyf\u00e9l k\u00e9r\u00e9se<\/div>\n<\/div>\n<div class=\"row\">\n<div class=\"cell label\">M\u00e9ly folyamat<\/div>\n<div class=\"cell value\">Hajl\u00edt\u00e1s, hegeszt\u00e9s, lyukaszt\u00e1s, v\u00e1g\u00e1s<\/div>\n<\/div>\n<div class=\"row\">\n<div class=\"cell label\">Hossz\u00fas\u00e1g<\/div>\n<div class=\"cell value\">B\u00e1rmilyen hossz\u00fas\u00e1g\u00fa<\/div>\n<\/div>\n<div class=\"row\">\n<div class=\"cell label\">Anyag<\/div>\n<div class=\"cell value\">6063 6061 6005 Alum\u00ednium \u00f6tv\u00f6zet<\/div>\n<\/div>\n<div class=\"row\">\n<div class=\"cell label\">Sz\u00ednes<\/div>\n<div class=\"cell value\">ez\u00fcst, fekete, arany fekete \u00e9s \u00edgy tov\u00e1bb<\/div>\n<\/div>\n<div class=\"row\">\n<div class=\"cell label\">Extrud\u00e1l\u00f3 g\u00e9p<\/div>\n<div class=\"cell value\">600 tonna-10000 tonna<\/div>\n<\/div>\n<div class=\"row\">\n<div class=\"cell label\">Tan\u00fas\u00edt\u00e1s<\/div>\n<div class=\"cell value\">ISO 9001:2008<\/div>\n<\/div>\n<div class=\"row\">\n<div class=\"cell label\">Szolg\u00e1ltat\u00e1s<\/div>\n<div class=\"cell value\">OEM ODM<\/div>\n<\/div>\n<div class=\"row\">\n<div class=\"cell label\">Csomagol\u00e1s r\u00e9szletei<\/div>\n<div class=\"cell value\">Egyedi csomagol\u00e1s az \u00fcgyf\u00e9l k\u00e9r\u00e9se szerint, \u00e1ltal\u00e1ban:<\/div>\n<\/div>\n<div class=\"row\">\n<div class=\"cell label\">A<\/div>\n<div class=\"cell value\">Malomipari befejez\u00e9s, m\u0171anyag zsugorf\u00f3lia.<\/div>\n<\/div>\n<div class=\"row\">\n<div class=\"cell label\">B<\/div>\n<div class=\"cell value\">Elox\u00e1l\u00e1s vagy er\u0151bevonat, bel\u00fcl csomagolva a m\u0171anyag v\u00e9d\u0151f\u00f3li\u00e1val + PEPE hab + zsugorf\u00f3lia vagy v\u00edz\u00e1ll\u00f3 er\u0151pap\u00edr.<\/div>\n<\/div>\n<div class=\"row\">\n<div class=\"cell label\">C<\/div>\n<div class=\"cell value\">Ha kis cnc alkatr\u00e9sz, EPE hab + kartondobozok.<\/div>\n<\/div>\n<div class=\"row\">\n<div class=\"cell label\">D<\/div>\n<div class=\"cell value\">Ha az \u00fcgyf\u00e9lnek k\u00fcl\u00f6nleges k\u00e9r\u00e9se van, akkor a fadobozt biztos\u00edthatjuk.<\/div>\n<\/div>\n<div class=\"row\">\n<div class=\"cell label\">Kik\u00fcld\u0151 kik\u00f6t\u0151<\/div>\n<div class=\"cell value\">Tinajin kik\u00f6t\u0151,Qingdao kik\u00f6t\u0151,Ningbo kik\u00f6t\u0151<\/div>\n<\/div>\n<div class=\"row\">\n<div class=\"cell label\">Elad\u00f3 egys\u00e9gek<\/div>\n<div class=\"cell value\">Egyetlen t\u00e9tel<\/div>\n<\/div>\n<div class=\"row\">\n<div class=\"cell label\">Egyetlen csomagm\u00e9ret<\/div>\n<div class=\"cell value\">30X20X10 cm<\/div>\n<\/div>\n<div class=\"row\">\n<div class=\"cell label\">Egyetlen brutt\u00f3 t\u00f6meg<\/div>\n<div class=\"cell value\">2.000 KG<\/div>\n<\/div>\n<div class=\"row\">\n<div class=\"cell label\">Ell\u00e1t\u00e1si k\u00e9pess\u00e9g<\/div>\n<div class=\"cell value\">5000 tonna havonta<\/div>\n<\/div>\n<\/div>\n<p><\/p>\n<h2>Gy\u00e1rt\u00f3 b\u00e1zisunk<\/h2>\n<h3>Gy\u00e1ri panor\u00e1ma<\/h3>\n<p><img decoding=\"async\" src=\"\/wp-content\/uploads\/factory-01.webp\"\/><\/p>\n<h3>Alum\u00ednium r\u00fadgy\u00e1rt\u00f3 m\u0171hely<\/h3>\n<p><img decoding=\"async\" src=\"\/wp-content\/uploads\/factory-02.webp\"\/><\/p>\n<p><img decoding=\"async\" src=\"\/wp-content\/uploads\/factory-03.webp\"\/><\/p>\n<h3>Pen\u00e9sz rakt\u00e1r<\/h3>\n<p><img decoding=\"async\" src=\"\/wp-content\/uploads\/factory-04.webp\"\/><\/p>\n<h3>43 alum\u00ednium extrud\u00e1l\u00f3 vonal (500-5500 tonna)<\/h3>\n<p><img decoding=\"async\" src=\"\/wp-content\/uploads\/factory-05.webp\"\/><\/p>\n<p><img decoding=\"async\" src=\"\/wp-content\/uploads\/factory-06.webp\"\/><\/p>\n<p><img decoding=\"async\" src=\"\/wp-content\/uploads\/factory-07.webp\"\/><\/p>\n<h3>Porfest\u0151 m\u0171hely<\/h3>\n<p><img decoding=\"async\" src=\"\/wp-content\/uploads\/factory-09.webp\"\/><\/p>\n<h3>Anodiz\u00e1l\u00f3 m\u0171hely<\/h3>\n<p><img decoding=\"async\" src=\"\/wp-content\/uploads\/factory-10.webp\"\/><\/p>\n<h3>M\u00e9ly feldolgoz\u00e1si m\u0171hely<\/h3>\n<p><img decoding=\"async\" src=\"\/wp-content\/uploads\/factory-11.webp\"\/><\/p>\n<h3>CNC prec\u00edzi\u00f3s megmunk\u00e1l\u00f3 m\u0171hely<\/h3>\n<p><img decoding=\"async\" src=\"\/wp-content\/uploads\/factory-11.5.webp\"\/><\/p>\n<h3>K\u00e9szterm\u00e9k \u00e9s export rakt\u00e1r<\/h3>\n<p><img decoding=\"async\" src=\"\/wp-content\/uploads\/factory-12.webp\"\/><\/p>\n<p><img decoding=\"async\" src=\"\/wp-content\/uploads\/factory-13.webp\"\/><\/p>\n<p><img decoding=\"async\" src=\"\/wp-content\/uploads\/factory-14.webp\"\/><\/p>\n<h2>GYIK<\/h2>\n<p><strong>1. Mi az els\u0151dleges felhaszn\u00e1l\u00e1si ter\u00fclete az extrud\u00e1lt h\u0171t\u0151bord\u00e1nak?<\/strong><br \/>Az extrud\u00e1lt h\u0171t\u0151bord\u00e1t els\u0151sorban az elektronika \u00e9s a g\u00e9pek h\u0151elvezet\u00e9s\u00e9re haszn\u00e1lj\u00e1k az optim\u00e1lis teljes\u00edtm\u00e9ny fenntart\u00e1sa \u00e9rdek\u00e9ben.<\/p>\n<p><strong>2. A h\u0171t\u0151borda extrud\u00e1lt m\u00e9rete testre szabhat\u00f3?<\/strong><br \/>Igen, extrud\u00e1lt h\u0171t\u0151bord\u00e1ink m\u00e9rete \u00e9s alakja testre szabhat\u00f3, hogy megfeleljen az adott h\u0171t\u00e9si ig\u00e9nyeknek.<\/p>\n<p><strong>3. A h\u0171t\u0151borda extrud\u00e1ltan alkalmas nagy teljes\u00edtm\u00e9ny\u0171 alkalmaz\u00e1sokhoz?<\/strong><br \/>Igen, extrud\u00e1lt h\u0171t\u0151bord\u00e1ink nagy h\u0151vezet\u0151 k\u00e9pess\u00e9g\u00fck miatt alkalmasak nagy teljes\u00edtm\u00e9ny\u0171 alkalmaz\u00e1sokhoz.<\/p>\n<p><strong>4. Milyen anyagokat haszn\u00e1lnak a h\u0171t\u0151bord\u00e1k extrud\u00e1lt gy\u00e1rt\u00e1sa sor\u00e1n?<\/strong><br \/>Az extrud\u00e1lt h\u0171t\u0151bord\u00e1k jellemz\u0151en alum\u00edniumb\u00f3l k\u00e9sz\u00fclnek, annak k\u00f6nny\u0171 \u00e9s h\u0151vezet\u0151 tulajdons\u00e1gai miatt.<\/p>\n<p><strong>5. Ad-e mint\u00e1kat a h\u0171t\u0151bord\u00e1b\u00f3l extrud\u00e1lt mint\u00e1kb\u00f3l?<\/strong><br \/>Igen, mint\u00e1k \u00e1llnak rendelkez\u00e9sre, hogy a h\u0171t\u0151bord\u00e1k extrud\u00e1l\u00e1sa megfeleljen az \u00d6n specifik\u00e1ci\u00f3inak a nagybev\u00e1s\u00e1rl\u00e1s el\u0151tt.<\/p>\n<p><strong>6. Hogyan szereljek fel egy extrud\u00e1lt h\u0171t\u0151bord\u00e1t a k\u00e9sz\u00fcl\u00e9kemre?<\/strong><br \/>A beszerel\u00e9s \u00e1ltal\u00e1ban az extrud\u00e1lt h\u0171t\u0151bord\u00e1k r\u00f6gz\u00edt\u00e9s\u00e9t jelenti a r\u00f6gz\u00edt\u00e9si lehet\u0151s\u00e9gekkel, amelyek k\u00f6z\u00f6tt lehetnek csavarok vagy ragaszt\u00f3h\u00e1tlapok.<\/p>\n<p><strong>7. Haszn\u00e1lhat\u00f3-e extrud\u00e1lt h\u0171t\u0151borda k\u00fclt\u00e9ri k\u00f6rnyezetben?<\/strong><br \/>Igen, extrud\u00e1lt h\u0171t\u0151bord\u00e1s modelljeink korr\u00f3zi\u00f3\u00e1ll\u00f3 anyagokb\u00f3l k\u00e9sz\u00fclnek, \u00edgy alkalmasak k\u00fclt\u00e9ri k\u00f6rnyezetbe.<\/p>\n<p><\/p>","protected":false},"featured_media":10803,"template":"","categories":[72],"class_list":["post-10992","product","type-product","status-publish","has-post-thumbnail","hentry","category-extruded-aluminum-heatsink"],"meta_box":{"hilight_text_group":[{"product_hilight_text":"<li>High thermal conductivity for efficient heat dissipation<\/li>\n<li>Customizable designs to meet specific cooling requirements<\/li>\n<li>Lightweight and durable aluminum construction<\/li>\n<li>Available in various sizes and profiles for different applications<\/li>\n<li>Corrosion-resistant material for long-lasting performance<\/li>"}],"feature_list":[]},"_links":{"self":[{"href":"https:\/\/sinoextrud.com\/hu\/wp-json\/wp\/v2\/product\/10992","targetHints":{"allow":["GET"]}}],"collection":[{"href":"https:\/\/sinoextrud.com\/hu\/wp-json\/wp\/v2\/product"}],"about":[{"href":"https:\/\/sinoextrud.com\/hu\/wp-json\/wp\/v2\/types\/product"}],"wp:featuredmedia":[{"embeddable":true,"href":"https:\/\/sinoextrud.com\/hu\/wp-json\/wp\/v2\/media\/10803"}],"wp:attachment":[{"href":"https:\/\/sinoextrud.com\/hu\/wp-json\/wp\/v2\/media?parent=10992"}],"wp:term":[{"taxonomy":"category","embeddable":true,"href":"https:\/\/sinoextrud.com\/hu\/wp-json\/wp\/v2\/categories?post=10992"}],"curies":[{"name":"wp","href":"https:\/\/api.w.org\/{rel}","templated":true}]}}