{"id":10990,"date":"2025-08-01T03:29:26","date_gmt":"2025-08-01T03:29:26","guid":{"rendered":"https:\/\/sinoextrud.com\/product\/extruded-aluminum-plate-fin-heat-sink\/"},"modified":"2025-08-01T03:29:26","modified_gmt":"2025-08-01T03:29:26","slug":"extrudalt-aluminium-lemezes-lamellas-hutoborda","status":"publish","type":"product","link":"https:\/\/sinoextrud.com\/hu\/product\/extruded-aluminum-plate-fin-heat-sink\/","title":{"rendered":"Extrud\u00e1lt alum\u00ednium lemezes lamell\u00e1s h\u0171t\u0151borda"},"content":{"rendered":"<h2>Term\u00e9kek r\u00e9szletei<\/h2>\n<div class=\"product-table\">\n<div class=\"row\">\n<div class=\"cell label\">Term\u00e9k neve<\/div>\n<div class=\"cell value\">Egyedi extrud\u00e1lt alum\u00ednium alkatr\u00e9szek, Egyedi extrud\u00e1lt alum\u00ednium profilok<\/div>\n<\/div>\n<div class=\"row\">\n<div class=\"cell label\">Anyag<\/div>\n<div class=\"cell value\">AL6061, 6063<\/div>\n<\/div>\n<div class=\"row\">\n<div class=\"cell label\">Befejez\u00e9s<\/div>\n<div class=\"cell value\">Term\u00e9szetes, elox\u00e1lt, porsz\u00f3rt bevonat, lakk bevonat<\/div>\n<\/div>\n<div class=\"row\">\n<div class=\"cell label\">Sz\u00ednes<\/div>\n<div class=\"cell value\">Feh\u00e9r, fekete stb.<\/div>\n<\/div>\n<div class=\"row\">\n<div class=\"cell label\">M\u00e9ret<\/div>\n<div class=\"cell value\">\u00dcgyfelek rajzai<\/div>\n<\/div>\n<div class=\"row\">\n<div class=\"cell label\">Fizet\u00e9s<\/div>\n<div class=\"cell value\">T\/T, L\/C<\/div>\n<\/div>\n<div class=\"row\">\n<div class=\"cell label\">Rajzol\u00e1si form\u00e1tum<\/div>\n<div class=\"cell value\">step, stp, x_t, pdf<\/div>\n<\/div>\n<div class=\"row\">\n<div class=\"cell label\">Tan\u00fas\u00edtv\u00e1ny<\/div>\n<div class=\"cell value\">ISO9001:2015<\/div>\n<\/div>\n<div class=\"row\">\n<div class=\"cell label\">MOQ<\/div>\n<div class=\"cell value\">100db<\/div>\n<\/div>\n<div class=\"row\">\n<div class=\"cell label\">Sz\u00e1ll\u00edt\u00e1si id\u0151<\/div>\n<div class=\"cell value\">15-25 nap<\/div>\n<\/div>\n<div class=\"row\">\n<div class=\"cell label\">Elad\u00f3 egys\u00e9gek<\/div>\n<div class=\"cell value\">Egyetlen t\u00e9tel<\/div>\n<\/div>\n<div class=\"row\">\n<div class=\"cell label\">Egyetlen csomagm\u00e9ret<\/div>\n<div class=\"cell value\">15X15X10 cm<\/div>\n<\/div>\n<div class=\"row\">\n<div class=\"cell label\">Egyetlen brutt\u00f3 t\u00f6meg<\/div>\n<div class=\"cell value\">0.500 KG<\/div>\n<\/div>\n<\/div>\n<p><\/p>\n<h2>Gy\u00e1rt\u00f3 b\u00e1zisunk<\/h2>\n<h3>Gy\u00e1ri panor\u00e1ma<\/h3>\n<p><img decoding=\"async\" src=\"\/wp-content\/uploads\/factory-01.webp\"\/><\/p>\n<h3>Alum\u00ednium r\u00fadgy\u00e1rt\u00f3 m\u0171hely<\/h3>\n<p><img decoding=\"async\" src=\"\/wp-content\/uploads\/factory-02.webp\"\/><\/p>\n<p><img decoding=\"async\" src=\"\/wp-content\/uploads\/factory-03.webp\"\/><\/p>\n<h3>Pen\u00e9sz rakt\u00e1r<\/h3>\n<p><img decoding=\"async\" src=\"\/wp-content\/uploads\/factory-04.webp\"\/><\/p>\n<h3>43 alum\u00ednium extrud\u00e1l\u00f3 vonal (500-5500 tonna)<\/h3>\n<p><img decoding=\"async\" src=\"\/wp-content\/uploads\/factory-05.webp\"\/><\/p>\n<p><img decoding=\"async\" src=\"\/wp-content\/uploads\/factory-06.webp\"\/><\/p>\n<p><img decoding=\"async\" src=\"\/wp-content\/uploads\/factory-07.webp\"\/><\/p>\n<h3>Porfest\u0151 m\u0171hely<\/h3>\n<p><img decoding=\"async\" src=\"\/wp-content\/uploads\/factory-09.webp\"\/><\/p>\n<h3>Anodiz\u00e1l\u00f3 m\u0171hely<\/h3>\n<p><img decoding=\"async\" src=\"\/wp-content\/uploads\/factory-10.webp\"\/><\/p>\n<h3>M\u00e9ly feldolgoz\u00e1si m\u0171hely<\/h3>\n<p><img decoding=\"async\" src=\"\/wp-content\/uploads\/factory-11.webp\"\/><\/p>\n<h3>CNC prec\u00edzi\u00f3s megmunk\u00e1l\u00f3 m\u0171hely<\/h3>\n<p><img decoding=\"async\" src=\"\/wp-content\/uploads\/factory-11.5.webp\"\/><\/p>\n<h3>K\u00e9szterm\u00e9k \u00e9s export rakt\u00e1r<\/h3>\n<p><img decoding=\"async\" src=\"\/wp-content\/uploads\/factory-12.webp\"\/><\/p>\n<p><img decoding=\"async\" src=\"\/wp-content\/uploads\/factory-13.webp\"\/><\/p>\n<p><img decoding=\"async\" src=\"\/wp-content\/uploads\/factory-14.webp\"\/><\/p>\n<h2>GYIK<\/h2>\n<p><strong>1. Mire haszn\u00e1lj\u00e1k az extrud\u00e1lt alum\u00ednium lemezes lamell\u00e1s h\u0171t\u0151bord\u00e1t?<\/strong><br \/>Az elektronikus alkatr\u00e9szek h\u0151elvezet\u00e9s\u00e9re haszn\u00e1lj\u00e1k a h\u0151kezel\u00e9s jav\u00edt\u00e1sa \u00e9rdek\u00e9ben.<\/p>\n<p><strong>2. Testre szabhat\u00f3-e a h\u0171t\u0151borda speci\u00e1lis alkalmaz\u00e1sokhoz?<\/strong><br \/>Igen, testreszab\u00e1si lehet\u0151s\u00e9geket k\u00edn\u00e1lunk az egyedi h\u0151teljes\u00edtm\u00e9nyre vonatkoz\u00f3 ig\u00e9nyek kiel\u00e9g\u00edt\u00e9s\u00e9re.<\/p>\n<p><strong>3. Alkalmas ez a h\u0171t\u0151borda nagy teljes\u00edtm\u00e9ny\u0171 alkalmaz\u00e1sokhoz?<\/strong><br \/>Igen, \u00fagy tervezt\u00e9k, hogy hat\u00e9konyan kezelje a nagy teljes\u00edtm\u00e9ny\u0171 elektronikus rendszerek h\u0151j\u00e9t.<\/p>\n<p><strong>4. Milyen anyagokat haszn\u00e1lnak ehhez a h\u0171t\u0151bord\u00e1hoz?<\/strong><br \/>A h\u0171t\u0151borda kiv\u00e1l\u00f3 min\u0151s\u00e9g\u0171 extrud\u00e1lt alum\u00edniumb\u00f3l k\u00e9sz\u00fclt az optim\u00e1lis h\u0151vezet\u00e9s \u00e9rdek\u00e9ben.<\/p>\n<p><strong>5. T\u00e1mogatja a term\u00e9k az OEM megrendel\u00e9seket?<\/strong><br \/>Igen, t\u00e1mogatjuk az OEM-et, \u00e9s az \u00d6n ig\u00e9nyei szerint testre szabhatjuk a h\u0171t\u0151bord\u00e1t.<\/p>\n<p><strong>6. Milyen el\u0151ny\u00f6kkel j\u00e1r az alum\u00ednium lemezes lamell\u00e1s h\u0171t\u0151bord\u00e1k haszn\u00e1lata?<\/strong><br \/>Az alum\u00ednium lemezes lamell\u00e1s h\u0171t\u0151bord\u00e1k kiv\u00e1l\u00f3 h\u0151elvezet\u00e9st, kis s\u00falyt \u00e9s k\u00f6lts\u00e9ghat\u00e9konys\u00e1got biztos\u00edtanak.<\/p>\n<p><strong>7. Biztos\u00edtanak technikai t\u00e1mogat\u00e1st a rendszerekbe val\u00f3 integr\u00e1l\u00e1shoz?<\/strong><br \/>Igen, t\u00e1mogat\u00e1st ny\u00fajtunk az elektronikus rendszerekbe val\u00f3 z\u00f6kken\u0151mentes integr\u00e1ci\u00f3 biztos\u00edt\u00e1s\u00e1hoz.<\/p>\n<p><\/p>","protected":false},"featured_media":10804,"template":"","categories":[72],"class_list":["post-10990","product","type-product","status-publish","has-post-thumbnail","hentry","category-extruded-aluminum-heatsink"],"meta_box":{"hilight_text_group":[{"product_hilight_text":"<li>Engineered for effective heat dissipation in electronic systems<\/li>\n<li>Lightweight and durable construction with aluminum material<\/li>\n<li>Customizable extrusions for tailored thermal performance<\/li>\n<li>Suitable for a wide range of industrial applications<\/li>\n<li>Enhances device reliability by managing heat efficiently<\/li>"}],"feature_list":[]},"_links":{"self":[{"href":"https:\/\/sinoextrud.com\/hu\/wp-json\/wp\/v2\/product\/10990","targetHints":{"allow":["GET"]}}],"collection":[{"href":"https:\/\/sinoextrud.com\/hu\/wp-json\/wp\/v2\/product"}],"about":[{"href":"https:\/\/sinoextrud.com\/hu\/wp-json\/wp\/v2\/types\/product"}],"wp:featuredmedia":[{"embeddable":true,"href":"https:\/\/sinoextrud.com\/hu\/wp-json\/wp\/v2\/media\/10804"}],"wp:attachment":[{"href":"https:\/\/sinoextrud.com\/hu\/wp-json\/wp\/v2\/media?parent=10990"}],"wp:term":[{"taxonomy":"category","embeddable":true,"href":"https:\/\/sinoextrud.com\/hu\/wp-json\/wp\/v2\/categories?post=10990"}],"curies":[{"name":"wp","href":"https:\/\/api.w.org\/{rel}","templated":true}]}}