{"id":10987,"date":"2025-08-01T03:29:20","date_gmt":"2025-08-01T03:29:20","guid":{"rendered":"https:\/\/sinoextrud.com\/product\/electronic-heat-sink-for-industrial-devices\/"},"modified":"2025-08-01T03:29:20","modified_gmt":"2025-08-01T03:29:20","slug":"elektronikus-hutoborda-ipari-eszkozokhoz","status":"publish","type":"product","link":"https:\/\/sinoextrud.com\/hu\/product\/electronic-heat-sink-for-industrial-devices\/","title":{"rendered":"Elektronikus h\u0171t\u0151bord\u00e1k ipari eszk\u00f6z\u00f6kh\u00f6z"},"content":{"rendered":"<h2>Term\u00e9kek r\u00e9szletei<\/h2>\n<div class=\"product-table\">\n<div class=\"row\">\n<div class=\"cell label\">Fokozat<\/div>\n<div class=\"cell value\">Alum\u00ednium<\/div>\n<\/div>\n<div class=\"row\">\n<div class=\"cell label\">Tolerancia<\/div>\n<div class=\"cell value\">\u00c2\u00b11%<\/div>\n<\/div>\n<div class=\"row\">\n<div class=\"cell label\">Sz\u00e1ll\u00edt\u00e1si id\u0151<\/div>\n<div class=\"cell value\">10nap<\/div>\n<\/div>\n<div class=\"row\">\n<div class=\"cell label\">Temper<\/div>\n<div class=\"cell value\">egy\u00e9ni<\/div>\n<\/div>\n<div class=\"row\">\n<div class=\"cell label\">Alkalmaz\u00e1s<\/div>\n<div class=\"cell value\">Elektronika, k\u00e9sz\u00fcl\u00e9kek, elektromos, LED l\u00e1mp\u00e1k, aut\u00f3ipar, stb.<\/div>\n<\/div>\n<div class=\"row\">\n<div class=\"cell label\">Shape<\/div>\n<div class=\"cell value\">egy\u00e9ni<\/div>\n<\/div>\n<div class=\"row\">\n<div class=\"cell label\">Feldolgoz\u00f3 szolg\u00e1ltat\u00e1s<\/div>\n<div class=\"cell value\">Hajl\u00edt\u00e1s, tekercsel\u00e9s, hegeszt\u00e9s, lyukaszt\u00e1s, v\u00e1g\u00e1s<\/div>\n<\/div>\n<div class=\"row\">\n<div class=\"cell label\">Term\u00e9k neve<\/div>\n<div class=\"cell value\">Alum\u00ednium extrud\u00e1l\u00e1s radi\u00e1tor berendez\u00e9s t\u00e1mogathatja testreszab\u00e1s<\/div>\n<\/div>\n<div class=\"row\">\n<div class=\"cell label\">Minta<\/div>\n<div class=\"cell value\">El\u00e9rhet\u0151<\/div>\n<\/div>\n<div class=\"row\">\n<div class=\"cell label\">Testreszabott t\u00e1mogat\u00e1s<\/div>\n<div class=\"cell value\">Testreszabott<\/div>\n<\/div>\n<div class=\"row\">\n<div class=\"cell label\">MOQ<\/div>\n<div class=\"cell value\">100db<\/div>\n<\/div>\n<div class=\"row\">\n<div class=\"cell label\">Haszn\u00e1lat<\/div>\n<div class=\"cell value\">Alum\u00ednium extrud\u00e1lt profilok Extrud\u00e1lt alum\u00ednium extrud\u00e1lt alum\u00ednium<\/div>\n<\/div>\n<div class=\"row\">\n<div class=\"cell label\">T\u00edpus<\/div>\n<div class=\"cell value\">Extrud\u00e1l\u00e1s<\/div>\n<\/div>\n<div class=\"row\">\n<div class=\"cell label\">Kulcssz\u00f3<\/div>\n<div class=\"cell value\">Led profil f\u00e9ny<\/div>\n<\/div>\n<div class=\"row\">\n<div class=\"cell label\">Folyamat<\/div>\n<div class=\"cell value\">M\u00e9lyen megmunk\u00e1l\u00e1s<\/div>\n<\/div>\n<div class=\"row\">\n<div class=\"cell label\">M\u00e9ret<\/div>\n<div class=\"cell value\">\u00dcgyf\u00e9l ig\u00e9nye<\/div>\n<\/div>\n<div class=\"row\">\n<div class=\"cell label\">Sz\u00ednes<\/div>\n<div class=\"cell value\">Testreszabott sz\u00edn<\/div>\n<\/div>\n<div class=\"row\">\n<div class=\"cell label\">Elad\u00f3 egys\u00e9gek<\/div>\n<div class=\"cell value\">Egyetlen t\u00e9tel<\/div>\n<\/div>\n<div class=\"row\">\n<div class=\"cell label\">Egyetlen csomagm\u00e9ret<\/div>\n<div class=\"cell value\">32X32X31 cm<\/div>\n<\/div>\n<div class=\"row\">\n<div class=\"cell label\">Egyetlen brutt\u00f3 t\u00f6meg<\/div>\n<div class=\"cell value\">1.000 KG<\/div>\n<\/div>\n<\/div>\n<p><\/p>\n<h2>Gy\u00e1rt\u00f3 b\u00e1zisunk<\/h2>\n<h3>Gy\u00e1ri panor\u00e1ma<\/h3>\n<p><img decoding=\"async\" src=\"\/wp-content\/uploads\/factory-01.webp\"\/><\/p>\n<h3>Alum\u00ednium r\u00fadgy\u00e1rt\u00f3 m\u0171hely<\/h3>\n<p><img decoding=\"async\" src=\"\/wp-content\/uploads\/factory-02.webp\"\/><\/p>\n<p><img decoding=\"async\" src=\"\/wp-content\/uploads\/factory-03.webp\"\/><\/p>\n<h3>Pen\u00e9sz rakt\u00e1r<\/h3>\n<p><img decoding=\"async\" src=\"\/wp-content\/uploads\/factory-04.webp\"\/><\/p>\n<h3>43 alum\u00ednium extrud\u00e1l\u00f3 vonal (500-5500 tonna)<\/h3>\n<p><img decoding=\"async\" src=\"\/wp-content\/uploads\/factory-05.webp\"\/><\/p>\n<p><img decoding=\"async\" src=\"\/wp-content\/uploads\/factory-06.webp\"\/><\/p>\n<p><img decoding=\"async\" src=\"\/wp-content\/uploads\/factory-07.webp\"\/><\/p>\n<h3>Porfest\u0151 m\u0171hely<\/h3>\n<p><img decoding=\"async\" src=\"\/wp-content\/uploads\/factory-09.webp\"\/><\/p>\n<h3>Anodiz\u00e1l\u00f3 m\u0171hely<\/h3>\n<p><img decoding=\"async\" src=\"\/wp-content\/uploads\/factory-10.webp\"\/><\/p>\n<h3>M\u00e9ly feldolgoz\u00e1si m\u0171hely<\/h3>\n<p><img decoding=\"async\" src=\"\/wp-content\/uploads\/factory-11.webp\"\/><\/p>\n<h3>CNC prec\u00edzi\u00f3s megmunk\u00e1l\u00f3 m\u0171hely<\/h3>\n<p><img decoding=\"async\" src=\"\/wp-content\/uploads\/factory-11.5.webp\"\/><\/p>\n<h3>K\u00e9szterm\u00e9k \u00e9s export rakt\u00e1r<\/h3>\n<p><img decoding=\"async\" src=\"\/wp-content\/uploads\/factory-12.webp\"\/><\/p>\n<p><img decoding=\"async\" src=\"\/wp-content\/uploads\/factory-13.webp\"\/><\/p>\n<p><img decoding=\"async\" src=\"\/wp-content\/uploads\/factory-14.webp\"\/><\/p>\n<h2>GYIK<\/h2>\n<p><strong>1. Mi az elektronikus h\u0171t\u0151borda els\u0151dleges funkci\u00f3ja?<\/strong><br \/>Az elektronikus h\u0171t\u0151bord\u00e1t \u00fagy tervezt\u00e9k, hogy elvezesse a h\u0151t az elektronikus alkatr\u00e9szekb\u0151l, p\u00e9ld\u00e1ul a CPU-kb\u00f3l \u00e9s a GPU-kb\u00f3l.<\/p>\n<p><strong>2. Az elektronikus h\u0171t\u0151bord\u00e1k m\u00e9retre szabhat\u00f3k?<\/strong><br \/>Igen, az elektronikus h\u0171t\u0151bord\u00e1k testre szabhat\u00f3k, hogy illeszkedjenek az \u00d6n alkalmaz\u00e1s\u00e1hoz sz\u00fcks\u00e9ges egyedi m\u00e9retekhez.<\/p>\n<p><strong>3. Milyen anyagokat haszn\u00e1lnak az elektronikus h\u0171t\u0151bord\u00e1kban?<\/strong><br \/>Az elektronikus h\u0171t\u0151bord\u00e1k \u00e1ltal\u00e1ban alum\u00edniumb\u00f3l vagy r\u00e9zb\u0151l k\u00e9sz\u00fclnek, mivel ezek kiv\u00e1l\u00f3 h\u0151vezet\u0151 k\u00e9pess\u00e9ggel rendelkeznek.<\/p>\n<p><strong>4. Hogyan v\u00e1lasszam ki a megfelel\u0151 h\u0171t\u0151bord\u00e1t a k\u00e9sz\u00fcl\u00e9kemhez?<\/strong><br \/>A megfelel\u0151 h\u0171t\u0151borda a k\u00e9sz\u00fcl\u00e9k h\u0151teljes\u00edtm\u00e9ny\u00e9t\u0151l \u00e9s a helysz\u0171ke f\u00fcgg.<\/p>\n<p><strong>5. Kaphat\u00f3ak elektronikus h\u0171t\u0151bord\u00e1k nagy t\u00e9telben?<\/strong><br \/>Igen, az elektronikus h\u0171t\u0151bord\u00e1k nagy mennyis\u00e9gben rendelhet\u0151k kereskedelmi felhaszn\u00e1l\u00e1sra.<\/p>\n<p><strong>6. Haszn\u00e1lhat\u00f3k-e elektronikus h\u0171t\u0151bord\u00e1k sz\u00e1m\u00edt\u00f3g\u00e9pekben?<\/strong><br \/>Igen, az elektronikus h\u0171t\u0151bord\u00e1k elengedhetetlenek a processzorok \u00e9s m\u00e1s nagy teljes\u00edtm\u00e9ny\u0171 sz\u00e1m\u00edt\u00f3g\u00e9pes alkatr\u00e9szek h\u0171t\u00e9s\u00e9hez.<\/p>\n<p><strong>7. K\u00edn\u00e1l m\u0171szaki t\u00e1mogat\u00e1st a h\u0171t\u0151bord\u00e1k beszerel\u00e9s\u00e9hez?<\/strong><br \/>Igen, minden elektronikus h\u0171t\u0151bord\u00e1hoz biztos\u00edtunk telep\u00edt\u00e9si \u00fatmutat\u00f3t \u00e9s m\u0171szaki t\u00e1mogat\u00e1st.<\/p>\n<p><\/p>","protected":false},"featured_media":10740,"template":"","categories":[72],"class_list":["post-10987","product","type-product","status-publish","has-post-thumbnail","hentry","category-extruded-aluminum-heatsink"],"meta_box":{"hilight_text_group":[{"product_hilight_text":"<li>Designed to efficiently dissipate heat in electronic devices<\/li>\n<li>Available in various sizes and materials to suit different needs<\/li>\n<li>Precision engineered for optimal thermal performance<\/li>\n<li>Compatible with a wide range of electronic applications<\/li>\n<li>Customizable designs and dimensions for B2B clients<\/li>"}],"feature_list":[]},"_links":{"self":[{"href":"https:\/\/sinoextrud.com\/hu\/wp-json\/wp\/v2\/product\/10987","targetHints":{"allow":["GET"]}}],"collection":[{"href":"https:\/\/sinoextrud.com\/hu\/wp-json\/wp\/v2\/product"}],"about":[{"href":"https:\/\/sinoextrud.com\/hu\/wp-json\/wp\/v2\/types\/product"}],"wp:featuredmedia":[{"embeddable":true,"href":"https:\/\/sinoextrud.com\/hu\/wp-json\/wp\/v2\/media\/10740"}],"wp:attachment":[{"href":"https:\/\/sinoextrud.com\/hu\/wp-json\/wp\/v2\/media?parent=10987"}],"wp:term":[{"taxonomy":"category","embeddable":true,"href":"https:\/\/sinoextrud.com\/hu\/wp-json\/wp\/v2\/categories?post=10987"}],"curies":[{"name":"wp","href":"https:\/\/api.w.org\/{rel}","templated":true}]}}