{"id":10986,"date":"2025-08-01T03:29:18","date_gmt":"2025-08-01T03:29:18","guid":{"rendered":"https:\/\/sinoextrud.com\/product\/extrusion-heatsink-for-refrigerator-systems\/"},"modified":"2025-08-01T03:29:18","modified_gmt":"2025-08-01T03:29:18","slug":"extrudalt-hutoborda-hutoszekrenyekhez","status":"publish","type":"product","link":"https:\/\/sinoextrud.com\/hu\/product\/extrusion-heatsink-for-refrigerator-systems\/","title":{"rendered":"Extrud\u00e1lt h\u0171t\u0151bord\u00e1k h\u0171t\u0151szekr\u00e9nyekhez"},"content":{"rendered":"<h2>Term\u00e9kek r\u00e9szletei<\/h2>\n<div class=\"product-table\">\n<div class=\"row\">\n<div class=\"cell label\">Anyag<\/div>\n<div class=\"cell value\">Alum\u00ednium<\/div>\n<\/div>\n<div class=\"row\">\n<div class=\"cell label\">Term\u00e9k neve<\/div>\n<div class=\"cell value\">H\u0171t\u0151csatorna\/alum\u00ednium profil<\/div>\n<\/div>\n<div class=\"row\">\n<div class=\"cell label\">Alkalmaz\u00e1s<\/div>\n<div class=\"cell value\">\u00e1ramk\u00f6ri lap\/elektronikus berendez\u00e9sek<\/div>\n<\/div>\n<div class=\"row\">\n<div class=\"cell label\">Sz\u00ednes<\/div>\n<div class=\"cell value\">OEM<\/div>\n<\/div>\n<div class=\"row\">\n<div class=\"cell label\">Haszn\u00e1lat<\/div>\n<div class=\"cell value\">H\u0171t\u00e9s<\/div>\n<\/div>\n<div class=\"row\">\n<div class=\"cell label\">MOQ<\/div>\n<div class=\"cell value\">100db<\/div>\n<\/div>\n<div class=\"row\">\n<div class=\"cell label\">Shape<\/div>\n<div class=\"cell value\">Egyedi forma a rajz szerint<\/div>\n<\/div>\n<div class=\"row\">\n<div class=\"cell label\">Log\u00f3<\/div>\n<div class=\"cell value\">Elfogadja az egyedi log\u00f3t<\/div>\n<\/div>\n<div class=\"row\">\n<div class=\"cell label\">Tolerancia<\/div>\n<div class=\"cell value\">0.1MM<\/div>\n<\/div>\n<div class=\"row\">\n<div class=\"cell label\">Befejez\u00e9s<\/div>\n<div class=\"cell value\">Elox\u00e1lt fel\u00fcletkezel\u00e9s<\/div>\n<\/div>\n<div class=\"row\">\n<div class=\"cell label\">Elad\u00f3 egys\u00e9gek<\/div>\n<div class=\"cell value\">Egyetlen t\u00e9tel<\/div>\n<\/div>\n<div class=\"row\">\n<div class=\"cell label\">Egyetlen csomagm\u00e9ret<\/div>\n<div class=\"cell value\">30X40X20 cm<\/div>\n<\/div>\n<div class=\"row\">\n<div class=\"cell label\">Egyetlen brutt\u00f3 t\u00f6meg<\/div>\n<div class=\"cell value\">0,200 KG<\/div>\n<\/div>\n<\/div>\n<p><\/p>\n<h2>Gy\u00e1rt\u00f3 b\u00e1zisunk<\/h2>\n<h3>Gy\u00e1ri panor\u00e1ma<\/h3>\n<p><img decoding=\"async\" src=\"\/wp-content\/uploads\/factory-01.webp\"\/><\/p>\n<h3>Alum\u00ednium r\u00fadgy\u00e1rt\u00f3 m\u0171hely<\/h3>\n<p><img decoding=\"async\" src=\"\/wp-content\/uploads\/factory-02.webp\"\/><\/p>\n<p><img decoding=\"async\" src=\"\/wp-content\/uploads\/factory-03.webp\"\/><\/p>\n<h3>Pen\u00e9sz rakt\u00e1r<\/h3>\n<p><img decoding=\"async\" src=\"\/wp-content\/uploads\/factory-04.webp\"\/><\/p>\n<h3>43 alum\u00ednium extrud\u00e1l\u00f3 vonal (500-5500 tonna)<\/h3>\n<p><img decoding=\"async\" src=\"\/wp-content\/uploads\/factory-05.webp\"\/><\/p>\n<p><img decoding=\"async\" src=\"\/wp-content\/uploads\/factory-06.webp\"\/><\/p>\n<p><img decoding=\"async\" src=\"\/wp-content\/uploads\/factory-07.webp\"\/><\/p>\n<h3>Porfest\u0151 m\u0171hely<\/h3>\n<p><img decoding=\"async\" src=\"\/wp-content\/uploads\/factory-09.webp\"\/><\/p>\n<h3>Anodiz\u00e1l\u00f3 m\u0171hely<\/h3>\n<p><img decoding=\"async\" src=\"\/wp-content\/uploads\/factory-10.webp\"\/><\/p>\n<h3>M\u00e9ly feldolgoz\u00e1si m\u0171hely<\/h3>\n<p><img decoding=\"async\" src=\"\/wp-content\/uploads\/factory-11.webp\"\/><\/p>\n<h3>CNC prec\u00edzi\u00f3s megmunk\u00e1l\u00f3 m\u0171hely<\/h3>\n<p><img decoding=\"async\" src=\"\/wp-content\/uploads\/factory-11.5.webp\"\/><\/p>\n<h3>K\u00e9szterm\u00e9k \u00e9s export rakt\u00e1r<\/h3>\n<p><img decoding=\"async\" src=\"\/wp-content\/uploads\/factory-12.webp\"\/><\/p>\n<p><img decoding=\"async\" src=\"\/wp-content\/uploads\/factory-13.webp\"\/><\/p>\n<p><img decoding=\"async\" src=\"\/wp-content\/uploads\/factory-14.webp\"\/><\/p>\n<h2>GYIK<\/h2>\n<p><strong>1. Milyen anyagot haszn\u00e1lnak a h\u0171t\u0151szekr\u00e9nyek extrud\u00e1lt h\u0171t\u0151bord\u00e1ihoz?<\/strong><br \/>A h\u0171t\u0151borda els\u0151sorban kiv\u00e1l\u00f3 min\u0151s\u00e9g\u0171 alum\u00edniumb\u00f3l k\u00e9sz\u00fclt a hat\u00e9kony h\u0151elvezet\u00e9s \u00e9rdek\u00e9ben.<\/p>\n<p><strong>2. Lehet-e testre szabni az extrud\u00e1lt h\u0171t\u0151bord\u00e1t a k\u00fcl\u00f6nb\u00f6z\u0151 h\u0171t\u0151szekr\u00e9nymodellekhez?<\/strong><br \/>Igen, a h\u0171t\u0151szekr\u00e9nymodellek sz\u00e9les v\u00e1laszt\u00e9k\u00e1hoz k\u00edn\u00e1lunk testreszab\u00e1st.<\/p>\n<p><strong>3. A h\u0171t\u00e9si hat\u00e9konys\u00e1g jav\u00edt\u00e1sa energi\u00e1t takar\u00edt meg a h\u0171t\u0151szekr\u00e9nyekben?<\/strong><br \/>Igen, a jobb h\u0171t\u00e9si hat\u00e9konys\u00e1g cs\u00f6kkentett energiafogyaszt\u00e1st \u00e9s jobb teljes\u00edtm\u00e9nyt eredm\u00e9nyezhet.<\/p>\n<p><strong>4. Az extrud\u00e1lt h\u0171t\u0151bord\u00e1k OEM-gy\u00e1rt\u00e1sa el\u00e9rhet\u0151?<\/strong><br \/>Igen, t\u00e1mogatjuk az OEM gy\u00e1rt\u00e1st k\u00fcl\u00f6nb\u00f6z\u0151 tervez\u00e9si \u00e9s m\u00e9retv\u00e1laszt\u00e9kokkal.<\/p>\n<p><strong>5. Hogyan jav\u00edtja a h\u0171t\u0151borda a h\u0171t\u0151szekr\u00e9ny teljes\u00edtm\u00e9ny\u00e9t?<\/strong><br \/>A h\u0151 hat\u00e9konyabb elvezet\u00e9s\u00e9vel a h\u0171t\u0151borda seg\u00edt fenntartani az optim\u00e1lis h\u0171t\u00e9si felt\u00e9teleket.<\/p>\n<p><strong>6. Megrendelhet\u00fcnk egy mint\u00e1t az extrud\u00e1lt h\u0171t\u0151bord\u00e1b\u00f3l a nagybev\u00e1s\u00e1rl\u00e1s el\u0151tt?<\/strong><br \/>Igen, mint\u00e1kat k\u00edn\u00e1lunk a min\u0151s\u00e9g \u00e9s a specifik\u00e1ci\u00f3 tesztel\u00e9s\u00e9hez.<\/p>\n<p><strong>7. Seg\u00edts\u00e9get ny\u00fajtanak a nemzetk\u00f6zi sz\u00e1ll\u00edt\u00e1sban a t\u00f6meges megrendel\u00e9sek eset\u00e9ben?<\/strong><br \/>Igen, glob\u00e1lis sz\u00e1ll\u00edt\u00e1si megold\u00e1sokat k\u00edn\u00e1lunk a sz\u00fcks\u00e9ges dokument\u00e1ci\u00f3s t\u00e1mogat\u00e1ssal.<\/p>\n<p><\/p>","protected":false},"featured_media":10806,"template":"","categories":[72],"class_list":["post-10986","product","type-product","status-publish","has-post-thumbnail","hentry","category-extruded-aluminum-heatsink"],"meta_box":{"hilight_text_group":[{"product_hilight_text":"<li>Enhances cooling efficiency for refrigerator systems<\/li>\n<li>Customizable to fit different refrigerator models<\/li>\n<li>Made from high-quality aluminum for effective heat dissipation<\/li>\n<li>Supports OEM production with flexible design options<\/li>\n<li>Ideal for reducing energy consumption and improving performance<\/li>"}],"feature_list":[]},"_links":{"self":[{"href":"https:\/\/sinoextrud.com\/hu\/wp-json\/wp\/v2\/product\/10986","targetHints":{"allow":["GET"]}}],"collection":[{"href":"https:\/\/sinoextrud.com\/hu\/wp-json\/wp\/v2\/product"}],"about":[{"href":"https:\/\/sinoextrud.com\/hu\/wp-json\/wp\/v2\/types\/product"}],"wp:featuredmedia":[{"embeddable":true,"href":"https:\/\/sinoextrud.com\/hu\/wp-json\/wp\/v2\/media\/10806"}],"wp:attachment":[{"href":"https:\/\/sinoextrud.com\/hu\/wp-json\/wp\/v2\/media?parent=10986"}],"wp:term":[{"taxonomy":"category","embeddable":true,"href":"https:\/\/sinoextrud.com\/hu\/wp-json\/wp\/v2\/categories?post=10986"}],"curies":[{"name":"wp","href":"https:\/\/api.w.org\/{rel}","templated":true}]}}