{"id":10984,"date":"2025-08-01T03:29:15","date_gmt":"2025-08-01T03:29:15","guid":{"rendered":"https:\/\/sinoextrud.com\/product\/oem-aluminum-heat-sink-for-custom-projects\/"},"modified":"2025-08-01T03:29:15","modified_gmt":"2025-08-01T03:29:15","slug":"oem-aluminium-hutoborda-egyedi-projektekhez","status":"publish","type":"product","link":"https:\/\/sinoextrud.com\/hu\/product\/oem-aluminum-heat-sink-for-custom-projects\/","title":{"rendered":"OEM alum\u00ednium h\u0171t\u0151borda egyedi projektekhez"},"content":{"rendered":"<h2>Term\u00e9kek r\u00e9szletei<\/h2>\n<div class=\"product-table\">\n<div class=\"row\">\n<div class=\"cell label\">g\u00e9pvizsg\u00e1lati jelent\u00e9s<\/div>\n<div class=\"cell value\">Felt\u00f6ltve:<\/div>\n<\/div>\n<div class=\"row\">\n<div class=\"cell label\">vide\u00f3 kimen\u0151-ellen\u0151rz\u00e9s<\/div>\n<div class=\"cell value\">Felt\u00f6ltve:<\/div>\n<\/div>\n<div class=\"row\">\n<div class=\"cell label\">garancia<\/div>\n<div class=\"cell value\">2 \u00e9v<\/div>\n<\/div>\n<div class=\"row\">\n<div class=\"cell label\">alkalmaz\u00e1s<\/div>\n<div class=\"cell value\">H\u0171t\u0151alkatr\u00e9szek<\/div>\n<\/div>\n<div class=\"row\">\n<div class=\"cell label\">t\u00edpus<\/div>\n<div class=\"cell value\">H\u0151cser\u00e9l\u0151 alkatr\u00e9szek<\/div>\n<\/div>\n<div class=\"row\">\n<div class=\"cell label\">Term\u00e9k neve<\/div>\n<div class=\"cell value\">Alum\u00ednium h\u0171t\u0151borda a LED n\u00f6veked\u00e9si f\u00e9nyhez<\/div>\n<\/div>\n<div class=\"row\">\n<div class=\"cell label\">M\u00e9ret<\/div>\n<div class=\"cell value\">Egyedi \u00e9s rakt\u00e1rk\u00e9szlet<\/div>\n<\/div>\n<div class=\"row\">\n<div class=\"cell label\">Anyag<\/div>\n<div class=\"cell value\">Alum\u00ednium + r\u00e9zcs\u0151<\/div>\n<\/div>\n<div class=\"row\">\n<div class=\"cell label\">Sz\u00ednes<\/div>\n<div class=\"cell value\">Term\u00e9szet<\/div>\n<\/div>\n<div class=\"row\">\n<div class=\"cell label\">Befejez\u00e9s<\/div>\n<div class=\"cell value\">Fr\u00f6ccs\u00f6nt\u00f6tt, pol\u00edrozott<\/div>\n<\/div>\n<div class=\"row\">\n<div class=\"cell label\">Folyamat<\/div>\n<div class=\"cell value\">CNC mar\u00e1s + s\u00farl\u00f3d\u00e1sos hegeszt\u00e9s<\/div>\n<\/div>\n<div class=\"row\">\n<div class=\"cell label\">Tolerancia<\/div>\n<div class=\"cell value\">+\/-0,01mm<\/div>\n<\/div>\n<div class=\"row\">\n<div class=\"cell label\">Szolg\u00e1ltat\u00e1s<\/div>\n<div class=\"cell value\">ODM OEM<\/div>\n<\/div>\n<div class=\"row\">\n<div class=\"cell label\">MOQ<\/div>\n<div class=\"cell value\">1 darab<\/div>\n<\/div>\n<div class=\"row\">\n<div class=\"cell label\">Csomagol\u00e1s<\/div>\n<div class=\"cell value\">Polywood tok<\/div>\n<\/div>\n<div class=\"row\">\n<div class=\"cell label\">Csomagol\u00e1s r\u00e9szletei<\/div>\n<div class=\"cell value\">testreszabott csomagol\u00e1s az \u00fcgyf\u00e9l k\u00e9r\u00e9se szerint, \u00e1ltal\u00e1ban:<\/div>\n<\/div>\n<div class=\"row\">\n<div class=\"cell label\">A<\/div>\n<div class=\"cell value\">Malomipari befejez\u00e9s, m\u0171anyag zsugorf\u00f3lia.<\/div>\n<\/div>\n<div class=\"row\">\n<div class=\"cell label\">B<\/div>\n<div class=\"cell value\">Elox\u00e1l\u00e1s vagy er\u0151bevonat, bel\u00fcl csomagolva a m\u0171anyag v\u00e9d\u0151f\u00f3li\u00e1val + PEPE hab + zsugorf\u00f3lia vagy v\u00edz\u00e1ll\u00f3 er\u0151pap\u00edr.<\/div>\n<\/div>\n<div class=\"row\">\n<div class=\"cell label\">C<\/div>\n<div class=\"cell value\">Ha kis cnc alkatr\u00e9sz, EPE hab + kartondobozok.<\/div>\n<\/div>\n<div class=\"row\">\n<div class=\"cell label\">D<\/div>\n<div class=\"cell value\">Ha az \u00fcgyf\u00e9lnek k\u00fcl\u00f6nleges k\u00e9r\u00e9se van, akkor a fadobozt biztos\u00edthatjuk.<\/div>\n<\/div>\n<div class=\"row\">\n<div class=\"cell label\">Elad\u00f3 egys\u00e9gek<\/div>\n<div class=\"cell value\">Egyetlen t\u00e9tel<\/div>\n<\/div>\n<div class=\"row\">\n<div class=\"cell label\">Egyetlen csomagm\u00e9ret<\/div>\n<div class=\"cell value\">30X10X10 cm<\/div>\n<\/div>\n<div class=\"row\">\n<div class=\"cell label\">Egyetlen brutt\u00f3 t\u00f6meg<\/div>\n<div class=\"cell value\">1.000 KG<\/div>\n<\/div>\n<\/div>\n<p><\/p>\n<h2>Gy\u00e1rt\u00f3 b\u00e1zisunk<\/h2>\n<h3>Gy\u00e1ri panor\u00e1ma<\/h3>\n<p><img decoding=\"async\" src=\"\/wp-content\/uploads\/factory-01.webp\"\/><\/p>\n<h3>Alum\u00ednium r\u00fadgy\u00e1rt\u00f3 m\u0171hely<\/h3>\n<p><img decoding=\"async\" src=\"\/wp-content\/uploads\/factory-02.webp\"\/><\/p>\n<p><img decoding=\"async\" src=\"\/wp-content\/uploads\/factory-03.webp\"\/><\/p>\n<h3>Pen\u00e9sz rakt\u00e1r<\/h3>\n<p><img decoding=\"async\" src=\"\/wp-content\/uploads\/factory-04.webp\"\/><\/p>\n<h3>43 alum\u00ednium extrud\u00e1l\u00f3 vonal (500-5500 tonna)<\/h3>\n<p><img decoding=\"async\" src=\"\/wp-content\/uploads\/factory-05.webp\"\/><\/p>\n<p><img decoding=\"async\" src=\"\/wp-content\/uploads\/factory-06.webp\"\/><\/p>\n<p><img decoding=\"async\" src=\"\/wp-content\/uploads\/factory-07.webp\"\/><\/p>\n<h3>Porfest\u0151 m\u0171hely<\/h3>\n<p><img decoding=\"async\" src=\"\/wp-content\/uploads\/factory-09.webp\"\/><\/p>\n<h3>Anodiz\u00e1l\u00f3 m\u0171hely<\/h3>\n<p><img decoding=\"async\" src=\"\/wp-content\/uploads\/factory-10.webp\"\/><\/p>\n<h3>M\u00e9ly feldolgoz\u00e1si m\u0171hely<\/h3>\n<p><img decoding=\"async\" src=\"\/wp-content\/uploads\/factory-11.webp\"\/><\/p>\n<h3>CNC prec\u00edzi\u00f3s megmunk\u00e1l\u00f3 m\u0171hely<\/h3>\n<p><img decoding=\"async\" src=\"\/wp-content\/uploads\/factory-11.5.webp\"\/><\/p>\n<h3>K\u00e9szterm\u00e9k \u00e9s export rakt\u00e1r<\/h3>\n<p><img decoding=\"async\" src=\"\/wp-content\/uploads\/factory-12.webp\"\/><\/p>\n<p><img decoding=\"async\" src=\"\/wp-content\/uploads\/factory-13.webp\"\/><\/p>\n<p><img decoding=\"async\" src=\"\/wp-content\/uploads\/factory-14.webp\"\/><\/p>\n<h2>GYIK<\/h2>\n<p><strong>1. Milyen anyagokat haszn\u00e1lnak az alum\u00ednium h\u0171t\u0151bord\u00e1ban?<\/strong><br \/>A h\u0171t\u0151borda kiv\u00e1l\u00f3 min\u0151s\u00e9g\u0171 alum\u00edniumb\u00f3l k\u00e9sz\u00fclt, amely kiv\u00e1l\u00f3 h\u0151vezet\u0151 k\u00e9pess\u00e9g\u00e9r\u0151l ismert.<\/p>\n<p><strong>2. Az alum\u00ednium h\u0171t\u0151borda testre szabhat\u00f3 a k\u00fcl\u00f6nb\u00f6z\u0151 alkalmaz\u00e1sokhoz?<\/strong><br \/>Igen, a kialak\u00edt\u00e1s testre szabhat\u00f3, hogy megfeleljen az adott h\u0151technikai k\u00f6vetelm\u00e9nyeknek \u00e9s m\u00e9reteknek.<\/p>\n<p><strong>3. Alkalmas-e az alum\u00ednium h\u0171t\u0151borda nagy teljes\u00edtm\u00e9ny\u0171 eszk\u00f6z\u00f6kh\u00f6z?<\/strong><br \/>Igen, \u00fagy tervezt\u00e9k, hogy hat\u00e9konyan elvezesse a h\u0151t a nagy teljes\u00edtm\u00e9ny\u0171 elektronik\u00e1ban.<\/p>\n<p><strong>4. Hogyan seg\u00edt az alum\u00ednium h\u0171t\u0151borda a h\u0151kezel\u00e9sben?<\/strong><br \/>Hat\u00e9konyan vezeti el a h\u0151t a kritikus alkatr\u00e9szekt\u0151l, megakad\u00e1lyozza a t\u00falmeleged\u00e9st \u00e9s n\u00f6veli az eszk\u00f6z megb\u00edzhat\u00f3s\u00e1g\u00e1t.<\/p>\n<p><strong>5. Milyen el\u0151nyei vannak az alum\u00ednium h\u0171t\u0151bord\u00e1knak?<\/strong><br \/>Az alum\u00ednium k\u00f6nny\u0171, k\u00f6lts\u00e9ghat\u00e9kony megold\u00e1st k\u00edn\u00e1l kiv\u00e1l\u00f3 h\u0151elvezet\u00e9si tulajdons\u00e1gokkal.<\/p>\n<p><strong>6. Haszn\u00e1lhat\u00f3-e ez a h\u0171t\u0151borda k\u00fclt\u00e9ri k\u00f6rnyezetben?<\/strong><br \/>Igen, az opcion\u00e1lis korr\u00f3zi\u00f3\u00e1ll\u00f3 bevonatokkal k\u00fclt\u00e9ri haszn\u00e1latra is alkalmas.<\/p>\n<p><strong>7. K\u00edn\u00e1lnak OEM-szolg\u00e1ltat\u00e1sokat t\u00f6meges megrendel\u00e9sekhez?<\/strong><br \/>Igen, OEM-szolg\u00e1ltat\u00e1sok \u00e1llnak rendelkez\u00e9sre, bele\u00e9rtve az egyedi m\u00e1rka\u00e9p\u00edt\u00e9st \u00e9s a formatervez\u00e9si m\u00f3dos\u00edt\u00e1sokat.<\/p>\n<p><\/p>","protected":false},"featured_media":10807,"template":"","categories":[72],"class_list":["post-10984","product","type-product","status-publish","has-post-thumbnail","hentry","category-extruded-aluminum-heatsink"],"meta_box":{"hilight_text_group":[{"product_hilight_text":"<li>Customized designs to fit specific thermal management needs<\/li>\n<li>High thermal conductivity and efficient heat dissipation<\/li>\n<li>Lightweight construction ideal for various electronic applications<\/li>\n<li>Corrosion-resistant aluminum for enhanced lifespan<\/li>\n<li>Supports a range of sizes and finishes for tailored solutions<\/li>"}],"feature_list":[]},"_links":{"self":[{"href":"https:\/\/sinoextrud.com\/hu\/wp-json\/wp\/v2\/product\/10984","targetHints":{"allow":["GET"]}}],"collection":[{"href":"https:\/\/sinoextrud.com\/hu\/wp-json\/wp\/v2\/product"}],"about":[{"href":"https:\/\/sinoextrud.com\/hu\/wp-json\/wp\/v2\/types\/product"}],"wp:featuredmedia":[{"embeddable":true,"href":"https:\/\/sinoextrud.com\/hu\/wp-json\/wp\/v2\/media\/10807"}],"wp:attachment":[{"href":"https:\/\/sinoextrud.com\/hu\/wp-json\/wp\/v2\/media?parent=10984"}],"wp:term":[{"taxonomy":"category","embeddable":true,"href":"https:\/\/sinoextrud.com\/hu\/wp-json\/wp\/v2\/categories?post=10984"}],"curies":[{"name":"wp","href":"https:\/\/api.w.org\/{rel}","templated":true}]}}