{"id":10983,"date":"2025-08-01T03:29:13","date_gmt":"2025-08-01T03:29:13","guid":{"rendered":"https:\/\/sinoextrud.com\/product\/dimensional-vapor-chamber-heat-sink-for-oem-devices\/"},"modified":"2025-08-01T03:29:13","modified_gmt":"2025-08-01T03:29:13","slug":"dimenzios-gozkamras-hutoborda-oem-eszkozokhoz","status":"publish","type":"product","link":"https:\/\/sinoextrud.com\/hu\/product\/dimensional-vapor-chamber-heat-sink-for-oem-devices\/","title":{"rendered":"M\u00e9retes p\u00e1rologtat\u00f3 kamr\u00e1s h\u0171t\u0151bord\u00e1k OEM k\u00e9sz\u00fcl\u00e9kekhez"},"content":{"rendered":"<h2>Term\u00e9kek r\u00e9szletei<\/h2>\n<div class=\"product-table\">\n<div class=\"row\">\n<div class=\"cell label\">Anyag<\/div>\n<div class=\"cell value\">Alum\u00ednium\/Ac\u00e9l\/Vas\/Vas\/ac\u00e9l\/r\u00e9z\/m\u0171anyag\/<\/div>\n<\/div>\n<div class=\"row\">\n<div class=\"cell label\">Szolg\u00e1ltat\u00e1s<\/div>\n<div class=\"cell value\">Egyablakos szolg\u00e1ltat\u00e1s. Megmunk\u00e1l\u00e1s-\u00f6sszeszerel\u00e9s<\/div>\n<\/div>\n<div class=\"row\">\n<div class=\"cell label\">M\u00e9ret<\/div>\n<div class=\"cell value\">M\u00e9ret Testreszabott<\/div>\n<\/div>\n<div class=\"row\">\n<div class=\"cell label\">Fel\u00fcletkezel\u00e9s<\/div>\n<div class=\"cell value\">pol\u00edroz\u00e1s\/tiszta elox\u00e1l\u00e1s\/elektroplatt\u00edroz\u00e1s\/olajnyom\u00e1s<\/div>\n<\/div>\n<div class=\"row\">\n<div class=\"cell label\">Rajzol\u00e1si form\u00e1tum<\/div>\n<div class=\"cell value\">2D\/(PDF\/CAD)3D(IGES\/STEP)<\/div>\n<\/div>\n<div class=\"row\">\n<div class=\"cell label\">Tolerancia<\/div>\n<div class=\"cell value\">0.01-0.05mm<\/div>\n<\/div>\n<div class=\"row\">\n<div class=\"cell label\">Sz\u00e1ll\u00edt\u00e1si id\u0151<\/div>\n<div class=\"cell value\">7-15 nap<\/div>\n<\/div>\n<div class=\"row\">\n<div class=\"cell label\">MOQ<\/div>\n<div class=\"cell value\">10db<\/div>\n<\/div>\n<div class=\"row\">\n<div class=\"cell label\">Csomagol\u00e1s<\/div>\n<div class=\"cell value\">Karton<\/div>\n<\/div>\n<div class=\"row\">\n<div class=\"cell label\">OEM&amp;ODM<\/div>\n<div class=\"cell value\">Elfogadott<\/div>\n<\/div>\n<div class=\"row\">\n<div class=\"cell label\">Elad\u00f3 egys\u00e9gek<\/div>\n<div class=\"cell value\">Egyetlen t\u00e9tel<\/div>\n<\/div>\n<div class=\"row\">\n<div class=\"cell label\">Egyetlen csomagm\u00e9ret<\/div>\n<div class=\"cell value\">10X6X2 cm<\/div>\n<\/div>\n<div class=\"row\">\n<div class=\"cell label\">Egyetlen brutt\u00f3 t\u00f6meg<\/div>\n<div class=\"cell value\">0,090 KG<\/div>\n<\/div>\n<\/div>\n<p><\/p>\n<h2>Gy\u00e1rt\u00f3 b\u00e1zisunk<\/h2>\n<h3>Gy\u00e1ri panor\u00e1ma<\/h3>\n<p><img decoding=\"async\" src=\"\/wp-content\/uploads\/factory-01.webp\"\/><\/p>\n<h3>Alum\u00ednium r\u00fadgy\u00e1rt\u00f3 m\u0171hely<\/h3>\n<p><img decoding=\"async\" src=\"\/wp-content\/uploads\/factory-02.webp\"\/><\/p>\n<p><img decoding=\"async\" src=\"\/wp-content\/uploads\/factory-03.webp\"\/><\/p>\n<h3>Pen\u00e9sz rakt\u00e1r<\/h3>\n<p><img decoding=\"async\" src=\"\/wp-content\/uploads\/factory-04.webp\"\/><\/p>\n<h3>43 alum\u00ednium extrud\u00e1l\u00f3 vonal (500-5500 tonna)<\/h3>\n<p><img decoding=\"async\" src=\"\/wp-content\/uploads\/factory-05.webp\"\/><\/p>\n<p><img decoding=\"async\" src=\"\/wp-content\/uploads\/factory-06.webp\"\/><\/p>\n<p><img decoding=\"async\" src=\"\/wp-content\/uploads\/factory-07.webp\"\/><\/p>\n<h3>Porfest\u0151 m\u0171hely<\/h3>\n<p><img decoding=\"async\" src=\"\/wp-content\/uploads\/factory-09.webp\"\/><\/p>\n<h3>Anodiz\u00e1l\u00f3 m\u0171hely<\/h3>\n<p><img decoding=\"async\" src=\"\/wp-content\/uploads\/factory-10.webp\"\/><\/p>\n<h3>M\u00e9ly feldolgoz\u00e1si m\u0171hely<\/h3>\n<p><img decoding=\"async\" src=\"\/wp-content\/uploads\/factory-11.webp\"\/><\/p>\n<h3>CNC prec\u00edzi\u00f3s megmunk\u00e1l\u00f3 m\u0171hely<\/h3>\n<p><img decoding=\"async\" src=\"\/wp-content\/uploads\/factory-11.5.webp\"\/><\/p>\n<h3>K\u00e9szterm\u00e9k \u00e9s export rakt\u00e1r<\/h3>\n<p><img decoding=\"async\" src=\"\/wp-content\/uploads\/factory-12.webp\"\/><\/p>\n<p><img decoding=\"async\" src=\"\/wp-content\/uploads\/factory-13.webp\"\/><\/p>\n<p><img decoding=\"async\" src=\"\/wp-content\/uploads\/factory-14.webp\"\/><\/p>\n<h2>GYIK<\/h2>\n<p><strong>1. Mire haszn\u00e1lj\u00e1k a g\u0151zkamr\u00e1s h\u0171t\u0151bord\u00e1t?<\/strong><br \/>Elektronikus eszk\u00f6z\u00f6k \u00e9s g\u00e9pek hat\u00e9kony h\u0151elvezet\u00e9s\u00e9re haszn\u00e1lj\u00e1k.<\/p>\n<p><strong>2. A g\u0151zkamra h\u0171t\u0151borda k\u00fcl\u00f6nb\u00f6z\u0151 m\u00e9retekhez testreszabhat\u00f3?<\/strong><br \/>Igen, g\u0151zkamr\u00e1s h\u0171t\u0151bord\u00e1inkat egyedi m\u00e9retekhez igaz\u00edthatjuk.<\/p>\n<p><strong>3. Hogyan jav\u00edtja a g\u0151zkamr\u00e1s h\u0171t\u0151borda az eszk\u00f6z teljes\u00edtm\u00e9ny\u00e9t?<\/strong><br \/>A h\u0151 hat\u00e9kony elvezet\u00e9s\u00e9vel jav\u00edtja a k\u00e9sz\u00fcl\u00e9k m\u0171k\u00f6d\u00e9si stabilit\u00e1s\u00e1t.<\/p>\n<p><strong>4. Ezek a h\u0171t\u0151bord\u00e1k alkalmasak nagy teljes\u00edtm\u00e9ny\u0171 elektronikai eszk\u00f6z\u00f6kh\u00f6z?<\/strong><br \/>Igen, \u00fagy tervezt\u00e9k \u0151ket, hogy nagy h\u0151terhel\u00e9st b\u00edrjanak el ig\u00e9nyes k\u00f6rnyezetben.<\/p>\n<p><strong>5. Milyen anyagokat haszn\u00e1lnak a g\u0151zkamr\u00e1s h\u0171t\u0151bord\u00e1ban?<\/strong><br \/>Kiv\u00e1l\u00f3 min\u0151s\u00e9g\u0171 anyagokb\u00f3l k\u00e9sz\u00fclnek, hogy biztos\u00edts\u00e1k a hat\u00e9kony h\u0151kezel\u00e9st.<\/p>\n<p><strong>6. Be\u00e9p\u00edthet\u0151-e a g\u0151zkamra kompakt elektronikus rendszerekbe?<\/strong><br \/>Igen, k\u00f6nny\u0171 kialak\u00edt\u00e1suknak k\u00f6sz\u00f6nhet\u0151en ide\u00e1lisak kompakt \u00e9s hordozhat\u00f3 eszk\u00f6z\u00f6kh\u00f6z.<\/p>\n<p><strong>7. K\u00edn\u00e1lnak t\u00e1mogat\u00e1st OEM \u00e9s ODM gy\u00e1rt\u00e1shoz?<\/strong><br \/>Igen, teljes k\u00f6r\u0171 OEM \u00e9s ODM szolg\u00e1ltat\u00e1sokat ny\u00fajtunk rugalmas rendel\u00e9si mennyis\u00e9gekkel.<\/p>\n<p><\/p>","protected":false},"featured_media":10777,"template":"","categories":[72],"class_list":["post-10983","product","type-product","status-publish","has-post-thumbnail","hentry","category-extruded-aluminum-heatsink"],"meta_box":{"hilight_text_group":[{"product_hilight_text":"<li>High thermal conductivity for efficient heat dissipation<\/li>\n<li>Lightweight design makes it suitable for compact spaces<\/li>\n<li>Customizable dimensions to fit diverse applications<\/li>\n<li>Supports high performance for electronics and machinery<\/li>\n<li>Manufactured using durable, quality materials for longevity<\/li>"}],"feature_list":[]},"_links":{"self":[{"href":"https:\/\/sinoextrud.com\/hu\/wp-json\/wp\/v2\/product\/10983","targetHints":{"allow":["GET"]}}],"collection":[{"href":"https:\/\/sinoextrud.com\/hu\/wp-json\/wp\/v2\/product"}],"about":[{"href":"https:\/\/sinoextrud.com\/hu\/wp-json\/wp\/v2\/types\/product"}],"wp:featuredmedia":[{"embeddable":true,"href":"https:\/\/sinoextrud.com\/hu\/wp-json\/wp\/v2\/media\/10777"}],"wp:attachment":[{"href":"https:\/\/sinoextrud.com\/hu\/wp-json\/wp\/v2\/media?parent=10983"}],"wp:term":[{"taxonomy":"category","embeddable":true,"href":"https:\/\/sinoextrud.com\/hu\/wp-json\/wp\/v2\/categories?post=10983"}],"curies":[{"name":"wp","href":"https:\/\/api.w.org\/{rel}","templated":true}]}}