{"id":10982,"date":"2025-08-01T03:29:12","date_gmt":"2025-08-01T03:29:12","guid":{"rendered":"https:\/\/sinoextrud.com\/product\/finned-aluminum-heat-sink-for-air-cooling\/"},"modified":"2025-08-01T03:29:12","modified_gmt":"2025-08-01T03:29:12","slug":"bordazott-aluminium-hutoborda-leghuteshez","status":"publish","type":"product","link":"https:\/\/sinoextrud.com\/hu\/product\/finned-aluminum-heat-sink-for-air-cooling\/","title":{"rendered":"Finned alum\u00ednium h\u0171t\u0151borda l\u00e9gh\u0171t\u00e9shez"},"content":{"rendered":"<h2>Term\u00e9kek r\u00e9szletei<\/h2>\n<div class=\"product-table\">\n<div class=\"row\">\n<div class=\"cell label\">CNC megmunk\u00e1l\u00e1s vagy sem<\/div>\n<div class=\"cell value\">Cnc megmunk\u00e1l\u00e1s<\/div>\n<\/div>\n<div class=\"row\">\n<div class=\"cell label\">Anyagi k\u00e9pess\u00e9gek<\/div>\n<div class=\"cell value\">Alum\u00ednium, s\u00e1rgar\u00e9z, bronz, r\u00e9z, edzett f\u00e9mek, rozsdamentes ac\u00e9l, ac\u00e9l \u00f6tv\u00f6zetek<\/div>\n<\/div>\n<div class=\"row\">\n<div class=\"cell label\">T\u00edpus<\/div>\n<div class=\"cell value\">F\u00far\u00e1s, F\u00far\u00e1s, L\u00e9zermegmunk\u00e1l\u00e1s, Mar\u00e1s, Eszterg\u00e1l\u00e1s, F\u00far\u00e1s, F\u00far\u00e1s, L\u00e9zermegmunk\u00e1l\u00e1s, Mar\u00e1s, Eszterg\u00e1l\u00e1s<\/div>\n<\/div>\n<div class=\"row\">\n<div class=\"cell label\">Mikromegmunk\u00e1l\u00e1s vagy sem<\/div>\n<div class=\"cell value\">Mikro megmunk\u00e1l\u00e1s<\/div>\n<\/div>\n<div class=\"row\">\n<div class=\"cell label\">Anyag<\/div>\n<div class=\"cell value\">Alum\u00ednium S\u00e1rgar\u00e9z M\u0171anyag Ac\u00e9l<\/div>\n<\/div>\n<div class=\"row\">\n<div class=\"cell label\">Term\u00e9k neve<\/div>\n<div class=\"cell value\">Extrud\u00e1lt h\u0171t\u0151borda<\/div>\n<\/div>\n<div class=\"row\">\n<div class=\"cell label\">Folyamat<\/div>\n<div class=\"cell value\">Cnc megmunk\u00e1l\u00e1s + fel\u00fcletkezel\u00e9s<\/div>\n<\/div>\n<div class=\"row\">\n<div class=\"cell label\">M\u00e9ret<\/div>\n<div class=\"cell value\">Testreszabott m\u00e9retek elfogadhat\u00f3ak<\/div>\n<\/div>\n<div class=\"row\">\n<div class=\"cell label\">Sz\u00ednes<\/div>\n<div class=\"cell value\">Testreszabott sz\u00edn<\/div>\n<\/div>\n<div class=\"row\">\n<div class=\"cell label\">Alkalmaz\u00e1s<\/div>\n<div class=\"cell value\">Elektronikus<\/div>\n<\/div>\n<div class=\"row\">\n<div class=\"cell label\">Rajzol\u00e1si form\u00e1tum<\/div>\n<div class=\"cell value\">L\u00c9P\u00c9S<\/div>\n<\/div>\n<div class=\"row\">\n<div class=\"cell label\">MOQ<\/div>\n<div class=\"cell value\">Kis megrendel\u00e9sek elfogadva<\/div>\n<\/div>\n<div class=\"row\">\n<div class=\"cell label\">Elad\u00f3 egys\u00e9gek<\/div>\n<div class=\"cell value\">Egyetlen t\u00e9tel<\/div>\n<\/div>\n<\/div>\n<p><\/p>\n<h2>Gy\u00e1rt\u00f3 b\u00e1zisunk<\/h2>\n<h3>Gy\u00e1ri panor\u00e1ma<\/h3>\n<p><img decoding=\"async\" src=\"\/wp-content\/uploads\/factory-01.webp\"\/><\/p>\n<h3>Alum\u00ednium r\u00fadgy\u00e1rt\u00f3 m\u0171hely<\/h3>\n<p><img decoding=\"async\" src=\"\/wp-content\/uploads\/factory-02.webp\"\/><\/p>\n<p><img decoding=\"async\" src=\"\/wp-content\/uploads\/factory-03.webp\"\/><\/p>\n<h3>Pen\u00e9sz rakt\u00e1r<\/h3>\n<p><img decoding=\"async\" src=\"\/wp-content\/uploads\/factory-04.webp\"\/><\/p>\n<h3>43 alum\u00ednium extrud\u00e1l\u00f3 vonal (500-5500 tonna)<\/h3>\n<p><img decoding=\"async\" src=\"\/wp-content\/uploads\/factory-05.webp\"\/><\/p>\n<p><img decoding=\"async\" src=\"\/wp-content\/uploads\/factory-06.webp\"\/><\/p>\n<p><img decoding=\"async\" src=\"\/wp-content\/uploads\/factory-07.webp\"\/><\/p>\n<h3>Porfest\u0151 m\u0171hely<\/h3>\n<p><img decoding=\"async\" src=\"\/wp-content\/uploads\/factory-09.webp\"\/><\/p>\n<h3>Anodiz\u00e1l\u00f3 m\u0171hely<\/h3>\n<p><img decoding=\"async\" src=\"\/wp-content\/uploads\/factory-10.webp\"\/><\/p>\n<h3>M\u00e9ly feldolgoz\u00e1si m\u0171hely<\/h3>\n<p><img decoding=\"async\" src=\"\/wp-content\/uploads\/factory-11.webp\"\/><\/p>\n<h3>CNC prec\u00edzi\u00f3s megmunk\u00e1l\u00f3 m\u0171hely<\/h3>\n<p><img decoding=\"async\" src=\"\/wp-content\/uploads\/factory-11.5.webp\"\/><\/p>\n<h3>K\u00e9szterm\u00e9k \u00e9s export rakt\u00e1r<\/h3>\n<p><img decoding=\"async\" src=\"\/wp-content\/uploads\/factory-12.webp\"\/><\/p>\n<p><img decoding=\"async\" src=\"\/wp-content\/uploads\/factory-13.webp\"\/><\/p>\n<p><img decoding=\"async\" src=\"\/wp-content\/uploads\/factory-14.webp\"\/><\/p>\n<h2>GYIK<\/h2>\n<p><strong>1. Mi a f\u0151 funkci\u00f3ja a lamell\u00e1s alum\u00ednium h\u0171t\u0151bord\u00e1nak?<\/strong><br \/>A lamell\u00e1s alum\u00ednium h\u0171t\u0151bord\u00e1k f\u0151 funkci\u00f3ja az elektronikus alkatr\u00e9szek h\u0151j\u00e9nek hat\u00e9kony elvezet\u00e9se.<\/p>\n<p><strong>2. A lamell\u00e1s alum\u00ednium h\u0171t\u0151borda testre szabhat\u00f3 speci\u00e1lis alkalmaz\u00e1sokhoz?<\/strong><br \/>Igen, m\u00e9ret, alak \u00e9s kivitel tekintet\u00e9ben testre szabhat\u00f3, hogy megfeleljen a k\u00fcl\u00f6nb\u00f6z\u0151 alkalmaz\u00e1soknak.<\/p>\n<p><strong>3. Az alum\u00ednium j\u00f3 anyag a h\u0171t\u0151bord\u00e1khoz?<\/strong><br \/>Igen, az alum\u00ednium kiv\u00e1l\u00f3an alkalmas h\u0171t\u0151bord\u00e1khoz, mivel nagy a h\u0151vezet\u0151 k\u00e9pess\u00e9ge \u00e9s k\u00f6nny\u0171 a s\u00falya.<\/p>\n<p><strong>4. Vannak k\u00fcl\u00f6nb\u00f6z\u0151 m\u00e9retek a bord\u00e1zott alum\u00ednium h\u0171t\u0151bord\u00e1khoz?<\/strong><br \/>Igen, t\u00f6bbf\u00e9le m\u00e9ret \u00e9s konfigur\u00e1ci\u00f3 \u00e1ll rendelkez\u00e9sre a k\u00fcl\u00f6nb\u00f6z\u0151 h\u0171t\u00e9si ig\u00e9nyek kiel\u00e9g\u00edt\u00e9s\u00e9re.<\/p>\n<p><strong>5. Hogyan jav\u00edtja a lamell\u00e1k kialak\u00edt\u00e1sa a h\u0151elvezet\u00e9st?<\/strong><br \/>A lamell\u00e1k n\u00f6velik a leveg\u0151vel \u00e9rintkez\u0151 fel\u00fcletet, jav\u00edtva a h\u0151elvezet\u00e9s hat\u00e9konys\u00e1g\u00e1t.<\/p>\n<p><strong>6. Alkalmas-e a lamell\u00e1s alum\u00ednium h\u0171t\u0151borda nagy teljes\u00edtm\u00e9ny\u0171 elektronik\u00e1hoz?<\/strong><br \/>Igen, a nagy teljes\u00edtm\u00e9ny\u0171 elektronikus eszk\u00f6z\u00f6k termikus ig\u00e9nyeinek kezel\u00e9s\u00e9re tervezt\u00e9k.<\/p>\n<p><strong>7. K\u00edn\u00e1lnak nemzetk\u00f6zi sz\u00e1ll\u00edt\u00e1st a bord\u00e1zott alum\u00ednium h\u0171t\u0151bord\u00e1khoz?<\/strong><br \/>Igen, glob\u00e1lis sz\u00e1ll\u00edt\u00e1si \u00e9s logisztikai t\u00e1mogat\u00e1st ny\u00fajtunk.<\/p>\n<p><\/p>","protected":false},"featured_media":10808,"template":"","categories":[55],"class_list":["post-10982","product","type-product","status-publish","has-post-thumbnail","hentry","category-extruded-aluminum-profiles"],"meta_box":{"hilight_text_group":[{"product_hilight_text":"<li>Optimized for efficient heat dissipation in electronic devices<\/li>\n<li>Constructed from high-quality aluminum for improved thermal conductivity<\/li>\n<li>Available in various sizes and configurations to meet diverse cooling needs<\/li>\n<li>Lightweight and durable design for long-lasting performance<\/li>\n<li>Customizable fins and finishes to match specific application requirements<\/li>"}],"feature_list":[]},"_links":{"self":[{"href":"https:\/\/sinoextrud.com\/hu\/wp-json\/wp\/v2\/product\/10982","targetHints":{"allow":["GET"]}}],"collection":[{"href":"https:\/\/sinoextrud.com\/hu\/wp-json\/wp\/v2\/product"}],"about":[{"href":"https:\/\/sinoextrud.com\/hu\/wp-json\/wp\/v2\/types\/product"}],"wp:featuredmedia":[{"embeddable":true,"href":"https:\/\/sinoextrud.com\/hu\/wp-json\/wp\/v2\/media\/10808"}],"wp:attachment":[{"href":"https:\/\/sinoextrud.com\/hu\/wp-json\/wp\/v2\/media?parent=10982"}],"wp:term":[{"taxonomy":"category","embeddable":true,"href":"https:\/\/sinoextrud.com\/hu\/wp-json\/wp\/v2\/categories?post=10982"}],"curies":[{"name":"wp","href":"https:\/\/api.w.org\/{rel}","templated":true}]}}