{"id":10981,"date":"2025-08-01T03:29:09","date_gmt":"2025-08-01T03:29:09","guid":{"rendered":"https:\/\/sinoextrud.com\/product\/cylindrical-heat-sink-for-led-and-sensors\/"},"modified":"2025-08-01T03:29:09","modified_gmt":"2025-08-01T03:29:09","slug":"hengeres-hutoborda-ledekhez-es-erzekelokhoz","status":"publish","type":"product","link":"https:\/\/sinoextrud.com\/hu\/product\/cylindrical-heat-sink-for-led-and-sensors\/","title":{"rendered":"Hengeres h\u0171t\u0151borda LED-hez \u00e9s \u00e9rz\u00e9kel\u0151kh\u00f6z"},"content":{"rendered":"<h2>Term\u00e9kek r\u00e9szletei<\/h2>\n<div class=\"product-table\">\n<div class=\"row\">\n<div class=\"cell label\">Fokozat<\/div>\n<div class=\"cell value\">6000-es sorozat<\/div>\n<\/div>\n<div class=\"row\">\n<div class=\"cell label\">Tolerancia<\/div>\n<div class=\"cell value\">Testreszabott<\/div>\n<\/div>\n<div class=\"row\">\n<div class=\"cell label\">Sz\u00e1ll\u00edt\u00e1si id\u0151<\/div>\n<div class=\"cell value\">8-14 nap<\/div>\n<\/div>\n<div class=\"row\">\n<div class=\"cell label\">Temper<\/div>\n<div class=\"cell value\">T3-T8<\/div>\n<\/div>\n<div class=\"row\">\n<div class=\"cell label\">Alkalmaz\u00e1s<\/div>\n<div class=\"cell value\">LED h\u0171t\u0151borda, magas \u00f6b\u00f6l h\u0171t\u0151borda, elektronikus h\u0171t\u0151borda<\/div>\n<\/div>\n<div class=\"row\">\n<div class=\"cell label\">Shape<\/div>\n<div class=\"cell value\">Testreszabott<\/div>\n<\/div>\n<div class=\"row\">\n<div class=\"cell label\">\u00d6tv\u00f6zet vagy sem<\/div>\n<div class=\"cell value\">Az \u00f6tv\u00f6zet<\/div>\n<\/div>\n<div class=\"row\">\n<div class=\"cell label\">Feldolgoz\u00f3 szolg\u00e1ltat\u00e1s<\/div>\n<div class=\"cell value\">Hajl\u00edt\u00e1s, tekercsel\u00e9s, hegeszt\u00e9s, lyukaszt\u00e1s, v\u00e1g\u00e1s, f\u00far\u00e1s<\/div>\n<\/div>\n<div class=\"row\">\n<div class=\"cell label\">Term\u00e9k neve<\/div>\n<div class=\"cell value\">Hengeres led alum\u00ednium extrud\u00e1lt extrud\u00e1lt h\u0171t\u0151borda<\/div>\n<\/div>\n<div class=\"row\">\n<div class=\"cell label\">Fel\u00fcletkezel\u00e9s<\/div>\n<div class=\"cell value\">Mill Finish, pol\u00edroz\u00e1s vagy testreszabott<\/div>\n<\/div>\n<div class=\"row\">\n<div class=\"cell label\">Anyag<\/div>\n<div class=\"cell value\">6000 sorozat\u00fa alum\u00ednium \u00f6tv\u00f6zet vagy testreszabott<\/div>\n<\/div>\n<div class=\"row\">\n<div class=\"cell label\">Sz\u00ednes<\/div>\n<div class=\"cell value\">Testreszabott sz\u00edn<\/div>\n<\/div>\n<div class=\"row\">\n<div class=\"cell label\">Dimesions<\/div>\n<div class=\"cell value\">W*H*L mm Testreszabott<\/div>\n<\/div>\n<div class=\"row\">\n<div class=\"cell label\">F\u0151 folyamat<\/div>\n<div class=\"cell value\">Extrud\u00e1l\u00e1s, v\u00e1g\u00e1s, CNC megmunk\u00e1l\u00e1s<\/div>\n<\/div>\n<div class=\"row\">\n<div class=\"cell label\">Standard minta \u00e1tfut\u00e1si id\u0151<\/div>\n<div class=\"cell value\">7 nap<\/div>\n<\/div>\n<div class=\"row\">\n<div class=\"cell label\">Fizet\u00e9si minta<\/div>\n<div class=\"cell value\">PayPal<\/div>\n<\/div>\n<div class=\"row\">\n<div class=\"cell label\">Tan\u00fas\u00edt\u00e1s<\/div>\n<div class=\"cell value\">CE, SGS, ISO.<\/div>\n<\/div>\n<div class=\"row\">\n<div class=\"cell label\">MOQ<\/div>\n<div class=\"cell value\">1 darab<\/div>\n<\/div>\n<div class=\"row\">\n<div class=\"cell label\">Csomagol\u00e1s r\u00e9szletei<\/div>\n<div class=\"cell value\">Alum\u00ednium extrud\u00e1lt h\u0171t\u0151borda h\u0171t\u0151borda extrud\u00e1l\u00e1s, amelyet norm\u00e1l r\u00e9tegelt lemez tokba kell csomagolni<\/div>\n<\/div>\n<div class=\"row\">\n<div class=\"cell label\">Kik\u00fcld\u0151 kik\u00f6t\u0151<\/div>\n<div class=\"cell value\">Shanghai<\/div>\n<\/div>\n<div class=\"row\">\n<div class=\"cell label\">Elad\u00f3 egys\u00e9gek<\/div>\n<div class=\"cell value\">Egyetlen t\u00e9tel<\/div>\n<\/div>\n<div class=\"row\">\n<div class=\"cell label\">Egyetlen csomagm\u00e9ret<\/div>\n<div class=\"cell value\">15X15X15 cm<\/div>\n<\/div>\n<div class=\"row\">\n<div class=\"cell label\">Egyetlen brutt\u00f3 t\u00f6meg<\/div>\n<div class=\"cell value\">2.000 KG<\/div>\n<\/div>\n<div class=\"row\">\n<div class=\"cell label\">Ell\u00e1t\u00e1si k\u00e9pess\u00e9g<\/div>\n<div class=\"cell value\">100000 darab havonta<\/div>\n<\/div>\n<\/div>\n<p><\/p>\n<h2>Gy\u00e1rt\u00f3 b\u00e1zisunk<\/h2>\n<h3>Gy\u00e1ri panor\u00e1ma<\/h3>\n<p><img decoding=\"async\" src=\"\/wp-content\/uploads\/factory-01.webp\"\/><\/p>\n<h3>Alum\u00ednium r\u00fadgy\u00e1rt\u00f3 m\u0171hely<\/h3>\n<p><img decoding=\"async\" src=\"\/wp-content\/uploads\/factory-02.webp\"\/><\/p>\n<p><img decoding=\"async\" src=\"\/wp-content\/uploads\/factory-03.webp\"\/><\/p>\n<h3>Pen\u00e9sz rakt\u00e1r<\/h3>\n<p><img decoding=\"async\" src=\"\/wp-content\/uploads\/factory-04.webp\"\/><\/p>\n<h3>43 alum\u00ednium extrud\u00e1l\u00f3 vonal (500-5500 tonna)<\/h3>\n<p><img decoding=\"async\" src=\"\/wp-content\/uploads\/factory-05.webp\"\/><\/p>\n<p><img decoding=\"async\" src=\"\/wp-content\/uploads\/factory-06.webp\"\/><\/p>\n<p><img decoding=\"async\" src=\"\/wp-content\/uploads\/factory-07.webp\"\/><\/p>\n<h3>Porfest\u0151 m\u0171hely<\/h3>\n<p><img decoding=\"async\" src=\"\/wp-content\/uploads\/factory-09.webp\"\/><\/p>\n<h3>Anodiz\u00e1l\u00f3 m\u0171hely<\/h3>\n<p><img decoding=\"async\" src=\"\/wp-content\/uploads\/factory-10.webp\"\/><\/p>\n<h3>M\u00e9ly feldolgoz\u00e1si m\u0171hely<\/h3>\n<p><img decoding=\"async\" src=\"\/wp-content\/uploads\/factory-11.webp\"\/><\/p>\n<h3>CNC prec\u00edzi\u00f3s megmunk\u00e1l\u00f3 m\u0171hely<\/h3>\n<p><img decoding=\"async\" src=\"\/wp-content\/uploads\/factory-11.5.webp\"\/><\/p>\n<h3>K\u00e9szterm\u00e9k \u00e9s export rakt\u00e1r<\/h3>\n<p><img decoding=\"async\" src=\"\/wp-content\/uploads\/factory-12.webp\"\/><\/p>\n<p><img decoding=\"async\" src=\"\/wp-content\/uploads\/factory-13.webp\"\/><\/p>\n<p><img decoding=\"async\" src=\"\/wp-content\/uploads\/factory-14.webp\"\/><\/p>\n<h2>GYIK<\/h2>\n<p><strong>1. Milyen anyagok \u00e1llnak rendelkez\u00e9sre a hengeres h\u0171t\u0151bord\u00e1hoz?<\/strong><br \/>A hengeres h\u0171t\u0151borda a h\u0151technikai k\u00f6vetelm\u00e9nyekt\u0151l f\u00fcgg\u0151en alum\u00edniumb\u00f3l, r\u00e9zb\u0151l \u00e9s m\u00e1s \u00f6tv\u00f6zetekb\u0151l k\u00e9sz\u00fclhet.<\/p>\n<p><strong>2. Haszn\u00e1lhat\u00f3-e a hengeres h\u0171t\u0151borda LED-h\u0171t\u0151rendszerekhez?<\/strong><br \/>Igen, ide\u00e1lis a hat\u00e9kony h\u0151elvezet\u00e9st ig\u00e9nyl\u0151 LED-alkalmaz\u00e1sokhoz.<\/p>\n<p><strong>3. Lehets\u00e9ges a hengeres h\u0171t\u0151borda m\u00e9ret\u00e9nek testreszab\u00e1sa?<\/strong><br \/>Igen, egyedi m\u00e9reteket is gy\u00e1rthatunk az \u00d6n egyedi projektig\u00e9nyeinek megfelel\u0151en.<\/p>\n<p><strong>4. Hogyan j\u00e1rul hozz\u00e1 a hengeres kialak\u00edt\u00e1s a h\u0151teljes\u00edtm\u00e9nyhez?<\/strong><br \/>A hengeres kialak\u00edt\u00e1s 360 fokos h\u0151eloszl\u00e1st biztos\u00edt, n\u00f6velve a h\u0171t\u00e9s hat\u00e9konys\u00e1g\u00e1t.<\/p>\n<p><strong>5. Van-e olyan speci\u00e1lis alkalmaz\u00e1s, amelyre a h\u0171t\u0151borda a legjobban alkalmas?<\/strong><br \/>Sz\u00e9les k\u00f6rben haszn\u00e1lj\u00e1k az elektronik\u00e1ban, a rep\u00fcl\u0151g\u00e9piparban, az aut\u00f3iparban \u00e9s a LED-es vil\u00e1g\u00edt\u00e1si alkalmaz\u00e1sokban.<\/p>\n<p><strong>6. Mennyi az \u00e1tfut\u00e1si id\u0151 hengeres h\u0171t\u0151bord\u00e1k t\u00f6meges megrendel\u00e9se eset\u00e9n?<\/strong><br \/>Az \u00e1tfut\u00e1si id\u0151 v\u00e1ltoz\u00f3, jellemz\u0151en 4-6 h\u00e9t, a megrendel\u00e9s m\u00e9ret\u00e9t\u0151l \u00e9s a testreszab\u00e1st\u00f3l f\u00fcgg\u0151en.<\/p>\n<p><strong>7. Ig\u00e9nyel-e a hengeres h\u0171t\u0151borda b\u00e1rmilyen k\u00fcl\u00f6nleges karbantart\u00e1st?<\/strong><br \/>A h\u0171t\u0151bord\u00e1t minim\u00e1lis karbantart\u00e1sra tervezt\u00e9k, norm\u00e1l haszn\u00e1lati k\u00f6r\u00fclm\u00e9nyek k\u00f6z\u00f6tt csak id\u0151nk\u00e9nti tiszt\u00edt\u00e1st ig\u00e9nyel.<\/p>\n<p><\/p>","protected":false},"featured_media":10794,"template":"","categories":[72],"class_list":["post-10981","product","type-product","status-publish","has-post-thumbnail","hentry","category-extruded-aluminum-heatsink"],"meta_box":{"hilight_text_group":[{"product_hilight_text":"<li>Optimized for superior thermal management in various applications<\/li>\n<li>Available in multiple sizes and materials to suit specific needs<\/li>\n<li>Designed for easy installation and maintenance<\/li>\n<li>Custom engineering support to meet unique specifications<\/li>\n<li>Enhanced durability for long-lasting performance in harsh environments<\/li>"}],"feature_list":[]},"_links":{"self":[{"href":"https:\/\/sinoextrud.com\/hu\/wp-json\/wp\/v2\/product\/10981","targetHints":{"allow":["GET"]}}],"collection":[{"href":"https:\/\/sinoextrud.com\/hu\/wp-json\/wp\/v2\/product"}],"about":[{"href":"https:\/\/sinoextrud.com\/hu\/wp-json\/wp\/v2\/types\/product"}],"wp:featuredmedia":[{"embeddable":true,"href":"https:\/\/sinoextrud.com\/hu\/wp-json\/wp\/v2\/media\/10794"}],"wp:attachment":[{"href":"https:\/\/sinoextrud.com\/hu\/wp-json\/wp\/v2\/media?parent=10981"}],"wp:term":[{"taxonomy":"category","embeddable":true,"href":"https:\/\/sinoextrud.com\/hu\/wp-json\/wp\/v2\/categories?post=10981"}],"curies":[{"name":"wp","href":"https:\/\/api.w.org\/{rel}","templated":true}]}}