{"id":10973,"date":"2025-08-01T03:22:27","date_gmt":"2025-08-01T03:22:27","guid":{"rendered":"https:\/\/sinoextrud.com\/product\/cooling-plate-for-thermal-management-systems\/"},"modified":"2025-08-01T03:22:27","modified_gmt":"2025-08-01T03:22:27","slug":"hutolemez-hokezelo-rendszerekhez","status":"publish","type":"product","link":"https:\/\/sinoextrud.com\/hu\/product\/cooling-plate-for-thermal-management-systems\/","title":{"rendered":"H\u0171t\u0151lemez h\u0151kezel\u0151 rendszerekhez"},"content":{"rendered":"<h2>Term\u00e9kek r\u00e9szletei<\/h2>\n<div class=\"product-table\">\n<div class=\"row\">\n<div class=\"cell label\">Fokozat<\/div>\n<div class=\"cell value\">6000-es sorozat<\/div>\n<\/div>\n<div class=\"row\">\n<div class=\"cell label\">Tolerancia<\/div>\n<div class=\"cell value\">\u00c2\u00b11%<\/div>\n<\/div>\n<div class=\"row\">\n<div class=\"cell label\">Sz\u00e1ll\u00edt\u00e1si id\u0151<\/div>\n<div class=\"cell value\">22-30 nap<\/div>\n<\/div>\n<div class=\"row\">\n<div class=\"cell label\">Temper<\/div>\n<div class=\"cell value\">T3-T8<\/div>\n<\/div>\n<div class=\"row\">\n<div class=\"cell label\">Alkalmaz\u00e1s<\/div>\n<div class=\"cell value\">led\/elektronika\/elektronikus\/processzor\/ipar<\/div>\n<\/div>\n<div class=\"row\">\n<div class=\"cell label\">Shape<\/div>\n<div class=\"cell value\">egy\u00e9ni<\/div>\n<\/div>\n<div class=\"row\">\n<div class=\"cell label\">\u00d6tv\u00f6zet vagy sem<\/div>\n<div class=\"cell value\">Az \u00f6tv\u00f6zet<\/div>\n<\/div>\n<div class=\"row\">\n<div class=\"cell label\">Feldolgoz\u00f3 szolg\u00e1ltat\u00e1s<\/div>\n<div class=\"cell value\">Hajl\u00edt\u00e1s, tekercsel\u00e9s, hegeszt\u00e9s, lyukaszt\u00e1s, v\u00e1g\u00e1s<\/div>\n<\/div>\n<div class=\"row\">\n<div class=\"cell label\">Term\u00e9k neve<\/div>\n<div class=\"cell value\">Egyedi alum\u00ednium h\u0171t\u0151borda<\/div>\n<\/div>\n<div class=\"row\">\n<div class=\"cell label\">Anyag<\/div>\n<div class=\"cell value\">6063 6061 6005 Alum\u00ednium \u00f6tv\u00f6zet<\/div>\n<\/div>\n<div class=\"row\">\n<div class=\"cell label\">Sz\u00ednes<\/div>\n<div class=\"cell value\">Ez\u00fcst, fekete, arany fekete \u00e9s \u00edgy tov\u00e1bb<\/div>\n<\/div>\n<div class=\"row\">\n<div class=\"cell label\">Fel\u00fcletkezel\u00e9s<\/div>\n<div class=\"cell value\">Mill Finish, elox\u00e1l\u00e1s, porbevonat<\/div>\n<\/div>\n<div class=\"row\">\n<div class=\"cell label\">Tan\u00fas\u00edt\u00e1s<\/div>\n<div class=\"cell value\">ISO9001:2008<\/div>\n<\/div>\n<div class=\"row\">\n<div class=\"cell label\">shape<\/div>\n<div class=\"cell value\">Testreszabott<\/div>\n<\/div>\n<div class=\"row\">\n<div class=\"cell label\">Haszn\u00e1lat<\/div>\n<div class=\"cell value\">Led\/elektronika\/elektronikus\/processzor\/ipar<\/div>\n<\/div>\n<div class=\"row\">\n<div class=\"cell label\">Minta<\/div>\n<div class=\"cell value\">Ingyenes minta<\/div>\n<\/div>\n<div class=\"row\">\n<div class=\"cell label\">Hossz\u00fas\u00e1g<\/div>\n<div class=\"cell value\">Egy\u00e9ni hossz<\/div>\n<\/div>\n<div class=\"row\">\n<div class=\"cell label\">Szolg\u00e1ltat\u00e1s<\/div>\n<div class=\"cell value\">OEM ODM<\/div>\n<\/div>\n<div class=\"row\">\n<div class=\"cell label\">Elad\u00f3 egys\u00e9gek<\/div>\n<div class=\"cell value\">Egyetlen t\u00e9tel<\/div>\n<\/div>\n<div class=\"row\">\n<div class=\"cell label\">Egyetlen csomagm\u00e9ret<\/div>\n<div class=\"cell value\">30X20X20 cm<\/div>\n<\/div>\n<div class=\"row\">\n<div class=\"cell label\">Egyetlen brutt\u00f3 t\u00f6meg<\/div>\n<div class=\"cell value\">3.000 KG<\/div>\n<\/div>\n<\/div>\n<p><\/p>\n<h2>Gy\u00e1rt\u00f3 b\u00e1zisunk<\/h2>\n<h3>Gy\u00e1ri panor\u00e1ma<\/h3>\n<p><img decoding=\"async\" src=\"\/wp-content\/uploads\/factory-01.webp\"\/><\/p>\n<h3>Alum\u00ednium r\u00fadgy\u00e1rt\u00f3 m\u0171hely<\/h3>\n<p><img decoding=\"async\" src=\"\/wp-content\/uploads\/factory-02.webp\"\/><\/p>\n<p><img decoding=\"async\" src=\"\/wp-content\/uploads\/factory-03.webp\"\/><\/p>\n<h3>Pen\u00e9sz rakt\u00e1r<\/h3>\n<p><img decoding=\"async\" src=\"\/wp-content\/uploads\/factory-04.webp\"\/><\/p>\n<h3>43 alum\u00ednium extrud\u00e1l\u00f3 vonal (500-5500 tonna)<\/h3>\n<p><img decoding=\"async\" src=\"\/wp-content\/uploads\/factory-05.webp\"\/><\/p>\n<p><img decoding=\"async\" src=\"\/wp-content\/uploads\/factory-06.webp\"\/><\/p>\n<p><img decoding=\"async\" src=\"\/wp-content\/uploads\/factory-07.webp\"\/><\/p>\n<h3>Porfest\u0151 m\u0171hely<\/h3>\n<p><img decoding=\"async\" src=\"\/wp-content\/uploads\/factory-09.webp\"\/><\/p>\n<h3>Anodiz\u00e1l\u00f3 m\u0171hely<\/h3>\n<p><img decoding=\"async\" src=\"\/wp-content\/uploads\/factory-10.webp\"\/><\/p>\n<h3>M\u00e9ly feldolgoz\u00e1si m\u0171hely<\/h3>\n<p><img decoding=\"async\" src=\"\/wp-content\/uploads\/factory-11.webp\"\/><\/p>\n<h3>CNC prec\u00edzi\u00f3s megmunk\u00e1l\u00f3 m\u0171hely<\/h3>\n<p><img decoding=\"async\" src=\"\/wp-content\/uploads\/factory-11.5.webp\"\/><\/p>\n<h3>K\u00e9szterm\u00e9k \u00e9s export rakt\u00e1r<\/h3>\n<p><img decoding=\"async\" src=\"\/wp-content\/uploads\/factory-12.webp\"\/><\/p>\n<p><img decoding=\"async\" src=\"\/wp-content\/uploads\/factory-13.webp\"\/><\/p>\n<p><img decoding=\"async\" src=\"\/wp-content\/uploads\/factory-14.webp\"\/><\/p>\n<h2>GYIK<\/h2>\n<p><strong>1. Mire haszn\u00e1lj\u00e1k a h\u0171t\u0151lemezt?<\/strong><br \/>A h\u0171t\u0151lapot a h\u0151 hat\u00e9kony elvezet\u00e9s\u00e9re haszn\u00e1lj\u00e1k az elektronikus eszk\u00f6z\u00f6kben \u00e9s m\u00e1s alkalmaz\u00e1sokban.<\/p>\n<p><strong>2. Testre szabhat\u00f3-e a h\u0171t\u0151lemez az egyedi ig\u00e9nyekhez?<\/strong><br \/>Igen, h\u0171t\u0151lemezeink m\u00e9retben, anyagban \u00e9s kialak\u00edt\u00e1sban testre szabhat\u00f3k, hogy megfeleljenek az \u00d6n ig\u00e9nyeinek.<\/p>\n<p><strong>3. Milyen anyagokat haszn\u00e1lnak a h\u0171t\u0151lemezben?<\/strong><br \/>H\u0171t\u0151lemezeink kiv\u00e1l\u00f3 min\u0151s\u00e9g\u0171 anyagokb\u00f3l k\u00e9sz\u00fclnek a maxim\u00e1lis hat\u00e9konys\u00e1g \u00e9s tart\u00f3ss\u00e1g biztos\u00edt\u00e1sa \u00e9rdek\u00e9ben.<\/p>\n<p><strong>4. Van-e minim\u00e1lis rendel\u00e9si mennyis\u00e9g a h\u0171t\u0151lemezekn\u00e9l?<\/strong><br \/>Igen, az egyedi h\u0171t\u0151lemezek MOQ-ja \u00e1ltal\u00e1ban 200 darabn\u00e1l kezd\u0151dik.<\/p>\n<p><strong>5. K\u00edn\u00e1l nemzetk\u00f6zi sz\u00e1ll\u00edt\u00e1st a h\u0171t\u0151lapokhoz?<\/strong><br \/>Igen, glob\u00e1lis sz\u00e1ll\u00edt\u00e1st biztos\u00edtunk, \u00e9s az \u00f6sszes logisztikai feladatot kezelj\u00fck az \u00d6n sz\u00e1m\u00e1ra.<\/p>\n<p><strong>6. Haszn\u00e1lhat\u00f3-e a h\u0171t\u0151lemez magas h\u0151m\u00e9rs\u00e9klet\u0171 k\u00f6rnyezetben?<\/strong><br \/>Igen, a h\u0171t\u0151lemezt \u00fagy tervezt\u00e9k, hogy ellen\u00e1lljon a magas h\u0151m\u00e9rs\u00e9kletnek ipari felhaszn\u00e1l\u00e1sra.<\/p>\n<p><strong>7. Kaphat\u00f3ak mint\u00e1k a nagy t\u00e9telben t\u00f6rt\u00e9n\u0151 megrendel\u00e9s el\u0151tt?<\/strong><br \/>Igen, mint\u00e1kat k\u00edn\u00e1lunk, hogy seg\u00edts\u00fcnk \u00d6nnek \u00e9rt\u00e9kelni a h\u0171t\u0151lemezek min\u0151s\u00e9g\u00e9t \u00e9s teljes\u00edtm\u00e9ny\u00e9t.<\/p>\n<p><\/p>","protected":false},"featured_media":10770,"template":"","categories":[72],"class_list":["post-10973","product","type-product","status-publish","has-post-thumbnail","hentry","category-extruded-aluminum-heatsink"],"meta_box":{"hilight_text_group":[{"product_hilight_text":"<li>Designed for optimal heat dissipation in various applications<\/li>\n<li>Available in customizable sizes and materials<\/li>\n<li>Highly efficient for extended use in industrial settings<\/li>\n<li>Supports OEM and ODM services for tailored solutions<\/li>\n<li>Constructed with high-grade, durable materials<\/li>"}],"feature_list":[]},"_links":{"self":[{"href":"https:\/\/sinoextrud.com\/hu\/wp-json\/wp\/v2\/product\/10973","targetHints":{"allow":["GET"]}}],"collection":[{"href":"https:\/\/sinoextrud.com\/hu\/wp-json\/wp\/v2\/product"}],"about":[{"href":"https:\/\/sinoextrud.com\/hu\/wp-json\/wp\/v2\/types\/product"}],"wp:featuredmedia":[{"embeddable":true,"href":"https:\/\/sinoextrud.com\/hu\/wp-json\/wp\/v2\/media\/10770"}],"wp:attachment":[{"href":"https:\/\/sinoextrud.com\/hu\/wp-json\/wp\/v2\/media?parent=10973"}],"wp:term":[{"taxonomy":"category","embeddable":true,"href":"https:\/\/sinoextrud.com\/hu\/wp-json\/wp\/v2\/categories?post=10973"}],"curies":[{"name":"wp","href":"https:\/\/api.w.org\/{rel}","templated":true}]}}