{"id":10972,"date":"2025-08-01T03:22:25","date_gmt":"2025-08-01T03:22:25","guid":{"rendered":"https:\/\/sinoextrud.com\/product\/led-aluminum-heatsink-for-lighting-fixtures\/"},"modified":"2025-08-01T03:22:25","modified_gmt":"2025-08-01T03:22:25","slug":"led-aluminium-hutoborda-vilagitotestekhez","status":"publish","type":"product","link":"https:\/\/sinoextrud.com\/hu\/product\/led-aluminum-heatsink-for-lighting-fixtures\/","title":{"rendered":"LED alum\u00ednium h\u0171t\u0151borda vil\u00e1g\u00edt\u00f3testekhez"},"content":{"rendered":"<h2>Term\u00e9kek r\u00e9szletei<\/h2>\n<div class=\"product-table\">\n<div class=\"row\">\n<div class=\"cell label\">Anyagi k\u00e9pess\u00e9gek<\/div>\n<div class=\"cell value\">Alum\u00ednium<\/div>\n<\/div>\n<div class=\"row\">\n<div class=\"cell label\">Anyag<\/div>\n<div class=\"cell value\">Alum\u00ednium, rozsdamentes ac\u00e9l, s\u00e1rgar\u00e9z, bronz, r\u00e9z<\/div>\n<\/div>\n<div class=\"row\">\n<div class=\"cell label\">Feldolgoz\u00e1s<\/div>\n<div class=\"cell value\">B\u00e9lyegz\u00e9s, hajl\u00edt\u00e1s, szegecsel\u00e9s, hegeszt\u00e9s, egyedi fel\u00fcletkezel\u00e9s<\/div>\n<\/div>\n<div class=\"row\">\n<div class=\"cell label\">N\u00e9v<\/div>\n<div class=\"cell value\">Intel cpu h\u0171t\u0151<\/div>\n<\/div>\n<div class=\"row\">\n<div class=\"cell label\">Haszn\u00e1lat<\/div>\n<div class=\"cell value\">LED h\u0171t\u0151borda alum\u00ednium h\u0171t\u0151borda LED izz\u00f3hoz<\/div>\n<\/div>\n<div class=\"row\">\n<div class=\"cell label\">Fel\u00fcletkezel\u00e9s<\/div>\n<div class=\"cell value\">Porsz\u00f3rtan bevonva vagy horganyozva, csiszolva<\/div>\n<\/div>\n<div class=\"row\">\n<div class=\"cell label\">Egyedi log\u00f3<\/div>\n<div class=\"cell value\">El\u00e9rhet\u0151<\/div>\n<\/div>\n<div class=\"row\">\n<div class=\"cell label\">Tan\u00fas\u00edtv\u00e1nyok<\/div>\n<div class=\"cell value\">ISO9001:2008<\/div>\n<\/div>\n<div class=\"row\">\n<div class=\"cell label\">Minta<\/div>\n<div class=\"cell value\">El\u00e9rhet\u0151<\/div>\n<\/div>\n<div class=\"row\">\n<div class=\"cell label\">Tolerancia<\/div>\n<div class=\"cell value\">0.05mm~0.10mm<\/div>\n<\/div>\n<div class=\"row\">\n<div class=\"cell label\">RoHs<\/div>\n<div class=\"cell value\">RoHs kompatibilis<\/div>\n<\/div>\n<div class=\"row\">\n<div class=\"cell label\">Csomagol\u00e1s r\u00e9szletei<\/div>\n<div class=\"cell value\">alum\u00ednium h\u0171t\u0151borda<\/div>\n<\/div>\n<div class=\"row\">\n<div class=\"cell label\">Kik\u00fcld\u0151 kik\u00f6t\u0151<\/div>\n<div class=\"cell value\">ShenZhen<\/div>\n<\/div>\n<div class=\"row\">\n<div class=\"cell label\">Elad\u00f3 egys\u00e9gek<\/div>\n<div class=\"cell value\">Egyetlen t\u00e9tel<\/div>\n<\/div>\n<div class=\"row\">\n<div class=\"cell label\">Egyetlen csomagm\u00e9ret<\/div>\n<div class=\"cell value\">3X3X2 cm<\/div>\n<\/div>\n<div class=\"row\">\n<div class=\"cell label\">Egyetlen brutt\u00f3 t\u00f6meg<\/div>\n<div class=\"cell value\">0,550 KG<\/div>\n<\/div>\n<div class=\"row\">\n<div class=\"cell label\">Ell\u00e1t\u00e1si k\u00e9pess\u00e9g<\/div>\n<div class=\"cell value\">1000 darab per nap<\/div>\n<\/div>\n<\/div>\n<p><\/p>\n<h2>Gy\u00e1rt\u00f3 b\u00e1zisunk<\/h2>\n<h3>Gy\u00e1ri panor\u00e1ma<\/h3>\n<p><img decoding=\"async\" src=\"\/wp-content\/uploads\/factory-01.webp\"\/><\/p>\n<h3>Alum\u00ednium r\u00fadgy\u00e1rt\u00f3 m\u0171hely<\/h3>\n<p><img decoding=\"async\" src=\"\/wp-content\/uploads\/factory-02.webp\"\/><\/p>\n<p><img decoding=\"async\" src=\"\/wp-content\/uploads\/factory-03.webp\"\/><\/p>\n<h3>Pen\u00e9sz rakt\u00e1r<\/h3>\n<p><img decoding=\"async\" src=\"\/wp-content\/uploads\/factory-04.webp\"\/><\/p>\n<h3>43 alum\u00ednium extrud\u00e1l\u00f3 vonal (500-5500 tonna)<\/h3>\n<p><img decoding=\"async\" src=\"\/wp-content\/uploads\/factory-05.webp\"\/><\/p>\n<p><img decoding=\"async\" src=\"\/wp-content\/uploads\/factory-06.webp\"\/><\/p>\n<p><img decoding=\"async\" src=\"\/wp-content\/uploads\/factory-07.webp\"\/><\/p>\n<h3>Porfest\u0151 m\u0171hely<\/h3>\n<p><img decoding=\"async\" src=\"\/wp-content\/uploads\/factory-09.webp\"\/><\/p>\n<h3>Anodiz\u00e1l\u00f3 m\u0171hely<\/h3>\n<p><img decoding=\"async\" src=\"\/wp-content\/uploads\/factory-10.webp\"\/><\/p>\n<h3>M\u00e9ly feldolgoz\u00e1si m\u0171hely<\/h3>\n<p><img decoding=\"async\" src=\"\/wp-content\/uploads\/factory-11.webp\"\/><\/p>\n<h3>CNC prec\u00edzi\u00f3s megmunk\u00e1l\u00f3 m\u0171hely<\/h3>\n<p><img decoding=\"async\" src=\"\/wp-content\/uploads\/factory-11.5.webp\"\/><\/p>\n<h3>K\u00e9szterm\u00e9k \u00e9s export rakt\u00e1r<\/h3>\n<p><img decoding=\"async\" src=\"\/wp-content\/uploads\/factory-12.webp\"\/><\/p>\n<p><img decoding=\"async\" src=\"\/wp-content\/uploads\/factory-13.webp\"\/><\/p>\n<p><img decoding=\"async\" src=\"\/wp-content\/uploads\/factory-14.webp\"\/><\/p>\n<h2>GYIK<\/h2>\n<p><strong>1. Mi az els\u0151dleges c\u00e9lja a LED alum\u00ednium h\u0171t\u0151bord\u00e1nak?<\/strong><br \/>A LED alum\u00ednium h\u0171t\u0151bord\u00e1t \u00fagy tervezt\u00e9k, hogy hat\u00e9konyan elvezesse a h\u0151t, biztos\u00edtva a LED rendszerek hossz\u00fa \u00e9lettartam\u00e1t \u00e9s optim\u00e1lis teljes\u00edtm\u00e9ny\u00e9t.<\/p>\n<p><strong>2. A LED alum\u00ednium h\u0171t\u0151borda testre szabhat\u00f3?<\/strong><br \/>Igen, testreszab\u00e1st k\u00edn\u00e1lunk a k\u00fcl\u00f6nb\u00f6z\u0151 LED-alkalmaz\u00e1sokhoz sz\u00fcks\u00e9ges egyedi m\u00e9retekhez \u00e9s konfigur\u00e1ci\u00f3khoz.<\/p>\n<p><strong>3. Hogyan j\u00e1rul hozz\u00e1 az alum\u00ednium anyag a h\u0171t\u0151borda teljes\u00edtm\u00e9ny\u00e9hez?<\/strong><br \/>Az alum\u00ednium kiv\u00e1l\u00f3 h\u0151vezet\u0151 k\u00e9pess\u00e9get biztos\u00edt, ami elengedhetetlen a hat\u00e9kony h\u0151elvezet\u00e9shez a LED-alkalmaz\u00e1sokban.<\/p>\n<p><strong>4. A LED alum\u00ednium h\u0171t\u0151borda alkalmas k\u00fclt\u00e9ri haszn\u00e1latra?<\/strong><br \/>Igen, a h\u0171t\u0151bord\u00e1t \u00fagy tervezt\u00e9k, hogy ellen\u00e1lljon a k\u00f6rnyezeti k\u00f6r\u00fclm\u00e9nyeknek, \u00edgy tart\u00f3san haszn\u00e1lhat\u00f3 a k\u00fclt\u00e9ri LED-rendszerek sz\u00e1m\u00e1ra.<\/p>\n<p><strong>5. Milyen el\u0151nyei vannak az alum\u00ednium h\u0171t\u0151bord\u00e1k haszn\u00e1lat\u00e1nak a LED-ek eset\u00e9ben?<\/strong><br \/>Az el\u0151ny\u00f6k k\u00f6z\u00e9 tartozik a k\u00f6nny\u0171 szerkezet, a hat\u00e9kony h\u0151elvezet\u00e9s \u00e9s a korr\u00f3zi\u00f3\u00e1ll\u00f3s\u00e1g.<\/p>\n<p><strong>6. Megrendelhetj\u00fck a h\u0171t\u0151bord\u00e1t k\u00fcl\u00f6nb\u00f6z\u0151 m\u00e9retekben?<\/strong><br \/>Igen, k\u00fcl\u00f6nb\u00f6z\u0151 m\u00e9reteket k\u00edn\u00e1lunk a k\u00fcl\u00f6nb\u00f6z\u0151 LED-modulokhoz \u00e9s rendszerekhez.<\/p>\n<p><strong>7. T\u00e1mogatja a h\u0171t\u0151borda az akt\u00edv h\u0171t\u00e9si m\u00f3dszereket?<\/strong><br \/>Igen, a kialak\u00edt\u00e1s sz\u00fcks\u00e9g eset\u00e9n akt\u00edv h\u0171t\u00e9si megold\u00e1sokkal, p\u00e9ld\u00e1ul ventil\u00e1torokkal is integr\u00e1lhat\u00f3.<\/p>\n<p><\/p>","protected":false},"featured_media":10815,"template":"","categories":[72],"class_list":["post-10972","product","type-product","status-publish","has-post-thumbnail","hentry","category-extruded-aluminum-heatsink"],"meta_box":{"hilight_text_group":[{"product_hilight_text":"<li>Efficient thermal management for LED applications<\/li>\n<li>Customizable design to fit specific LED module configurations<\/li>\n<li>High-quality aluminum for superior heat dissipation<\/li>\n<li>Lightweight construction for easy installation<\/li>\n<li>Available in various sizes to accommodate different LED systems<\/li>"}],"feature_list":[]},"_links":{"self":[{"href":"https:\/\/sinoextrud.com\/hu\/wp-json\/wp\/v2\/product\/10972","targetHints":{"allow":["GET"]}}],"collection":[{"href":"https:\/\/sinoextrud.com\/hu\/wp-json\/wp\/v2\/product"}],"about":[{"href":"https:\/\/sinoextrud.com\/hu\/wp-json\/wp\/v2\/types\/product"}],"wp:featuredmedia":[{"embeddable":true,"href":"https:\/\/sinoextrud.com\/hu\/wp-json\/wp\/v2\/media\/10815"}],"wp:attachment":[{"href":"https:\/\/sinoextrud.com\/hu\/wp-json\/wp\/v2\/media?parent=10972"}],"wp:term":[{"taxonomy":"category","embeddable":true,"href":"https:\/\/sinoextrud.com\/hu\/wp-json\/wp\/v2\/categories?post=10972"}],"curies":[{"name":"wp","href":"https:\/\/api.w.org\/{rel}","templated":true}]}}