{"id":10971,"date":"2025-08-01T03:22:19","date_gmt":"2025-08-01T03:22:19","guid":{"rendered":"https:\/\/sinoextrud.com\/product\/cooled-cooling-plate-for-thermal-applications\/"},"modified":"2025-08-01T03:22:19","modified_gmt":"2025-08-01T03:22:19","slug":"hutott-hutolemez-termikus-alkalmazasokhoz","status":"publish","type":"product","link":"https:\/\/sinoextrud.com\/hu\/product\/cooled-cooling-plate-for-thermal-applications\/","title":{"rendered":"H\u0171t\u0151lemez termikus alkalmaz\u00e1sokhoz"},"content":{"rendered":"<h2>Term\u00e9kek r\u00e9szletei<\/h2>\n<div class=\"product-table\">\n<div class=\"row\">\n<div class=\"cell label\">g\u00e9pvizsg\u00e1lati jelent\u00e9s<\/div>\n<div class=\"cell value\">Felt\u00f6ltve:<\/div>\n<\/div>\n<div class=\"row\">\n<div class=\"cell label\">vide\u00f3 kimen\u0151-ellen\u0151rz\u00e9s<\/div>\n<div class=\"cell value\">Felt\u00f6ltve:<\/div>\n<\/div>\n<div class=\"row\">\n<div class=\"cell label\">Anyag<\/div>\n<div class=\"cell value\">Alum\u00ednium \u00f6tv\u00f6zet, r\u00e9z<\/div>\n<\/div>\n<div class=\"row\">\n<div class=\"cell label\">garancia<\/div>\n<div class=\"cell value\">5 \u00e9v<\/div>\n<\/div>\n<div class=\"row\">\n<div class=\"cell label\">alkalmaz\u00e1s<\/div>\n<div class=\"cell value\">IGBG modulok, Elektronikus eszk\u00f6z\u00f6k, L\u00e9zerek<\/div>\n<\/div>\n<div class=\"row\">\n<div class=\"cell label\">t\u00edpus<\/div>\n<div class=\"cell value\">V\u00edzh\u0171t\u0151 lemez<\/div>\n<\/div>\n<div class=\"row\">\n<div class=\"cell label\">s\u00faly (kg)<\/div>\n<div class=\"cell value\">5<\/div>\n<\/div>\n<div class=\"row\">\n<div class=\"cell label\">Elad\u00f3 egys\u00e9gek<\/div>\n<div class=\"cell value\">Egyetlen t\u00e9tel<\/div>\n<\/div>\n<div class=\"row\">\n<div class=\"cell label\">Egyetlen csomagm\u00e9ret<\/div>\n<div class=\"cell value\">35X20X3 cm<\/div>\n<\/div>\n<div class=\"row\">\n<div class=\"cell label\">Egyetlen brutt\u00f3 t\u00f6meg<\/div>\n<div class=\"cell value\">6.000 KG<\/div>\n<\/div>\n<\/div>\n<p><\/p>\n<h2>Gy\u00e1rt\u00f3 b\u00e1zisunk<\/h2>\n<h3>Gy\u00e1ri panor\u00e1ma<\/h3>\n<p><img decoding=\"async\" src=\"\/wp-content\/uploads\/factory-01.webp\"\/><\/p>\n<h3>Alum\u00ednium r\u00fadgy\u00e1rt\u00f3 m\u0171hely<\/h3>\n<p><img decoding=\"async\" src=\"\/wp-content\/uploads\/factory-02.webp\"\/><\/p>\n<p><img decoding=\"async\" src=\"\/wp-content\/uploads\/factory-03.webp\"\/><\/p>\n<h3>Pen\u00e9sz rakt\u00e1r<\/h3>\n<p><img decoding=\"async\" src=\"\/wp-content\/uploads\/factory-04.webp\"\/><\/p>\n<h3>43 alum\u00ednium extrud\u00e1l\u00f3 vonal (500-5500 tonna)<\/h3>\n<p><img decoding=\"async\" src=\"\/wp-content\/uploads\/factory-05.webp\"\/><\/p>\n<p><img decoding=\"async\" src=\"\/wp-content\/uploads\/factory-06.webp\"\/><\/p>\n<p><img decoding=\"async\" src=\"\/wp-content\/uploads\/factory-07.webp\"\/><\/p>\n<h3>Porfest\u0151 m\u0171hely<\/h3>\n<p><img decoding=\"async\" src=\"\/wp-content\/uploads\/factory-09.webp\"\/><\/p>\n<h3>Anodiz\u00e1l\u00f3 m\u0171hely<\/h3>\n<p><img decoding=\"async\" src=\"\/wp-content\/uploads\/factory-10.webp\"\/><\/p>\n<h3>M\u00e9ly feldolgoz\u00e1si m\u0171hely<\/h3>\n<p><img decoding=\"async\" src=\"\/wp-content\/uploads\/factory-11.webp\"\/><\/p>\n<h3>CNC prec\u00edzi\u00f3s megmunk\u00e1l\u00f3 m\u0171hely<\/h3>\n<p><img decoding=\"async\" src=\"\/wp-content\/uploads\/factory-11.5.webp\"\/><\/p>\n<h3>K\u00e9szterm\u00e9k \u00e9s export rakt\u00e1r<\/h3>\n<p><img decoding=\"async\" src=\"\/wp-content\/uploads\/factory-12.webp\"\/><\/p>\n<p><img decoding=\"async\" src=\"\/wp-content\/uploads\/factory-13.webp\"\/><\/p>\n<p><img decoding=\"async\" src=\"\/wp-content\/uploads\/factory-14.webp\"\/><\/p>\n<h2>GYIK<\/h2>\n<p><strong>1. Mire haszn\u00e1lj\u00e1k a h\u0171t\u00f6tt h\u0171t\u0151lemezt?<\/strong><br \/>A h\u0171t\u00f6tt h\u0171t\u0151lapot a hat\u00e9kony h\u0151elvezet\u00e9shez haszn\u00e1lj\u00e1k k\u00fcl\u00f6nb\u00f6z\u0151 ipari alkalmaz\u00e1sokban.<\/p>\n<p><strong>2. A h\u0171t\u0151lemez testre szabhat\u00f3 az adott berendez\u00e9shez?<\/strong><br \/>Igen, a kialak\u00edt\u00e1s az \u00d6n berendez\u00e9s\u00e9nek egyedi k\u00f6vetelm\u00e9nyeihez igaz\u00edthat\u00f3.<\/p>\n<p><strong>3. Energiatakar\u00e9kos-e a h\u0171t\u00f6tt h\u0171t\u0151lemez?<\/strong><br \/>Igen, energiatakar\u00e9kos h\u0151gazd\u00e1lkod\u00e1sra tervezt\u00e9k, minim\u00e1lis karbantart\u00e1s mellett.<\/p>\n<p><strong>4. Milyen anyagokat haszn\u00e1lnak a h\u0171t\u0151lemezhez?<\/strong><br \/>A lemez kiv\u00e1l\u00f3 min\u0151s\u00e9g\u0171 anyagokb\u00f3l k\u00e9sz\u00fclt a tart\u00f3ss\u00e1g \u00e9s a teljes\u00edtm\u00e9ny biztos\u00edt\u00e1sa \u00e9rdek\u00e9ben.<\/p>\n<p><strong>5. K\u00edn\u00e1l OEM szolg\u00e1ltat\u00e1sokat a h\u0171t\u0151lemezhez?<\/strong><br \/>Igen, OEM szolg\u00e1ltat\u00e1sokat ny\u00fajtunk a szem\u00e9lyre szabott ig\u00e9nyek \u00e9s specifik\u00e1ci\u00f3k kiel\u00e9g\u00edt\u00e9s\u00e9re.<\/p>\n<p><strong>6. Hogyan jav\u00edtja a h\u0171t\u0151lap a h\u0151kezel\u00e9st?<\/strong><br \/>Hat\u00e9konyan elvezeti a h\u0151t, fenntartva a berendez\u00e9sek m\u0171k\u00f6d\u00e9s\u00e9hez sz\u00fcks\u00e9ges optim\u00e1lis h\u0151m\u00e9rs\u00e9kletet.<\/p>\n<p><strong>7. Kaphatunk nemzetk\u00f6zi sz\u00e1ll\u00edt\u00e1st a h\u0171t\u0151lemezhez?<\/strong><br \/>Igen, nemzetk\u00f6zi sz\u00e1ll\u00edt\u00e1si \u00e9s logisztikai t\u00e1mogat\u00e1st ny\u00fajtunk minden megrendel\u00e9shez.<\/p>\n<p><\/p>","protected":false},"featured_media":10781,"template":"","categories":[72],"class_list":["post-10971","product","type-product","status-publish","has-post-thumbnail","hentry","category-extruded-aluminum-heatsink"],"meta_box":{"hilight_text_group":[{"product_hilight_text":"<li>Efficient heat dissipation for industrial applications<\/li>\n<li>Customizable design to fit specific equipment needs<\/li>\n<li>Constructed with high-quality materials for enhanced durability<\/li>\n<li>Supports OEM and ODM services for personalized solutions<\/li>\n<li>Energy-efficient operation with low maintenance requirements<\/li>"}],"feature_list":[]},"_links":{"self":[{"href":"https:\/\/sinoextrud.com\/hu\/wp-json\/wp\/v2\/product\/10971","targetHints":{"allow":["GET"]}}],"collection":[{"href":"https:\/\/sinoextrud.com\/hu\/wp-json\/wp\/v2\/product"}],"about":[{"href":"https:\/\/sinoextrud.com\/hu\/wp-json\/wp\/v2\/types\/product"}],"wp:featuredmedia":[{"embeddable":true,"href":"https:\/\/sinoextrud.com\/hu\/wp-json\/wp\/v2\/media\/10781"}],"wp:attachment":[{"href":"https:\/\/sinoextrud.com\/hu\/wp-json\/wp\/v2\/media?parent=10971"}],"wp:term":[{"taxonomy":"category","embeddable":true,"href":"https:\/\/sinoextrud.com\/hu\/wp-json\/wp\/v2\/categories?post=10971"}],"curies":[{"name":"wp","href":"https:\/\/api.w.org\/{rel}","templated":true}]}}