{"id":10967,"date":"2025-08-01T03:18:56","date_gmt":"2025-08-01T03:18:56","guid":{"rendered":"https:\/\/sinoextrud.com\/product\/long-aluminum-heat-sink-for-linear-modules\/"},"modified":"2025-08-01T03:18:56","modified_gmt":"2025-08-01T03:18:56","slug":"hosszu-aluminium-hutoborda-linearis-modulokhoz","status":"publish","type":"product","link":"https:\/\/sinoextrud.com\/hu\/product\/long-aluminum-heat-sink-for-linear-modules\/","title":{"rendered":"Hossz\u00fa alum\u00ednium h\u0171t\u0151borda line\u00e1ris modulokhoz"},"content":{"rendered":"<h2>Term\u00e9kek r\u00e9szletei<\/h2>\n<div class=\"product-table\">\n<div class=\"row\">\n<div class=\"cell label\">Fokozat<\/div>\n<div class=\"cell value\">6000-es sorozat<\/div>\n<\/div>\n<div class=\"row\">\n<div class=\"cell label\">Tolerancia<\/div>\n<div class=\"cell value\">\u00c2\u00b11%<\/div>\n<\/div>\n<div class=\"row\">\n<div class=\"cell label\">Sz\u00e1ll\u00edt\u00e1si id\u0151<\/div>\n<div class=\"cell value\">22-30 nap<\/div>\n<\/div>\n<div class=\"row\">\n<div class=\"cell label\">Temper<\/div>\n<div class=\"cell value\">T3-T8<\/div>\n<\/div>\n<div class=\"row\">\n<div class=\"cell label\">Alkalmaz\u00e1s<\/div>\n<div class=\"cell value\">H\u0151elnyel\u0151<\/div>\n<\/div>\n<div class=\"row\">\n<div class=\"cell label\">Shape<\/div>\n<div class=\"cell value\">lapos<\/div>\n<\/div>\n<div class=\"row\">\n<div class=\"cell label\">\u00d6tv\u00f6zet vagy sem<\/div>\n<div class=\"cell value\">Az \u00f6tv\u00f6zet<\/div>\n<\/div>\n<div class=\"row\">\n<div class=\"cell label\">Feldolgoz\u00f3 szolg\u00e1ltat\u00e1s<\/div>\n<div class=\"cell value\">Hajl\u00edt\u00e1s, tekercsel\u00e9s, hegeszt\u00e9s, lyukaszt\u00e1s, v\u00e1g\u00e1s<\/div>\n<\/div>\n<div class=\"row\">\n<div class=\"cell label\">Term\u00e9k neve<\/div>\n<div class=\"cell value\">Alum\u00ednium extrud\u00e1lt h\u0171t\u0151borda<\/div>\n<\/div>\n<div class=\"row\">\n<div class=\"cell label\">Anyag<\/div>\n<div class=\"cell value\">6063 alum\u00ednium<\/div>\n<\/div>\n<div class=\"row\">\n<div class=\"cell label\">Fel\u00fcletkezel\u00e9s<\/div>\n<div class=\"cell value\">Elox\u00e1lt\/oxid stb. \/porsz\u00f3rtan bevonva<\/div>\n<\/div>\n<div class=\"row\">\n<div class=\"cell label\">Tan\u00fas\u00edt\u00e1s<\/div>\n<div class=\"cell value\">ISO9001-2008<\/div>\n<\/div>\n<div class=\"row\">\n<div class=\"cell label\">Kik\u00fcld\u0151 kik\u00f6t\u0151<\/div>\n<div class=\"cell value\">Qingdao<\/div>\n<\/div>\n<div class=\"row\">\n<div class=\"cell label\">Elad\u00f3 egys\u00e9gek<\/div>\n<div class=\"cell value\">Egyetlen t\u00e9tel<\/div>\n<\/div>\n<div class=\"row\">\n<div class=\"cell label\">Egyetlen csomagm\u00e9ret<\/div>\n<div class=\"cell value\">22X12X10 cm<\/div>\n<\/div>\n<div class=\"row\">\n<div class=\"cell label\">Egyetlen brutt\u00f3 t\u00f6meg<\/div>\n<div class=\"cell value\">1.000 KG<\/div>\n<\/div>\n<div class=\"row\">\n<div class=\"cell label\">Ell\u00e1t\u00e1si k\u00e9pess\u00e9g<\/div>\n<div class=\"cell value\">30000 darab havonta<\/div>\n<\/div>\n<\/div>\n<p><\/p>\n<h2>Gy\u00e1rt\u00f3 b\u00e1zisunk<\/h2>\n<h3>Gy\u00e1ri panor\u00e1ma<\/h3>\n<p><img decoding=\"async\" src=\"\/wp-content\/uploads\/factory-01.webp\"\/><\/p>\n<h3>Alum\u00ednium r\u00fadgy\u00e1rt\u00f3 m\u0171hely<\/h3>\n<p><img decoding=\"async\" src=\"\/wp-content\/uploads\/factory-02.webp\"\/><\/p>\n<p><img decoding=\"async\" src=\"\/wp-content\/uploads\/factory-03.webp\"\/><\/p>\n<h3>Pen\u00e9sz rakt\u00e1r<\/h3>\n<p><img decoding=\"async\" src=\"\/wp-content\/uploads\/factory-04.webp\"\/><\/p>\n<h3>43 alum\u00ednium extrud\u00e1l\u00f3 vonal (500-5500 tonna)<\/h3>\n<p><img decoding=\"async\" src=\"\/wp-content\/uploads\/factory-05.webp\"\/><\/p>\n<p><img decoding=\"async\" src=\"\/wp-content\/uploads\/factory-06.webp\"\/><\/p>\n<p><img decoding=\"async\" src=\"\/wp-content\/uploads\/factory-07.webp\"\/><\/p>\n<h3>Porfest\u0151 m\u0171hely<\/h3>\n<p><img decoding=\"async\" src=\"\/wp-content\/uploads\/factory-09.webp\"\/><\/p>\n<h3>Anodiz\u00e1l\u00f3 m\u0171hely<\/h3>\n<p><img decoding=\"async\" src=\"\/wp-content\/uploads\/factory-10.webp\"\/><\/p>\n<h3>M\u00e9ly feldolgoz\u00e1si m\u0171hely<\/h3>\n<p><img decoding=\"async\" src=\"\/wp-content\/uploads\/factory-11.webp\"\/><\/p>\n<h3>CNC prec\u00edzi\u00f3s megmunk\u00e1l\u00f3 m\u0171hely<\/h3>\n<p><img decoding=\"async\" src=\"\/wp-content\/uploads\/factory-11.5.webp\"\/><\/p>\n<h3>K\u00e9szterm\u00e9k \u00e9s export rakt\u00e1r<\/h3>\n<p><img decoding=\"async\" src=\"\/wp-content\/uploads\/factory-12.webp\"\/><\/p>\n<p><img decoding=\"async\" src=\"\/wp-content\/uploads\/factory-13.webp\"\/><\/p>\n<p><img decoding=\"async\" src=\"\/wp-content\/uploads\/factory-14.webp\"\/><\/p>\n<h2>GYIK<\/h2>\n<p><strong>1. Mi a hossz\u00fa alum\u00ednium h\u0171t\u0151bord\u00e1k els\u0151dleges felhaszn\u00e1l\u00e1si ter\u00fclete?<\/strong><br \/>A hossz\u00fa alum\u00ednium h\u0171t\u0151bord\u00e1t els\u0151sorban az elektronikus eszk\u00f6z\u00f6k hat\u00e9kony h\u0151elvezet\u00e9s\u00e9re haszn\u00e1lj\u00e1k.<\/p>\n<p><strong>2. Az alum\u00ednium h\u0171t\u0151borda m\u00e9retei testre szabhat\u00f3k?<\/strong><br \/>Igen, a m\u00e9retek testre szabhat\u00f3k, hogy megfeleljenek az egyedi h\u0171t\u00e9si k\u00f6vetelm\u00e9nyeknek.<\/p>\n<p><strong>3. Az alum\u00ednium h\u0171t\u0151borda ellen\u00e1ll a korr\u00f3zi\u00f3nak?<\/strong><br \/>Igen, a felhaszn\u00e1lt alum\u00ednium anyag korr\u00f3zi\u00f3\u00e1ll\u00f3 a hosszabb \u00e9lettartam \u00e9rdek\u00e9ben.<\/p>\n<p><strong>4. Hogyan jav\u00edtja az alum\u00ednium h\u0171t\u0151borda az eszk\u00f6z teljes\u00edtm\u00e9ny\u00e9t?<\/strong><br \/>Hat\u00e9konyan elvezeti a felesleges h\u0151t, fenntartva a k\u00e9sz\u00fcl\u00e9k optim\u00e1lis teljes\u00edtm\u00e9ny\u00e9t.<\/p>\n<p><strong>5. Milyen alkalmaz\u00e1sokhoz alkalmas ez a t\u00edpus\u00fa h\u0171t\u0151borda?<\/strong><br \/>Alkalmas elektronikus eszk\u00f6z\u00f6kh\u00f6z, ipari g\u00e9pekhez \u00e9s HVAC-rendszerekhez.<\/p>\n<p><strong>6. Az alum\u00ednium h\u0171t\u0151borda speci\u00e1lis r\u00f6gz\u00edt\u0151 hardvert ig\u00e9nyel?<\/strong><br \/>A r\u00f6gz\u00edt\u0151 hardverek testre szabhat\u00f3k az egyedi telep\u00edt\u00e9si ig\u00e9nyeknek megfelel\u0151en.<\/p>\n<p><strong>7. Lehets\u00e9ges-e mint\u00e1t kapni a nagy t\u00e9telben t\u00f6rt\u00e9n\u0151 megrendel\u00e9s el\u0151tt?<\/strong><br \/>Igen, a h\u0171t\u0151bord\u00e1k min\u0151s\u00e9g\u00e9nek \u00e9s specifik\u00e1ci\u00f3inak tesztel\u00e9s\u00e9hez rendelkez\u00e9sre \u00e1llnak a mintarendel\u00e9sek.<\/p>\n<p><\/p>","protected":false},"featured_media":10818,"template":"","categories":[72],"class_list":["post-10967","product","type-product","status-publish","has-post-thumbnail","hentry","category-extruded-aluminum-heatsink"],"meta_box":{"hilight_text_group":[{"product_hilight_text":"<li>Efficient heat dissipation due to high-quality aluminum<\/li>\n<li>Lightweight design for easy installation in various devices<\/li>\n<li>Customizable dimensions to fit specific applications<\/li>\n<li>Corrosion-resistant material ensures longevity<\/li>\n<li>Suitable for electronic and industrial equipment cooling<\/li>"}],"feature_list":[]},"_links":{"self":[{"href":"https:\/\/sinoextrud.com\/hu\/wp-json\/wp\/v2\/product\/10967","targetHints":{"allow":["GET"]}}],"collection":[{"href":"https:\/\/sinoextrud.com\/hu\/wp-json\/wp\/v2\/product"}],"about":[{"href":"https:\/\/sinoextrud.com\/hu\/wp-json\/wp\/v2\/types\/product"}],"wp:featuredmedia":[{"embeddable":true,"href":"https:\/\/sinoextrud.com\/hu\/wp-json\/wp\/v2\/media\/10818"}],"wp:attachment":[{"href":"https:\/\/sinoextrud.com\/hu\/wp-json\/wp\/v2\/media?parent=10967"}],"wp:term":[{"taxonomy":"category","embeddable":true,"href":"https:\/\/sinoextrud.com\/hu\/wp-json\/wp\/v2\/categories?post=10967"}],"curies":[{"name":"wp","href":"https:\/\/api.w.org\/{rel}","templated":true}]}}