{"id":10960,"date":"2025-08-01T03:18:06","date_gmt":"2025-08-01T03:18:06","guid":{"rendered":"https:\/\/sinoextrud.com\/product\/cold-plate-heat-sink-for-liquid-cooling-systems\/"},"modified":"2025-08-01T03:18:06","modified_gmt":"2025-08-01T03:18:06","slug":"hideglemezes-hutoborda-folyadekhuteses-rendszerekhez","status":"publish","type":"product","link":"https:\/\/sinoextrud.com\/hu\/product\/cold-plate-heat-sink-for-liquid-cooling-systems\/","title":{"rendered":"Hideglemezes h\u0171t\u0151borda folyad\u00e9kh\u0171t\u00e9ses rendszerekhez"},"content":{"rendered":"<h2>Term\u00e9kek r\u00e9szletei<\/h2>\n<div class=\"product-table\">\n<div class=\"row\">\n<div class=\"cell label\">Fokozat<\/div>\n<div class=\"cell value\">6000-es sorozat<\/div>\n<\/div>\n<div class=\"row\">\n<div class=\"cell label\">Tolerancia<\/div>\n<div class=\"cell value\">\u00c2\u00b13%<\/div>\n<\/div>\n<div class=\"row\">\n<div class=\"cell label\">Sz\u00e1ll\u00edt\u00e1si id\u0151<\/div>\n<div class=\"cell value\">22-30 nap<\/div>\n<\/div>\n<div class=\"row\">\n<div class=\"cell label\">Temper<\/div>\n<div class=\"cell value\">T3-T8<\/div>\n<\/div>\n<div class=\"row\">\n<div class=\"cell label\">Alkalmaz\u00e1s<\/div>\n<div class=\"cell value\">H\u0151elnyel\u0151<\/div>\n<\/div>\n<div class=\"row\">\n<div class=\"cell label\">Shape<\/div>\n<div class=\"cell value\">egy\u00e9ni<\/div>\n<\/div>\n<div class=\"row\">\n<div class=\"cell label\">\u00d6tv\u00f6zet vagy sem<\/div>\n<div class=\"cell value\">Az \u00f6tv\u00f6zet<\/div>\n<\/div>\n<div class=\"row\">\n<div class=\"cell label\">Feldolgoz\u00f3 szolg\u00e1ltat\u00e1s<\/div>\n<div class=\"cell value\">Hajl\u00edt\u00e1s, tekercsel\u00e9s, hegeszt\u00e9s, lyukaszt\u00e1s, v\u00e1g\u00e1s<\/div>\n<\/div>\n<div class=\"row\">\n<div class=\"cell label\">Anyag<\/div>\n<div class=\"cell value\">Alum\u00ednium \u00f6tv\u00f6zet<\/div>\n<\/div>\n<div class=\"row\">\n<div class=\"cell label\">Alkalmaz\u00e1s<\/div>\n<div class=\"cell value\">Ipari berendez\u00e9sek<\/div>\n<\/div>\n<div class=\"row\">\n<div class=\"cell label\">Szolg\u00e1ltat\u00e1s<\/div>\n<div class=\"cell value\">Testreszabott OEM<\/div>\n<\/div>\n<div class=\"row\">\n<div class=\"cell label\">Fel\u00fcletkezel\u00e9s<\/div>\n<div class=\"cell value\">Fest\u00e9s\\Porsz\u00f3rt bevonat\\Fest\u00e9s\\F\u00e9nyez\u00e9s\\F\u00e9nyez\u00e9s<\/div>\n<\/div>\n<div class=\"row\">\n<div class=\"cell label\">Sz\u00ednes<\/div>\n<div class=\"cell value\">Ez\u00fcst<\/div>\n<\/div>\n<div class=\"row\">\n<div class=\"cell label\">Elad\u00f3 egys\u00e9gek<\/div>\n<div class=\"cell value\">Egyetlen t\u00e9tel<\/div>\n<\/div>\n<div class=\"row\">\n<div class=\"cell label\">Egyetlen csomagm\u00e9ret<\/div>\n<div class=\"cell value\">50X50X30 cm<\/div>\n<\/div>\n<div class=\"row\">\n<div class=\"cell label\">Egyetlen brutt\u00f3 t\u00f6meg<\/div>\n<div class=\"cell value\">8.000 KG<\/div>\n<\/div>\n<\/div>\n<p><\/p>\n<h2>Gy\u00e1rt\u00f3 b\u00e1zisunk<\/h2>\n<h3>Gy\u00e1ri panor\u00e1ma<\/h3>\n<p><img decoding=\"async\" src=\"\/wp-content\/uploads\/factory-01.webp\"\/><\/p>\n<h3>Alum\u00ednium r\u00fadgy\u00e1rt\u00f3 m\u0171hely<\/h3>\n<p><img decoding=\"async\" src=\"\/wp-content\/uploads\/factory-02.webp\"\/><\/p>\n<p><img decoding=\"async\" src=\"\/wp-content\/uploads\/factory-03.webp\"\/><\/p>\n<h3>Pen\u00e9sz rakt\u00e1r<\/h3>\n<p><img decoding=\"async\" src=\"\/wp-content\/uploads\/factory-04.webp\"\/><\/p>\n<h3>43 alum\u00ednium extrud\u00e1l\u00f3 vonal (500-5500 tonna)<\/h3>\n<p><img decoding=\"async\" src=\"\/wp-content\/uploads\/factory-05.webp\"\/><\/p>\n<p><img decoding=\"async\" src=\"\/wp-content\/uploads\/factory-06.webp\"\/><\/p>\n<p><img decoding=\"async\" src=\"\/wp-content\/uploads\/factory-07.webp\"\/><\/p>\n<h3>Porfest\u0151 m\u0171hely<\/h3>\n<p><img decoding=\"async\" src=\"\/wp-content\/uploads\/factory-09.webp\"\/><\/p>\n<h3>Anodiz\u00e1l\u00f3 m\u0171hely<\/h3>\n<p><img decoding=\"async\" src=\"\/wp-content\/uploads\/factory-10.webp\"\/><\/p>\n<h3>M\u00e9ly feldolgoz\u00e1si m\u0171hely<\/h3>\n<p><img decoding=\"async\" src=\"\/wp-content\/uploads\/factory-11.webp\"\/><\/p>\n<h3>CNC prec\u00edzi\u00f3s megmunk\u00e1l\u00f3 m\u0171hely<\/h3>\n<p><img decoding=\"async\" src=\"\/wp-content\/uploads\/factory-11.5.webp\"\/><\/p>\n<h3>K\u00e9szterm\u00e9k \u00e9s export rakt\u00e1r<\/h3>\n<p><img decoding=\"async\" src=\"\/wp-content\/uploads\/factory-12.webp\"\/><\/p>\n<p><img decoding=\"async\" src=\"\/wp-content\/uploads\/factory-13.webp\"\/><\/p>\n<p><img decoding=\"async\" src=\"\/wp-content\/uploads\/factory-14.webp\"\/><\/p>\n<h2>GYIK<\/h2>\n<p><strong>1. Mi a c\u00e9lja a hideglemezes h\u0171t\u0151bord\u00e1nak?<\/strong><br \/>A Cold Plate h\u0171t\u0151bord\u00e1t az elektronikus alkatr\u00e9szek h\u0151elvezet\u00e9s\u00e9re haszn\u00e1lj\u00e1k, biztos\u00edtva azok hat\u00e9kony m\u0171k\u00f6d\u00e9s\u00e9t.<\/p>\n<p><strong>2. A hideglemezes h\u0171t\u0151bord\u00e1k testreszabhat\u00f3k egyedi m\u00e9retekre?<\/strong><br \/>Igen, az alkalmaz\u00e1s egyedi k\u00f6vetelm\u00e9nyeinek megfelel\u0151en alak\u00edthat\u00f3k.<\/p>\n<p><strong>3. Milyen anyagokat haszn\u00e1lnak \u00e1ltal\u00e1ban a hideglemezes h\u0171t\u0151bord\u00e1k gy\u00e1rt\u00e1s\u00e1hoz?<\/strong><br \/>Az optim\u00e1lis h\u0151teljes\u00edtm\u00e9ny \u00e9rdek\u00e9ben gyakran kiv\u00e1l\u00f3 min\u0151s\u00e9g\u0171 alum\u00edniumb\u00f3l vagy r\u00e9zb\u0151l k\u00e9sz\u00fclnek.<\/p>\n<p><strong>4. Kompatibilisek-e a hideglemezes h\u0171t\u0151bord\u00e1k a k\u00fcl\u00f6nb\u00f6z\u0151 h\u0171t\u0151folyad\u00e9kokkal?<\/strong><br \/>Igen, \u00fagy tervezt\u00e9k \u0151ket, hogy k\u00fcl\u00f6nb\u00f6z\u0151 t\u00edpus\u00fa h\u0171t\u0151folyad\u00e9kokkal m\u0171k\u00f6djenek egy\u00fctt a jobb h\u0151\u00e1tad\u00e1s \u00e9rdek\u00e9ben.<\/p>\n<p><strong>5. Hogyan jav\u00edtj\u00e1k a hideglemezes h\u0171t\u0151bord\u00e1k az elektronikus alkatr\u00e9szek \u00e9lettartam\u00e1t?<\/strong><br \/>A h\u0151 hat\u00e9kony elvezet\u00e9s\u00e9vel megakad\u00e1lyozz\u00e1k a t\u00falmeleged\u00e9st \u00e9s meghosszabb\u00edtj\u00e1k az alkatr\u00e9szek \u00e9lettartam\u00e1t.<\/p>\n<p><strong>6. Haszn\u00e1lhat\u00f3k-e a hideglemezes h\u0171t\u0151bord\u00e1k k\u00fcl\u00f6nb\u00f6z\u0151 ipar\u00e1gakban?<\/strong><br \/>Abszol\u00fat sokoldal\u00faak, \u00e9s a t\u00e1vk\u00f6zl\u00e9st\u0151l az aut\u00f3iparig sokf\u00e9le ipar\u00e1gban alkalmazhat\u00f3k.<\/p>\n<p><strong>7. Milyen karbantart\u00e1si k\u00f6vetelm\u00e9nyek vonatkoznak a hideglemezes h\u0171t\u0151bord\u00e1kra?<\/strong><br \/>Rendszeresen ellen\u0151rizze a folyad\u00e9ksziv\u00e1rg\u00e1st, \u00e9s az optim\u00e1lis teljes\u00edtm\u00e9ny \u00e9rdek\u00e9ben gy\u0151z\u0151dj\u00f6n meg arr\u00f3l, hogy minden csatlakoztat\u00e1s biztons\u00e1gosan m\u0171k\u00f6dik.<\/p>\n<p><\/p>","protected":false},"featured_media":10786,"template":"","categories":[72],"class_list":["post-10960","product","type-product","status-publish","has-post-thumbnail","hentry","category-extruded-aluminum-heatsink"],"meta_box":{"hilight_text_group":[{"product_hilight_text":"<li>High thermal conductivity for efficient heat dissipation<\/li>\n<li>Customizable dimensions to fit specific application needs<\/li>\n<li>Compatible with various cooling fluids for enhanced performance<\/li>\n<li>Durable construction for long-lasting reliability<\/li>\n<li>Suitable for both passive and active cooling systems<\/li>"}],"feature_list":[]},"_links":{"self":[{"href":"https:\/\/sinoextrud.com\/hu\/wp-json\/wp\/v2\/product\/10960","targetHints":{"allow":["GET"]}}],"collection":[{"href":"https:\/\/sinoextrud.com\/hu\/wp-json\/wp\/v2\/product"}],"about":[{"href":"https:\/\/sinoextrud.com\/hu\/wp-json\/wp\/v2\/types\/product"}],"wp:featuredmedia":[{"embeddable":true,"href":"https:\/\/sinoextrud.com\/hu\/wp-json\/wp\/v2\/media\/10786"}],"wp:attachment":[{"href":"https:\/\/sinoextrud.com\/hu\/wp-json\/wp\/v2\/media?parent=10960"}],"wp:term":[{"taxonomy":"category","embeddable":true,"href":"https:\/\/sinoextrud.com\/hu\/wp-json\/wp\/v2\/categories?post=10960"}],"curies":[{"name":"wp","href":"https:\/\/api.w.org\/{rel}","templated":true}]}}