{"id":10957,"date":"2025-08-01T03:17:56","date_gmt":"2025-08-01T03:17:56","guid":{"rendered":"https:\/\/sinoextrud.com\/product\/machined-heat-sink-for-precision-components\/"},"modified":"2025-08-01T03:17:56","modified_gmt":"2025-08-01T03:17:56","slug":"megmunkalt-hutoborda-precizios-alkatreszekhez","status":"publish","type":"product","link":"https:\/\/sinoextrud.com\/hu\/product\/machined-heat-sink-for-precision-components\/","title":{"rendered":"Megmunk\u00e1lt h\u0171t\u0151borda prec\u00edzi\u00f3s alkatr\u00e9szekhez"},"content":{"rendered":"<h2>Term\u00e9kek r\u00e9szletei<\/h2>\n<div class=\"product-table\">\n<div class=\"row\">\n<div class=\"cell label\">Anyag<\/div>\n<div class=\"cell value\">Alum\u00ednium\/Ac\u00e9l\/Vas\/Vas\/ac\u00e9l\/r\u00e9z\/m\u0171anyag\/<\/div>\n<\/div>\n<div class=\"row\">\n<div class=\"cell label\">Term\u00e9k neve<\/div>\n<div class=\"cell value\">H\u0151elnyel\u0151<\/div>\n<\/div>\n<div class=\"row\">\n<div class=\"cell label\">Szolg\u00e1ltat\u00e1s<\/div>\n<div class=\"cell value\">Egyablakos szolg\u00e1ltat\u00e1s. Megmunk\u00e1l\u00e1s-\u00f6sszeszerel\u00e9s<\/div>\n<\/div>\n<div class=\"row\">\n<div class=\"cell label\">M\u00e9ret<\/div>\n<div class=\"cell value\">M\u00e9ret Testreszabott<\/div>\n<\/div>\n<div class=\"row\">\n<div class=\"cell label\">Fel\u00fcletkezel\u00e9s<\/div>\n<div class=\"cell value\">pol\u00edroz\u00e1s\/tiszta elox\u00e1l\u00e1s\/elektroplatt\u00edroz\u00e1s\/olajnyom\u00e1s<\/div>\n<\/div>\n<div class=\"row\">\n<div class=\"cell label\">Rajzol\u00e1si form\u00e1tum<\/div>\n<div class=\"cell value\">2D\/(PDF\/CAD)3D(IGES\/STEP)<\/div>\n<\/div>\n<div class=\"row\">\n<div class=\"cell label\">Tolerancia<\/div>\n<div class=\"cell value\">0.01-0.05mm<\/div>\n<\/div>\n<div class=\"row\">\n<div class=\"cell label\">Sz\u00e1ll\u00edt\u00e1si id\u0151<\/div>\n<div class=\"cell value\">7-15 nap<\/div>\n<\/div>\n<div class=\"row\">\n<div class=\"cell label\">MOQ<\/div>\n<div class=\"cell value\">10db<\/div>\n<\/div>\n<div class=\"row\">\n<div class=\"cell label\">Shape<\/div>\n<div class=\"cell value\">Sqare<\/div>\n<\/div>\n<div class=\"row\">\n<div class=\"cell label\">Elad\u00f3 egys\u00e9gek<\/div>\n<div class=\"cell value\">Egyetlen t\u00e9tel<\/div>\n<\/div>\n<div class=\"row\">\n<div class=\"cell label\">Egyetlen csomagm\u00e9ret<\/div>\n<div class=\"cell value\">10X10X2 cm<\/div>\n<\/div>\n<div class=\"row\">\n<div class=\"cell label\">Egyetlen brutt\u00f3 t\u00f6meg<\/div>\n<div class=\"cell value\">0,100 KG<\/div>\n<\/div>\n<\/div>\n<p><\/p>\n<h2>Gy\u00e1rt\u00f3 b\u00e1zisunk<\/h2>\n<h3>Gy\u00e1ri panor\u00e1ma<\/h3>\n<p><img decoding=\"async\" src=\"\/wp-content\/uploads\/factory-01.webp\"\/><\/p>\n<h3>Alum\u00ednium r\u00fadgy\u00e1rt\u00f3 m\u0171hely<\/h3>\n<p><img decoding=\"async\" src=\"\/wp-content\/uploads\/factory-02.webp\"\/><\/p>\n<p><img decoding=\"async\" src=\"\/wp-content\/uploads\/factory-03.webp\"\/><\/p>\n<h3>Pen\u00e9sz rakt\u00e1r<\/h3>\n<p><img decoding=\"async\" src=\"\/wp-content\/uploads\/factory-04.webp\"\/><\/p>\n<h3>43 alum\u00ednium extrud\u00e1l\u00f3 vonal (500-5500 tonna)<\/h3>\n<p><img decoding=\"async\" src=\"\/wp-content\/uploads\/factory-05.webp\"\/><\/p>\n<p><img decoding=\"async\" src=\"\/wp-content\/uploads\/factory-06.webp\"\/><\/p>\n<p><img decoding=\"async\" src=\"\/wp-content\/uploads\/factory-07.webp\"\/><\/p>\n<h3>Porfest\u0151 m\u0171hely<\/h3>\n<p><img decoding=\"async\" src=\"\/wp-content\/uploads\/factory-09.webp\"\/><\/p>\n<h3>Anodiz\u00e1l\u00f3 m\u0171hely<\/h3>\n<p><img decoding=\"async\" src=\"\/wp-content\/uploads\/factory-10.webp\"\/><\/p>\n<h3>M\u00e9ly feldolgoz\u00e1si m\u0171hely<\/h3>\n<p><img decoding=\"async\" src=\"\/wp-content\/uploads\/factory-11.webp\"\/><\/p>\n<h3>CNC prec\u00edzi\u00f3s megmunk\u00e1l\u00f3 m\u0171hely<\/h3>\n<p><img decoding=\"async\" src=\"\/wp-content\/uploads\/factory-11.5.webp\"\/><\/p>\n<h3>K\u00e9szterm\u00e9k \u00e9s export rakt\u00e1r<\/h3>\n<p><img decoding=\"async\" src=\"\/wp-content\/uploads\/factory-12.webp\"\/><\/p>\n<p><img decoding=\"async\" src=\"\/wp-content\/uploads\/factory-13.webp\"\/><\/p>\n<p><img decoding=\"async\" src=\"\/wp-content\/uploads\/factory-14.webp\"\/><\/p>\n<h2>GYIK<\/h2>\n<p><strong>1. Milyen anyagokat haszn\u00e1lnak a megmunk\u00e1lt h\u0171t\u0151bord\u00e1k gy\u00e1rt\u00e1s\u00e1hoz?<\/strong><br \/>Megmunk\u00e1lt h\u0171t\u0151bord\u00e1ink kiv\u00e1l\u00f3 min\u0151s\u00e9g\u0171 alum\u00edniumb\u00f3l vagy r\u00e9zb\u0151l k\u00e9sz\u00fclnek a hat\u00e9kony h\u0151kezel\u00e9s \u00e9rdek\u00e9ben.<\/p>\n<p><strong>2. A megmunk\u00e1lt h\u0171t\u0151borda testre szabhat\u00f3?<\/strong><br \/>Igen, testreszab\u00e1st k\u00edn\u00e1lunk a m\u00e9ret, az alak \u00e9s a design tekintet\u00e9ben, hogy megfeleljen az \u00d6n egyedi ig\u00e9nyeinek.<\/p>\n<p><strong>3. Mennyi az \u00e1tfut\u00e1si id\u0151 a megmunk\u00e1lt h\u0171t\u0151bord\u00e1k t\u00f6meges megrendel\u00e9se eset\u00e9n?<\/strong><br \/>Az \u00e1tfut\u00e1si id\u0151 a rendel\u00e9s mennyis\u00e9g\u00e9t\u0151l f\u00fcgg, jellemz\u0151en 4-6 h\u00e9t.<\/p>\n<p><strong>4. Van minim\u00e1lis rendel\u00e9si mennyis\u00e9g az egyedi megmunk\u00e1lt h\u0171t\u0151bord\u00e1khoz?<\/strong><br \/>Igen, a MOQ a testreszab\u00e1si k\u00f6vetelm\u00e9nyek alapj\u00e1n v\u00e1ltozik, \u00e1ltal\u00e1ban 100 egys\u00e9gt\u0151l kezd\u0151dik.<\/p>\n<p><strong>5. Biztos\u00edtanak m\u0171szaki t\u00e1mogat\u00e1st a megmunk\u00e1lt h\u0171t\u0151bord\u00e1k integr\u00e1l\u00e1s\u00e1hoz?<\/strong><br \/>Igen, csapatunk seg\u00edthet a tervez\u00e9sben \u00e9s az integr\u00e1ci\u00f3ban az optim\u00e1lis h\u0151teljes\u00edtm\u00e9ny biztos\u00edt\u00e1sa \u00e9rdek\u00e9ben.<\/p>\n<p><strong>6. Rendelkez\u00e9sre \u00e1llnak mint\u00e1k a megmunk\u00e1lt h\u0171t\u0151bord\u00e1khoz?<\/strong><br \/>Igen, mint\u00e1kat tudunk biztos\u00edtani a term\u00e9k \u00e9rt\u00e9kel\u00e9s\u00e9hez, miel\u0151tt nagy t\u00e9telben rendelne.<\/p>\n<p><strong>7. Milyen ipar\u00e1gakban haszn\u00e1lnak \u00e1ltal\u00e1ban megmunk\u00e1lt h\u0171t\u0151bord\u00e1kat?<\/strong><br \/>A megmunk\u00e1lt h\u0171t\u0151bord\u00e1kat sz\u00e9les k\u00f6rben haszn\u00e1lj\u00e1k az elektronikai, az aut\u00f3ipari, a t\u00e1vk\u00f6zl\u00e9si \u00e9s az ipari berendez\u00e9sek \u00e1gazat\u00e1ban.<\/p>\n<p><\/p>","protected":false},"featured_media":10824,"template":"","categories":[72],"class_list":["post-10957","product","type-product","status-publish","has-post-thumbnail","hentry","category-extruded-aluminum-heatsink"],"meta_box":{"hilight_text_group":[{"product_hilight_text":"<li>Precision-machined for optimal thermal performance<\/li>\n<li>Available in various sizes and designs to accommodate diverse applications<\/li>\n<li>Constructed from high-quality materials for enhanced durability<\/li>\n<li>Customizable to fit specific project requirements and branding<\/li>\n<li>Supports high-volume production with competitive pricing for B2B clients<\/li>"}],"feature_list":[]},"_links":{"self":[{"href":"https:\/\/sinoextrud.com\/hu\/wp-json\/wp\/v2\/product\/10957","targetHints":{"allow":["GET"]}}],"collection":[{"href":"https:\/\/sinoextrud.com\/hu\/wp-json\/wp\/v2\/product"}],"about":[{"href":"https:\/\/sinoextrud.com\/hu\/wp-json\/wp\/v2\/types\/product"}],"wp:featuredmedia":[{"embeddable":true,"href":"https:\/\/sinoextrud.com\/hu\/wp-json\/wp\/v2\/media\/10824"}],"wp:attachment":[{"href":"https:\/\/sinoextrud.com\/hu\/wp-json\/wp\/v2\/media?parent=10957"}],"wp:term":[{"taxonomy":"category","embeddable":true,"href":"https:\/\/sinoextrud.com\/hu\/wp-json\/wp\/v2\/categories?post=10957"}],"curies":[{"name":"wp","href":"https:\/\/api.w.org\/{rel}","templated":true}]}}