{"id":10954,"date":"2025-08-01T03:17:25","date_gmt":"2025-08-01T03:17:25","guid":{"rendered":"https:\/\/sinoextrud.com\/product\/round-aluminum-heatsink-for-electrical-products\/"},"modified":"2025-08-01T03:17:25","modified_gmt":"2025-08-01T03:17:25","slug":"kerek-aluminium-hutoborda-elektromos-termekekhez","status":"publish","type":"product","link":"https:\/\/sinoextrud.com\/hu\/product\/round-aluminum-heatsink-for-electrical-products\/","title":{"rendered":"Kerek alum\u00ednium h\u0171t\u0151borda elektromos term\u00e9kekhez"},"content":{"rendered":"<h2>Term\u00e9kek r\u00e9szletei<\/h2>\n<div class=\"product-table\">\n<div class=\"row\">\n<div class=\"cell label\">Fokozat<\/div>\n<div class=\"cell value\">6000-es sorozat<\/div>\n<\/div>\n<div class=\"row\">\n<div class=\"cell label\">Tolerancia<\/div>\n<div class=\"cell value\">\u00c2\u00b10.05<\/div>\n<\/div>\n<div class=\"row\">\n<div class=\"cell label\">Sz\u00e1ll\u00edt\u00e1si id\u0151<\/div>\n<div class=\"cell value\">15-25<\/div>\n<\/div>\n<div class=\"row\">\n<div class=\"cell label\">Temper<\/div>\n<div class=\"cell value\">T3-T8<\/div>\n<\/div>\n<div class=\"row\">\n<div class=\"cell label\">Alkalmaz\u00e1s<\/div>\n<div class=\"cell value\">alum\u00ednium profil<\/div>\n<\/div>\n<div class=\"row\">\n<div class=\"cell label\">Shape<\/div>\n<div class=\"cell value\">cs\u0151<\/div>\n<\/div>\n<div class=\"row\">\n<div class=\"cell label\">\u00d6tv\u00f6zet vagy sem<\/div>\n<div class=\"cell value\">Az \u00f6tv\u00f6zet<\/div>\n<\/div>\n<div class=\"row\">\n<div class=\"cell label\">Feldolgoz\u00f3 szolg\u00e1ltat\u00e1s<\/div>\n<div class=\"cell value\">Hajl\u00edt\u00e1s, tekercsel\u00e9s, hegeszt\u00e9s, lyukaszt\u00e1s, v\u00e1g\u00e1s<\/div>\n<\/div>\n<div class=\"row\">\n<div class=\"cell label\">Term\u00e9k neve<\/div>\n<div class=\"cell value\">OEM alum\u00ednium profil<\/div>\n<\/div>\n<div class=\"row\">\n<div class=\"cell label\">tolerancia<\/div>\n<div class=\"cell value\">0.05mm<\/div>\n<\/div>\n<div class=\"row\">\n<div class=\"cell label\">Anyag<\/div>\n<div class=\"cell value\">6063,6061,6005,6005A,6082,6463,7005,3003<\/div>\n<\/div>\n<div class=\"row\">\n<div class=\"cell label\">Temper<\/div>\n<div class=\"cell value\">T4,T5,T6<\/div>\n<\/div>\n<div class=\"row\">\n<div class=\"cell label\">Tov\u00e1bbi feldolgoz\u00e1s<\/div>\n<div class=\"cell value\">testreszabott<\/div>\n<\/div>\n<div class=\"row\">\n<div class=\"cell label\">Fel\u00fcletkezel\u00e9s<\/div>\n<div class=\"cell value\">Porbevonat, elox\u00e1l\u00e1s, malomipari kivitel, homokf\u00fav\u00e1s stb.<\/div>\n<\/div>\n<div class=\"row\">\n<div class=\"cell label\">anyag<\/div>\n<div class=\"cell value\">6063,6061,6005,6005A,6082<\/div>\n<\/div>\n<div class=\"row\">\n<div class=\"cell label\">QC<\/div>\n<div class=\"cell value\">100% Szigor\u00fa ellen\u0151rz\u00e9s minden feldolgoz\u00e1shoz<\/div>\n<\/div>\n<div class=\"row\">\n<div class=\"cell label\">Egyablakos szolg\u00e1ltat\u00e1s<\/div>\n<div class=\"cell value\">Egyedi tervez\u00e9s, gy\u00e1rt\u00e1s, \u00f6sszeszerel\u00e9s \u00e9s sz\u00e1ll\u00edt\u00e1s<\/div>\n<\/div>\n<div class=\"row\">\n<div class=\"cell label\">M\u00e9ret<\/div>\n<div class=\"cell value\">testreszabott<\/div>\n<\/div>\n<div class=\"row\">\n<div class=\"cell label\">Elad\u00f3 egys\u00e9gek<\/div>\n<div class=\"cell value\">Egyetlen t\u00e9tel<\/div>\n<\/div>\n<div class=\"row\">\n<div class=\"cell label\">Egyetlen csomagm\u00e9ret<\/div>\n<div class=\"cell value\">4X6X3 cm<\/div>\n<\/div>\n<div class=\"row\">\n<div class=\"cell label\">Egyetlen brutt\u00f3 t\u00f6meg<\/div>\n<div class=\"cell value\">1,361 KG<\/div>\n<\/div>\n<\/div>\n<p><\/p>\n<h2>Gy\u00e1rt\u00f3 b\u00e1zisunk<\/h2>\n<h3>Gy\u00e1ri panor\u00e1ma<\/h3>\n<p><img decoding=\"async\" src=\"\/wp-content\/uploads\/factory-01.webp\"\/><\/p>\n<h3>Alum\u00ednium r\u00fadgy\u00e1rt\u00f3 m\u0171hely<\/h3>\n<p><img decoding=\"async\" src=\"\/wp-content\/uploads\/factory-02.webp\"\/><\/p>\n<p><img decoding=\"async\" src=\"\/wp-content\/uploads\/factory-03.webp\"\/><\/p>\n<h3>Pen\u00e9sz rakt\u00e1r<\/h3>\n<p><img decoding=\"async\" src=\"\/wp-content\/uploads\/factory-04.webp\"\/><\/p>\n<h3>43 alum\u00ednium extrud\u00e1l\u00f3 vonal (500-5500 tonna)<\/h3>\n<p><img decoding=\"async\" src=\"\/wp-content\/uploads\/factory-05.webp\"\/><\/p>\n<p><img decoding=\"async\" src=\"\/wp-content\/uploads\/factory-06.webp\"\/><\/p>\n<p><img decoding=\"async\" src=\"\/wp-content\/uploads\/factory-07.webp\"\/><\/p>\n<h3>Porfest\u0151 m\u0171hely<\/h3>\n<p><img decoding=\"async\" src=\"\/wp-content\/uploads\/factory-09.webp\"\/><\/p>\n<h3>Anodiz\u00e1l\u00f3 m\u0171hely<\/h3>\n<p><img decoding=\"async\" src=\"\/wp-content\/uploads\/factory-10.webp\"\/><\/p>\n<h3>M\u00e9ly feldolgoz\u00e1si m\u0171hely<\/h3>\n<p><img decoding=\"async\" src=\"\/wp-content\/uploads\/factory-11.webp\"\/><\/p>\n<h3>CNC prec\u00edzi\u00f3s megmunk\u00e1l\u00f3 m\u0171hely<\/h3>\n<p><img decoding=\"async\" src=\"\/wp-content\/uploads\/factory-11.5.webp\"\/><\/p>\n<h3>K\u00e9szterm\u00e9k \u00e9s export rakt\u00e1r<\/h3>\n<p><img decoding=\"async\" src=\"\/wp-content\/uploads\/factory-12.webp\"\/><\/p>\n<p><img decoding=\"async\" src=\"\/wp-content\/uploads\/factory-13.webp\"\/><\/p>\n<p><img decoding=\"async\" src=\"\/wp-content\/uploads\/factory-14.webp\"\/><\/p>\n<h2>GYIK<\/h2>\n<p><strong>1. Milyen el\u0151nyei vannak az alum\u00ednium h\u0171t\u0151bord\u00e1k haszn\u00e1lat\u00e1nak?<\/strong><br \/>Az alum\u00ednium h\u0171t\u0151bord\u00e1k kiv\u00e1l\u00f3 h\u0151vezet\u0151 k\u00e9pess\u00e9get \u00e9s k\u00f6nny\u0171 tart\u00f3ss\u00e1got biztos\u00edtanak, ide\u00e1lisak az elektronika h\u0151kezel\u00e9s\u00e9hez.<\/p>\n<p><strong>2. A kerek alum\u00ednium h\u0171t\u0151borda testre szabhat\u00f3?<\/strong><br \/>Igen, testreszabhat\u00f3 lehet\u0151s\u00e9geket k\u00edn\u00e1lunk a m\u00e9ret, a konfigur\u00e1ci\u00f3 \u00e9s a m\u00e1rkajelz\u00e9s tekintet\u00e9ben a t\u00f6meges megrendel\u00e9sekhez.<\/p>\n<p><strong>3. Ez a h\u0171t\u0151borda minden elektromos term\u00e9kkel kompatibilis?<\/strong><br \/>B\u00e1r sokoldal\u00fas\u00e1gra tervezt\u00e9k, a kompatibilit\u00e1s a term\u00e9k egyedi m\u00e9reteit\u0151l \u00e9s h\u0151technikai k\u00f6vetelm\u00e9nyeit\u0151l f\u00fcgg.<\/p>\n<p><strong>4. Hogyan seg\u00edti a kerek forma a h\u0151elvezet\u00e9st?<\/strong><br \/>A kerek forma egyenletesebb h\u0151eloszl\u00e1st \u00e9s jobb l\u00e9g\u00e1raml\u00e1st tesz lehet\u0151v\u00e9, jav\u00edtva ezzel a h\u0151gazd\u00e1lkod\u00e1st.<\/p>\n<p><strong>5. Mekkora a minim\u00e1lis rendel\u00e9si mennyis\u00e9g a h\u0171t\u0151bord\u00e1k beszerz\u00e9s\u00e9hez?<\/strong><br \/>A MOQ rugalmas, a konkr\u00e9t k\u00f6vetelm\u00e9nyekt\u0151l \u00e9s a k\u00e9rt egyedi opci\u00f3kt\u00f3l f\u00fcgg\u0151en.<\/p>\n<p><strong>6. Biztos\u00edtanak technikai t\u00e1mogat\u00e1st a h\u0171t\u0151bord\u00e1k term\u00e9keinkbe t\u00f6rt\u00e9n\u0151 integr\u00e1l\u00e1s\u00e1hoz?<\/strong><br \/>Igen, m\u0171szaki tan\u00e1csad\u00e1st k\u00edn\u00e1lunk az \u00d6n elektromos eszk\u00f6zeivel val\u00f3 optim\u00e1lis integr\u00e1ci\u00f3 \u00e9rdek\u00e9ben.<\/p>\n<p><strong>7. Vannak k\u00f6rnyezetbar\u00e1t anyagok a h\u0171t\u0151bord\u00e1khoz?<\/strong><br \/>Igen, k\u00e9r\u00e9sre k\u00f6rnyezetbar\u00e1t anyagokat tudunk biztos\u00edtani.<\/p>\n<p><\/p>","protected":false},"featured_media":10826,"template":"","categories":[72],"class_list":["post-10954","product","type-product","status-publish","has-post-thumbnail","hentry","category-extruded-aluminum-heatsink"],"meta_box":{"hilight_text_group":[{"product_hilight_text":"<li>Efficient thermal management for improved electronics performance<\/li>\n<li>Lightweight and robust design specifically for electrical products<\/li>\n<li>Customizable dimensions and configurations to suit various applications<\/li>\n<li>Made from high-quality aluminum for superior thermal conductivity<\/li>\n<li>Supports bulk orders with custom logo and branding services<\/li>"}],"feature_list":[]},"_links":{"self":[{"href":"https:\/\/sinoextrud.com\/hu\/wp-json\/wp\/v2\/product\/10954","targetHints":{"allow":["GET"]}}],"collection":[{"href":"https:\/\/sinoextrud.com\/hu\/wp-json\/wp\/v2\/product"}],"about":[{"href":"https:\/\/sinoextrud.com\/hu\/wp-json\/wp\/v2\/types\/product"}],"wp:featuredmedia":[{"embeddable":true,"href":"https:\/\/sinoextrud.com\/hu\/wp-json\/wp\/v2\/media\/10826"}],"wp:attachment":[{"href":"https:\/\/sinoextrud.com\/hu\/wp-json\/wp\/v2\/media?parent=10954"}],"wp:term":[{"taxonomy":"category","embeddable":true,"href":"https:\/\/sinoextrud.com\/hu\/wp-json\/wp\/v2\/categories?post=10954"}],"curies":[{"name":"wp","href":"https:\/\/api.w.org\/{rel}","templated":true}]}}