{"id":10952,"date":"2025-08-01T03:17:21","date_gmt":"2025-08-01T03:17:21","guid":{"rendered":"https:\/\/sinoextrud.com\/product\/extruded-aluminum-led-heatsink-for-lamps\/"},"modified":"2025-08-01T03:17:21","modified_gmt":"2025-08-01T03:17:21","slug":"extrudalt-aluminium-led-hutoborda-lampakhoz","status":"publish","type":"product","link":"https:\/\/sinoextrud.com\/hu\/product\/extruded-aluminum-led-heatsink-for-lamps\/","title":{"rendered":"Extrud\u00e1lt alum\u00ednium LED h\u0171t\u0151borda l\u00e1mp\u00e1khoz"},"content":{"rendered":"<h2>Term\u00e9kek r\u00e9szletei<\/h2>\n<div class=\"product-table\">\n<div class=\"row\">\n<div class=\"cell label\">CNC megmunk\u00e1l\u00e1s vagy sem<\/div>\n<div class=\"cell value\">Cnc megmunk\u00e1l\u00e1s<\/div>\n<\/div>\n<div class=\"row\">\n<div class=\"cell label\">Anyagi k\u00e9pess\u00e9gek<\/div>\n<div class=\"cell value\">Alum\u00ednium, s\u00e1rgar\u00e9z, bronz, r\u00e9z, edzett f\u00e9mek, nemesf\u00e9mek, rozsdamentes ac\u00e9l, ac\u00e9l\u00f6tv\u00f6zetek, r\u00e9z<\/div>\n<\/div>\n<div class=\"row\">\n<div class=\"cell label\">T\u00edpus<\/div>\n<div class=\"cell value\">F\u00far\u00e1s, F\u00far\u00e1s, L\u00e9zermegmunk\u00e1l\u00e1s, L\u00e9zermegmunk\u00e1l\u00e1s, L\u00e9zeres megmunk\u00e1l\u00e1s, Mar\u00e1s, Egy\u00e9b megmunk\u00e1l\u00e1si szolg\u00e1ltat\u00e1sok, Eszterg\u00e1l\u00e1s, Hegeszt\u00e9s \/ k\u00e9miai megmunk\u00e1l\u00e1s, Gyors protot\u00edpusgy\u00e1rt\u00e1s, R\u00e9zs\u00fatol\u00e1s<\/div>\n<\/div>\n<div class=\"row\">\n<div class=\"cell label\">Term\u00e9k neve<\/div>\n<div class=\"cell value\">H\u0171t\u0151bord\u00e1k a nagy teljes\u00edtm\u00e9ny\u0171 IC chip laptop CPU h\u0171t\u0151 radi\u00e1tor h\u0171t\u0151bord\u00e1khoz<\/div>\n<\/div>\n<div class=\"row\">\n<div class=\"cell label\">Anyag<\/div>\n<div class=\"cell value\">alum\u00ednium\/rozsdamentes ac\u00e9l<\/div>\n<\/div>\n<div class=\"row\">\n<div class=\"cell label\">OEM\/ODM<\/div>\n<div class=\"cell value\">Nagy \u00f6r\u00f6mmel \u00fcdv\u00f6z\u00f6lj\u00fck<\/div>\n<\/div>\n<div class=\"row\">\n<div class=\"cell label\">Sz\u00ednes<\/div>\n<div class=\"cell value\">Testreszabott sz\u00edn<\/div>\n<\/div>\n<div class=\"row\">\n<div class=\"cell label\">MOQ<\/div>\n<div class=\"cell value\">1 db<\/div>\n<\/div>\n<div class=\"row\">\n<div class=\"cell label\">K\u00e9zbes\u00edt\u00e9si id\u0151<\/div>\n<div class=\"cell value\">3-7 nap a mint\u00e1hoz<\/div>\n<\/div>\n<div class=\"row\">\n<div class=\"cell label\">Tan\u00fas\u00edt\u00e1s<\/div>\n<div class=\"cell value\">RoHS<\/div>\n<\/div>\n<div class=\"row\">\n<div class=\"cell label\">Elad\u00f3 egys\u00e9gek<\/div>\n<div class=\"cell value\">Egyetlen t\u00e9tel<\/div>\n<\/div>\n<div class=\"row\">\n<div class=\"cell label\">Egyetlen csomagm\u00e9ret<\/div>\n<div class=\"cell value\">10X10X10 cm<\/div>\n<\/div>\n<div class=\"row\">\n<div class=\"cell label\">Egyetlen brutt\u00f3 t\u00f6meg<\/div>\n<div class=\"cell value\">0,020 KG<\/div>\n<\/div>\n<\/div>\n<p><\/p>\n<h2>Gy\u00e1rt\u00f3 b\u00e1zisunk<\/h2>\n<h3>Gy\u00e1ri panor\u00e1ma<\/h3>\n<p><img decoding=\"async\" src=\"\/wp-content\/uploads\/factory-01.webp\"\/><\/p>\n<h3>Alum\u00ednium r\u00fadgy\u00e1rt\u00f3 m\u0171hely<\/h3>\n<p><img decoding=\"async\" src=\"\/wp-content\/uploads\/factory-02.webp\"\/><\/p>\n<p><img decoding=\"async\" src=\"\/wp-content\/uploads\/factory-03.webp\"\/><\/p>\n<h3>Pen\u00e9sz rakt\u00e1r<\/h3>\n<p><img decoding=\"async\" src=\"\/wp-content\/uploads\/factory-04.webp\"\/><\/p>\n<h3>43 alum\u00ednium extrud\u00e1l\u00f3 vonal (500-5500 tonna)<\/h3>\n<p><img decoding=\"async\" src=\"\/wp-content\/uploads\/factory-05.webp\"\/><\/p>\n<p><img decoding=\"async\" src=\"\/wp-content\/uploads\/factory-06.webp\"\/><\/p>\n<p><img decoding=\"async\" src=\"\/wp-content\/uploads\/factory-07.webp\"\/><\/p>\n<h3>Porfest\u0151 m\u0171hely<\/h3>\n<p><img decoding=\"async\" src=\"\/wp-content\/uploads\/factory-09.webp\"\/><\/p>\n<h3>Anodiz\u00e1l\u00f3 m\u0171hely<\/h3>\n<p><img decoding=\"async\" src=\"\/wp-content\/uploads\/factory-10.webp\"\/><\/p>\n<h3>M\u00e9ly feldolgoz\u00e1si m\u0171hely<\/h3>\n<p><img decoding=\"async\" src=\"\/wp-content\/uploads\/factory-11.webp\"\/><\/p>\n<h3>CNC prec\u00edzi\u00f3s megmunk\u00e1l\u00f3 m\u0171hely<\/h3>\n<p><img decoding=\"async\" src=\"\/wp-content\/uploads\/factory-11.5.webp\"\/><\/p>\n<h3>K\u00e9szterm\u00e9k \u00e9s export rakt\u00e1r<\/h3>\n<p><img decoding=\"async\" src=\"\/wp-content\/uploads\/factory-12.webp\"\/><\/p>\n<p><img decoding=\"async\" src=\"\/wp-content\/uploads\/factory-13.webp\"\/><\/p>\n<p><img decoding=\"async\" src=\"\/wp-content\/uploads\/factory-14.webp\"\/><\/p>\n<h2>GYIK<\/h2>\n<p><strong>1. A sajtolt alum\u00ednium LED h\u0171t\u0151bord\u00e1t testre lehet-e szabni az adott alkalmaz\u00e1sokhoz?<\/strong><br \/>Igen, egyedi extrud\u00e1lt profilokat k\u00edn\u00e1lunk egyedi tervez\u00e9si k\u00f6vetelm\u00e9nyek teljes\u00edt\u00e9s\u00e9hez.<\/p>\n<p><strong>2. A h\u0171t\u0151borda kompatibilis az \u00f6sszes LED-t\u00edpussal?<\/strong><br \/>A h\u0171t\u0151bord\u00e1inkat \u00fagy tervezt\u00fck, hogy a LED-rendszerek sz\u00e9les sk\u00e1l\u00e1j\u00e1t t\u00e1mogass\u00e1k.<\/p>\n<p><strong>3. Milyen anyagokat haszn\u00e1lnak a LED h\u0171t\u0151bord\u00e1k gy\u00e1rt\u00e1s\u00e1hoz?<\/strong><br \/>A h\u0171t\u0151borda kiv\u00e1l\u00f3 min\u0151s\u00e9g\u0171 extrud\u00e1lt alum\u00edniumb\u00f3l k\u00e9sz\u00fclt az optim\u00e1lis h\u0151vezet\u00e9s \u00e9rdek\u00e9ben.<\/p>\n<p><strong>4. Haszn\u00e1lhat\u00f3-e a h\u0171t\u0151borda k\u00fclt\u00e9ri k\u00f6rnyezetben?<\/strong><br \/>Igen, korr\u00f3zi\u00f3\u00e1ll\u00f3 kivitelben, amely ide\u00e1lis k\u00fclt\u00e9ri haszn\u00e1latra.<\/p>\n<p><strong>5. Milyen m\u00e9retekben kaphat\u00f3 az extrud\u00e1lt alum\u00ednium LED h\u0171t\u0151borda?<\/strong><br \/>K\u00fcl\u00f6nb\u00f6z\u0151 szabv\u00e1nyos m\u00e9reteket \u00e9s egyedi m\u00e9reteket k\u00edn\u00e1lunk k\u00e9r\u00e9sre.<\/p>\n<p><strong>6. Hogyan jav\u00edtja a h\u0171t\u0151borda a LED teljes\u00edtm\u00e9ny\u00e9t?<\/strong><br \/>Hat\u00e9kony h\u0151elvezet\u00e9st biztos\u00edt, cs\u00f6kkentve a LED-alkatr\u00e9szek h\u0151terhel\u00e9s\u00e9t.<\/p>\n<p><strong>7. Biztos\u00edtanak technikai t\u00e1mogat\u00e1st a LED-rendszerekkel val\u00f3 integr\u00e1ci\u00f3hoz?<\/strong><br \/>Igen, csapatunk \u00e1tfog\u00f3 t\u00e1mogat\u00e1st ny\u00fajt a LED-projektek z\u00f6kken\u0151mentes integr\u00e1ci\u00f3j\u00e1hoz.<\/p>\n<p><\/p>","protected":false},"featured_media":10830,"template":"","categories":[72],"class_list":["post-10952","product","type-product","status-publish","has-post-thumbnail","hentry","category-extruded-aluminum-heatsink"],"meta_box":{"hilight_text_group":[{"product_hilight_text":"<li>Optimized thermal management for improved LED performance<\/li>\n<li>Lightweight design facilitates easy integration into various lighting fixtures<\/li>\n<li>High-efficiency heat dissipation enhances LED longevity<\/li>\n<li>Custom extrusion profiles available for tailored applications<\/li>\n<li>Corrosion-resistant finish for durability in challenging environments<\/li>"}],"feature_list":[]},"_links":{"self":[{"href":"https:\/\/sinoextrud.com\/hu\/wp-json\/wp\/v2\/product\/10952","targetHints":{"allow":["GET"]}}],"collection":[{"href":"https:\/\/sinoextrud.com\/hu\/wp-json\/wp\/v2\/product"}],"about":[{"href":"https:\/\/sinoextrud.com\/hu\/wp-json\/wp\/v2\/types\/product"}],"wp:featuredmedia":[{"embeddable":true,"href":"https:\/\/sinoextrud.com\/hu\/wp-json\/wp\/v2\/media\/10830"}],"wp:attachment":[{"href":"https:\/\/sinoextrud.com\/hu\/wp-json\/wp\/v2\/media?parent=10952"}],"wp:term":[{"taxonomy":"category","embeddable":true,"href":"https:\/\/sinoextrud.com\/hu\/wp-json\/wp\/v2\/categories?post=10952"}],"curies":[{"name":"wp","href":"https:\/\/api.w.org\/{rel}","templated":true}]}}