{"id":10951,"date":"2025-08-01T03:17:19","date_gmt":"2025-08-01T03:17:19","guid":{"rendered":"https:\/\/sinoextrud.com\/product\/anodize-aluminum-black-heat-sink-for-electronics\/"},"modified":"2025-08-01T03:17:19","modified_gmt":"2025-08-01T03:17:19","slug":"eloxalt-aluminium-fekete-hutoborda-elektronikahoz","status":"publish","type":"product","link":"https:\/\/sinoextrud.com\/hu\/product\/anodize-aluminum-black-heat-sink-for-electronics\/","title":{"rendered":"Anodize alum\u00ednium fekete h\u0171t\u0151borda elektronik\u00e1hoz"},"content":{"rendered":"<h2>Term\u00e9kek r\u00e9szletei<\/h2>\n<div class=\"product-table\">\n<div class=\"row\">\n<div class=\"cell label\">Fokozat<\/div>\n<div class=\"cell value\">6000-es sorozat<\/div>\n<\/div>\n<div class=\"row\">\n<div class=\"cell label\">Tolerancia<\/div>\n<div class=\"cell value\">\u00c2\u00b11%<\/div>\n<\/div>\n<div class=\"row\">\n<div class=\"cell label\">Sz\u00e1ll\u00edt\u00e1si id\u0151<\/div>\n<div class=\"cell value\">31-45 nap<\/div>\n<\/div>\n<div class=\"row\">\n<div class=\"cell label\">Temper<\/div>\n<div class=\"cell value\">T3-T8<\/div>\n<\/div>\n<div class=\"row\">\n<div class=\"cell label\">Alkalmaz\u00e1s<\/div>\n<div class=\"cell value\">led\/elektronika\/elektronikus\/processzor\/ipar<\/div>\n<\/div>\n<div class=\"row\">\n<div class=\"cell label\">Shape<\/div>\n<div class=\"cell value\">egy\u00e9ni<\/div>\n<\/div>\n<div class=\"row\">\n<div class=\"cell label\">\u00d6tv\u00f6zet vagy sem<\/div>\n<div class=\"cell value\">Az \u00f6tv\u00f6zet<\/div>\n<\/div>\n<div class=\"row\">\n<div class=\"cell label\">Feldolgoz\u00f3 szolg\u00e1ltat\u00e1s<\/div>\n<div class=\"cell value\">Hajl\u00edt\u00e1s, tekercsel\u00e9s, hegeszt\u00e9s, lyukaszt\u00e1s, v\u00e1g\u00e1s<\/div>\n<\/div>\n<div class=\"row\">\n<div class=\"cell label\">Term\u00e9k neve<\/div>\n<div class=\"cell value\">Egyedi alum\u00ednium h\u0171t\u0151borda<\/div>\n<\/div>\n<div class=\"row\">\n<div class=\"cell label\">Anyag<\/div>\n<div class=\"cell value\">6063 6061 6005 Alum\u00ednium \u00f6tv\u00f6zet<\/div>\n<\/div>\n<div class=\"row\">\n<div class=\"cell label\">Sz\u00ednes<\/div>\n<div class=\"cell value\">Ez\u00fcst, fekete, arany fekete \u00e9s \u00edgy tov\u00e1bb<\/div>\n<\/div>\n<div class=\"row\">\n<div class=\"cell label\">Fel\u00fcletkezel\u00e9s<\/div>\n<div class=\"cell value\">Mill Finish, elox\u00e1l\u00e1s, porbevonat<\/div>\n<\/div>\n<div class=\"row\">\n<div class=\"cell label\">Jellemz\u0151<\/div>\n<div class=\"cell value\">Magas korr\u00f3zi\u00f3\u00e1ll\u00f3s\u00e1g<\/div>\n<\/div>\n<div class=\"row\">\n<div class=\"cell label\">Alkalmaz\u00e1s<\/div>\n<div class=\"cell value\">termoelektromos h\u0171t\u0151k\/gener\u00e1torok, IGBT\/UPS h\u0171t\u0151rendszerek stb.<\/div>\n<\/div>\n<div class=\"row\">\n<div class=\"cell label\">Haszn\u00e1lat<\/div>\n<div class=\"cell value\">Led\/elektronika\/elektronikus\/processzor\/ipar<\/div>\n<\/div>\n<div class=\"row\">\n<div class=\"cell label\">Minta<\/div>\n<div class=\"cell value\">Ingyenes minta<\/div>\n<\/div>\n<div class=\"row\">\n<div class=\"cell label\">Hossz\u00fas\u00e1g<\/div>\n<div class=\"cell value\">Egy\u00e9ni hossz<\/div>\n<\/div>\n<div class=\"row\">\n<div class=\"cell label\">Szolg\u00e1ltat\u00e1s<\/div>\n<div class=\"cell value\">OEM ODM<\/div>\n<\/div>\n<div class=\"row\">\n<div class=\"cell label\">Elad\u00f3 egys\u00e9gek<\/div>\n<div class=\"cell value\">Egyetlen t\u00e9tel<\/div>\n<\/div>\n<div class=\"row\">\n<div class=\"cell label\">Egyetlen csomagm\u00e9ret<\/div>\n<div class=\"cell value\">15X10X10 cm<\/div>\n<\/div>\n<div class=\"row\">\n<div class=\"cell label\">Egyetlen brutt\u00f3 t\u00f6meg<\/div>\n<div class=\"cell value\">2.000 KG<\/div>\n<\/div>\n<\/div>\n<p><\/p>\n<h2>Gy\u00e1rt\u00f3 b\u00e1zisunk<\/h2>\n<h3>Gy\u00e1ri panor\u00e1ma<\/h3>\n<p><img decoding=\"async\" src=\"\/wp-content\/uploads\/factory-01.webp\"\/><\/p>\n<h3>Alum\u00ednium r\u00fadgy\u00e1rt\u00f3 m\u0171hely<\/h3>\n<p><img decoding=\"async\" src=\"\/wp-content\/uploads\/factory-02.webp\"\/><\/p>\n<p><img decoding=\"async\" src=\"\/wp-content\/uploads\/factory-03.webp\"\/><\/p>\n<h3>Pen\u00e9sz rakt\u00e1r<\/h3>\n<p><img decoding=\"async\" src=\"\/wp-content\/uploads\/factory-04.webp\"\/><\/p>\n<h3>43 alum\u00ednium extrud\u00e1l\u00f3 vonal (500-5500 tonna)<\/h3>\n<p><img decoding=\"async\" src=\"\/wp-content\/uploads\/factory-05.webp\"\/><\/p>\n<p><img decoding=\"async\" src=\"\/wp-content\/uploads\/factory-06.webp\"\/><\/p>\n<p><img decoding=\"async\" src=\"\/wp-content\/uploads\/factory-07.webp\"\/><\/p>\n<h3>Porfest\u0151 m\u0171hely<\/h3>\n<p><img decoding=\"async\" src=\"\/wp-content\/uploads\/factory-09.webp\"\/><\/p>\n<h3>Anodiz\u00e1l\u00f3 m\u0171hely<\/h3>\n<p><img decoding=\"async\" src=\"\/wp-content\/uploads\/factory-10.webp\"\/><\/p>\n<h3>M\u00e9ly feldolgoz\u00e1si m\u0171hely<\/h3>\n<p><img decoding=\"async\" src=\"\/wp-content\/uploads\/factory-11.webp\"\/><\/p>\n<h3>CNC prec\u00edzi\u00f3s megmunk\u00e1l\u00f3 m\u0171hely<\/h3>\n<p><img decoding=\"async\" src=\"\/wp-content\/uploads\/factory-11.5.webp\"\/><\/p>\n<h3>K\u00e9szterm\u00e9k \u00e9s export rakt\u00e1r<\/h3>\n<p><img decoding=\"async\" src=\"\/wp-content\/uploads\/factory-12.webp\"\/><\/p>\n<p><img decoding=\"async\" src=\"\/wp-content\/uploads\/factory-13.webp\"\/><\/p>\n<p><img decoding=\"async\" src=\"\/wp-content\/uploads\/factory-14.webp\"\/><\/p>\n<h2>GYIK<\/h2>\n<p><strong>1. Mi a f\u0151 funkci\u00f3ja az elox\u00e1lt alum\u00ednium fekete h\u0171t\u0151bord\u00e1nak?<\/strong><br \/>F\u0151 feladata az elektronikus alkatr\u00e9szek h\u0151j\u00e9nek hat\u00e9kony elvezet\u00e9se.<\/p>\n<p><strong>2. Testre szabhat\u00f3-e a h\u0171t\u0151borda speci\u00e1lis alkalmaz\u00e1sokhoz?<\/strong><br \/>Igen, a m\u00e9ret, az alak \u00e9s a r\u00f6gz\u00edt\u00e9si lehet\u0151s\u00e9gek testreszab\u00e1sa az \u00d6n ig\u00e9nyeihez igazodva lehets\u00e9ges.<\/p>\n<p><strong>3. Fontos az elox\u00e1lt fel\u00fclet a h\u0171t\u0151borda sz\u00e1m\u00e1ra?<\/strong><br \/>Igen, korr\u00f3zi\u00f3\u00e1ll\u00f3s\u00e1got biztos\u00edt \u00e9s n\u00f6veli a h\u0171t\u0151borda \u00e9lettartam\u00e1t.<\/p>\n<p><strong>4. Milyen ipar\u00e1gakban haszn\u00e1lnak \u00e1ltal\u00e1ban fekete elox\u00e1lt h\u0171t\u0151bord\u00e1kat?<\/strong><br \/>\u00c1ltal\u00e1ban az elektronik\u00e1ban, az aut\u00f3iparban \u00e9s az ipari alkalmaz\u00e1sokban haszn\u00e1lj\u00e1k \u0151ket h\u0151kezel\u00e9sre.<\/p>\n<p><strong>5. A sz\u00edn befoly\u00e1solja a h\u0171t\u0151borda teljes\u00edtm\u00e9ny\u00e9t?<\/strong><br \/>A fekete elox\u00e1l\u00e1s jav\u00edthatja a sug\u00e1rz\u00e1si k\u00e9pess\u00e9get, \u00edgy seg\u00edtve a h\u0151elvezet\u00e9st.<\/p>\n<p><strong>6. Hogyan tudom felm\u00e9rni, hogy ez a h\u0171t\u0151borda alkalmas-e az alkalmaz\u00e1somhoz?<\/strong><br \/>A k\u00e9sz\u00fcl\u00e9kekkel val\u00f3 kompatibilit\u00e1s biztos\u00edt\u00e1sa \u00e9rdek\u00e9ben tekintse meg adatlapjainkat \u00e9s h\u0151technikai specifik\u00e1ci\u00f3inkat.<\/p>\n<p><strong>7. Ezek a h\u0171t\u0151bord\u00e1k kaphat\u00f3k t\u00f6meges megrendel\u00e9sre?<\/strong><br \/>Igen, a B2B ig\u00e9nyeknek megfelel\u0151, testreszabhat\u00f3 funkci\u00f3kkal rendelkez\u0151 t\u00f6meges v\u00e1s\u00e1rl\u00e1si lehet\u0151s\u00e9gek \u00e1llnak rendelkez\u00e9sre.<\/p>\n<p><\/p>","protected":false},"featured_media":10780,"template":"","categories":[72],"class_list":["post-10951","product","type-product","status-publish","has-post-thumbnail","hentry","category-extruded-aluminum-heatsink"],"meta_box":{"hilight_text_group":[{"product_hilight_text":"<li>Efficient heat dissipation for enhanced performance<\/li>\n<li>Corrosion-resistant anodized finish for durability<\/li>\n<li>Customizable sizes and shapes to meet specific requirements<\/li>\n<li>Lightweight design suitable for various electronic applications<\/li>\n<li>Compatible with a wide range of electronic components<\/li>"}],"feature_list":[]},"_links":{"self":[{"href":"https:\/\/sinoextrud.com\/hu\/wp-json\/wp\/v2\/product\/10951","targetHints":{"allow":["GET"]}}],"collection":[{"href":"https:\/\/sinoextrud.com\/hu\/wp-json\/wp\/v2\/product"}],"about":[{"href":"https:\/\/sinoextrud.com\/hu\/wp-json\/wp\/v2\/types\/product"}],"wp:featuredmedia":[{"embeddable":true,"href":"https:\/\/sinoextrud.com\/hu\/wp-json\/wp\/v2\/media\/10780"}],"wp:attachment":[{"href":"https:\/\/sinoextrud.com\/hu\/wp-json\/wp\/v2\/media?parent=10951"}],"wp:term":[{"taxonomy":"category","embeddable":true,"href":"https:\/\/sinoextrud.com\/hu\/wp-json\/wp\/v2\/categories?post=10951"}],"curies":[{"name":"wp","href":"https:\/\/api.w.org\/{rel}","templated":true}]}}