{"id":10950,"date":"2025-08-01T03:17:16","date_gmt":"2025-08-01T03:17:16","guid":{"rendered":"https:\/\/sinoextrud.com\/product\/aluminum-water-cooling-plate-for-new-energy-systems\/"},"modified":"2025-08-01T03:17:16","modified_gmt":"2025-08-01T03:17:16","slug":"aluminium-vizhuto-lemez-uj-energiarendszerekhez","status":"publish","type":"product","link":"https:\/\/sinoextrud.com\/hu\/product\/aluminum-water-cooling-plate-for-new-energy-systems\/","title":{"rendered":"Alum\u00ednium v\u00edzh\u0171t\u0151 lemez az \u00faj energiarendszerekhez"},"content":{"rendered":"<h2>Term\u00e9kek r\u00e9szletei<\/h2>\n<div class=\"product-table\">\n<div class=\"row\">\n<div class=\"cell label\">Fokozat<\/div>\n<div class=\"cell value\">1000-es sorozat<\/div>\n<\/div>\n<div class=\"row\">\n<div class=\"cell label\">Tolerancia<\/div>\n<div class=\"cell value\">\u00c2\u00b13%<\/div>\n<\/div>\n<div class=\"row\">\n<div class=\"cell label\">Sz\u00e1ll\u00edt\u00e1si id\u0151<\/div>\n<div class=\"cell value\">8-14 nap<\/div>\n<\/div>\n<div class=\"row\">\n<div class=\"cell label\">Temper<\/div>\n<div class=\"cell value\">T3-T8<\/div>\n<\/div>\n<div class=\"row\">\n<div class=\"cell label\">Alkalmaz\u00e1s<\/div>\n<div class=\"cell value\">alum\u00ednium gerenda nyomtat\u00f3hoz<\/div>\n<\/div>\n<div class=\"row\">\n<div class=\"cell label\">Shape<\/div>\n<div class=\"cell value\">t\u00e9glalap<\/div>\n<\/div>\n<div class=\"row\">\n<div class=\"cell label\">\u00d6tv\u00f6zet vagy sem<\/div>\n<div class=\"cell value\">Az \u00f6tv\u00f6zet<\/div>\n<\/div>\n<div class=\"row\">\n<div class=\"cell label\">Feldolgoz\u00f3 szolg\u00e1ltat\u00e1s<\/div>\n<div class=\"cell value\">Hajl\u00edt\u00e1s, tekercsel\u00e9s, hegeszt\u00e9s, lyukaszt\u00e1s, v\u00e1g\u00e1s<\/div>\n<\/div>\n<div class=\"row\">\n<div class=\"cell label\">Fizet\u00e9si hat\u00e1rid\u0151<\/div>\n<div class=\"cell value\">T\/T, L\/C<\/div>\n<\/div>\n<div class=\"row\">\n<div class=\"cell label\">A legnagyobb keresztmetszet<\/div>\n<div class=\"cell value\">5mm-700mm<\/div>\n<\/div>\n<div class=\"row\">\n<div class=\"cell label\">MOQ<\/div>\n<div class=\"cell value\">1kg<\/div>\n<\/div>\n<div class=\"row\">\n<div class=\"cell label\">Anyag \u00e9s h\u0151m\u00e9rs\u00e9klet<\/div>\n<div class=\"cell value\">6063 6061 6005 \u00f6tv\u00f6z\u00f6tt alum\u00ednium<\/div>\n<\/div>\n<div class=\"row\">\n<div class=\"cell label\">Sz\u00ednes<\/div>\n<div class=\"cell value\">Ez\u00fcst Feh\u00e9r, fekete<\/div>\n<\/div>\n<div class=\"row\">\n<div class=\"cell label\">M\u00e9ly folyamat<\/div>\n<div class=\"cell value\">CNC alatt<\/div>\n<\/div>\n<div class=\"row\">\n<div class=\"cell label\">Fel\u00fcletkezel\u00e9s<\/div>\n<div class=\"cell value\">elox\u00e1lt vagy elektrofor\u00e9zis, homokf\u00fav\u00e1s<\/div>\n<\/div>\n<div class=\"row\">\n<div class=\"cell label\">Tan\u00fas\u00edt\u00e1s<\/div>\n<div class=\"cell value\">ISO9001<\/div>\n<\/div>\n<div class=\"row\">\n<div class=\"cell label\">OEM \/ ODM szolg\u00e1ltat\u00e1s<\/div>\n<div class=\"cell value\">Igen<\/div>\n<\/div>\n<div class=\"row\">\n<div class=\"cell label\">ny\u00edl\u00e1sm\u00e9ret<\/div>\n<div class=\"cell value\">6mm, 8mm, 10mm<\/div>\n<\/div>\n<div class=\"row\">\n<div class=\"cell label\">Elad\u00f3 egys\u00e9gek<\/div>\n<div class=\"cell value\">Egyetlen t\u00e9tel<\/div>\n<\/div>\n<div class=\"row\">\n<div class=\"cell label\">Egyetlen csomagm\u00e9ret<\/div>\n<div class=\"cell value\">4X4X1 cm<\/div>\n<\/div>\n<div class=\"row\">\n<div class=\"cell label\">Egyetlen brutt\u00f3 t\u00f6meg<\/div>\n<div class=\"cell value\">2.000 KG<\/div>\n<\/div>\n<\/div>\n<p><\/p>\n<h2>Gy\u00e1rt\u00f3 b\u00e1zisunk<\/h2>\n<h3>Gy\u00e1ri panor\u00e1ma<\/h3>\n<p><img decoding=\"async\" src=\"\/wp-content\/uploads\/factory-01.webp\"\/><\/p>\n<h3>Alum\u00ednium r\u00fadgy\u00e1rt\u00f3 m\u0171hely<\/h3>\n<p><img decoding=\"async\" src=\"\/wp-content\/uploads\/factory-02.webp\"\/><\/p>\n<p><img decoding=\"async\" src=\"\/wp-content\/uploads\/factory-03.webp\"\/><\/p>\n<h3>Pen\u00e9sz rakt\u00e1r<\/h3>\n<p><img decoding=\"async\" src=\"\/wp-content\/uploads\/factory-04.webp\"\/><\/p>\n<h3>43 alum\u00ednium extrud\u00e1l\u00f3 vonal (500-5500 tonna)<\/h3>\n<p><img decoding=\"async\" src=\"\/wp-content\/uploads\/factory-05.webp\"\/><\/p>\n<p><img decoding=\"async\" src=\"\/wp-content\/uploads\/factory-06.webp\"\/><\/p>\n<p><img decoding=\"async\" src=\"\/wp-content\/uploads\/factory-07.webp\"\/><\/p>\n<h3>Porfest\u0151 m\u0171hely<\/h3>\n<p><img decoding=\"async\" src=\"\/wp-content\/uploads\/factory-09.webp\"\/><\/p>\n<h3>Anodiz\u00e1l\u00f3 m\u0171hely<\/h3>\n<p><img decoding=\"async\" src=\"\/wp-content\/uploads\/factory-10.webp\"\/><\/p>\n<h3>M\u00e9ly feldolgoz\u00e1si m\u0171hely<\/h3>\n<p><img decoding=\"async\" src=\"\/wp-content\/uploads\/factory-11.webp\"\/><\/p>\n<h3>CNC prec\u00edzi\u00f3s megmunk\u00e1l\u00f3 m\u0171hely<\/h3>\n<p><img decoding=\"async\" src=\"\/wp-content\/uploads\/factory-11.5.webp\"\/><\/p>\n<h3>K\u00e9szterm\u00e9k \u00e9s export rakt\u00e1r<\/h3>\n<p><img decoding=\"async\" src=\"\/wp-content\/uploads\/factory-12.webp\"\/><\/p>\n<p><img decoding=\"async\" src=\"\/wp-content\/uploads\/factory-13.webp\"\/><\/p>\n<p><img decoding=\"async\" src=\"\/wp-content\/uploads\/factory-14.webp\"\/><\/p>\n<h2>GYIK<\/h2>\n<p><strong>1. Mi az alum\u00ednium v\u00edzh\u0171t\u0151 lemez els\u0151dleges funkci\u00f3ja?<\/strong><br \/>Els\u0151dleges feladata az \u00faj energiarendszerek hat\u00e9kony h\u0151kezel\u00e9s\u00e9nek biztos\u00edt\u00e1sa.<\/p>\n<p><strong>2. A h\u0171t\u0151lemez testre szabhat\u00f3 a k\u00fcl\u00f6nb\u00f6z\u0151 alkalmaz\u00e1sokhoz?<\/strong><br \/>Igen, egyedi terveket k\u00edn\u00e1lunk a k\u00fcl\u00f6nb\u00f6z\u0151 specifik\u00e1ci\u00f3khoz \u00e9s projektekhez.<\/p>\n<p><strong>3. Milyen anyagokat haszn\u00e1lnak a h\u0171t\u0151lemez \u00e9p\u00edt\u00e9s\u00e9hez?<\/strong><br \/>A h\u0171t\u0151lemez kiv\u00e1l\u00f3 min\u0151s\u00e9g\u0171 alum\u00edniumb\u00f3l k\u00e9sz\u00fclt a tart\u00f3ss\u00e1g \u00e9s a hat\u00e9kony h\u0171t\u00e9s \u00e9rdek\u00e9ben.<\/p>\n<p><strong>4. Alkalmas-e ez a term\u00e9k elektromos j\u00e1rm\u0171vekben val\u00f3 haszn\u00e1latra?<\/strong><br \/>Igen, ide\u00e1lis az elektromos j\u00e1rm\u0171vekben alkalmazott h\u0151kezel\u00e9shez.<\/p>\n<p><strong>5. Hogyan n\u00f6veli a h\u0171t\u0151lemez az energiahat\u00e9konys\u00e1got?<\/strong><br \/>A h\u0151 hat\u00e9kony elvezet\u00e9s\u00e9vel hozz\u00e1j\u00e1rul az energiarendszerek \u00e1ltal\u00e1nos hat\u00e9konys\u00e1g\u00e1nak jav\u00edt\u00e1s\u00e1hoz.<\/p>\n<p><strong>6. Vannak m\u00e9retv\u00e1laszt\u00e1si lehet\u0151s\u00e9gek a h\u0171t\u0151lemezhez?<\/strong><br \/>Igen, k\u00fcl\u00f6nb\u00f6z\u0151 m\u00e9retv\u00e1laszt\u00e9kokat k\u00edn\u00e1lunk a k\u00fcl\u00f6nb\u00f6z\u0151 ig\u00e9nyek kiel\u00e9g\u00edt\u00e9s\u00e9re.<\/p>\n<p><strong>7. Van-e a term\u00e9kre garancia?<\/strong><br \/>Igen, az alum\u00ednium v\u00edzh\u0171t\u0151 lemezek a min\u0151s\u00e9gbiztos\u00edt\u00e1s \u00e9rdek\u00e9ben szabv\u00e1nyos garanci\u00e1val rendelkeznek.<\/p>\n<p><\/p>","protected":false},"featured_media":10779,"template":"","categories":[55],"class_list":["post-10950","product","type-product","status-publish","has-post-thumbnail","hentry","category-extruded-aluminum-profiles"],"meta_box":{"hilight_text_group":[{"product_hilight_text":"<li>Efficient thermal management for new energy applications<\/li>\n<li>High-quality aluminum construction for durability and performance<\/li>\n<li>Custom designs available to meet specific project requirements<\/li>\n<li>Lightweight and compact design for easy integration<\/li>\n<li>Suitable for various new energy sectors including automotive and solar<\/li>"}],"feature_list":[]},"_links":{"self":[{"href":"https:\/\/sinoextrud.com\/hu\/wp-json\/wp\/v2\/product\/10950","targetHints":{"allow":["GET"]}}],"collection":[{"href":"https:\/\/sinoextrud.com\/hu\/wp-json\/wp\/v2\/product"}],"about":[{"href":"https:\/\/sinoextrud.com\/hu\/wp-json\/wp\/v2\/types\/product"}],"wp:featuredmedia":[{"embeddable":true,"href":"https:\/\/sinoextrud.com\/hu\/wp-json\/wp\/v2\/media\/10779"}],"wp:attachment":[{"href":"https:\/\/sinoextrud.com\/hu\/wp-json\/wp\/v2\/media?parent=10950"}],"wp:term":[{"taxonomy":"category","embeddable":true,"href":"https:\/\/sinoextrud.com\/hu\/wp-json\/wp\/v2\/categories?post=10950"}],"curies":[{"name":"wp","href":"https:\/\/api.w.org\/{rel}","templated":true}]}}