{"id":10947,"date":"2025-08-01T03:17:09","date_gmt":"2025-08-01T03:17:09","guid":{"rendered":"https:\/\/sinoextrud.com\/product\/anodizing-aluminum-cable-trunking-for-wiring-systems\/"},"modified":"2025-08-01T03:17:09","modified_gmt":"2025-08-01T03:17:09","slug":"eloxalo-aluminium-kabelcsatorna-vezetekrendszerekhez","status":"publish","type":"product","link":"https:\/\/sinoextrud.com\/hu\/product\/anodizing-aluminum-cable-trunking-for-wiring-systems\/","title":{"rendered":"Alum\u00ednium k\u00e1belcsatorn\u00e1k elox\u00e1l\u00e1sa vezet\u00e9krendszerekhez"},"content":{"rendered":"<h2>Term\u00e9kek r\u00e9szletei<\/h2>\n<div class=\"product-table\">\n<div class=\"row\">\n<div class=\"cell label\">T\u00edpus<\/div>\n<div class=\"cell value\">Egy\u00e9b<\/div>\n<\/div>\n<div class=\"row\">\n<div class=\"cell label\">St\u00edlus<\/div>\n<div class=\"cell value\">K\u00e1belcsatorna<\/div>\n<\/div>\n<div class=\"row\">\n<div class=\"cell label\">Fel\u00fcletkezel\u00e9s<\/div>\n<div class=\"cell value\">alum\u00ednium<\/div>\n<\/div>\n<div class=\"row\">\n<div class=\"cell label\">Sz\u00ednes<\/div>\n<div class=\"cell value\">Testreszabott<\/div>\n<\/div>\n<div class=\"row\">\n<div class=\"cell label\">Minta<\/div>\n<div class=\"cell value\">Ingyenes<\/div>\n<\/div>\n<div class=\"row\">\n<div class=\"cell label\">Testreszabott<\/div>\n<div class=\"cell value\">Az \u00fcgyfelek specifik\u00e1ci\u00f3i szerint<\/div>\n<\/div>\n<div class=\"row\">\n<div class=\"cell label\">\u00dczlet t\u00edpusa<\/div>\n<div class=\"cell value\">kereskedelem \u00e9s gy\u00e1rt\u00e1s<\/div>\n<\/div>\n<div class=\"row\">\n<div class=\"cell label\">A v\u00e1llalat t\u00edpusa<\/div>\n<div class=\"cell value\">Gy\u00e1rt\u00f3<\/div>\n<\/div>\n<div class=\"row\">\n<div class=\"cell label\">Vastags\u00e1g<\/div>\n<div class=\"cell value\">0.8-3.0mm<\/div>\n<\/div>\n<div class=\"row\">\n<div class=\"cell label\">Jellemz\u0151<\/div>\n<div class=\"cell value\">Korr\u00f3zi\u00f3\u00e1ll\u00f3s\u00e1g<\/div>\n<\/div>\n<div class=\"row\">\n<div class=\"cell label\">MOQ<\/div>\n<div class=\"cell value\">2 m\u00e9ter<\/div>\n<\/div>\n<div class=\"row\">\n<div class=\"cell label\">Csomagol\u00e1s r\u00e9szletei<\/div>\n<div class=\"cell value\">Karton doboz vagy m\u00e1s csomagol\u00e1si m\u00f3dszerek alum\u00ednium fut\u00f3p\u00e1lya sz\u00e1m\u00e1ra.<\/div>\n<\/div>\n<div class=\"row\">\n<div class=\"cell label\">Kik\u00fcld\u0151 kik\u00f6t\u0151<\/div>\n<div class=\"cell value\">SHANGHAI<\/div>\n<\/div>\n<div class=\"row\">\n<div class=\"cell label\">Elad\u00f3 egys\u00e9gek<\/div>\n<div class=\"cell value\">Egyetlen t\u00e9tel<\/div>\n<\/div>\n<div class=\"row\">\n<div class=\"cell label\">Egyetlen csomagm\u00e9ret<\/div>\n<div class=\"cell value\">50X5X5 cm<\/div>\n<\/div>\n<div class=\"row\">\n<div class=\"cell label\">Egyetlen brutt\u00f3 t\u00f6meg<\/div>\n<div class=\"cell value\">2.000 KG<\/div>\n<\/div>\n<div class=\"row\">\n<div class=\"cell label\">Ell\u00e1t\u00e1si k\u00e9pess\u00e9g<\/div>\n<div class=\"cell value\">1000 m\u00e9ter naponta<\/div>\n<\/div>\n<\/div>\n<p><\/p>\n<h2>Gy\u00e1rt\u00f3 b\u00e1zisunk<\/h2>\n<h3>Gy\u00e1ri panor\u00e1ma<\/h3>\n<p><img decoding=\"async\" src=\"\/wp-content\/uploads\/factory-01.webp\"\/><\/p>\n<h3>Alum\u00ednium r\u00fadgy\u00e1rt\u00f3 m\u0171hely<\/h3>\n<p><img decoding=\"async\" src=\"\/wp-content\/uploads\/factory-02.webp\"\/><\/p>\n<p><img decoding=\"async\" src=\"\/wp-content\/uploads\/factory-03.webp\"\/><\/p>\n<h3>Pen\u00e9sz rakt\u00e1r<\/h3>\n<p><img decoding=\"async\" src=\"\/wp-content\/uploads\/factory-04.webp\"\/><\/p>\n<h3>43 alum\u00ednium extrud\u00e1l\u00f3 vonal (500-5500 tonna)<\/h3>\n<p><img decoding=\"async\" src=\"\/wp-content\/uploads\/factory-05.webp\"\/><\/p>\n<p><img decoding=\"async\" src=\"\/wp-content\/uploads\/factory-06.webp\"\/><\/p>\n<p><img decoding=\"async\" src=\"\/wp-content\/uploads\/factory-07.webp\"\/><\/p>\n<h3>Porfest\u0151 m\u0171hely<\/h3>\n<p><img decoding=\"async\" src=\"\/wp-content\/uploads\/factory-09.webp\"\/><\/p>\n<h3>Anodiz\u00e1l\u00f3 m\u0171hely<\/h3>\n<p><img decoding=\"async\" src=\"\/wp-content\/uploads\/factory-10.webp\"\/><\/p>\n<h3>M\u00e9ly feldolgoz\u00e1si m\u0171hely<\/h3>\n<p><img decoding=\"async\" src=\"\/wp-content\/uploads\/factory-11.webp\"\/><\/p>\n<h3>CNC prec\u00edzi\u00f3s megmunk\u00e1l\u00f3 m\u0171hely<\/h3>\n<p><img decoding=\"async\" src=\"\/wp-content\/uploads\/factory-11.5.webp\"\/><\/p>\n<h3>K\u00e9szterm\u00e9k \u00e9s export rakt\u00e1r<\/h3>\n<p><img decoding=\"async\" src=\"\/wp-content\/uploads\/factory-12.webp\"\/><\/p>\n<p><img decoding=\"async\" src=\"\/wp-content\/uploads\/factory-13.webp\"\/><\/p>\n<p><img decoding=\"async\" src=\"\/wp-content\/uploads\/factory-14.webp\"\/><\/p>\n<h2>GYIK<\/h2>\n<p><strong>1. Mi az elox\u00e1l\u00e1s az alum\u00ednium k\u00e1belcsatorn\u00e1kban?<\/strong><br \/>Az elox\u00e1l\u00e1s egy elektrok\u00e9miai elj\u00e1r\u00e1s, amely n\u00f6veli az alum\u00edniumfel\u00fcletek tart\u00f3ss\u00e1g\u00e1t \u00e9s megakad\u00e1lyozza a korr\u00f3zi\u00f3t.<\/p>\n<p><strong>2. Testre szabhatjuk a k\u00e1belcsatorna m\u00e9ret\u00e9t?<\/strong><br \/>Igen, alum\u00ednium k\u00e1belcsatorn\u00e1nkat az \u00d6n egyedi m\u00e9retig\u00e9nyeihez igaz\u00edthatjuk.<\/p>\n<p><strong>3. Az elox\u00e1lt alum\u00ednium k\u00e1belcsatorna alkalmas k\u00fclt\u00e9ri haszn\u00e1latra?<\/strong><br \/>Igen, korr\u00f3zi\u00f3\u00e1ll\u00f3 tulajdons\u00e1gai miatt ide\u00e1lis k\u00fclt\u00e9ri alkalmaz\u00e1sokhoz.<\/p>\n<p><strong>4. Milyen el\u0151ny\u00f6kkel j\u00e1r a k\u00f6nny\u0171szerkezetes kialak\u00edt\u00e1s a telep\u00edt\u00e9s szempontj\u00e1b\u00f3l?<\/strong><br \/>K\u00f6nny\u0171 s\u00falya lehet\u0151v\u00e9 teszi a k\u00f6nnyebb kezelhet\u0151s\u00e9get \u00e9s telep\u00edt\u00e9st, ami cs\u00f6kkenti a munkaer\u0151k\u00f6lts\u00e9geket.<\/p>\n<p><strong>5. Testre szabhat\u00f3 a kivitel?<\/strong><br \/>Igen, k\u00fcl\u00f6nb\u00f6z\u0151 kivitelek \u00e1llnak rendelkez\u00e9sre, hogy megfeleljenek eszt\u00e9tikai \u00e9s funkcion\u00e1lis ig\u00e9nyeinek.<\/p>\n<p><strong>6. Az alum\u00ednium anyag k\u00f6rnyezetbar\u00e1t?<\/strong><br \/>Igen, az alum\u00ednium \u00fajrahasznos\u00edthat\u00f3 anyag, \u00edgy fenntarthat\u00f3 v\u00e1laszt\u00e1s a k\u00e1belcsatorn\u00e1khoz.<\/p>\n<p><strong>7. K\u00edn\u00e1lnak nemzetk\u00f6zi sz\u00e1ll\u00edt\u00e1st a k\u00e1belcsatorn\u00e1khoz?<\/strong><br \/>Igen, \u00e1tfog\u00f3 nemzetk\u00f6zi sz\u00e1ll\u00edt\u00e1si megold\u00e1sokat k\u00edn\u00e1lunk az \u00d6n ig\u00e9nyeinek megfelel\u0151en.<\/p>\n<p><\/p>","protected":false},"featured_media":10835,"template":"","categories":[55],"class_list":["post-10947","product","type-product","status-publish","has-post-thumbnail","hentry","category-extruded-aluminum-profiles"],"meta_box":{"hilight_text_group":[{"product_hilight_text":"<li>Made from high-strength anodized aluminum for enhanced durability<\/li>\n<li>Customizable dimensions and finishes to suit specific B2B needs<\/li>\n<li>Lightweight design for easy installation and maintenance<\/li>\n<li>Corrosion-resistant for both indoor and outdoor applications<\/li>\n<li>Supports large-scale OEM and ODM production<\/li>"}],"feature_list":[]},"_links":{"self":[{"href":"https:\/\/sinoextrud.com\/hu\/wp-json\/wp\/v2\/product\/10947","targetHints":{"allow":["GET"]}}],"collection":[{"href":"https:\/\/sinoextrud.com\/hu\/wp-json\/wp\/v2\/product"}],"about":[{"href":"https:\/\/sinoextrud.com\/hu\/wp-json\/wp\/v2\/types\/product"}],"wp:featuredmedia":[{"embeddable":true,"href":"https:\/\/sinoextrud.com\/hu\/wp-json\/wp\/v2\/media\/10835"}],"wp:attachment":[{"href":"https:\/\/sinoextrud.com\/hu\/wp-json\/wp\/v2\/media?parent=10947"}],"wp:term":[{"taxonomy":"category","embeddable":true,"href":"https:\/\/sinoextrud.com\/hu\/wp-json\/wp\/v2\/categories?post=10947"}],"curies":[{"name":"wp","href":"https:\/\/api.w.org\/{rel}","templated":true}]}}