{"id":10946,"date":"2025-08-01T03:17:08","date_gmt":"2025-08-01T03:17:08","guid":{"rendered":"https:\/\/sinoextrud.com\/product\/aluminum-terminal-for-electronic-assemblies\/"},"modified":"2025-08-01T03:17:08","modified_gmt":"2025-08-01T03:17:08","slug":"aluminium-terminal-elektronikus-szerelvenyekhez","status":"publish","type":"product","link":"https:\/\/sinoextrud.com\/hu\/product\/aluminum-terminal-for-electronic-assemblies\/","title":{"rendered":"Alum\u00ednium termin\u00e1l elektronikus szerelv\u00e9nyekhez"},"content":{"rendered":"<h2>Term\u00e9kek r\u00e9szletei<\/h2>\n<div class=\"product-table\">\n<div class=\"row\">\n<div class=\"cell label\">Term\u00e9k neve<\/div>\n<div class=\"cell value\">Termin\u00e1l b\u00e9lyegz\u0151 alkatr\u00e9szek<\/div>\n<\/div>\n<div class=\"row\">\n<div class=\"cell label\">Anyag<\/div>\n<div class=\"cell value\">Rozsdamentes ac\u00e9l \/ sz\u00e9nac\u00e9l \/ alum\u00ednium \/ s\u00e1rgar\u00e9z \/ r\u00e9z \/ tit\u00e1n stb.<\/div>\n<\/div>\n<div class=\"row\">\n<div class=\"cell label\">Fel\u00fcletkezel\u00e9s<\/div>\n<div class=\"cell value\">Elox\u00e1l\u00e1s\/Plat\u00edroz\u00e1s\/Power coating\/h\u0151kezel\u00e9s\/oxid\u00e1l\u00e1s\/pol\u00edroz\u00e1s\/stb.<\/div>\n<\/div>\n<div class=\"row\">\n<div class=\"cell label\">Szolg\u00e1ltat\u00e1s<\/div>\n<div class=\"cell value\">OEM testreszabott szolg\u00e1ltat\u00e1sok<\/div>\n<\/div>\n<div class=\"row\">\n<div class=\"cell label\">M\u00e9ret<\/div>\n<div class=\"cell value\">Testreszabott m\u00e9ret<\/div>\n<\/div>\n<div class=\"row\">\n<div class=\"cell label\">Sz\u00ednes<\/div>\n<div class=\"cell value\">Testreszabott sz\u00edn<\/div>\n<\/div>\n<div class=\"row\">\n<div class=\"cell label\">Log\u00f3<\/div>\n<div class=\"cell value\">Elfogadja az egyedi log\u00f3t<\/div>\n<\/div>\n<div class=\"row\">\n<div class=\"cell label\">Standard<\/div>\n<div class=\"cell value\">Standard f\u00e9m alkatr\u00e9szek<\/div>\n<\/div>\n<div class=\"row\">\n<div class=\"cell label\">Haszn\u00e1lat<\/div>\n<div class=\"cell value\">Ipari felhaszn\u00e1l\u00e1s<\/div>\n<\/div>\n<div class=\"row\">\n<div class=\"cell label\">Csomagol\u00e1s<\/div>\n<div class=\"cell value\">\u00dcgyf\u00e9l k\u00e9r\u00e9se<\/div>\n<\/div>\n<div class=\"row\">\n<div class=\"cell label\">Elad\u00f3 egys\u00e9gek<\/div>\n<div class=\"cell value\">Egyetlen t\u00e9tel<\/div>\n<\/div>\n<div class=\"row\">\n<div class=\"cell label\">Egyetlen csomagm\u00e9ret<\/div>\n<div class=\"cell value\">10X9X8 cm<\/div>\n<\/div>\n<div class=\"row\">\n<div class=\"cell label\">Egyetlen brutt\u00f3 t\u00f6meg<\/div>\n<div class=\"cell value\">0.500 KG<\/div>\n<\/div>\n<\/div>\n<p><\/p>\n<h2>Gy\u00e1rt\u00f3 b\u00e1zisunk<\/h2>\n<h3>Gy\u00e1ri panor\u00e1ma<\/h3>\n<p><img decoding=\"async\" src=\"\/wp-content\/uploads\/factory-01.webp\"\/><\/p>\n<h3>Alum\u00ednium r\u00fadgy\u00e1rt\u00f3 m\u0171hely<\/h3>\n<p><img decoding=\"async\" src=\"\/wp-content\/uploads\/factory-02.webp\"\/><\/p>\n<p><img decoding=\"async\" src=\"\/wp-content\/uploads\/factory-03.webp\"\/><\/p>\n<h3>Pen\u00e9sz rakt\u00e1r<\/h3>\n<p><img decoding=\"async\" src=\"\/wp-content\/uploads\/factory-04.webp\"\/><\/p>\n<h3>43 alum\u00ednium extrud\u00e1l\u00f3 vonal (500-5500 tonna)<\/h3>\n<p><img decoding=\"async\" src=\"\/wp-content\/uploads\/factory-05.webp\"\/><\/p>\n<p><img decoding=\"async\" src=\"\/wp-content\/uploads\/factory-06.webp\"\/><\/p>\n<p><img decoding=\"async\" src=\"\/wp-content\/uploads\/factory-07.webp\"\/><\/p>\n<h3>Porfest\u0151 m\u0171hely<\/h3>\n<p><img decoding=\"async\" src=\"\/wp-content\/uploads\/factory-09.webp\"\/><\/p>\n<h3>Anodiz\u00e1l\u00f3 m\u0171hely<\/h3>\n<p><img decoding=\"async\" src=\"\/wp-content\/uploads\/factory-10.webp\"\/><\/p>\n<h3>M\u00e9ly feldolgoz\u00e1si m\u0171hely<\/h3>\n<p><img decoding=\"async\" src=\"\/wp-content\/uploads\/factory-11.webp\"\/><\/p>\n<h3>CNC prec\u00edzi\u00f3s megmunk\u00e1l\u00f3 m\u0171hely<\/h3>\n<p><img decoding=\"async\" src=\"\/wp-content\/uploads\/factory-11.5.webp\"\/><\/p>\n<h3>K\u00e9szterm\u00e9k \u00e9s export rakt\u00e1r<\/h3>\n<p><img decoding=\"async\" src=\"\/wp-content\/uploads\/factory-12.webp\"\/><\/p>\n<p><img decoding=\"async\" src=\"\/wp-content\/uploads\/factory-13.webp\"\/><\/p>\n<p><img decoding=\"async\" src=\"\/wp-content\/uploads\/factory-14.webp\"\/><\/p>\n<h2>GYIK<\/h2>\n<p><strong>1. Mik a f\u0151 el\u0151nyei az alum\u00ednium termin\u00e1l haszn\u00e1lat\u00e1nak az elektronik\u00e1ban?<\/strong><br \/>Az alum\u00ednium csatlakoz\u00f3k nagy vezet\u0151k\u00e9pess\u00e9get \u00e9s korr\u00f3zi\u00f3\u00e1ll\u00f3s\u00e1got biztos\u00edtanak, ide\u00e1lisak az elektronikus csatlakoztathat\u00f3s\u00e1g fokoz\u00e1s\u00e1ra.<\/p>\n<p><strong>2. Haszn\u00e1lhat\u00f3k-e alum\u00ednium termin\u00e1lok nagyfrekvenci\u00e1s alkalmaz\u00e1sokban?<\/strong><br \/>Igen, kialak\u00edt\u00e1suk lehet\u0151v\u00e9 teszi, hogy az elektronikus eszk\u00f6z\u00f6kben sz\u00e9les frekvenciatartom\u00e1nyban alkalmazhat\u00f3ak legyenek.<\/p>\n<p><strong>3. Lehets\u00e9ges az alum\u00ednium termin\u00e1l m\u00e9ret\u00e9nek testreszab\u00e1sa?<\/strong><br \/>Igen, testreszab\u00e1si lehet\u0151s\u00e9geket k\u00edn\u00e1lunk az elektronikus alkalmaz\u00e1sok egyedi k\u00f6vetelm\u00e9nyeihez.<\/p>\n<p><strong>4. Milyen az alum\u00ednium termin\u00e1lok korr\u00f3zi\u00f3\u00e1ll\u00f3s\u00e1ga a t\u00f6bbi termin\u00e1lhoz k\u00e9pest?<\/strong><br \/>Alum\u00ednium csatlakoz\u00f3ink kiv\u00e1l\u00f3 korr\u00f3zi\u00f3\u00e1ll\u00f3 bevonattal rendelkeznek, ami meghosszabb\u00edtja az elektronikus alkatr\u00e9szek \u00e9lettartam\u00e1t.<\/p>\n<p><strong>5. Alkalmasak-e az alum\u00ednium termin\u00e1lok k\u00fclt\u00e9ri elektronikai alkalmaz\u00e1sokhoz?<\/strong><br \/>Igen, tart\u00f3ss\u00e1guknak \u00e9s korr\u00f3zi\u00f3\u00e1ll\u00f3 tulajdons\u00e1gaiknak k\u00f6sz\u00f6nhet\u0151en k\u00fclt\u00e9ri haszn\u00e1latra is alkalmasak.<\/p>\n<p><strong>6. Mennyi a minim\u00e1lis rendel\u00e9si mennyis\u00e9g az egyedi alum\u00ednium termin\u00e1lok eset\u00e9ben?<\/strong><br \/>A MOQ a testreszab\u00e1si k\u00f6vetelm\u00e9nyekt\u0151l f\u00fcgg\u0151en v\u00e1ltozik, \u00e1ltal\u00e1ban 1000 darabt\u00f3l kezd\u0151dik.<\/p>\n<p><strong>7. Ny\u00fajtanak technikai t\u00e1mogat\u00e1st az alum\u00ednium termin\u00e1lok integr\u00e1l\u00e1s\u00e1hoz?<\/strong><br \/>Igen, \u00e1tfog\u00f3 technikai t\u00e1mogat\u00e1st ny\u00fajtunk az elektronikus rendszerekbe val\u00f3 z\u00f6kken\u0151mentes integr\u00e1ci\u00f3 \u00e9rdek\u00e9ben.<\/p>\n<p><\/p>","protected":false},"featured_media":10742,"template":"","categories":[68],"class_list":["post-10946","product","type-product","status-publish","has-post-thumbnail","hentry","category-cnc-machining-aluminum-profile"],"meta_box":{"hilight_text_group":[{"product_hilight_text":"<li>Engineered to enhance electronic connectivity and reliability<\/li>\n<li>Made from high-quality aluminum for superior conductivity<\/li>\n<li>Available in various sizes to fit multiple applications<\/li>\n<li>Corrosion-resistant finish ensures longevity and durability<\/li>\n<li>Custom manufacturing options available for bulk orders<\/li>"}],"feature_list":[]},"_links":{"self":[{"href":"https:\/\/sinoextrud.com\/hu\/wp-json\/wp\/v2\/product\/10946","targetHints":{"allow":["GET"]}}],"collection":[{"href":"https:\/\/sinoextrud.com\/hu\/wp-json\/wp\/v2\/product"}],"about":[{"href":"https:\/\/sinoextrud.com\/hu\/wp-json\/wp\/v2\/types\/product"}],"wp:featuredmedia":[{"embeddable":true,"href":"https:\/\/sinoextrud.com\/hu\/wp-json\/wp\/v2\/media\/10742"}],"wp:attachment":[{"href":"https:\/\/sinoextrud.com\/hu\/wp-json\/wp\/v2\/media?parent=10946"}],"wp:term":[{"taxonomy":"category","embeddable":true,"href":"https:\/\/sinoextrud.com\/hu\/wp-json\/wp\/v2\/categories?post=10946"}],"curies":[{"name":"wp","href":"https:\/\/api.w.org\/{rel}","templated":true}]}}